{"id":19840,"date":"2025-03-03T17:44:56","date_gmt":"2025-03-03T17:44:56","guid":{"rendered":"https:\/\/toty.fr\/Bluestar\/faq-reactivo-bluestar\/"},"modified":"2025-08-21T07:40:45","modified_gmt":"2025-08-21T07:40:45","slug":"faq-reactivo-bluestar","status":"publish","type":"page","link":"https:\/\/www.bluestar-forensic.com\/es\/faq-reactivo-bluestar\/","title":{"rendered":"FAQ Reactivo BLUESTAR"},"content":{"rendered":"\t\t<div data-elementor-type=\"wp-page\" data-elementor-id=\"19840\" class=\"elementor elementor-19840 elementor-17265\" data-elementor-post-type=\"page\">\n\t\t\t\t<div class=\"aux-parallax-section elementor-element elementor-element-604eb24 e-flex e-con-boxed e-con e-parent\" data-id=\"604eb24\" data-element_type=\"container\" data-e-type=\"container\">\n\t\t\t\t\t<div class=\"e-con-inner\">\n\t\t\t\t<div class=\"elementor-element elementor-element-71f3d7e elementor-widget elementor-widget-spacer\" data-id=\"71f3d7e\" data-element_type=\"widget\" data-e-type=\"widget\" data-widget_type=\"spacer.default\">\n\t\t\t\t<div class=\"elementor-widget-container\">\n\t\t\t\t\t\t\t<div class=\"elementor-spacer\">\n\t\t\t<div class=\"elementor-spacer-inner\"><\/div>\n\t\t<\/div>\n\t\t\t\t\t\t<\/div>\n\t\t\t\t<\/div>\n\t\t\t\t\t<\/div>\n\t\t\t\t<\/div>\n\t\t<div class=\"aux-parallax-section elementor-element elementor-element-02f0384 e-flex e-con-boxed e-con e-parent\" data-id=\"02f0384\" data-element_type=\"container\" data-e-type=\"container\">\n\t\t\t\t\t<div class=\"e-con-inner\">\n\t\t\t\t<div class=\"elementor-element elementor-element-9f79850 aux-appear-watch-animation aux-fade-in-up elementor-widget elementor-widget-aux_modern_heading\" data-id=\"9f79850\" data-element_type=\"widget\" data-e-type=\"widget\" data-widget_type=\"aux_modern_heading.default\">\n\t\t\t\t<div class=\"elementor-widget-container\">\n\t\t\t\t\t<section class=\"aux-widget-modern-heading\">\n            <div class=\"aux-widget-inner\"><h3 class=\"aux-modern-heading-primary\"><\/h3><h2 class=\"aux-modern-heading-secondary\"><span class=\"aux-head-highlight\">Preguntas m\u00e1s frecuentes Reactivo BLUESTAR<\/span><\/h2><\/div>\n        <\/section>\t\t\t\t<\/div>\n\t\t\t\t<\/div>\n\t\t\t\t\t<\/div>\n\t\t\t\t<\/div>\n\t\t<div class=\"aux-parallax-section elementor-element elementor-element-564092a e-flex e-con-boxed e-con e-parent\" data-id=\"564092a\" data-element_type=\"container\" data-e-type=\"container\">\n\t\t\t\t\t<div class=\"e-con-inner\">\n\t\t<div class=\"elementor-element elementor-element-41afc44 e-con-full e-flex e-con e-child\" data-id=\"41afc44\" data-element_type=\"container\" data-e-type=\"container\">\n\t\t\t\t<\/div>\n\t\t<div class=\"elementor-element elementor-element-83153b3 e-con-full e-flex e-con e-child\" data-id=\"83153b3\" data-element_type=\"container\" data-e-type=\"container\">\n\t\t\t\t<div class=\"elementor-element elementor-element-77f7179 elementor-widget elementor-widget-aux_faq\" data-id=\"77f7179\" data-element_type=\"widget\" data-e-type=\"widget\" data-widget_type=\"aux_faq.default\">\n\t\t\t\t<div class=\"elementor-widget-container\">\n\t\t\t\t\t<section class=\"widget-container aux-widget-faq aux-widget-accordion aux-parent-audc9de8b6\" style=\"\" ><div id=\"69e39f90ad1cf\" data-element-id=\"audc9de8b6\" class=\"aux-isotope-faq aux-isotope-animated widget-toggle aux-accordion-\" data-lazyload=\"true\" data-space=\"0\" data-pagination=\"true\" data-deeplink=\"false\" data-slug=\"\" data-perpage=\"13\" data-reveal-transition-duration=\"600\" data-reveal-between-delay=\"70\" data-hide-transition-duration=\"600\" data-hide-between-delay=\"70\"> <div class=\"aux-items-loading\"><div class=\"aux-loading-loop\"><svg class=\"aux-circle\" width=\"100%\" height=\"100%\" viewBox=\"0 0 42 42\"><circle class=\"aux-stroke-bg\" r=\"20\" cx=\"21\" cy=\"21\" fill=\"none\"><\/circle><circle class=\"aux-progress\" r=\"20\" cx=\"21\" cy=\"21\" fill=\"none\" transform=\"rotate(-90 21 21)\"><\/circle><\/svg><\/div><\/div><div class=\"aux-faq-item aux-iso-item aux-loading\"><h4 class=\"aux-faq-item-header toggle-header\">&gt; \u00bfReacciona BLUESTAR\u00ae Forense con sangre antigua?<span class=\"aux-accordion-indicator\"><\/span><\/h4><div class=\"aux-faq-item-content toggle-content\"><p>S\u00ed. BLUESTAR\u00ae Forense puede revelar rastros de sangre muy antiguos. Se ha utilizado con \u00e9xito en muestras de m\u00e1s de 7.000 a\u00f1os de antig\u00fcedad. Tambi\u00e9n se usa com\u00fanmente para detectar manchas de sangre de m\u00e1s de 20 a\u00f1os.<\/p>\n<\/div><div class=\"clear\"><\/div><\/div><div class=\"aux-faq-item aux-iso-item aux-loading\"><h4 class=\"aux-faq-item-header toggle-header\">&gt; \u00bfCu\u00e1l es el l\u00edmite de detecci\u00f3n del BLUESTAR\u00ae Forensic?<span class=\"aux-accordion-indicator\"><\/span><\/h4><div class=\"aux-faq-item-content toggle-content\"><p>El reactivo puede detectar sangre diluida hasta 1:100.000.<\/p>\n<\/div><div class=\"clear\"><\/div><\/div><div class=\"aux-faq-item aux-iso-item aux-loading\"><h4 class=\"aux-faq-item-header toggle-header\">&gt; \u00bf BLUESTAR\u00ae Forensic requiere condiciones especiales de almacenamiento ?<span class=\"aux-accordion-indicator\"><\/span><\/h4><div class=\"aux-faq-item-content toggle-content\"><p>S\u00ed. S\u00ed. Debe almacenarse en un lugar seco a temperaturas entre 4 \u00b0C y 30 \u00b0C (39 \u00b0F y 86 \u00b0F).<\/p>\n<\/div><div class=\"clear\"><\/div><\/div><div class=\"aux-faq-item aux-iso-item aux-loading\"><h4 class=\"aux-faq-item-header toggle-header\">\u00bfCu\u00e1nto tiempo permanece activo BLUESTAR\u00ae Forensic despu\u00e9s de la preparaci\u00f3n?<span class=\"aux-accordion-indicator\"><\/span><\/h4><div class=\"aux-faq-item-content toggle-content\"><ul>\n<li><b>Kit:<\/b> M\u00ednimo 24 horas<\/li>\n<li><b>Mini Kit:<\/b> M\u00ednimo 3 horas<\/li>\n<li><b>Magnum:<\/b> M\u00ednimo 24 horas<\/li>\n<li><b>Tabletas (4 u 8):<\/b> M\u00ednimo 3 horas<\/li>\n<li><b>Versiones Training:<\/b> M\u00ednimo 3 horas<\/li>\n<\/ul>\n<\/div><div class=\"clear\"><\/div><\/div><div class=\"aux-faq-item aux-iso-item aux-loading\"><h4 class=\"aux-faq-item-header toggle-header\">\u00bfCu\u00e1l es la vida \u00fatil de los productos BLUESTAR\u00ae Forensic?<span class=\"aux-accordion-indicator\"><\/span><\/h4><div class=\"aux-faq-item-content toggle-content\"><ul>\n<li><b>Mini Kit:<\/b> 3 a\u00f1os<\/li>\n<li><b>Kit:<\/b> 4 a\u00f1os<\/li>\n<li><b>Mini Kit de Entrenamiento:<\/b> 3 a\u00f1os<\/li>\n<li><b>Magnum:<\/b> 4 a\u00f1os<\/li>\n<li><b>Comprimidos (4 y 8 aplicaciones):<\/b> 4 a\u00f1os<\/li>\n<li><b>Training (4 y 8 aplicaciones):<\/b> 3 a\u00f1os<\/li>\n<\/ul>\n<\/div><div class=\"clear\"><\/div><\/div><div class=\"aux-faq-item aux-iso-item aux-loading\"><h4 class=\"aux-faq-item-header toggle-header\">&gt; \u00bfCu\u00e1nto dura la vida activa de BLUESTAR\u00ae Forensic una vez mezclado?<span class=\"aux-accordion-indicator\"><\/span><\/h4><div class=\"aux-faq-item-content toggle-content\"><ul>\n<li><strong>Kit<\/strong>: 24 horas m\u00ednimo<\/li>\n<li><strong>Mini Kit<\/strong>: 3 horas m\u00ednimo<\/li>\n<li><strong>Magnum<\/strong>: 24 horas m\u00ednimo<\/li>\n<li><strong>Tabletas<\/strong>: 3 horas m\u00ednimo<\/li>\n<li><strong>Tabletas de formaci\u00f3n<\/strong>: 3 horas m\u00ednimo<\/li>\n<\/ul>\n<\/div><div class=\"clear\"><\/div><\/div><div class=\"aux-faq-item aux-iso-item aux-loading\"><h4 class=\"aux-faq-item-header toggle-header\">&gt; \u00bfCu\u00e1nto dura la quimioluminiscencia despu\u00e9s de la pulverizaci\u00f3n?<span class=\"aux-accordion-indicator\"><\/span><\/h4><div class=\"aux-faq-item-content toggle-content\"><p>La reacci\u00f3n es inmediata y dura de 30 segundos a 2 minutos, seg\u00fan el sustrato y la diluci\u00f3n de la sangre.<\/p>\n<\/div><div class=\"clear\"><\/div><\/div><div class=\"aux-faq-item aux-iso-item aux-loading\"><h4 class=\"aux-faq-item-header toggle-header\">&gt; \u00bfReacciona BLUESTAR\u00ae Forense con la sangre sint\u00e9tica?<span class=\"aux-accordion-indicator\"><\/span><\/h4><div class=\"aux-faq-item-content toggle-content\"><p>S\u00ed. <sup>BLUESTAR\u00ae<\/sup> Forense reacciona con la hemoglobina humana y animal, as\u00ed como con la sangre sint\u00e9tica que contiene hemoglobina.<\/p>\n<\/div><div class=\"clear\"><\/div><\/div><div class=\"aux-faq-item aux-iso-item aux-loading\"><h4 class=\"aux-faq-item-header toggle-header\">&gt; \u00bfDetecta BLUESTAR\u00ae Forensic todos los tipos de sangre?<span class=\"aux-accordion-indicator\"><\/span><\/h4><div class=\"aux-faq-item-content toggle-content\"><p>S\u00ed. Reacciona con toda sangre que contenga hemoglobina \u2014 humana, animal o incluso de insecto (por ejemplo, mosquito).<\/p>\n<\/div><div class=\"clear\"><\/div><\/div><div class=\"aux-faq-item aux-iso-item aux-loading\"><h4 class=\"aux-faq-item-header toggle-header\">&gt; \u00bfDespues de BLUESTAR\u00ae Forensic tras su uso?<span class=\"aux-accordion-indicator\"><\/span><\/h4><div class=\"aux-faq-item-content toggle-content\"><p>Puede dejar residuos invisibles. Se recomienda limpiar la superficie con una esponja o un pa\u00f1o h\u00famedo despu\u00e9s de la aplicaci\u00f3n.<\/p>\n<\/div><div class=\"clear\"><\/div><\/div><div class=\"aux-faq-item aux-iso-item aux-loading\"><h4 class=\"aux-faq-item-header toggle-header\">\u00bfC\u00f3mo limpiar una superficie tras el uso de BLUESTAR\u00ae Forensic?<span class=\"aux-accordion-indicator\"><\/span><\/h4><div class=\"aux-faq-item-content toggle-content\"><p>Utilizar una esponja jabonosa, luego enjuagar con una esponja limpia y h\u00fameda para eliminar cualquier residuo de jab\u00f3n.<\/p>\n<\/div><div class=\"clear\"><\/div><\/div><div class=\"aux-faq-item aux-iso-item aux-loading\"><h4 class=\"aux-faq-item-header toggle-header\">&gt; \u00bfC\u00f3mo se ve un falso positivo?<span class=\"aux-accordion-indicator\"><\/span><\/h4><div class=\"aux-faq-item-content toggle-content\"><p>Los falsos positivos pueden producirse con ciertas sustancias como barnices, algunas pinturas acr\u00edlicas y lej\u00eda. Sin embargo, con experiencia, un t\u00e9cnico puede distinguirlas f\u00e1cilmente de las verdaderas reacciones sangu\u00edneas. La luminiscencia de un falso positivo suele ser m\u00e1s d\u00e9bil y m\u00e1s breve.<\/p>\n<\/div><div class=\"clear\"><\/div><\/div><div class=\"aux-faq-item aux-iso-item aux-loading\"><h4 class=\"aux-faq-item-header toggle-header\">&gt; \u00bfC\u00f3mo puedo realizar una prueba de control positivo antes de utilizar BLUESTAR\u00ae Forensic?<span class=\"aux-accordion-indicator\"><\/span><\/h4><div class=\"aux-faq-item-content toggle-content\"><p>Puedes aplicar el reactivo a un pa\u00f1o manchado de sangre. Producir\u00e1 una reacci\u00f3n luminiscente positiva con la sangre humana o animal. <\/p>\n<\/div><div class=\"clear\"><\/div><\/div><\/div><\/section><!-- widget-container -->\t\t\t\t<\/div>\n\t\t\t\t<\/div>\n\t\t\t\t<\/div>\n\t\t<div class=\"elementor-element elementor-element-0377290 e-con-full e-flex e-con e-child\" data-id=\"0377290\" data-element_type=\"container\" data-e-type=\"container\">\n\t\t\t\t<\/div>\n\t\t\t\t\t<\/div>\n\t\t\t\t<\/div>\n\t\t<div class=\"aux-parallax-section elementor-element elementor-element-a102c70 e-flex e-con-boxed e-con e-parent\" data-id=\"a102c70\" data-element_type=\"container\" data-e-type=\"container\">\n\t\t\t\t\t<div class=\"e-con-inner\">\n\t\t\t\t\t<\/div>\n\t\t\t\t<\/div>\n\t\t\t\t<\/div>\n\t\t","protected":false},"excerpt":{"rendered":"<p>Preguntas m\u00e1s frecuentes Reactivo BLUESTAR &gt; \u00bfReacciona BLUESTAR\u00ae Forense con sangre antigua? S\u00ed. BLUESTAR\u00ae Forense puede revelar rastros de sangre muy antiguos. Se ha utilizado con \u00e9xito en muestras de m\u00e1s de 7.000 a\u00f1os de antig\u00fcedad. Tambi\u00e9n se usa com\u00fanmente para detectar manchas de sangre de m\u00e1s de 20 a\u00f1os. &gt; \u00bfCu\u00e1l es el l\u00edmite [&hellip;]<\/p>\n","protected":false},"author":1,"featured_media":0,"parent":0,"menu_order":0,"comment_status":"closed","ping_status":"closed","template":"","meta":{"_acf_changed":false,"footnotes":""},"class_list":["post-19840","page","type-page","status-publish","hentry"],"acf":[],"yoast_head":"<!-- This site is optimized with the Yoast SEO plugin v27.2 - https:\/\/yoast.com\/product\/yoast-seo-wordpress\/ -->\n<title>FAQ Reactivo BLUESTAR - Bluestar Forensic<\/title>\n<meta name=\"robots\" content=\"index, follow, max-snippet:-1, max-image-preview:large, max-video-preview:-1\" \/>\n<link rel=\"canonical\" href=\"https:\/\/www.bluestar-forensic.com\/es\/faq-reactivo-bluestar\/\" \/>\n<meta property=\"og:locale\" content=\"es_ES\" \/>\n<meta property=\"og:type\" content=\"article\" \/>\n<meta property=\"og:title\" content=\"FAQ Reactivo BLUESTAR - Bluestar Forensic\" \/>\n<meta property=\"og:description\" content=\"Preguntas m\u00e1s frecuentes Reactivo BLUESTAR &gt; \u00bfReacciona BLUESTAR\u00ae Forense con sangre antigua? S\u00ed. BLUESTAR\u00ae Forense puede revelar rastros de sangre muy antiguos. Se ha utilizado con \u00e9xito en muestras de m\u00e1s de 7.000 a\u00f1os de antig\u00fcedad. Tambi\u00e9n se usa com\u00fanmente para detectar manchas de sangre de m\u00e1s de 20 a\u00f1os. &gt; \u00bfCu\u00e1l es el l\u00edmite [&hellip;]\" \/>\n<meta property=\"og:url\" content=\"https:\/\/www.bluestar-forensic.com\/es\/faq-reactivo-bluestar\/\" \/>\n<meta property=\"og:site_name\" content=\"Bluestar Forensic\" \/>\n<meta property=\"article:publisher\" content=\"https:\/\/www.facebook.com\/bluestarforensic\/\" \/>\n<meta property=\"article:modified_time\" content=\"2025-08-21T07:40:45+00:00\" \/>\n<meta name=\"twitter:card\" content=\"summary_large_image\" \/>\n<meta name=\"twitter:label1\" content=\"Tiempo de lectura\" \/>\n\t<meta name=\"twitter:data1\" content=\"2 minutos\" \/>\n<script type=\"application\/ld+json\" class=\"yoast-schema-graph\">{\"@context\":\"https:\/\/schema.org\",\"@graph\":[{\"@type\":\"WebPage\",\"@id\":\"https:\/\/www.bluestar-forensic.com\/es\/faq-reactivo-bluestar\/\",\"url\":\"https:\/\/www.bluestar-forensic.com\/es\/faq-reactivo-bluestar\/\",\"name\":\"FAQ Reactivo BLUESTAR - Bluestar Forensic\",\"isPartOf\":{\"@id\":\"https:\/\/www.bluestar-forensic.com\/#website\"},\"datePublished\":\"2025-03-03T17:44:56+00:00\",\"dateModified\":\"2025-08-21T07:40:45+00:00\",\"breadcrumb\":{\"@id\":\"https:\/\/www.bluestar-forensic.com\/es\/faq-reactivo-bluestar\/#breadcrumb\"},\"inLanguage\":\"es\",\"potentialAction\":[{\"@type\":\"ReadAction\",\"target\":[\"https:\/\/www.bluestar-forensic.com\/es\/faq-reactivo-bluestar\/\"]}]},{\"@type\":\"BreadcrumbList\",\"@id\":\"https:\/\/www.bluestar-forensic.com\/es\/faq-reactivo-bluestar\/#breadcrumb\",\"itemListElement\":[{\"@type\":\"ListItem\",\"position\":1,\"name\":\"Home\",\"item\":\"https:\/\/www.bluestar-forensic.com\/\"},{\"@type\":\"ListItem\",\"position\":2,\"name\":\"FAQ Reactivo BLUESTAR\"}]},{\"@type\":\"WebSite\",\"@id\":\"https:\/\/www.bluestar-forensic.com\/#website\",\"url\":\"https:\/\/www.bluestar-forensic.com\/\",\"name\":\"Bluestar UNIQUE Forensic\",\"description\":\"\",\"publisher\":{\"@id\":\"https:\/\/www.bluestar-forensic.com\/#organization\"},\"potentialAction\":[{\"@type\":\"SearchAction\",\"target\":{\"@type\":\"EntryPoint\",\"urlTemplate\":\"https:\/\/www.bluestar-forensic.com\/?s={search_term_string}\"},\"query-input\":{\"@type\":\"PropertyValueSpecification\",\"valueRequired\":true,\"valueName\":\"search_term_string\"}}],\"inLanguage\":\"es\"},{\"@type\":\"Organization\",\"@id\":\"https:\/\/www.bluestar-forensic.com\/#organization\",\"name\":\"Bluestar Forensic LATENT BLOODSTAIN REAGENT\",\"url\":\"https:\/\/www.bluestar-forensic.com\/\",\"logo\":{\"@type\":\"ImageObject\",\"inLanguage\":\"es\",\"@id\":\"https:\/\/www.bluestar-forensic.com\/#\/schema\/logo\/image\/\",\"url\":\"https:\/\/www.bluestar-forensic.com\/wp-content\/uploads\/2025\/02\/Logo-bluestar-copie.svg\",\"contentUrl\":\"https:\/\/www.bluestar-forensic.com\/wp-content\/uploads\/2025\/02\/Logo-bluestar-copie.svg\",\"width\":1494,\"height\":346,\"caption\":\"Bluestar Forensic LATENT BLOODSTAIN REAGENT\"},\"image\":{\"@id\":\"https:\/\/www.bluestar-forensic.com\/#\/schema\/logo\/image\/\"},\"sameAs\":[\"https:\/\/www.facebook.com\/bluestarforensic\/\",\"https:\/\/www.instagram.com\/bluestar_forensic\/\"]}]}<\/script>\n<!-- \/ Yoast SEO plugin. -->","yoast_head_json":{"title":"FAQ Reactivo BLUESTAR - Bluestar Forensic","robots":{"index":"index","follow":"follow","max-snippet":"max-snippet:-1","max-image-preview":"max-image-preview:large","max-video-preview":"max-video-preview:-1"},"canonical":"https:\/\/www.bluestar-forensic.com\/es\/faq-reactivo-bluestar\/","og_locale":"es_ES","og_type":"article","og_title":"FAQ Reactivo BLUESTAR - Bluestar Forensic","og_description":"Preguntas m\u00e1s frecuentes Reactivo BLUESTAR &gt; \u00bfReacciona BLUESTAR\u00ae Forense con sangre antigua? S\u00ed. BLUESTAR\u00ae Forense puede revelar rastros de sangre muy antiguos. Se ha utilizado con \u00e9xito en muestras de m\u00e1s de 7.000 a\u00f1os de antig\u00fcedad. Tambi\u00e9n se usa com\u00fanmente para detectar manchas de sangre de m\u00e1s de 20 a\u00f1os. &gt; \u00bfCu\u00e1l es el l\u00edmite [&hellip;]","og_url":"https:\/\/www.bluestar-forensic.com\/es\/faq-reactivo-bluestar\/","og_site_name":"Bluestar Forensic","article_publisher":"https:\/\/www.facebook.com\/bluestarforensic\/","article_modified_time":"2025-08-21T07:40:45+00:00","twitter_card":"summary_large_image","twitter_misc":{"Tiempo de lectura":"2 minutos"},"schema":{"@context":"https:\/\/schema.org","@graph":[{"@type":"WebPage","@id":"https:\/\/www.bluestar-forensic.com\/es\/faq-reactivo-bluestar\/","url":"https:\/\/www.bluestar-forensic.com\/es\/faq-reactivo-bluestar\/","name":"FAQ Reactivo BLUESTAR - Bluestar Forensic","isPartOf":{"@id":"https:\/\/www.bluestar-forensic.com\/#website"},"datePublished":"2025-03-03T17:44:56+00:00","dateModified":"2025-08-21T07:40:45+00:00","breadcrumb":{"@id":"https:\/\/www.bluestar-forensic.com\/es\/faq-reactivo-bluestar\/#breadcrumb"},"inLanguage":"es","potentialAction":[{"@type":"ReadAction","target":["https:\/\/www.bluestar-forensic.com\/es\/faq-reactivo-bluestar\/"]}]},{"@type":"BreadcrumbList","@id":"https:\/\/www.bluestar-forensic.com\/es\/faq-reactivo-bluestar\/#breadcrumb","itemListElement":[{"@type":"ListItem","position":1,"name":"Home","item":"https:\/\/www.bluestar-forensic.com\/"},{"@type":"ListItem","position":2,"name":"FAQ Reactivo BLUESTAR"}]},{"@type":"WebSite","@id":"https:\/\/www.bluestar-forensic.com\/#website","url":"https:\/\/www.bluestar-forensic.com\/","name":"Bluestar UNIQUE Forensic","description":"","publisher":{"@id":"https:\/\/www.bluestar-forensic.com\/#organization"},"potentialAction":[{"@type":"SearchAction","target":{"@type":"EntryPoint","urlTemplate":"https:\/\/www.bluestar-forensic.com\/?s={search_term_string}"},"query-input":{"@type":"PropertyValueSpecification","valueRequired":true,"valueName":"search_term_string"}}],"inLanguage":"es"},{"@type":"Organization","@id":"https:\/\/www.bluestar-forensic.com\/#organization","name":"Bluestar Forensic LATENT BLOODSTAIN REAGENT","url":"https:\/\/www.bluestar-forensic.com\/","logo":{"@type":"ImageObject","inLanguage":"es","@id":"https:\/\/www.bluestar-forensic.com\/#\/schema\/logo\/image\/","url":"https:\/\/www.bluestar-forensic.com\/wp-content\/uploads\/2025\/02\/Logo-bluestar-copie.svg","contentUrl":"https:\/\/www.bluestar-forensic.com\/wp-content\/uploads\/2025\/02\/Logo-bluestar-copie.svg","width":1494,"height":346,"caption":"Bluestar Forensic LATENT BLOODSTAIN REAGENT"},"image":{"@id":"https:\/\/www.bluestar-forensic.com\/#\/schema\/logo\/image\/"},"sameAs":["https:\/\/www.facebook.com\/bluestarforensic\/","https:\/\/www.instagram.com\/bluestar_forensic\/"]}]}},"_links":{"self":[{"href":"https:\/\/www.bluestar-forensic.com\/es\/wp-json\/wp\/v2\/pages\/19840","targetHints":{"allow":["GET"]}}],"collection":[{"href":"https:\/\/www.bluestar-forensic.com\/es\/wp-json\/wp\/v2\/pages"}],"about":[{"href":"https:\/\/www.bluestar-forensic.com\/es\/wp-json\/wp\/v2\/types\/page"}],"author":[{"embeddable":true,"href":"https:\/\/www.bluestar-forensic.com\/es\/wp-json\/wp\/v2\/users\/1"}],"replies":[{"embeddable":true,"href":"https:\/\/www.bluestar-forensic.com\/es\/wp-json\/wp\/v2\/comments?post=19840"}],"version-history":[{"count":5,"href":"https:\/\/www.bluestar-forensic.com\/es\/wp-json\/wp\/v2\/pages\/19840\/revisions"}],"predecessor-version":[{"id":21359,"href":"https:\/\/www.bluestar-forensic.com\/es\/wp-json\/wp\/v2\/pages\/19840\/revisions\/21359"}],"wp:attachment":[{"href":"https:\/\/www.bluestar-forensic.com\/es\/wp-json\/wp\/v2\/media?parent=19840"}],"curies":[{"name":"wp","href":"https:\/\/api.w.org\/{rel}","templated":true}]}}