{"id":19915,"date":"2025-02-28T15:07:53","date_gmt":"2025-02-28T15:07:53","guid":{"rendered":"https:\/\/toty.fr\/Bluestar\/la-quimica-forense-de-bluestar\/"},"modified":"2025-08-21T07:42:25","modified_gmt":"2025-08-21T07:42:25","slug":"la-quimica-forense-de-bluestar","status":"publish","type":"page","link":"https:\/\/www.bluestar-forensic.com\/es\/la-quimica-forense-de-bluestar\/","title":{"rendered":"LA QU\u00cdMICA FORENSE DE BLUESTAR"},"content":{"rendered":"\t\t<div data-elementor-type=\"wp-page\" data-elementor-id=\"19915\" class=\"elementor elementor-19915 elementor-16266\" data-elementor-post-type=\"page\">\n\t\t\t\t<div class=\"aux-parallax-section elementor-element elementor-element-bb32155 e-flex e-con-boxed e-con e-parent\" data-id=\"bb32155\" data-element_type=\"container\" data-e-type=\"container\">\n\t\t\t\t\t<div class=\"e-con-inner\">\n\t\t\t\t<div class=\"elementor-element elementor-element-640ae31 elementor-invisible elementor-widget elementor-widget-text-editor\" data-id=\"640ae31\" data-element_type=\"widget\" data-e-type=\"widget\" data-settings=\"{&quot;_animation&quot;:&quot;fadeInDown&quot;}\" data-widget_type=\"text-editor.default\">\n\t\t\t\t<div class=\"elementor-widget-container\">\n\t\t\t\t\t\t\t\t\t<h3 class=\"elementor-heading-title elementor-size-xxl\"><a href=\"https:\/\/www.bluestar-forensic.com\/wp-content\/uploads\/2025\/03\/icone.svg\"><img decoding=\"async\" class=\"wp-image-17525 aligncenter\" src=\"https:\/\/www.bluestar-forensic.com\/wp-content\/uploads\/2025\/03\/icone.svg\" alt=\"\" width=\"59\" height=\"61\" \/><\/a><\/h3><h2 style=\"text-align: center;\">La qu\u00edmica de Bluestar<sup>\u00ae<\/sup> Forense<\/h2>\t\t\t\t\t\t\t\t<\/div>\n\t\t\t\t<\/div>\n\t\t\t\t\t<\/div>\n\t\t\t\t<\/div>\n\t\t<div class=\"aux-parallax-section elementor-element elementor-element-f123106 e-grid e-con-boxed e-con e-parent\" data-id=\"f123106\" data-element_type=\"container\" data-e-type=\"container\">\n\t\t\t\t\t<div class=\"e-con-inner\">\n\t\t\t\t<div class=\"elementor-element elementor-element-76558f6 elementor-invisible elementor-widget elementor-widget-text-editor\" data-id=\"76558f6\" data-element_type=\"widget\" data-e-type=\"widget\" data-settings=\"{&quot;_animation&quot;:&quot;fadeInDown&quot;}\" data-widget_type=\"text-editor.default\">\n\t\t\t\t<div class=\"elementor-widget-container\">\n\t\t\t\t\t\t\t\t\t<h2 style=\"text-align: justify;\"><span style=\"font-size: 20pt; color: #0080c6;\">Una nueva f\u00f3rmula basada en Luminol<\/span><\/h2><p style=\"text-align: justify;\">BLUESTAR<sup>\u00ae<\/sup> FORENSIC es un agente para la visualizaci\u00f3n de sangre basado en luminol, una mol\u00e9cula que es bien conocida entre los criminalistas forenses. La constituci\u00f3n de BLUESTAR<sup>\u00ae<\/sup> FORENSIC ha hecho posible eliminar elementos inconvenientes asociados con otros agentes reactivos basados en luminol.<\/p>\t\t\t\t\t\t\t\t<\/div>\n\t\t\t\t<\/div>\n\t\t\t\t<div class=\"elementor-element elementor-element-955033c elementor-invisible elementor-widget elementor-widget-image\" data-id=\"955033c\" data-element_type=\"widget\" data-e-type=\"widget\" data-settings=\"{&quot;_animation&quot;:&quot;fadeInRight&quot;}\" data-widget_type=\"image.default\">\n\t\t\t\t<div class=\"elementor-widget-container\">\n\t\t\t\t\t\t\t\t\t\t\t\t\t\t\t<img fetchpriority=\"high\" decoding=\"async\" width=\"500\" height=\"216\" src=\"https:\/\/www.bluestar-forensic.com\/wp-content\/uploads\/2025\/02\/iafs_reaction_gb-removebg-preview-2.png\" class=\"attachment-large size-large wp-image-16272\" alt=\"\" srcset=\"https:\/\/www.bluestar-forensic.com\/wp-content\/uploads\/2025\/02\/iafs_reaction_gb-removebg-preview-2.png 500w, https:\/\/www.bluestar-forensic.com\/wp-content\/uploads\/2025\/02\/iafs_reaction_gb-removebg-preview-2-200x86.png 200w\" sizes=\"(max-width: 500px) 100vw, 500px\" \/>\t\t\t\t\t\t\t\t\t\t\t\t\t\t\t<\/div>\n\t\t\t\t<\/div>\n\t\t\t\t\t<\/div>\n\t\t\t\t<\/div>\n\t\t<div class=\"aux-parallax-section elementor-element elementor-element-cd235a4 e-grid e-con-boxed elementor-invisible e-con e-parent\" data-id=\"cd235a4\" data-element_type=\"container\" data-e-type=\"container\" data-settings=\"{&quot;animation&quot;:&quot;fadeInLeft&quot;}\">\n\t\t\t\t\t<div class=\"e-con-inner\">\n\t\t\t\t<div class=\"elementor-element elementor-element-048a7d6 elementor-widget elementor-widget-text-editor\" data-id=\"048a7d6\" data-element_type=\"widget\" data-e-type=\"widget\" data-widget_type=\"text-editor.default\">\n\t\t\t\t<div class=\"elementor-widget-container\">\n\t\t\t\t\t\t\t\t\t<h2><span style=\"font-size: 20pt; color: #0080c6;\">\u00bfC\u00f3mo reacciona el Luminol?<\/span><\/h2><p style=\"text-align: justify;\">Luminol (3-Aminoftalidracida) fue sintetizado por primera vez en 1853. Su propiedad de producir una reacci\u00f3n quimioluminiscente en soluci\u00f3n b\u00e1sica en presencia de un agente oxidante al contacto con la sangre fue observada por primera vez por Albrecht en 1928.<\/p><p style=\"text-align: justify;\">Los componentes principales capaces de catalizar esta reacci\u00f3n de emitir luz son los metales de transici\u00f3n haem y peroxidasa. El haem es una estructura bioqu\u00edmica que hace parte integral de la peroxidasa. Esta estructura est\u00e1 presente igualmente en la hemoglobina. De esta manera, la presencia de hemoglobina \u2013 y por lo tanto, de sangre \u2013 se puede revelar sacando ventaja de la capacidad del haem para catalizar la propiedad quimioluminiscente del luminol. En otras palabras, una mezcal de luminol + agente oxidante + agente alcalino, cuando entra en contacto con sangre, emite luz.<\/p>\t\t\t\t\t\t\t\t<\/div>\n\t\t\t\t<\/div>\n\t\t\t\t\t<\/div>\n\t\t\t\t<\/div>\n\t\t<div class=\"aux-parallax-section elementor-element elementor-element-6fb7e48 e-grid e-con-boxed e-con e-parent\" data-id=\"6fb7e48\" data-element_type=\"container\" data-e-type=\"container\">\n\t\t\t\t\t<div class=\"e-con-inner\">\n\t\t\t\t<div class=\"elementor-element elementor-element-2f4fc88 elementor-invisible elementor-widget elementor-widget-image\" data-id=\"2f4fc88\" data-element_type=\"widget\" data-e-type=\"widget\" data-settings=\"{&quot;_animation&quot;:&quot;fadeInLeft&quot;}\" data-widget_type=\"image.default\">\n\t\t\t\t<div class=\"elementor-widget-container\">\n\t\t\t\t\t\t\t\t\t\t\t\t\t\t\t<img decoding=\"async\" width=\"768\" height=\"512\" src=\"https:\/\/www.bluestar-forensic.com\/wp-content\/uploads\/2025\/02\/books-2606859_1920-768x512-1.jpg\" class=\"attachment-large size-large wp-image-16275\" alt=\"\" srcset=\"https:\/\/www.bluestar-forensic.com\/wp-content\/uploads\/2025\/02\/books-2606859_1920-768x512-1.jpg 768w, https:\/\/www.bluestar-forensic.com\/wp-content\/uploads\/2025\/02\/books-2606859_1920-768x512-1-200x133.jpg 200w\" sizes=\"(max-width: 768px) 100vw, 768px\" \/>\t\t\t\t\t\t\t\t\t\t\t\t\t\t\t<\/div>\n\t\t\t\t<\/div>\n\t\t\t\t<div class=\"elementor-element elementor-element-4ef7748 elementor-invisible elementor-widget elementor-widget-text-editor\" data-id=\"4ef7748\" data-element_type=\"widget\" data-e-type=\"widget\" data-settings=\"{&quot;_animation&quot;:&quot;fadeInRight&quot;}\" data-widget_type=\"text-editor.default\">\n\t\t\t\t<div class=\"elementor-widget-container\">\n\t\t\t\t\t\t\t\t\t<h2><span style=\"font-size: 20pt; color: #0080c6;\"><strong>De Luminol a Bluestar<sup>\u00ae<\/sup> Forensic: breve historia <\/strong><\/span><\/h2><p style=\"text-align: justify;\">Los primeros experimentos conducidos con miras a utilizar el luminol como una herramienta de la ciencia forense fueron conducidos en 1937 por Specht, quien lo ensay\u00f3 sobre una variedad de bases como prado, ladrillos o piedras, mojadas en sangre. En 1939 Proesher &amp; Moody probaron el compuesto de Specht en sangre animal y humana.<\/p><p style=\"text-align: justify;\">En 1951, Grodsky propuso una mezcla de polvos compuesta de luminol, carbonato de socio y perborato de sodio con agua destilada. Es una f\u00f3rmula que est\u00e1 todav\u00eda comercializada y utilizada por los investigadores para detectar las manchas de sangre en las escenas de crimen.<\/p><p style=\"text-align: justify;\">Sin embargo, el uso de carbonato de sodio produce una reacci\u00f3n lenta en el proceso de oxidaci\u00f3n de la hemoglobina. M\u00e1s a\u00fan, una vez que los agentes reactivos son disueltos en el agua, la vida \u00fatil de la soluci\u00f3n es muy corta. Esta f\u00f3rmula es muy inestable y es t\u00f3xica, debido a la presencia del perborato de sodio.<\/p><p style=\"text-align: justify;\">En 1966, Weber propuso una composici\u00f3n hecha de luminol, hidr\u00f3xido de sodio o hidr\u00f3xido de potasio, per\u00f3xido de hidr\u00f3geno diluido en agua destilada. La soluci\u00f3n as\u00ed obtenida se debe guardar en un lugar fresco, protegida de la luz directa. Su vida \u00fatil es corta. La reacci\u00f3n luminosa obtenida por esta composici\u00f3n se puede fotografiar en oscuridad total, o ser filmada con c\u00e1mara de visi\u00f3n nocturna.<\/p>\t\t\t\t\t\t\t\t<\/div>\n\t\t\t\t<\/div>\n\t\t\t\t\t<\/div>\n\t\t\t\t<\/div>\n\t\t<div class=\"aux-parallax-section elementor-element elementor-element-2e93e51 e-grid e-con-boxed e-con e-parent\" data-id=\"2e93e51\" data-element_type=\"container\" data-e-type=\"container\">\n\t\t\t\t\t<div class=\"e-con-inner\">\n\t\t\t\t<div class=\"elementor-element elementor-element-dd93b28 elementor-invisible elementor-widget elementor-widget-text-editor\" data-id=\"dd93b28\" data-element_type=\"widget\" data-e-type=\"widget\" data-settings=\"{&quot;_animation&quot;:&quot;fadeInDown&quot;}\" data-widget_type=\"text-editor.default\">\n\t\t\t\t<div class=\"elementor-widget-container\">\n\t\t\t\t\t\t\t\t\t<blockquote><h2><span style=\"font-size: 18pt; color: #0080c6;\"><b>El avance BLUESTAR<sup>\u00ae<\/sup> <\/b><\/span><\/h2><p style=\"text-align: justify;\">En el a\u00f1o 2000, Jean-Marc Lefebvre-Despeaux, presidente de BLUESTAR, encarg\u00f3 a\u00a0<strong>Loic Blum<\/strong>, Ph.D., profesor de bioqu\u00edmica de\u00a0la Universidad\u00a0Claude\u00a0Bernard-Lyon y director del laboratorio de ingenier\u00eda enzim\u00e1tica y biomolecular (EMB2-UMR 5013 CNRS-UCBL) que encontrara una nueva f\u00f3rmula que fuera basada en luminol y que eliminara todos los numerosos inconvenientes. Como resultado, Blum descubri\u00f3 esta nueva f\u00f3rmula que posteriormente fue llamada BLUESTAR<sup>\u00ae<\/sup> FORENSIC.<\/p><\/blockquote>\t\t\t\t\t\t\t\t<\/div>\n\t\t\t\t<\/div>\n\t\t\t\t<div class=\"elementor-element elementor-element-9fbc936 elementor-invisible elementor-widget elementor-widget-image\" data-id=\"9fbc936\" data-element_type=\"widget\" data-e-type=\"widget\" data-settings=\"{&quot;_animation&quot;:&quot;fadeInRight&quot;}\" data-widget_type=\"image.default\">\n\t\t\t\t<div class=\"elementor-widget-container\">\n\t\t\t\t\t\t\t\t\t\t\t\t\t\t\t<img loading=\"lazy\" decoding=\"async\" width=\"576\" height=\"1024\" src=\"https:\/\/www.bluestar-forensic.com\/wp-content\/uploads\/2025\/02\/JMLD-PNG-576x1024-1.png\" class=\"attachment-large size-large wp-image-16278\" alt=\"\" srcset=\"https:\/\/www.bluestar-forensic.com\/wp-content\/uploads\/2025\/02\/JMLD-PNG-576x1024-1.png 576w, https:\/\/www.bluestar-forensic.com\/wp-content\/uploads\/2025\/02\/JMLD-PNG-576x1024-1-200x356.png 200w\" sizes=\"(max-width: 576px) 100vw, 576px\" \/>\t\t\t\t\t\t\t\t\t\t\t\t\t\t\t<\/div>\n\t\t\t\t<\/div>\n\t\t\t\t\t<\/div>\n\t\t\t\t<\/div>\n\t\t<div class=\"aux-parallax-section elementor-element elementor-element-b25b197 e-grid e-con-boxed e-con e-parent\" data-id=\"b25b197\" data-element_type=\"container\" data-e-type=\"container\">\n\t\t\t\t\t<div class=\"e-con-inner\">\n\t\t\t\t<div class=\"elementor-element elementor-element-6a4e265 elementor-align-start elementor-icon-list--layout-traditional elementor-list-item-link-full_width elementor-widget elementor-widget-icon-list\" data-id=\"6a4e265\" data-element_type=\"widget\" data-e-type=\"widget\" data-widget_type=\"icon-list.default\">\n\t\t\t\t<div class=\"elementor-widget-container\">\n\t\t\t\t\t\t\t<ul class=\"elementor-icon-list-items\">\n\t\t\t\t\t\t\t<li class=\"elementor-icon-list-item\">\n\t\t\t\t\t\t\t\t\t\t\t<a href=\"https:\/\/www.bluestar-forensic.com\/es\/la-quimica-forense-de-bluestar\/\">\n\n\t\t\t\t\t\t\t\t\t\t\t\t<span class=\"elementor-icon-list-icon\">\n\t\t\t\t\t\t\t<i aria-hidden=\"true\" class=\"fas fa-check\"><\/i>\t\t\t\t\t\t<\/span>\n\t\t\t\t\t\t\t\t\t\t<span class=\"elementor-icon-list-text\">LA QU\u00cdMICA FORENSE DE BLUESTAR<\/span>\n\t\t\t\t\t\t\t\t\t\t\t<\/a>\n\t\t\t\t\t\t\t\t\t<\/li>\n\t\t\t\t\t\t\t\t<li class=\"elementor-icon-list-item\">\n\t\t\t\t\t\t\t\t\t\t\t<a href=\"https:\/\/www.bluestar-forensic.com\/es\/sensibilidad-extrema\/\">\n\n\t\t\t\t\t\t\t\t\t\t\t\t<span class=\"elementor-icon-list-icon\">\n\t\t\t\t\t\t\t<i aria-hidden=\"true\" class=\"fas fa-check\"><\/i>\t\t\t\t\t\t<\/span>\n\t\t\t\t\t\t\t\t\t\t<span class=\"elementor-icon-list-text\">SENSIBILIDAD EXTREMA<\/span>\n\t\t\t\t\t\t\t\t\t\t\t<\/a>\n\t\t\t\t\t\t\t\t\t<\/li>\n\t\t\t\t\t\t\t\t<li class=\"elementor-icon-list-item\">\n\t\t\t\t\t\t\t\t\t\t\t<a href=\"https:\/\/www.bluestar-forensic.com\/es\/rendimiento-sobre-la-lejia-y-las-manchas-blanqueadas\/\">\n\n\t\t\t\t\t\t\t\t\t\t\t\t<span class=\"elementor-icon-list-icon\">\n\t\t\t\t\t\t\t<i aria-hidden=\"true\" class=\"fas fa-check\"><\/i>\t\t\t\t\t\t<\/span>\n\t\t\t\t\t\t\t\t\t\t<span class=\"elementor-icon-list-text\">BLUESTAR\u00ae FORENSIC DESEMPE\u00d1O SOBRE CLORO Y MANCHAS TRATADAS CON CLORO<\/span>\n\t\t\t\t\t\t\t\t\t\t\t<\/a>\n\t\t\t\t\t\t\t\t\t<\/li>\n\t\t\t\t\t\t<\/ul>\n\t\t\t\t\t\t<\/div>\n\t\t\t\t<\/div>\n\t\t\t\t<div class=\"elementor-element elementor-element-f3b19b0 elementor-align-start elementor-icon-list--layout-traditional elementor-list-item-link-full_width elementor-widget elementor-widget-icon-list\" data-id=\"f3b19b0\" data-element_type=\"widget\" data-e-type=\"widget\" data-widget_type=\"icon-list.default\">\n\t\t\t\t<div class=\"elementor-widget-container\">\n\t\t\t\t\t\t\t<ul class=\"elementor-icon-list-items\">\n\t\t\t\t\t\t\t<li class=\"elementor-icon-list-item\">\n\t\t\t\t\t\t\t\t\t\t\t<a href=\"https:\/\/www.bluestar-forensic.com\/es\/rendimiento-en-diversos-materiales-falsos-positivos\/\">\n\n\t\t\t\t\t\t\t\t\t\t\t\t<span class=\"elementor-icon-list-icon\">\n\t\t\t\t\t\t\t<i aria-hidden=\"true\" class=\"fas fa-check\"><\/i>\t\t\t\t\t\t<\/span>\n\t\t\t\t\t\t\t\t\t\t<span class=\"elementor-icon-list-text\">DESEMPE\u00d1O DE BLUESTAR\u00ae FORENSIC SOBRE VARIOS MATERIALES<\/span>\n\t\t\t\t\t\t\t\t\t\t\t<\/a>\n\t\t\t\t\t\t\t\t\t<\/li>\n\t\t\t\t\t\t\t\t<li class=\"elementor-icon-list-item\">\n\t\t\t\t\t\t\t\t\t\t\t<a href=\"https:\/\/www.bluestar-forensic.com\/es\/tipificacion-del-adn-de-manchas-de-sangre-tratadas-forenses-bluestar\/\">\n\n\t\t\t\t\t\t\t\t\t\t\t\t<span class=\"elementor-icon-list-icon\">\n\t\t\t\t\t\t\t<i aria-hidden=\"true\" class=\"fas fa-check\"><\/i>\t\t\t\t\t\t<\/span>\n\t\t\t\t\t\t\t\t\t\t<span class=\"elementor-icon-list-text\">AN\u00c1LISIS DE ADN EN MANCHAS DE SANGRE TRATADAS CON BLUESTAR\u00ae FORENSIC<\/span>\n\t\t\t\t\t\t\t\t\t\t\t<\/a>\n\t\t\t\t\t\t\t\t\t<\/li>\n\t\t\t\t\t\t\t\t<li class=\"elementor-icon-list-item\">\n\t\t\t\t\t\t\t\t\t\t\t<a href=\"https:\/\/www.bluestar-forensic.com\/es\/actuaciones-sobre-sangre-vieja\/\">\n\n\t\t\t\t\t\t\t\t\t\t\t\t<span class=\"elementor-icon-list-icon\">\n\t\t\t\t\t\t\t<i aria-hidden=\"true\" class=\"fas fa-check\"><\/i>\t\t\t\t\t\t<\/span>\n\t\t\t\t\t\t\t\t\t\t<span class=\"elementor-icon-list-text\">DESEMPE\u00d1O EN SANGRE ANTIGUA<\/span>\n\t\t\t\t\t\t\t\t\t\t\t<\/a>\n\t\t\t\t\t\t\t\t\t<\/li>\n\t\t\t\t\t\t<\/ul>\n\t\t\t\t\t\t<\/div>\n\t\t\t\t<\/div>\n\t\t\t\t\t<\/div>\n\t\t\t\t<\/div>\n\t\t\t\t<\/div>\n\t\t","protected":false},"excerpt":{"rendered":"<p>La qu\u00edmica de Bluestar\u00ae Forense Una nueva f\u00f3rmula basada en Luminol BLUESTAR\u00ae FORENSIC es un agente para la visualizaci\u00f3n de sangre basado en luminol, una mol\u00e9cula que es bien conocida entre los criminalistas forenses. La constituci\u00f3n de BLUESTAR\u00ae FORENSIC ha hecho posible eliminar elementos inconvenientes asociados con otros agentes reactivos basados en luminol. \u00bfC\u00f3mo reacciona [&hellip;]<\/p>\n","protected":false},"author":1,"featured_media":0,"parent":0,"menu_order":0,"comment_status":"closed","ping_status":"closed","template":"","meta":{"_acf_changed":false,"footnotes":""},"class_list":["post-19915","page","type-page","status-publish","hentry"],"acf":[],"yoast_head":"<!-- This site is optimized with the Yoast SEO plugin v27.2 - https:\/\/yoast.com\/product\/yoast-seo-wordpress\/ -->\n<title>LA QU\u00cdMICA FORENSE DE BLUESTAR - Bluestar Forensic<\/title>\n<meta name=\"robots\" content=\"index, follow, max-snippet:-1, max-image-preview:large, max-video-preview:-1\" \/>\n<link rel=\"canonical\" href=\"https:\/\/www.bluestar-forensic.com\/es\/la-quimica-forense-de-bluestar\/\" \/>\n<meta property=\"og:locale\" content=\"es_ES\" \/>\n<meta property=\"og:type\" content=\"article\" \/>\n<meta property=\"og:title\" content=\"LA QU\u00cdMICA FORENSE DE BLUESTAR - Bluestar Forensic\" \/>\n<meta property=\"og:description\" content=\"La qu\u00edmica de Bluestar\u00ae Forense Una nueva f\u00f3rmula basada en Luminol BLUESTAR\u00ae FORENSIC es un agente para la visualizaci\u00f3n de sangre basado en luminol, una mol\u00e9cula que es bien conocida entre los criminalistas forenses. La constituci\u00f3n de BLUESTAR\u00ae FORENSIC ha hecho posible eliminar elementos inconvenientes asociados con otros agentes reactivos basados en luminol. \u00bfC\u00f3mo reacciona [&hellip;]\" \/>\n<meta property=\"og:url\" content=\"https:\/\/www.bluestar-forensic.com\/es\/la-quimica-forense-de-bluestar\/\" \/>\n<meta property=\"og:site_name\" content=\"Bluestar Forensic\" \/>\n<meta property=\"article:publisher\" content=\"https:\/\/www.facebook.com\/bluestarforensic\/\" \/>\n<meta property=\"article:modified_time\" content=\"2025-08-21T07:42:25+00:00\" \/>\n<meta name=\"twitter:card\" content=\"summary_large_image\" \/>\n<meta name=\"twitter:label1\" content=\"Tiempo de lectura\" \/>\n\t<meta name=\"twitter:data1\" content=\"3 minutos\" \/>\n<script type=\"application\/ld+json\" class=\"yoast-schema-graph\">{\"@context\":\"https:\/\/schema.org\",\"@graph\":[{\"@type\":\"WebPage\",\"@id\":\"https:\/\/www.bluestar-forensic.com\/es\/la-quimica-forense-de-bluestar\/\",\"url\":\"https:\/\/www.bluestar-forensic.com\/es\/la-quimica-forense-de-bluestar\/\",\"name\":\"LA QU\u00cdMICA FORENSE DE BLUESTAR - Bluestar Forensic\",\"isPartOf\":{\"@id\":\"https:\/\/www.bluestar-forensic.com\/#website\"},\"primaryImageOfPage\":{\"@id\":\"https:\/\/www.bluestar-forensic.com\/es\/la-quimica-forense-de-bluestar\/#primaryimage\"},\"image\":{\"@id\":\"https:\/\/www.bluestar-forensic.com\/es\/la-quimica-forense-de-bluestar\/#primaryimage\"},\"thumbnailUrl\":\"https:\/\/www.bluestar-forensic.com\/wp-content\/uploads\/2025\/03\/icone.svg\",\"datePublished\":\"2025-02-28T15:07:53+00:00\",\"dateModified\":\"2025-08-21T07:42:25+00:00\",\"breadcrumb\":{\"@id\":\"https:\/\/www.bluestar-forensic.com\/es\/la-quimica-forense-de-bluestar\/#breadcrumb\"},\"inLanguage\":\"es\",\"potentialAction\":[{\"@type\":\"ReadAction\",\"target\":[\"https:\/\/www.bluestar-forensic.com\/es\/la-quimica-forense-de-bluestar\/\"]}]},{\"@type\":\"ImageObject\",\"inLanguage\":\"es\",\"@id\":\"https:\/\/www.bluestar-forensic.com\/es\/la-quimica-forense-de-bluestar\/#primaryimage\",\"url\":\"https:\/\/www.bluestar-forensic.com\/wp-content\/uploads\/2025\/03\/icone.svg\",\"contentUrl\":\"https:\/\/www.bluestar-forensic.com\/wp-content\/uploads\/2025\/03\/icone.svg\"},{\"@type\":\"BreadcrumbList\",\"@id\":\"https:\/\/www.bluestar-forensic.com\/es\/la-quimica-forense-de-bluestar\/#breadcrumb\",\"itemListElement\":[{\"@type\":\"ListItem\",\"position\":1,\"name\":\"Home\",\"item\":\"https:\/\/www.bluestar-forensic.com\/\"},{\"@type\":\"ListItem\",\"position\":2,\"name\":\"LA QU\u00cdMICA FORENSE DE BLUESTAR\"}]},{\"@type\":\"WebSite\",\"@id\":\"https:\/\/www.bluestar-forensic.com\/#website\",\"url\":\"https:\/\/www.bluestar-forensic.com\/\",\"name\":\"Bluestar UNIQUE Forensic\",\"description\":\"\",\"publisher\":{\"@id\":\"https:\/\/www.bluestar-forensic.com\/#organization\"},\"potentialAction\":[{\"@type\":\"SearchAction\",\"target\":{\"@type\":\"EntryPoint\",\"urlTemplate\":\"https:\/\/www.bluestar-forensic.com\/?s={search_term_string}\"},\"query-input\":{\"@type\":\"PropertyValueSpecification\",\"valueRequired\":true,\"valueName\":\"search_term_string\"}}],\"inLanguage\":\"es\"},{\"@type\":\"Organization\",\"@id\":\"https:\/\/www.bluestar-forensic.com\/#organization\",\"name\":\"Bluestar Forensic LATENT BLOODSTAIN REAGENT\",\"url\":\"https:\/\/www.bluestar-forensic.com\/\",\"logo\":{\"@type\":\"ImageObject\",\"inLanguage\":\"es\",\"@id\":\"https:\/\/www.bluestar-forensic.com\/#\/schema\/logo\/image\/\",\"url\":\"https:\/\/www.bluestar-forensic.com\/wp-content\/uploads\/2025\/02\/Logo-bluestar-copie.svg\",\"contentUrl\":\"https:\/\/www.bluestar-forensic.com\/wp-content\/uploads\/2025\/02\/Logo-bluestar-copie.svg\",\"width\":1494,\"height\":346,\"caption\":\"Bluestar Forensic LATENT BLOODSTAIN REAGENT\"},\"image\":{\"@id\":\"https:\/\/www.bluestar-forensic.com\/#\/schema\/logo\/image\/\"},\"sameAs\":[\"https:\/\/www.facebook.com\/bluestarforensic\/\",\"https:\/\/www.instagram.com\/bluestar_forensic\/\"]}]}<\/script>\n<!-- \/ Yoast SEO plugin. -->","yoast_head_json":{"title":"LA QU\u00cdMICA FORENSE DE BLUESTAR - Bluestar Forensic","robots":{"index":"index","follow":"follow","max-snippet":"max-snippet:-1","max-image-preview":"max-image-preview:large","max-video-preview":"max-video-preview:-1"},"canonical":"https:\/\/www.bluestar-forensic.com\/es\/la-quimica-forense-de-bluestar\/","og_locale":"es_ES","og_type":"article","og_title":"LA QU\u00cdMICA FORENSE DE BLUESTAR - Bluestar Forensic","og_description":"La qu\u00edmica de Bluestar\u00ae Forense Una nueva f\u00f3rmula basada en Luminol BLUESTAR\u00ae FORENSIC es un agente para la visualizaci\u00f3n de sangre basado en luminol, una mol\u00e9cula que es bien conocida entre los criminalistas forenses. La constituci\u00f3n de BLUESTAR\u00ae FORENSIC ha hecho posible eliminar elementos inconvenientes asociados con otros agentes reactivos basados en luminol. \u00bfC\u00f3mo reacciona [&hellip;]","og_url":"https:\/\/www.bluestar-forensic.com\/es\/la-quimica-forense-de-bluestar\/","og_site_name":"Bluestar Forensic","article_publisher":"https:\/\/www.facebook.com\/bluestarforensic\/","article_modified_time":"2025-08-21T07:42:25+00:00","twitter_card":"summary_large_image","twitter_misc":{"Tiempo de lectura":"3 minutos"},"schema":{"@context":"https:\/\/schema.org","@graph":[{"@type":"WebPage","@id":"https:\/\/www.bluestar-forensic.com\/es\/la-quimica-forense-de-bluestar\/","url":"https:\/\/www.bluestar-forensic.com\/es\/la-quimica-forense-de-bluestar\/","name":"LA QU\u00cdMICA FORENSE DE BLUESTAR - Bluestar Forensic","isPartOf":{"@id":"https:\/\/www.bluestar-forensic.com\/#website"},"primaryImageOfPage":{"@id":"https:\/\/www.bluestar-forensic.com\/es\/la-quimica-forense-de-bluestar\/#primaryimage"},"image":{"@id":"https:\/\/www.bluestar-forensic.com\/es\/la-quimica-forense-de-bluestar\/#primaryimage"},"thumbnailUrl":"https:\/\/www.bluestar-forensic.com\/wp-content\/uploads\/2025\/03\/icone.svg","datePublished":"2025-02-28T15:07:53+00:00","dateModified":"2025-08-21T07:42:25+00:00","breadcrumb":{"@id":"https:\/\/www.bluestar-forensic.com\/es\/la-quimica-forense-de-bluestar\/#breadcrumb"},"inLanguage":"es","potentialAction":[{"@type":"ReadAction","target":["https:\/\/www.bluestar-forensic.com\/es\/la-quimica-forense-de-bluestar\/"]}]},{"@type":"ImageObject","inLanguage":"es","@id":"https:\/\/www.bluestar-forensic.com\/es\/la-quimica-forense-de-bluestar\/#primaryimage","url":"https:\/\/www.bluestar-forensic.com\/wp-content\/uploads\/2025\/03\/icone.svg","contentUrl":"https:\/\/www.bluestar-forensic.com\/wp-content\/uploads\/2025\/03\/icone.svg"},{"@type":"BreadcrumbList","@id":"https:\/\/www.bluestar-forensic.com\/es\/la-quimica-forense-de-bluestar\/#breadcrumb","itemListElement":[{"@type":"ListItem","position":1,"name":"Home","item":"https:\/\/www.bluestar-forensic.com\/"},{"@type":"ListItem","position":2,"name":"LA QU\u00cdMICA FORENSE DE BLUESTAR"}]},{"@type":"WebSite","@id":"https:\/\/www.bluestar-forensic.com\/#website","url":"https:\/\/www.bluestar-forensic.com\/","name":"Bluestar UNIQUE Forensic","description":"","publisher":{"@id":"https:\/\/www.bluestar-forensic.com\/#organization"},"potentialAction":[{"@type":"SearchAction","target":{"@type":"EntryPoint","urlTemplate":"https:\/\/www.bluestar-forensic.com\/?s={search_term_string}"},"query-input":{"@type":"PropertyValueSpecification","valueRequired":true,"valueName":"search_term_string"}}],"inLanguage":"es"},{"@type":"Organization","@id":"https:\/\/www.bluestar-forensic.com\/#organization","name":"Bluestar Forensic LATENT BLOODSTAIN REAGENT","url":"https:\/\/www.bluestar-forensic.com\/","logo":{"@type":"ImageObject","inLanguage":"es","@id":"https:\/\/www.bluestar-forensic.com\/#\/schema\/logo\/image\/","url":"https:\/\/www.bluestar-forensic.com\/wp-content\/uploads\/2025\/02\/Logo-bluestar-copie.svg","contentUrl":"https:\/\/www.bluestar-forensic.com\/wp-content\/uploads\/2025\/02\/Logo-bluestar-copie.svg","width":1494,"height":346,"caption":"Bluestar Forensic LATENT BLOODSTAIN REAGENT"},"image":{"@id":"https:\/\/www.bluestar-forensic.com\/#\/schema\/logo\/image\/"},"sameAs":["https:\/\/www.facebook.com\/bluestarforensic\/","https:\/\/www.instagram.com\/bluestar_forensic\/"]}]}},"_links":{"self":[{"href":"https:\/\/www.bluestar-forensic.com\/es\/wp-json\/wp\/v2\/pages\/19915","targetHints":{"allow":["GET"]}}],"collection":[{"href":"https:\/\/www.bluestar-forensic.com\/es\/wp-json\/wp\/v2\/pages"}],"about":[{"href":"https:\/\/www.bluestar-forensic.com\/es\/wp-json\/wp\/v2\/types\/page"}],"author":[{"embeddable":true,"href":"https:\/\/www.bluestar-forensic.com\/es\/wp-json\/wp\/v2\/users\/1"}],"replies":[{"embeddable":true,"href":"https:\/\/www.bluestar-forensic.com\/es\/wp-json\/wp\/v2\/comments?post=19915"}],"version-history":[{"count":12,"href":"https:\/\/www.bluestar-forensic.com\/es\/wp-json\/wp\/v2\/pages\/19915\/revisions"}],"predecessor-version":[{"id":21370,"href":"https:\/\/www.bluestar-forensic.com\/es\/wp-json\/wp\/v2\/pages\/19915\/revisions\/21370"}],"wp:attachment":[{"href":"https:\/\/www.bluestar-forensic.com\/es\/wp-json\/wp\/v2\/media?parent=19915"}],"curies":[{"name":"wp","href":"https:\/\/api.w.org\/{rel}","templated":true}]}}