{"id":19917,"date":"2025-02-28T17:55:34","date_gmt":"2025-02-28T17:55:34","guid":{"rendered":"https:\/\/toty.fr\/Bluestar\/historia-de-bluestar-forensic\/"},"modified":"2025-08-21T07:38:04","modified_gmt":"2025-08-21T07:38:04","slug":"historia-de-bluestar-forensic","status":"publish","type":"page","link":"https:\/\/www.bluestar-forensic.com\/es\/historia-de-bluestar-forensic\/","title":{"rendered":"Historia de Bluestar Forensic"},"content":{"rendered":"\t\t<div data-elementor-type=\"wp-page\" data-elementor-id=\"19917\" class=\"elementor elementor-19917 elementor-16451\" data-elementor-post-type=\"page\">\n\t\t\t\t<div class=\"aux-parallax-section elementor-element elementor-element-bafe736 e-flex e-con-boxed e-con e-parent\" data-id=\"bafe736\" data-element_type=\"container\" data-e-type=\"container\">\n\t\t\t\t\t<div class=\"e-con-inner\">\n\t\t\t\t<div class=\"elementor-element elementor-element-2181b90 elementor-invisible elementor-widget elementor-widget-text-editor\" data-id=\"2181b90\" data-element_type=\"widget\" data-e-type=\"widget\" data-settings=\"{&quot;_animation&quot;:&quot;fadeInDown&quot;}\" data-widget_type=\"text-editor.default\">\n\t\t\t\t<div class=\"elementor-widget-container\">\n\t\t\t\t\t\t\t\t\t<h3 class=\"elementor-heading-title elementor-size-xxl\"><a href=\"https:\/\/www.bluestar-forensic.com\/wp-content\/uploads\/2025\/03\/icone.svg\"><img decoding=\"async\" class=\"wp-image-17525 aligncenter\" src=\"https:\/\/www.bluestar-forensic.com\/wp-content\/uploads\/2025\/03\/icone.svg\" alt=\"\" width=\"59\" height=\"61\" \/><\/a><\/h3><h2 style=\"text-align: center;\">Historia de BLUESTAR<sup>\u00ae<\/sup> Forensic<\/h2>\t\t\t\t\t\t\t\t<\/div>\n\t\t\t\t<\/div>\n\t\t\t\t\t<\/div>\n\t\t\t\t<\/div>\n\t\t<div class=\"aux-parallax-section elementor-element elementor-element-6fb7e48 e-grid e-con-boxed e-con e-parent\" data-id=\"6fb7e48\" data-element_type=\"container\" data-e-type=\"container\">\n\t\t\t\t\t<div class=\"e-con-inner\">\n\t\t\t\t<div class=\"elementor-element elementor-element-2f4fc88 elementor-invisible elementor-widget elementor-widget-image\" data-id=\"2f4fc88\" data-element_type=\"widget\" data-e-type=\"widget\" data-settings=\"{&quot;_animation&quot;:&quot;fadeInLeft&quot;}\" data-widget_type=\"image.default\">\n\t\t\t\t<div class=\"elementor-widget-container\">\n\t\t\t\t\t\t\t\t\t\t\t\t\t\t\t<img fetchpriority=\"high\" decoding=\"async\" width=\"768\" height=\"508\" src=\"https:\/\/www.bluestar-forensic.com\/wp-content\/uploads\/2025\/02\/lab-217041_1280-768x508-1.jpg\" class=\"attachment-large size-large wp-image-16455\" alt=\"\" srcset=\"https:\/\/www.bluestar-forensic.com\/wp-content\/uploads\/2025\/02\/lab-217041_1280-768x508-1.jpg 768w, https:\/\/www.bluestar-forensic.com\/wp-content\/uploads\/2025\/02\/lab-217041_1280-768x508-1-200x132.jpg 200w\" sizes=\"(max-width: 768px) 100vw, 768px\" \/>\t\t\t\t\t\t\t\t\t\t\t\t\t\t\t<\/div>\n\t\t\t\t<\/div>\n\t\t\t\t<div class=\"elementor-element elementor-element-4ef7748 elementor-invisible elementor-widget elementor-widget-text-editor\" data-id=\"4ef7748\" data-element_type=\"widget\" data-e-type=\"widget\" data-settings=\"{&quot;_animation&quot;:&quot;fadeInRight&quot;}\" data-widget_type=\"text-editor.default\">\n\t\t\t\t<div class=\"elementor-widget-container\">\n\t\t\t\t\t\t\t\t\t<h2><span style=\"font-size: 20pt; color: #0080c6;\"><strong>Del Luminol a Bluestar<span style=\"font-size: 13pt;\"><sup>\u00ae<\/sup><\/span> Forense: una breve historia <\/strong><\/span><\/h2><p style=\"text-align: justify;\">Los primeros experimentos que usaron luminol como herramienta de detecci\u00f3n de sangre en ciencia forense se remontan a 1937, cuando Specht prob\u00f3 su reacci\u00f3n quimioluminiscente en diversos materiales como hierba, ladrillos y piedras impregnadas de sangre. <br \/>En 1939, Proescher y Moody evaluaron m\u00e1s a fondo el compuesto sobre sangre humana y animal.<\/p><p style=\"text-align: justify;\">En 1951, Grodsky introdujo una f\u00f3rmula de terreno compuesta de luminol, carbonato de sodio y perborato de sodio, disueltos en agua destilada. Esta mezcla se convirti\u00f3 en la base de la detecci\u00f3n de sangre con luminol utilizada por los investigadores de escenas del crimen durante d\u00e9cadas.<\/p><p style=\"text-align: justify;\">Sin embargo, esta composici\u00f3n presentaba varias limitaciones: La acci\u00f3n oxidante del carbonato de sodio era lenta y produc\u00eda un resplandor d\u00e9bil y ef\u00edmero. La soluci\u00f3n, una vez preparada, era inestable y t\u00f3xica debido a la presencia de perborato de sodio.<\/p><p style=\"text-align: justify;\">En 1966, Weber propuso una f\u00f3rmula mejorada que inclu\u00eda luminol, hidr\u00f3xido de sodio o potasio, y per\u00f3xido de hidr\u00f3geno diluido en agua. Esta versi\u00f3n requer\u00eda almacenamiento en la oscuridad y refrigeraci\u00f3n. La luminiscencia deb\u00eda ser fotografiada \u00fanicamente en oscuridad total o registrada con equipo de visi\u00f3n nocturna. A pesar de algunas mejoras, la f\u00f3rmula segu\u00eda siendo inestable y poco pr\u00e1ctica para uso en el terreno.<\/p>\t\t\t\t\t\t\t\t<\/div>\n\t\t\t\t<\/div>\n\t\t\t\t\t<\/div>\n\t\t\t\t<\/div>\n\t\t<div class=\"aux-parallax-section elementor-element elementor-element-2e93e51 e-grid e-con-boxed e-con e-parent\" data-id=\"2e93e51\" data-element_type=\"container\" data-e-type=\"container\">\n\t\t\t\t\t<div class=\"e-con-inner\">\n\t\t\t\t<div class=\"elementor-element elementor-element-dd93b28 elementor-invisible elementor-widget elementor-widget-text-editor\" data-id=\"dd93b28\" data-element_type=\"widget\" data-e-type=\"widget\" data-settings=\"{&quot;_animation&quot;:&quot;fadeInDown&quot;}\" data-widget_type=\"text-editor.default\">\n\t\t\t\t<div class=\"elementor-widget-container\">\n\t\t\t\t\t\t\t\t\t<h2><span style=\"font-size: 18pt; color: #0080c6;\"><strong>BLUESTAR<sup>\u00ae<\/sup> Forense : una nueva f\u00f3rmula basada en luminol<\/strong><\/span><\/h2><p style=\"text-align: justify;\">En 2000, Jean-Marc Lefebvre-Despeaux, presidente de BLUESTAR<sup>\u00ae<\/sup>, encarg\u00f3 a Lo\u00efc Blum, profesor de bioqu\u00edmica en la Universidad Claude Bernard Lyon 1 y director del laboratorio de Ingenier\u00eda Enzim\u00e1tica y Biomolecular (EMB2 \u2013 UMR 5013 CNRS-UCBL), desarrollar una nueva f\u00f3rmula basada en luminol, capaz de superar a las generaciones anteriores.<\/p><p style=\"text-align: justify;\">El profesor Blum logr\u00f3 crear la f\u00f3rmula hoy conocida como <b>BLUESTAR<sup>\u00ae<\/sup> Forensic<\/b> \u2014 un reactivo de detecci\u00f3n de sangre estable, f\u00e1cil de usar, no t\u00f3xico y extremadamente sensible.<\/p><p style=\"text-align: justify;\">Hoy en d\u00eda, BLUESTAR<sup>\u00ae<\/sup> Forensic es utilizado por investigadores en m\u00e1s de 95 pa\u00edses y es ampliamente reconocido como el reactivo de luminol m\u00e1s avanzado y eficaz disponible.<\/p><p style=\"text-align: justify;\">Su rendimiento ha sido validado por numerosas publicaciones cient\u00edficas, estudios y casos criminales reales. Tambi\u00e9n se utiliza en arqueolog\u00eda para revelar rastros de sangre antiguos, a veces de varios miles de a\u00f1os.<\/p><p style=\"text-align: justify;\">Todos los estudios cient\u00edficos relevantes, informes de noticias y ejemplos de casos est\u00e1n disponibles en nuestro sitio web.<\/p>\t\t\t\t\t\t\t\t<\/div>\n\t\t\t\t<\/div>\n\t\t\t\t<div class=\"elementor-element elementor-element-9fbc936 elementor-invisible elementor-widget elementor-widget-image\" data-id=\"9fbc936\" data-element_type=\"widget\" data-e-type=\"widget\" data-settings=\"{&quot;_animation&quot;:&quot;fadeInRight&quot;}\" data-widget_type=\"image.default\">\n\t\t\t\t<div class=\"elementor-widget-container\">\n\t\t\t\t\t\t\t\t\t\t\t\t\t\t\t<img decoding=\"async\" width=\"576\" height=\"1024\" src=\"https:\/\/www.bluestar-forensic.com\/wp-content\/uploads\/2025\/02\/JMLD-PNG-576x1024-1.png\" class=\"attachment-large size-large wp-image-16278\" alt=\"\" srcset=\"https:\/\/www.bluestar-forensic.com\/wp-content\/uploads\/2025\/02\/JMLD-PNG-576x1024-1.png 576w, https:\/\/www.bluestar-forensic.com\/wp-content\/uploads\/2025\/02\/JMLD-PNG-576x1024-1-200x356.png 200w\" sizes=\"(max-width: 576px) 100vw, 576px\" \/>\t\t\t\t\t\t\t\t\t\t\t\t\t\t\t<\/div>\n\t\t\t\t<\/div>\n\t\t\t\t\t<\/div>\n\t\t\t\t<\/div>\n\t\t\t\t<\/div>\n\t\t","protected":false},"excerpt":{"rendered":"<p>Historia de BLUESTAR\u00ae Forensic Del Luminol a Bluestar\u00ae Forense: una breve historia Los primeros experimentos que usaron luminol como herramienta de detecci\u00f3n de sangre en ciencia forense se remontan a 1937, cuando Specht prob\u00f3 su reacci\u00f3n quimioluminiscente en diversos materiales como hierba, ladrillos y piedras impregnadas de sangre. En 1939, Proescher y Moody evaluaron m\u00e1s [&hellip;]<\/p>\n","protected":false},"author":1,"featured_media":0,"parent":0,"menu_order":0,"comment_status":"closed","ping_status":"closed","template":"","meta":{"_acf_changed":false,"footnotes":""},"class_list":["post-19917","page","type-page","status-publish","hentry"],"acf":[],"yoast_head":"<!-- This site is optimized with the Yoast SEO plugin v27.2 - https:\/\/yoast.com\/product\/yoast-seo-wordpress\/ -->\n<title>Historia de Bluestar Forensic - Bluestar Forensic<\/title>\n<meta name=\"robots\" content=\"index, follow, max-snippet:-1, max-image-preview:large, max-video-preview:-1\" \/>\n<link rel=\"canonical\" href=\"https:\/\/www.bluestar-forensic.com\/es\/historia-de-bluestar-forensic\/\" \/>\n<meta property=\"og:locale\" content=\"es_ES\" \/>\n<meta property=\"og:type\" content=\"article\" \/>\n<meta property=\"og:title\" content=\"Historia de Bluestar Forensic - Bluestar Forensic\" \/>\n<meta property=\"og:description\" content=\"Historia de BLUESTAR\u00ae Forensic Del Luminol a Bluestar\u00ae Forense: una breve historia Los primeros experimentos que usaron luminol como herramienta de detecci\u00f3n de sangre en ciencia forense se remontan a 1937, cuando Specht prob\u00f3 su reacci\u00f3n quimioluminiscente en diversos materiales como hierba, ladrillos y piedras impregnadas de sangre. En 1939, Proescher y Moody evaluaron m\u00e1s [&hellip;]\" \/>\n<meta property=\"og:url\" content=\"https:\/\/www.bluestar-forensic.com\/es\/historia-de-bluestar-forensic\/\" \/>\n<meta property=\"og:site_name\" content=\"Bluestar Forensic\" \/>\n<meta property=\"article:publisher\" content=\"https:\/\/www.facebook.com\/bluestarforensic\/\" \/>\n<meta property=\"article:modified_time\" content=\"2025-08-21T07:38:04+00:00\" \/>\n<meta name=\"twitter:card\" content=\"summary_large_image\" \/>\n<meta name=\"twitter:label1\" content=\"Tiempo de lectura\" \/>\n\t<meta name=\"twitter:data1\" content=\"2 minutos\" \/>\n<script type=\"application\/ld+json\" class=\"yoast-schema-graph\">{\"@context\":\"https:\/\/schema.org\",\"@graph\":[{\"@type\":\"WebPage\",\"@id\":\"https:\/\/www.bluestar-forensic.com\/es\/historia-de-bluestar-forensic\/\",\"url\":\"https:\/\/www.bluestar-forensic.com\/es\/historia-de-bluestar-forensic\/\",\"name\":\"Historia de Bluestar Forensic - Bluestar Forensic\",\"isPartOf\":{\"@id\":\"https:\/\/www.bluestar-forensic.com\/#website\"},\"primaryImageOfPage\":{\"@id\":\"https:\/\/www.bluestar-forensic.com\/es\/historia-de-bluestar-forensic\/#primaryimage\"},\"image\":{\"@id\":\"https:\/\/www.bluestar-forensic.com\/es\/historia-de-bluestar-forensic\/#primaryimage\"},\"thumbnailUrl\":\"https:\/\/www.bluestar-forensic.com\/wp-content\/uploads\/2025\/03\/icone.svg\",\"datePublished\":\"2025-02-28T17:55:34+00:00\",\"dateModified\":\"2025-08-21T07:38:04+00:00\",\"breadcrumb\":{\"@id\":\"https:\/\/www.bluestar-forensic.com\/es\/historia-de-bluestar-forensic\/#breadcrumb\"},\"inLanguage\":\"es\",\"potentialAction\":[{\"@type\":\"ReadAction\",\"target\":[\"https:\/\/www.bluestar-forensic.com\/es\/historia-de-bluestar-forensic\/\"]}]},{\"@type\":\"ImageObject\",\"inLanguage\":\"es\",\"@id\":\"https:\/\/www.bluestar-forensic.com\/es\/historia-de-bluestar-forensic\/#primaryimage\",\"url\":\"https:\/\/www.bluestar-forensic.com\/wp-content\/uploads\/2025\/03\/icone.svg\",\"contentUrl\":\"https:\/\/www.bluestar-forensic.com\/wp-content\/uploads\/2025\/03\/icone.svg\"},{\"@type\":\"BreadcrumbList\",\"@id\":\"https:\/\/www.bluestar-forensic.com\/es\/historia-de-bluestar-forensic\/#breadcrumb\",\"itemListElement\":[{\"@type\":\"ListItem\",\"position\":1,\"name\":\"Home\",\"item\":\"https:\/\/www.bluestar-forensic.com\/\"},{\"@type\":\"ListItem\",\"position\":2,\"name\":\"Historia de Bluestar Forensic\"}]},{\"@type\":\"WebSite\",\"@id\":\"https:\/\/www.bluestar-forensic.com\/#website\",\"url\":\"https:\/\/www.bluestar-forensic.com\/\",\"name\":\"Bluestar UNIQUE Forensic\",\"description\":\"\",\"publisher\":{\"@id\":\"https:\/\/www.bluestar-forensic.com\/#organization\"},\"potentialAction\":[{\"@type\":\"SearchAction\",\"target\":{\"@type\":\"EntryPoint\",\"urlTemplate\":\"https:\/\/www.bluestar-forensic.com\/?s={search_term_string}\"},\"query-input\":{\"@type\":\"PropertyValueSpecification\",\"valueRequired\":true,\"valueName\":\"search_term_string\"}}],\"inLanguage\":\"es\"},{\"@type\":\"Organization\",\"@id\":\"https:\/\/www.bluestar-forensic.com\/#organization\",\"name\":\"Bluestar Forensic LATENT BLOODSTAIN REAGENT\",\"url\":\"https:\/\/www.bluestar-forensic.com\/\",\"logo\":{\"@type\":\"ImageObject\",\"inLanguage\":\"es\",\"@id\":\"https:\/\/www.bluestar-forensic.com\/#\/schema\/logo\/image\/\",\"url\":\"https:\/\/www.bluestar-forensic.com\/wp-content\/uploads\/2025\/02\/Logo-bluestar-copie.svg\",\"contentUrl\":\"https:\/\/www.bluestar-forensic.com\/wp-content\/uploads\/2025\/02\/Logo-bluestar-copie.svg\",\"width\":1494,\"height\":346,\"caption\":\"Bluestar Forensic LATENT BLOODSTAIN REAGENT\"},\"image\":{\"@id\":\"https:\/\/www.bluestar-forensic.com\/#\/schema\/logo\/image\/\"},\"sameAs\":[\"https:\/\/www.facebook.com\/bluestarforensic\/\",\"https:\/\/www.instagram.com\/bluestar_forensic\/\"]}]}<\/script>\n<!-- \/ Yoast SEO plugin. -->","yoast_head_json":{"title":"Historia de Bluestar Forensic - Bluestar Forensic","robots":{"index":"index","follow":"follow","max-snippet":"max-snippet:-1","max-image-preview":"max-image-preview:large","max-video-preview":"max-video-preview:-1"},"canonical":"https:\/\/www.bluestar-forensic.com\/es\/historia-de-bluestar-forensic\/","og_locale":"es_ES","og_type":"article","og_title":"Historia de Bluestar Forensic - Bluestar Forensic","og_description":"Historia de BLUESTAR\u00ae Forensic Del Luminol a Bluestar\u00ae Forense: una breve historia Los primeros experimentos que usaron luminol como herramienta de detecci\u00f3n de sangre en ciencia forense se remontan a 1937, cuando Specht prob\u00f3 su reacci\u00f3n quimioluminiscente en diversos materiales como hierba, ladrillos y piedras impregnadas de sangre. En 1939, Proescher y Moody evaluaron m\u00e1s [&hellip;]","og_url":"https:\/\/www.bluestar-forensic.com\/es\/historia-de-bluestar-forensic\/","og_site_name":"Bluestar Forensic","article_publisher":"https:\/\/www.facebook.com\/bluestarforensic\/","article_modified_time":"2025-08-21T07:38:04+00:00","twitter_card":"summary_large_image","twitter_misc":{"Tiempo de lectura":"2 minutos"},"schema":{"@context":"https:\/\/schema.org","@graph":[{"@type":"WebPage","@id":"https:\/\/www.bluestar-forensic.com\/es\/historia-de-bluestar-forensic\/","url":"https:\/\/www.bluestar-forensic.com\/es\/historia-de-bluestar-forensic\/","name":"Historia de Bluestar Forensic - Bluestar Forensic","isPartOf":{"@id":"https:\/\/www.bluestar-forensic.com\/#website"},"primaryImageOfPage":{"@id":"https:\/\/www.bluestar-forensic.com\/es\/historia-de-bluestar-forensic\/#primaryimage"},"image":{"@id":"https:\/\/www.bluestar-forensic.com\/es\/historia-de-bluestar-forensic\/#primaryimage"},"thumbnailUrl":"https:\/\/www.bluestar-forensic.com\/wp-content\/uploads\/2025\/03\/icone.svg","datePublished":"2025-02-28T17:55:34+00:00","dateModified":"2025-08-21T07:38:04+00:00","breadcrumb":{"@id":"https:\/\/www.bluestar-forensic.com\/es\/historia-de-bluestar-forensic\/#breadcrumb"},"inLanguage":"es","potentialAction":[{"@type":"ReadAction","target":["https:\/\/www.bluestar-forensic.com\/es\/historia-de-bluestar-forensic\/"]}]},{"@type":"ImageObject","inLanguage":"es","@id":"https:\/\/www.bluestar-forensic.com\/es\/historia-de-bluestar-forensic\/#primaryimage","url":"https:\/\/www.bluestar-forensic.com\/wp-content\/uploads\/2025\/03\/icone.svg","contentUrl":"https:\/\/www.bluestar-forensic.com\/wp-content\/uploads\/2025\/03\/icone.svg"},{"@type":"BreadcrumbList","@id":"https:\/\/www.bluestar-forensic.com\/es\/historia-de-bluestar-forensic\/#breadcrumb","itemListElement":[{"@type":"ListItem","position":1,"name":"Home","item":"https:\/\/www.bluestar-forensic.com\/"},{"@type":"ListItem","position":2,"name":"Historia de Bluestar Forensic"}]},{"@type":"WebSite","@id":"https:\/\/www.bluestar-forensic.com\/#website","url":"https:\/\/www.bluestar-forensic.com\/","name":"Bluestar UNIQUE Forensic","description":"","publisher":{"@id":"https:\/\/www.bluestar-forensic.com\/#organization"},"potentialAction":[{"@type":"SearchAction","target":{"@type":"EntryPoint","urlTemplate":"https:\/\/www.bluestar-forensic.com\/?s={search_term_string}"},"query-input":{"@type":"PropertyValueSpecification","valueRequired":true,"valueName":"search_term_string"}}],"inLanguage":"es"},{"@type":"Organization","@id":"https:\/\/www.bluestar-forensic.com\/#organization","name":"Bluestar Forensic LATENT BLOODSTAIN REAGENT","url":"https:\/\/www.bluestar-forensic.com\/","logo":{"@type":"ImageObject","inLanguage":"es","@id":"https:\/\/www.bluestar-forensic.com\/#\/schema\/logo\/image\/","url":"https:\/\/www.bluestar-forensic.com\/wp-content\/uploads\/2025\/02\/Logo-bluestar-copie.svg","contentUrl":"https:\/\/www.bluestar-forensic.com\/wp-content\/uploads\/2025\/02\/Logo-bluestar-copie.svg","width":1494,"height":346,"caption":"Bluestar Forensic LATENT BLOODSTAIN REAGENT"},"image":{"@id":"https:\/\/www.bluestar-forensic.com\/#\/schema\/logo\/image\/"},"sameAs":["https:\/\/www.facebook.com\/bluestarforensic\/","https:\/\/www.instagram.com\/bluestar_forensic\/"]}]}},"_links":{"self":[{"href":"https:\/\/www.bluestar-forensic.com\/es\/wp-json\/wp\/v2\/pages\/19917","targetHints":{"allow":["GET"]}}],"collection":[{"href":"https:\/\/www.bluestar-forensic.com\/es\/wp-json\/wp\/v2\/pages"}],"about":[{"href":"https:\/\/www.bluestar-forensic.com\/es\/wp-json\/wp\/v2\/types\/page"}],"author":[{"embeddable":true,"href":"https:\/\/www.bluestar-forensic.com\/es\/wp-json\/wp\/v2\/users\/1"}],"replies":[{"embeddable":true,"href":"https:\/\/www.bluestar-forensic.com\/es\/wp-json\/wp\/v2\/comments?post=19917"}],"version-history":[{"count":5,"href":"https:\/\/www.bluestar-forensic.com\/es\/wp-json\/wp\/v2\/pages\/19917\/revisions"}],"predecessor-version":[{"id":21770,"href":"https:\/\/www.bluestar-forensic.com\/es\/wp-json\/wp\/v2\/pages\/19917\/revisions\/21770"}],"wp:attachment":[{"href":"https:\/\/www.bluestar-forensic.com\/es\/wp-json\/wp\/v2\/media?parent=19917"}],"curies":[{"name":"wp","href":"https:\/\/api.w.org\/{rel}","templated":true}]}}