{"id":20066,"date":"2025-02-28T16:07:23","date_gmt":"2025-02-28T16:07:23","guid":{"rendered":"https:\/\/toty.fr\/Bluestar\/rendimiento-en-diversos-materiales-falsos-positivos\/"},"modified":"2025-08-21T08:53:23","modified_gmt":"2025-08-21T08:53:23","slug":"rendimiento-en-diversos-materiales-falsos-positivos","status":"publish","type":"page","link":"https:\/\/www.bluestar-forensic.com\/es\/rendimiento-en-diversos-materiales-falsos-positivos\/","title":{"rendered":"RENDIMIENTO EN DIVERSOS MATERIALES &#8211; FALSOS POSITIVOS"},"content":{"rendered":"\t\t<div data-elementor-type=\"wp-page\" data-elementor-id=\"20066\" class=\"elementor elementor-20066 elementor-16326\" data-elementor-post-type=\"page\">\n\t\t\t\t<div class=\"aux-parallax-section elementor-element elementor-element-abc7862 e-flex e-con-boxed e-con e-parent\" data-id=\"abc7862\" data-element_type=\"container\" data-e-type=\"container\">\n\t\t\t\t\t<div class=\"e-con-inner\">\n\t\t\t\t<div class=\"elementor-element elementor-element-fdb131d elementor-invisible elementor-widget elementor-widget-text-editor\" data-id=\"fdb131d\" data-element_type=\"widget\" data-e-type=\"widget\" data-settings=\"{&quot;_animation&quot;:&quot;fadeInDown&quot;}\" data-widget_type=\"text-editor.default\">\n\t\t\t\t<div class=\"elementor-widget-container\">\n\t\t\t\t\t\t\t\t\t<h3 class=\"elementor-heading-title elementor-size-xxl\"><a href=\"https:\/\/www.bluestar-forensic.com\/wp-content\/uploads\/2025\/03\/icone.svg\"><img decoding=\"async\" class=\"wp-image-17525 aligncenter\" src=\"https:\/\/www.bluestar-forensic.com\/wp-content\/uploads\/2025\/03\/icone.svg\" alt=\"\" width=\"59\" height=\"61\" \/><\/a><\/h3><h2 style=\"text-align: center;\">DESEMPE\u00d1O DE BLUESTAR<sup>\u00ae<\/sup> FORENSIC SOBRE VARIOS MATERIALES<\/h2>\t\t\t\t\t\t\t\t<\/div>\n\t\t\t\t<\/div>\n\t\t\t\t\t<\/div>\n\t\t\t\t<\/div>\n\t\t<div class=\"aux-parallax-section elementor-element elementor-element-f123106 e-grid e-con-boxed e-con e-parent\" data-id=\"f123106\" data-element_type=\"container\" data-e-type=\"container\">\n\t\t\t\t\t<div class=\"e-con-inner\">\n\t\t\t\t<div class=\"elementor-element elementor-element-76558f6 elementor-invisible elementor-widget elementor-widget-text-editor\" data-id=\"76558f6\" data-element_type=\"widget\" data-e-type=\"widget\" data-settings=\"{&quot;_animation&quot;:&quot;fadeInDown&quot;}\" data-widget_type=\"text-editor.default\">\n\t\t\t\t<div class=\"elementor-widget-container\">\n\t\t\t\t\t\t\t\t\t<p>Se han probado distintas superficies y materiales, porosos y no porosos, naturales o sint\u00e9ticos:<\/p><ul><li>Hierro y otros metales<\/li><li>Pl\u00e1sticos varios<\/li><li>Telas y papeles<\/li><li>Piedras<\/li><li>Diversos recubrimientos<\/li><li>etc.<\/li><\/ul><p>La mayor\u00eda de las superficies arrojan excelentes resultados.<\/p><p>Se han identificado algunos falsos positivos, como con madera barnizada, algunos arbustos peque\u00f1os (tomillo\u2026).<\/p>\t\t\t\t\t\t\t\t<\/div>\n\t\t\t\t<\/div>\n\t\t\t\t<div class=\"elementor-element elementor-element-f09b5ae elementor-invisible elementor-widget elementor-widget-image\" data-id=\"f09b5ae\" data-element_type=\"widget\" data-e-type=\"widget\" data-settings=\"{&quot;_animation&quot;:&quot;fadeInRight&quot;}\" data-widget_type=\"image.default\">\n\t\t\t\t<div class=\"elementor-widget-container\">\n\t\t\t\t\t\t\t\t\t\t\t\t\t\t\t<img fetchpriority=\"high\" decoding=\"async\" width=\"300\" height=\"300\" src=\"https:\/\/www.bluestar-forensic.com\/wp-content\/uploads\/2025\/02\/supports.jpg\" class=\"attachment-large size-large wp-image-16330\" alt=\"\" srcset=\"https:\/\/www.bluestar-forensic.com\/wp-content\/uploads\/2025\/02\/supports.jpg 300w, https:\/\/www.bluestar-forensic.com\/wp-content\/uploads\/2025\/02\/supports-150x150.jpg 150w, https:\/\/www.bluestar-forensic.com\/wp-content\/uploads\/2025\/02\/supports-200x200.jpg 200w\" sizes=\"(max-width: 300px) 100vw, 300px\" \/>\t\t\t\t\t\t\t\t\t\t\t\t\t\t\t<\/div>\n\t\t\t\t<\/div>\n\t\t\t\t\t<\/div>\n\t\t\t\t<\/div>\n\t\t<div class=\"aux-parallax-section elementor-element elementor-element-ec5ff2a e-flex e-con-boxed elementor-invisible e-con e-parent\" data-id=\"ec5ff2a\" data-element_type=\"container\" data-e-type=\"container\" data-settings=\"{&quot;animation&quot;:&quot;fadeInDown&quot;}\">\n\t\t\t\t\t<div class=\"e-con-inner\">\n\t\t<div class=\"elementor-element elementor-element-03069f8 e-con-full e-flex e-con e-child\" data-id=\"03069f8\" data-element_type=\"container\" data-e-type=\"container\">\n\t\t\t\t<div class=\"elementor-element elementor-element-f71dc1d elementor-position-inline-start elementor-view-default elementor-mobile-position-block-start elementor-widget elementor-widget-icon-box\" data-id=\"f71dc1d\" data-element_type=\"widget\" data-e-type=\"widget\" data-widget_type=\"icon-box.default\">\n\t\t\t\t<div class=\"elementor-widget-container\">\n\t\t\t\t\t\t\t<div class=\"elementor-icon-box-wrapper\">\n\n\t\t\t\t\t\t<div class=\"elementor-icon-box-icon\">\n\t\t\t\t<a href=\"https:\/\/www.bluestar-forensic.com\/wp-content\/uploads\/2025\/02\/false_positives_2008_study.pdf\" target=\"_blank\" class=\"elementor-icon\" tabindex=\"-1\" aria-label=\"  Falsos positivos de Bluestar (PDF, 45 KB)\">\n\t\t\t\t<i aria-hidden=\"true\" class=\"fas fa-file-pdf\"><\/i>\t\t\t\t<\/a>\n\t\t\t<\/div>\n\t\t\t\n\t\t\t\t\t\t<div class=\"elementor-icon-box-content\">\n\n\t\t\t\t\t\t\t\t\t<h3 class=\"elementor-icon-box-title\">\n\t\t\t\t\t\t<a href=\"https:\/\/www.bluestar-forensic.com\/wp-content\/uploads\/2025\/02\/false_positives_2008_study.pdf\" target=\"_blank\" >\n\t\t\t\t\t\t\t  Falsos positivos de Bluestar (PDF, 45 KB)\t\t\t\t\t\t<\/a>\n\t\t\t\t\t<\/h3>\n\t\t\t\t\n\t\t\t\t\t\t\t\t\t<p class=\"elementor-icon-box-description\">\n\t\t\t\t\t\t.\t\t\t\t\t<\/p>\n\t\t\t\t\n\t\t\t<\/div>\n\t\t\t\n\t\t<\/div>\n\t\t\t\t\t\t<\/div>\n\t\t\t\t<\/div>\n\t\t\t\t<\/div>\n\t\t<div class=\"elementor-element elementor-element-8828f53 e-con-full e-flex e-con e-child\" data-id=\"8828f53\" data-element_type=\"container\" data-e-type=\"container\">\n\t\t\t\t<div class=\"elementor-element elementor-element-14fa46b elementor-widget elementor-widget-video\" data-id=\"14fa46b\" data-element_type=\"widget\" data-e-type=\"widget\" data-settings=\"{&quot;video_type&quot;:&quot;hosted&quot;,&quot;autoplay&quot;:&quot;yes&quot;,&quot;loop&quot;:&quot;yes&quot;,&quot;controls&quot;:&quot;yes&quot;}\" data-widget_type=\"video.default\">\n\t\t\t\t<div class=\"elementor-widget-container\">\n\t\t\t\t\t\t\t<div class=\"e-hosted-video elementor-wrapper elementor-open-inline\">\n\t\t\t\t\t<video class=\"elementor-video\" src=\"https:\/\/www.bluestar-forensic.com\/wp-content\/uploads\/2025\/02\/httpswwwbluestar-forensiccommediascontentfalse_positives_frmp4.mp4\" autoplay=\"\" loop=\"\" controls=\"\" controlsList=\"nodownload\"><\/video>\n\t\t\t\t<\/div>\n\t\t\t\t\t\t<\/div>\n\t\t\t\t<\/div>\n\t\t\t\t<div class=\"elementor-element elementor-element-65e4e4c elementor-widget elementor-widget-text-editor\" data-id=\"65e4e4c\" data-element_type=\"widget\" data-e-type=\"widget\" data-widget_type=\"text-editor.default\">\n\t\t\t\t<div class=\"elementor-widget-container\">\n\t\t\t\t\t\t\t\t\t<p>La reacci\u00f3n es distinta en los falsos positivos, como lo muestra este video.<\/p>\t\t\t\t\t\t\t\t<\/div>\n\t\t\t\t<\/div>\n\t\t\t\t<\/div>\n\t\t<div class=\"elementor-element elementor-element-a4e1342 e-con-full e-flex e-con e-child\" data-id=\"a4e1342\" data-element_type=\"container\" data-e-type=\"container\">\n\t\t\t\t<\/div>\n\t\t\t\t\t<\/div>\n\t\t\t\t<\/div>\n\t\t<div class=\"aux-parallax-section elementor-element elementor-element-0e235b2 e-grid e-con-boxed e-con e-parent\" data-id=\"0e235b2\" data-element_type=\"container\" data-e-type=\"container\">\n\t\t\t\t\t<div class=\"e-con-inner\">\n\t\t\t\t<div class=\"elementor-element elementor-element-0a25a8e elementor-align-start elementor-icon-list--layout-traditional elementor-list-item-link-full_width elementor-widget elementor-widget-icon-list\" data-id=\"0a25a8e\" data-element_type=\"widget\" data-e-type=\"widget\" data-widget_type=\"icon-list.default\">\n\t\t\t\t<div class=\"elementor-widget-container\">\n\t\t\t\t\t\t\t<ul class=\"elementor-icon-list-items\">\n\t\t\t\t\t\t\t<li class=\"elementor-icon-list-item\">\n\t\t\t\t\t\t\t\t\t\t\t<a href=\"https:\/\/www.bluestar-forensic.com\/es\/la-quimica-forense-de-bluestar\/\">\n\n\t\t\t\t\t\t\t\t\t\t\t\t<span class=\"elementor-icon-list-icon\">\n\t\t\t\t\t\t\t<i aria-hidden=\"true\" class=\"fas fa-check\"><\/i>\t\t\t\t\t\t<\/span>\n\t\t\t\t\t\t\t\t\t\t<span class=\"elementor-icon-list-text\">LA QU\u00cdMICA DE BLUESTAR\u00ae FORENSIC<\/span>\n\t\t\t\t\t\t\t\t\t\t\t<\/a>\n\t\t\t\t\t\t\t\t\t<\/li>\n\t\t\t\t\t\t\t\t<li class=\"elementor-icon-list-item\">\n\t\t\t\t\t\t\t\t\t\t\t<a href=\"https:\/\/www.bluestar-forensic.com\/es\/sensibilidad-extrema\/\">\n\n\t\t\t\t\t\t\t\t\t\t\t\t<span class=\"elementor-icon-list-icon\">\n\t\t\t\t\t\t\t<i aria-hidden=\"true\" class=\"fas fa-check\"><\/i>\t\t\t\t\t\t<\/span>\n\t\t\t\t\t\t\t\t\t\t<span class=\"elementor-icon-list-text\">SENSIBILIDAD EXTREMA<\/span>\n\t\t\t\t\t\t\t\t\t\t\t<\/a>\n\t\t\t\t\t\t\t\t\t<\/li>\n\t\t\t\t\t\t\t\t<li class=\"elementor-icon-list-item\">\n\t\t\t\t\t\t\t\t\t\t\t<a href=\"https:\/\/www.bluestar-forensic.com\/es\/rendimiento-sobre-la-lejia-y-las-manchas-blanqueadas\/\">\n\n\t\t\t\t\t\t\t\t\t\t\t\t<span class=\"elementor-icon-list-icon\">\n\t\t\t\t\t\t\t<i aria-hidden=\"true\" class=\"fas fa-check\"><\/i>\t\t\t\t\t\t<\/span>\n\t\t\t\t\t\t\t\t\t\t<span class=\"elementor-icon-list-text\">BLUESTAR\u00ae FORENSIC DESEMPE\u00d1O SOBRE CLORO Y MANCHAS TRATADAS CON CLORO<\/span>\n\t\t\t\t\t\t\t\t\t\t\t<\/a>\n\t\t\t\t\t\t\t\t\t<\/li>\n\t\t\t\t\t\t<\/ul>\n\t\t\t\t\t\t<\/div>\n\t\t\t\t<\/div>\n\t\t\t\t<div class=\"elementor-element elementor-element-1147890 elementor-align-start elementor-icon-list--layout-traditional elementor-list-item-link-full_width elementor-widget elementor-widget-icon-list\" data-id=\"1147890\" data-element_type=\"widget\" data-e-type=\"widget\" data-widget_type=\"icon-list.default\">\n\t\t\t\t<div class=\"elementor-widget-container\">\n\t\t\t\t\t\t\t<ul class=\"elementor-icon-list-items\">\n\t\t\t\t\t\t\t<li class=\"elementor-icon-list-item\">\n\t\t\t\t\t\t\t\t\t\t\t<a href=\"https:\/\/www.bluestar-forensic.com\/es\/rendimiento-en-diversos-materiales-falsos-positivos\/\">\n\n\t\t\t\t\t\t\t\t\t\t\t\t<span class=\"elementor-icon-list-icon\">\n\t\t\t\t\t\t\t<i aria-hidden=\"true\" class=\"fas fa-check\"><\/i>\t\t\t\t\t\t<\/span>\n\t\t\t\t\t\t\t\t\t\t<span class=\"elementor-icon-list-text\">DESEMPE\u00d1O DE BLUESTAR\u00ae FORENSIC SOBRE VARIOS MATERIALES<\/span>\n\t\t\t\t\t\t\t\t\t\t\t<\/a>\n\t\t\t\t\t\t\t\t\t<\/li>\n\t\t\t\t\t\t\t\t<li class=\"elementor-icon-list-item\">\n\t\t\t\t\t\t\t\t\t\t\t<a href=\"https:\/\/www.bluestar-forensic.com\/es\/tipificacion-del-adn-de-manchas-de-sangre-tratadas-forenses-bluestar\/\">\n\n\t\t\t\t\t\t\t\t\t\t\t\t<span class=\"elementor-icon-list-icon\">\n\t\t\t\t\t\t\t<i aria-hidden=\"true\" class=\"fas fa-check\"><\/i>\t\t\t\t\t\t<\/span>\n\t\t\t\t\t\t\t\t\t\t<span class=\"elementor-icon-list-text\">AN\u00c1LISIS DE ADN EN MANCHAS DE SANGRE TRATADAS CON BLUESTAR\u00ae FORENSIC<\/span>\n\t\t\t\t\t\t\t\t\t\t\t<\/a>\n\t\t\t\t\t\t\t\t\t<\/li>\n\t\t\t\t\t\t\t\t<li class=\"elementor-icon-list-item\">\n\t\t\t\t\t\t\t\t\t\t\t<a href=\"https:\/\/www.bluestar-forensic.com\/es\/actuaciones-sobre-sangre-vieja\/\">\n\n\t\t\t\t\t\t\t\t\t\t\t\t<span class=\"elementor-icon-list-icon\">\n\t\t\t\t\t\t\t<i aria-hidden=\"true\" class=\"fas fa-check\"><\/i>\t\t\t\t\t\t<\/span>\n\t\t\t\t\t\t\t\t\t\t<span class=\"elementor-icon-list-text\">DESEMPE\u00d1O EN SANGRE ANTIGUA<\/span>\n\t\t\t\t\t\t\t\t\t\t\t<\/a>\n\t\t\t\t\t\t\t\t\t<\/li>\n\t\t\t\t\t\t<\/ul>\n\t\t\t\t\t\t<\/div>\n\t\t\t\t<\/div>\n\t\t\t\t\t<\/div>\n\t\t\t\t<\/div>\n\t\t\t\t<\/div>\n\t\t","protected":false},"excerpt":{"rendered":"<p>DESEMPE\u00d1O DE BLUESTAR\u00ae FORENSIC SOBRE VARIOS MATERIALES Se han probado distintas superficies y materiales, porosos y no porosos, naturales o sint\u00e9ticos: Hierro y otros metales Pl\u00e1sticos varios Telas y papeles Piedras Diversos recubrimientos etc. La mayor\u00eda de las superficies arrojan excelentes resultados. Se han identificado algunos falsos positivos, como con madera barnizada, algunos arbustos peque\u00f1os [&hellip;]<\/p>\n","protected":false},"author":1,"featured_media":0,"parent":0,"menu_order":0,"comment_status":"closed","ping_status":"closed","template":"","meta":{"_acf_changed":false,"footnotes":""},"class_list":["post-20066","page","type-page","status-publish","hentry"],"acf":[],"yoast_head":"<!-- This site is optimized with the Yoast SEO plugin v27.2 - https:\/\/yoast.com\/product\/yoast-seo-wordpress\/ -->\n<title>RENDIMIENTO EN DIVERSOS MATERIALES - FALSOS POSITIVOS - Bluestar Forensic<\/title>\n<meta name=\"robots\" content=\"index, follow, max-snippet:-1, max-image-preview:large, max-video-preview:-1\" \/>\n<link rel=\"canonical\" href=\"https:\/\/www.bluestar-forensic.com\/es\/rendimiento-en-diversos-materiales-falsos-positivos\/\" \/>\n<meta property=\"og:locale\" content=\"es_ES\" \/>\n<meta property=\"og:type\" content=\"article\" \/>\n<meta property=\"og:title\" content=\"RENDIMIENTO EN DIVERSOS MATERIALES - FALSOS POSITIVOS - Bluestar Forensic\" \/>\n<meta property=\"og:description\" content=\"DESEMPE\u00d1O DE BLUESTAR\u00ae FORENSIC SOBRE VARIOS MATERIALES Se han probado distintas superficies y materiales, porosos y no porosos, naturales o sint\u00e9ticos: Hierro y otros metales Pl\u00e1sticos varios Telas y papeles Piedras Diversos recubrimientos etc. La mayor\u00eda de las superficies arrojan excelentes resultados. Se han identificado algunos falsos positivos, como con madera barnizada, algunos arbustos peque\u00f1os [&hellip;]\" \/>\n<meta property=\"og:url\" content=\"https:\/\/www.bluestar-forensic.com\/es\/rendimiento-en-diversos-materiales-falsos-positivos\/\" \/>\n<meta property=\"og:site_name\" content=\"Bluestar Forensic\" \/>\n<meta property=\"article:publisher\" content=\"https:\/\/www.facebook.com\/bluestarforensic\/\" \/>\n<meta property=\"article:modified_time\" content=\"2025-08-21T08:53:23+00:00\" \/>\n<meta name=\"twitter:card\" content=\"summary_large_image\" \/>\n<meta name=\"twitter:label1\" content=\"Tiempo de lectura\" \/>\n\t<meta name=\"twitter:data1\" content=\"1 minuto\" \/>\n<script type=\"application\/ld+json\" class=\"yoast-schema-graph\">{\"@context\":\"https:\/\/schema.org\",\"@graph\":[{\"@type\":\"WebPage\",\"@id\":\"https:\/\/www.bluestar-forensic.com\/es\/rendimiento-en-diversos-materiales-falsos-positivos\/\",\"url\":\"https:\/\/www.bluestar-forensic.com\/es\/rendimiento-en-diversos-materiales-falsos-positivos\/\",\"name\":\"RENDIMIENTO EN DIVERSOS MATERIALES - FALSOS POSITIVOS - Bluestar Forensic\",\"isPartOf\":{\"@id\":\"https:\/\/www.bluestar-forensic.com\/#website\"},\"primaryImageOfPage\":{\"@id\":\"https:\/\/www.bluestar-forensic.com\/es\/rendimiento-en-diversos-materiales-falsos-positivos\/#primaryimage\"},\"image\":{\"@id\":\"https:\/\/www.bluestar-forensic.com\/es\/rendimiento-en-diversos-materiales-falsos-positivos\/#primaryimage\"},\"thumbnailUrl\":\"https:\/\/www.bluestar-forensic.com\/wp-content\/uploads\/2025\/03\/icone.svg\",\"datePublished\":\"2025-02-28T16:07:23+00:00\",\"dateModified\":\"2025-08-21T08:53:23+00:00\",\"breadcrumb\":{\"@id\":\"https:\/\/www.bluestar-forensic.com\/es\/rendimiento-en-diversos-materiales-falsos-positivos\/#breadcrumb\"},\"inLanguage\":\"es\",\"potentialAction\":[{\"@type\":\"ReadAction\",\"target\":[\"https:\/\/www.bluestar-forensic.com\/es\/rendimiento-en-diversos-materiales-falsos-positivos\/\"]}]},{\"@type\":\"ImageObject\",\"inLanguage\":\"es\",\"@id\":\"https:\/\/www.bluestar-forensic.com\/es\/rendimiento-en-diversos-materiales-falsos-positivos\/#primaryimage\",\"url\":\"https:\/\/www.bluestar-forensic.com\/wp-content\/uploads\/2025\/03\/icone.svg\",\"contentUrl\":\"https:\/\/www.bluestar-forensic.com\/wp-content\/uploads\/2025\/03\/icone.svg\"},{\"@type\":\"BreadcrumbList\",\"@id\":\"https:\/\/www.bluestar-forensic.com\/es\/rendimiento-en-diversos-materiales-falsos-positivos\/#breadcrumb\",\"itemListElement\":[{\"@type\":\"ListItem\",\"position\":1,\"name\":\"Home\",\"item\":\"https:\/\/www.bluestar-forensic.com\/\"},{\"@type\":\"ListItem\",\"position\":2,\"name\":\"RENDIMIENTO EN DIVERSOS MATERIALES &#8211; FALSOS POSITIVOS\"}]},{\"@type\":\"WebSite\",\"@id\":\"https:\/\/www.bluestar-forensic.com\/#website\",\"url\":\"https:\/\/www.bluestar-forensic.com\/\",\"name\":\"Bluestar UNIQUE Forensic\",\"description\":\"\",\"publisher\":{\"@id\":\"https:\/\/www.bluestar-forensic.com\/#organization\"},\"potentialAction\":[{\"@type\":\"SearchAction\",\"target\":{\"@type\":\"EntryPoint\",\"urlTemplate\":\"https:\/\/www.bluestar-forensic.com\/?s={search_term_string}\"},\"query-input\":{\"@type\":\"PropertyValueSpecification\",\"valueRequired\":true,\"valueName\":\"search_term_string\"}}],\"inLanguage\":\"es\"},{\"@type\":\"Organization\",\"@id\":\"https:\/\/www.bluestar-forensic.com\/#organization\",\"name\":\"Bluestar Forensic LATENT BLOODSTAIN REAGENT\",\"url\":\"https:\/\/www.bluestar-forensic.com\/\",\"logo\":{\"@type\":\"ImageObject\",\"inLanguage\":\"es\",\"@id\":\"https:\/\/www.bluestar-forensic.com\/#\/schema\/logo\/image\/\",\"url\":\"https:\/\/www.bluestar-forensic.com\/wp-content\/uploads\/2025\/02\/Logo-bluestar-copie.svg\",\"contentUrl\":\"https:\/\/www.bluestar-forensic.com\/wp-content\/uploads\/2025\/02\/Logo-bluestar-copie.svg\",\"width\":1494,\"height\":346,\"caption\":\"Bluestar Forensic LATENT BLOODSTAIN REAGENT\"},\"image\":{\"@id\":\"https:\/\/www.bluestar-forensic.com\/#\/schema\/logo\/image\/\"},\"sameAs\":[\"https:\/\/www.facebook.com\/bluestarforensic\/\",\"https:\/\/www.instagram.com\/bluestar_forensic\/\"]}]}<\/script>\n<!-- \/ Yoast SEO plugin. -->","yoast_head_json":{"title":"RENDIMIENTO EN DIVERSOS MATERIALES - FALSOS POSITIVOS - Bluestar Forensic","robots":{"index":"index","follow":"follow","max-snippet":"max-snippet:-1","max-image-preview":"max-image-preview:large","max-video-preview":"max-video-preview:-1"},"canonical":"https:\/\/www.bluestar-forensic.com\/es\/rendimiento-en-diversos-materiales-falsos-positivos\/","og_locale":"es_ES","og_type":"article","og_title":"RENDIMIENTO EN DIVERSOS MATERIALES - FALSOS POSITIVOS - Bluestar Forensic","og_description":"DESEMPE\u00d1O DE BLUESTAR\u00ae FORENSIC SOBRE VARIOS MATERIALES Se han probado distintas superficies y materiales, porosos y no porosos, naturales o sint\u00e9ticos: Hierro y otros metales Pl\u00e1sticos varios Telas y papeles Piedras Diversos recubrimientos etc. La mayor\u00eda de las superficies arrojan excelentes resultados. Se han identificado algunos falsos positivos, como con madera barnizada, algunos arbustos peque\u00f1os [&hellip;]","og_url":"https:\/\/www.bluestar-forensic.com\/es\/rendimiento-en-diversos-materiales-falsos-positivos\/","og_site_name":"Bluestar Forensic","article_publisher":"https:\/\/www.facebook.com\/bluestarforensic\/","article_modified_time":"2025-08-21T08:53:23+00:00","twitter_card":"summary_large_image","twitter_misc":{"Tiempo de lectura":"1 minuto"},"schema":{"@context":"https:\/\/schema.org","@graph":[{"@type":"WebPage","@id":"https:\/\/www.bluestar-forensic.com\/es\/rendimiento-en-diversos-materiales-falsos-positivos\/","url":"https:\/\/www.bluestar-forensic.com\/es\/rendimiento-en-diversos-materiales-falsos-positivos\/","name":"RENDIMIENTO EN DIVERSOS MATERIALES - FALSOS POSITIVOS - Bluestar Forensic","isPartOf":{"@id":"https:\/\/www.bluestar-forensic.com\/#website"},"primaryImageOfPage":{"@id":"https:\/\/www.bluestar-forensic.com\/es\/rendimiento-en-diversos-materiales-falsos-positivos\/#primaryimage"},"image":{"@id":"https:\/\/www.bluestar-forensic.com\/es\/rendimiento-en-diversos-materiales-falsos-positivos\/#primaryimage"},"thumbnailUrl":"https:\/\/www.bluestar-forensic.com\/wp-content\/uploads\/2025\/03\/icone.svg","datePublished":"2025-02-28T16:07:23+00:00","dateModified":"2025-08-21T08:53:23+00:00","breadcrumb":{"@id":"https:\/\/www.bluestar-forensic.com\/es\/rendimiento-en-diversos-materiales-falsos-positivos\/#breadcrumb"},"inLanguage":"es","potentialAction":[{"@type":"ReadAction","target":["https:\/\/www.bluestar-forensic.com\/es\/rendimiento-en-diversos-materiales-falsos-positivos\/"]}]},{"@type":"ImageObject","inLanguage":"es","@id":"https:\/\/www.bluestar-forensic.com\/es\/rendimiento-en-diversos-materiales-falsos-positivos\/#primaryimage","url":"https:\/\/www.bluestar-forensic.com\/wp-content\/uploads\/2025\/03\/icone.svg","contentUrl":"https:\/\/www.bluestar-forensic.com\/wp-content\/uploads\/2025\/03\/icone.svg"},{"@type":"BreadcrumbList","@id":"https:\/\/www.bluestar-forensic.com\/es\/rendimiento-en-diversos-materiales-falsos-positivos\/#breadcrumb","itemListElement":[{"@type":"ListItem","position":1,"name":"Home","item":"https:\/\/www.bluestar-forensic.com\/"},{"@type":"ListItem","position":2,"name":"RENDIMIENTO EN DIVERSOS MATERIALES &#8211; FALSOS POSITIVOS"}]},{"@type":"WebSite","@id":"https:\/\/www.bluestar-forensic.com\/#website","url":"https:\/\/www.bluestar-forensic.com\/","name":"Bluestar UNIQUE Forensic","description":"","publisher":{"@id":"https:\/\/www.bluestar-forensic.com\/#organization"},"potentialAction":[{"@type":"SearchAction","target":{"@type":"EntryPoint","urlTemplate":"https:\/\/www.bluestar-forensic.com\/?s={search_term_string}"},"query-input":{"@type":"PropertyValueSpecification","valueRequired":true,"valueName":"search_term_string"}}],"inLanguage":"es"},{"@type":"Organization","@id":"https:\/\/www.bluestar-forensic.com\/#organization","name":"Bluestar Forensic LATENT BLOODSTAIN REAGENT","url":"https:\/\/www.bluestar-forensic.com\/","logo":{"@type":"ImageObject","inLanguage":"es","@id":"https:\/\/www.bluestar-forensic.com\/#\/schema\/logo\/image\/","url":"https:\/\/www.bluestar-forensic.com\/wp-content\/uploads\/2025\/02\/Logo-bluestar-copie.svg","contentUrl":"https:\/\/www.bluestar-forensic.com\/wp-content\/uploads\/2025\/02\/Logo-bluestar-copie.svg","width":1494,"height":346,"caption":"Bluestar Forensic LATENT BLOODSTAIN REAGENT"},"image":{"@id":"https:\/\/www.bluestar-forensic.com\/#\/schema\/logo\/image\/"},"sameAs":["https:\/\/www.facebook.com\/bluestarforensic\/","https:\/\/www.instagram.com\/bluestar_forensic\/"]}]}},"_links":{"self":[{"href":"https:\/\/www.bluestar-forensic.com\/es\/wp-json\/wp\/v2\/pages\/20066","targetHints":{"allow":["GET"]}}],"collection":[{"href":"https:\/\/www.bluestar-forensic.com\/es\/wp-json\/wp\/v2\/pages"}],"about":[{"href":"https:\/\/www.bluestar-forensic.com\/es\/wp-json\/wp\/v2\/types\/page"}],"author":[{"embeddable":true,"href":"https:\/\/www.bluestar-forensic.com\/es\/wp-json\/wp\/v2\/users\/1"}],"replies":[{"embeddable":true,"href":"https:\/\/www.bluestar-forensic.com\/es\/wp-json\/wp\/v2\/comments?post=20066"}],"version-history":[{"count":8,"href":"https:\/\/www.bluestar-forensic.com\/es\/wp-json\/wp\/v2\/pages\/20066\/revisions"}],"predecessor-version":[{"id":21388,"href":"https:\/\/www.bluestar-forensic.com\/es\/wp-json\/wp\/v2\/pages\/20066\/revisions\/21388"}],"wp:attachment":[{"href":"https:\/\/www.bluestar-forensic.com\/es\/wp-json\/wp\/v2\/media?parent=20066"}],"curies":[{"name":"wp","href":"https:\/\/api.w.org\/{rel}","templated":true}]}}