{"id":20252,"date":"2025-03-01T11:39:10","date_gmt":"2025-03-01T11:39:10","guid":{"rendered":"https:\/\/toty.fr\/Bluestar\/como-fotografiar-la-luminiscencia-de-bluestar-forensic\/"},"modified":"2025-08-21T08:52:07","modified_gmt":"2025-08-21T08:52:07","slug":"como-fotografiar-la-luminiscencia-de-bluestar-forensic","status":"publish","type":"page","link":"https:\/\/www.bluestar-forensic.com\/es\/como-fotografiar-la-luminiscencia-de-bluestar-forensic\/","title":{"rendered":"C\u00f3mo fotografiar la luminiscencia de BLUESTAR\u00ae FORENSIC"},"content":{"rendered":"\t\t<div data-elementor-type=\"wp-page\" data-elementor-id=\"20252\" class=\"elementor elementor-20252 elementor-16557\" data-elementor-post-type=\"page\">\n\t\t\t\t<div class=\"aux-parallax-section elementor-element elementor-element-21cc6d7 e-flex e-con-boxed e-con e-parent\" data-id=\"21cc6d7\" data-element_type=\"container\" data-e-type=\"container\">\n\t\t\t\t\t<div class=\"e-con-inner\">\n\t\t\t\t<div class=\"elementor-element elementor-element-f3ef233 elementor-invisible elementor-widget elementor-widget-text-editor\" data-id=\"f3ef233\" data-element_type=\"widget\" data-e-type=\"widget\" data-settings=\"{&quot;_animation&quot;:&quot;fadeInDown&quot;}\" data-widget_type=\"text-editor.default\">\n\t\t\t\t<div class=\"elementor-widget-container\">\n\t\t\t\t\t\t\t\t\t<h3 class=\"elementor-heading-title elementor-size-xxl\"><a href=\"https:\/\/www.bluestar-forensic.com\/wp-content\/uploads\/2025\/03\/icone.svg\"><img decoding=\"async\" class=\"wp-image-17525 aligncenter\" src=\"https:\/\/www.bluestar-forensic.com\/wp-content\/uploads\/2025\/03\/icone.svg\" alt=\"\" width=\"59\" height=\"61\" \/><\/a><\/h3><h2 style=\"text-align: center;\">C\u00f3mo fotografiar la luminiscencia de BLUESTAR<sup>\u00ae<\/sup> FORENSIC<\/h2>\t\t\t\t\t\t\t\t<\/div>\n\t\t\t\t<\/div>\n\t\t\t\t\t<\/div>\n\t\t\t\t<\/div>\n\t\t<div class=\"aux-parallax-section elementor-element elementor-element-55dddf2 e-flex e-con-boxed e-con e-parent\" data-id=\"55dddf2\" data-element_type=\"container\" data-e-type=\"container\">\n\t\t\t\t\t<div class=\"e-con-inner\">\n\t\t<div class=\"elementor-element elementor-element-a8a05ad e-con-full e-flex elementor-invisible e-con e-child\" data-id=\"a8a05ad\" data-element_type=\"container\" data-e-type=\"container\" data-settings=\"{&quot;animation&quot;:&quot;fadeInLeft&quot;}\">\n\t\t\t\t<div class=\"elementor-element elementor-element-5b4da09 elementor-widget elementor-widget-text-editor\" data-id=\"5b4da09\" data-element_type=\"widget\" data-e-type=\"widget\" data-widget_type=\"text-editor.default\">\n\t\t\t\t<div class=\"elementor-widget-container\">\n\t\t\t\t\t\t\t\t\t<p style=\"text-align: justify;\">La luminiscencia que se presenta al aplicar el reactivo para sangre BLUESTAR<sup>\u00ae<\/sup> FORENSIC dura varios minutos, y BLUESTAR<sup>\u00ae<\/sup> FORENSIC se puede rociar varias veces sobre la misma \u00e1rea, facilitando as\u00ed la observaci\u00f3n y toma de fotograf\u00edas.<\/p><h2><span style=\"font-size: 18pt;\"><strong>Indicaciones de los par\u00e1metros de la c\u00e1mara<\/strong><\/span><\/h2><ul><li>Lente de 24 mm<\/li><li>Pel\u00edcula ASA 400<\/li><li>C\u00e1mara sobre tr\u00edpode<\/li><li>Abertura de 2.8<\/li><li>Exposici\u00f3n de 30 segundos<\/li><\/ul>\t\t\t\t\t\t\t\t<\/div>\n\t\t\t\t<\/div>\n\t\t\t\t<\/div>\n\t\t<div class=\"elementor-element elementor-element-de55a84 e-con-full e-flex e-con e-child\" data-id=\"de55a84\" data-element_type=\"container\" data-e-type=\"container\">\n\t\t\t\t<div class=\"elementor-element elementor-element-29e940f elementor-invisible elementor-widget elementor-widget-image\" data-id=\"29e940f\" data-element_type=\"widget\" data-e-type=\"widget\" data-settings=\"{&quot;_animation&quot;:&quot;fadeInRight&quot;}\" data-widget_type=\"image.default\">\n\t\t\t\t<div class=\"elementor-widget-container\">\n\t\t\t\t\t\t\t\t\t\t\t\t\t\t\t<img fetchpriority=\"high\" decoding=\"async\" width=\"768\" height=\"1005\" src=\"https:\/\/www.bluestar-forensic.com\/wp-content\/uploads\/2025\/03\/camera-918565_1920-removebg-1bb-3-1.png\" class=\"attachment-full size-full wp-image-16561\" alt=\"\" srcset=\"https:\/\/www.bluestar-forensic.com\/wp-content\/uploads\/2025\/03\/camera-918565_1920-removebg-1bb-3-1.png 768w, https:\/\/www.bluestar-forensic.com\/wp-content\/uploads\/2025\/03\/camera-918565_1920-removebg-1bb-3-1-200x262.png 200w\" sizes=\"(max-width: 768px) 100vw, 768px\" \/>\t\t\t\t\t\t\t\t\t\t\t\t\t\t\t<\/div>\n\t\t\t\t<\/div>\n\t\t\t\t<\/div>\n\t\t\t\t\t<\/div>\n\t\t\t\t<\/div>\n\t\t<div class=\"aux-parallax-section elementor-element elementor-element-1d0f2d4 e-flex e-con-boxed e-con e-parent\" data-id=\"1d0f2d4\" data-element_type=\"container\" data-e-type=\"container\">\n\t\t\t\t\t<div class=\"e-con-inner\">\n\t\t\t\t<div class=\"elementor-element elementor-element-286b979 elementor-widget elementor-widget-text-editor\" data-id=\"286b979\" data-element_type=\"widget\" data-e-type=\"widget\" data-widget_type=\"text-editor.default\">\n\t\t\t\t<div class=\"elementor-widget-container\">\n\t\t\t\t\t\t\t\t\t<h2><span style=\"font-size: 18pt;\"><strong>Procedimiento<\/strong><\/span><\/h2><p style=\"text-align: justify;\">Todo lo que se requiere es una habitaci\u00f3n oscura con luz difusa. Se prefiere la luz difusa natural antes que una luz artificial, que produce fotograf\u00edas amarillentas o verdosas. Se debe evitar usar flash detr\u00e1s del fotogr\u00e1fo debido a que la oscuridad total es dif\u00edcil de lograr y es pelkigroso para que el t\u00e9cnico se desplace. El t\u00e9cnico debe colocar la c\u00e1mara sobre un tr\u00edpode preferiblemente antes de tratar el \u00e1rea sospechada con el fin de evitar rociar en exceso.   <\/p>\t\t\t\t\t\t\t\t<\/div>\n\t\t\t\t<\/div>\n\t\t\t\t\t<\/div>\n\t\t\t\t<\/div>\n\t\t<div class=\"aux-parallax-section elementor-element elementor-element-3819bcb e-flex e-con-boxed e-con e-parent\" data-id=\"3819bcb\" data-element_type=\"container\" data-e-type=\"container\">\n\t\t\t\t\t<div class=\"e-con-inner\">\n\t\t\t\t<div class=\"elementor-element elementor-element-0789582 aux-appear-watch-animation aux-fade-in-up elementor-widget elementor-widget-aux_modern_heading\" data-id=\"0789582\" data-element_type=\"widget\" data-e-type=\"widget\" data-widget_type=\"aux_modern_heading.default\">\n\t\t\t\t<div class=\"elementor-widget-container\">\n\t\t\t\t\t<section class=\"aux-widget-modern-heading\">\n            <div class=\"aux-widget-inner\"><h3 class=\"aux-modern-heading-primary\"><\/h3><h2 class=\"aux-modern-heading-secondary\"><span class=\"aux-head-highlight\">Aprender a utilizar Bluestar  <\/span><\/h2><div class=\"aux-modern-heading-description\"><p>Parte.6\/15: t\u00e9cnica fotogr\u00e1fica<\/p><\/div><\/div>\n        <\/section>\t\t\t\t<\/div>\n\t\t\t\t<\/div>\n\t\t\t\t\t<\/div>\n\t\t\t\t<\/div>\n\t\t<div class=\"aux-parallax-section elementor-element elementor-element-ec5ff2a e-flex e-con-boxed elementor-invisible e-con e-parent\" data-id=\"ec5ff2a\" data-element_type=\"container\" data-e-type=\"container\" data-settings=\"{&quot;animation&quot;:&quot;fadeInDown&quot;}\">\n\t\t\t\t\t<div class=\"e-con-inner\">\n\t\t<div class=\"elementor-element elementor-element-03069f8 e-con-full e-flex e-con e-child\" data-id=\"03069f8\" data-element_type=\"container\" data-e-type=\"container\">\n\t\t\t\t<\/div>\n\t\t<div class=\"elementor-element elementor-element-8828f53 e-con-full e-flex e-con e-child\" data-id=\"8828f53\" data-element_type=\"container\" data-e-type=\"container\">\n\t\t\t\t<div class=\"elementor-element elementor-element-14fa46b elementor-widget elementor-widget-video\" data-id=\"14fa46b\" data-element_type=\"widget\" data-e-type=\"widget\" data-settings=\"{&quot;youtube_url&quot;:&quot;https:\\\/\\\/youtu.be\\\/L-aZO8Lu1iU&quot;,&quot;loop&quot;:&quot;yes&quot;,&quot;video_type&quot;:&quot;youtube&quot;,&quot;controls&quot;:&quot;yes&quot;}\" data-widget_type=\"video.default\">\n\t\t\t\t<div class=\"elementor-widget-container\">\n\t\t\t\t\t\t\t<div class=\"elementor-wrapper elementor-open-inline\">\n\t\t\t<div class=\"elementor-video\"><\/div>\t\t<\/div>\n\t\t\t\t\t\t<\/div>\n\t\t\t\t<\/div>\n\t\t\t\t<\/div>\n\t\t<div class=\"elementor-element elementor-element-a4e1342 e-con-full e-flex e-con e-child\" data-id=\"a4e1342\" data-element_type=\"container\" data-e-type=\"container\">\n\t\t\t\t<\/div>\n\t\t\t\t\t<\/div>\n\t\t\t\t<\/div>\n\t\t<div class=\"aux-parallax-section elementor-element elementor-element-b9944a4 e-flex e-con-boxed elementor-invisible e-con e-parent\" data-id=\"b9944a4\" data-element_type=\"container\" data-e-type=\"container\" data-settings=\"{&quot;animation&quot;:&quot;fadeInUp&quot;}\">\n\t\t\t\t\t<div class=\"e-con-inner\">\n\t\t<div class=\"elementor-element elementor-element-f55b34c e-con-full e-flex e-con e-child\" data-id=\"f55b34c\" data-element_type=\"container\" data-e-type=\"container\">\n\t\t\t\t<\/div>\n\t\t<div class=\"elementor-element elementor-element-0521195 e-con-full e-flex e-con e-child\" data-id=\"0521195\" data-element_type=\"container\" data-e-type=\"container\">\n\t\t\t\t<div data-ra-url=\"https:\/\/www.bluestar-forensic.com\/es\/uso-del-bluestar-en-la-escena-de-un-presunto-delito\/\" data-ra-target=\"_blank\" class=\"ra-clickable-wrapper elementor-element elementor-element-748f6a7 elementor-view-default elementor-widget elementor-widget-icon\" style=\"cursor:pointer;\" data-id=\"748f6a7\" data-element_type=\"widget\" data-e-type=\"widget\" data-widget_type=\"icon.default\">\n\t\t\t\t<div class=\"elementor-widget-container\">\n\t\t\t\t\t\t\t<div class=\"elementor-icon-wrapper\">\n\t\t\t<div class=\"elementor-icon\">\n\t\t\t<i aria-hidden=\"true\" class=\"fas fa-chalkboard-teacher\"><\/i>\t\t\t<\/div>\n\t\t<\/div>\n\t\t\t\t\t\t<\/div>\n\t\t\t\t<\/div>\n\t\t\t\t<div data-ra-url=\"https:\/\/www.bluestar-forensic.com\/es\/uso-del-bluestar-en-la-escena-de-un-presunto-delito\/\" data-ra-target=\"_blank\" class=\"ra-clickable-wrapper elementor-element elementor-element-3c7838e elementor-widget elementor-widget-text-editor\" style=\"cursor:pointer;\" data-id=\"3c7838e\" data-element_type=\"widget\" data-e-type=\"widget\" data-widget_type=\"text-editor.default\">\n\t\t\t\t<div class=\"elementor-widget-container\">\n\t\t\t\t\t\t\t\t\t<p><span style=\"font-size: 10pt;\"><strong>Uso de BLUESTAR\u00ae <br \/>en la escena de un presunto delito<\/strong><\/span><\/p>\t\t\t\t\t\t\t\t<\/div>\n\t\t\t\t<\/div>\n\t\t\t\t<\/div>\n\t\t<div class=\"elementor-element elementor-element-f7ce8fd e-con-full e-flex e-con e-child\" data-id=\"f7ce8fd\" data-element_type=\"container\" data-e-type=\"container\">\n\t\t\t\t<div data-ra-url=\"https:\/\/www.bluestar-forensic.com\/es\/los-falsos-positivos-de-bluestar-forensic\/\" data-ra-target=\"_blank\" class=\"ra-clickable-wrapper elementor-element elementor-element-e11d341 elementor-view-default elementor-widget elementor-widget-icon\" style=\"cursor:pointer;\" data-id=\"e11d341\" data-element_type=\"widget\" data-e-type=\"widget\" data-widget_type=\"icon.default\">\n\t\t\t\t<div class=\"elementor-widget-container\">\n\t\t\t\t\t\t\t<div class=\"elementor-icon-wrapper\">\n\t\t\t<div class=\"elementor-icon\">\n\t\t\t<i aria-hidden=\"true\" class=\"far fa-images\"><\/i>\t\t\t<\/div>\n\t\t<\/div>\n\t\t\t\t\t\t<\/div>\n\t\t\t\t<\/div>\n\t\t\t\t<div data-ra-url=\"https:\/\/www.bluestar-forensic.com\/es\/los-falsos-positivos-de-bluestar-forensic\/\" data-ra-target=\"_blank\" class=\"ra-clickable-wrapper elementor-element elementor-element-c70ed52 elementor-widget elementor-widget-text-editor\" style=\"cursor:pointer;\" data-id=\"c70ed52\" data-element_type=\"widget\" data-e-type=\"widget\" data-widget_type=\"text-editor.default\">\n\t\t\t\t<div class=\"elementor-widget-container\">\n\t\t\t\t\t\t\t\t\t<p><span style=\"font-size: small;\"><b>Los falsos positivos<\/b><\/span><\/p>\t\t\t\t\t\t\t\t<\/div>\n\t\t\t\t<\/div>\n\t\t\t\t<\/div>\n\t\t<div class=\"elementor-element elementor-element-3fbac64 e-con-full e-flex e-con e-child\" data-id=\"3fbac64\" data-element_type=\"container\" data-e-type=\"container\">\n\t\t\t\t<\/div>\n\t\t\t\t\t<\/div>\n\t\t\t\t<\/div>\n\t\t\t\t<\/div>\n\t\t","protected":false},"excerpt":{"rendered":"<p>C\u00f3mo fotografiar la luminiscencia de BLUESTAR\u00ae FORENSIC La luminiscencia que se presenta al aplicar el reactivo para sangre BLUESTAR\u00ae FORENSIC dura varios minutos, y BLUESTAR\u00ae FORENSIC se puede rociar varias veces sobre la misma \u00e1rea, facilitando as\u00ed la observaci\u00f3n y toma de fotograf\u00edas. Indicaciones de los par\u00e1metros de la c\u00e1mara Lente de 24 mm Pel\u00edcula [&hellip;]<\/p>\n","protected":false},"author":1,"featured_media":0,"parent":0,"menu_order":0,"comment_status":"closed","ping_status":"closed","template":"","meta":{"_acf_changed":false,"footnotes":""},"class_list":["post-20252","page","type-page","status-publish","hentry"],"acf":[],"yoast_head":"<!-- This site is optimized with the Yoast SEO plugin v27.2 - https:\/\/yoast.com\/product\/yoast-seo-wordpress\/ -->\n<title>C\u00f3mo fotografiar la luminiscencia de BLUESTAR\u00ae FORENSIC - Bluestar Forensic<\/title>\n<meta name=\"robots\" content=\"index, follow, max-snippet:-1, max-image-preview:large, max-video-preview:-1\" \/>\n<link rel=\"canonical\" href=\"https:\/\/www.bluestar-forensic.com\/es\/como-fotografiar-la-luminiscencia-de-bluestar-forensic\/\" \/>\n<meta property=\"og:locale\" content=\"es_ES\" \/>\n<meta property=\"og:type\" content=\"article\" \/>\n<meta property=\"og:title\" content=\"C\u00f3mo fotografiar la luminiscencia de BLUESTAR\u00ae FORENSIC - Bluestar Forensic\" \/>\n<meta property=\"og:description\" content=\"C\u00f3mo fotografiar la luminiscencia de BLUESTAR\u00ae FORENSIC La luminiscencia que se presenta al aplicar el reactivo para sangre BLUESTAR\u00ae FORENSIC dura varios minutos, y BLUESTAR\u00ae FORENSIC se puede rociar varias veces sobre la misma \u00e1rea, facilitando as\u00ed la observaci\u00f3n y toma de fotograf\u00edas. Indicaciones de los par\u00e1metros de la c\u00e1mara Lente de 24 mm Pel\u00edcula [&hellip;]\" \/>\n<meta property=\"og:url\" content=\"https:\/\/www.bluestar-forensic.com\/es\/como-fotografiar-la-luminiscencia-de-bluestar-forensic\/\" \/>\n<meta property=\"og:site_name\" content=\"Bluestar Forensic\" \/>\n<meta property=\"article:publisher\" content=\"https:\/\/www.facebook.com\/bluestarforensic\/\" \/>\n<meta property=\"article:modified_time\" content=\"2025-08-21T08:52:07+00:00\" \/>\n<meta name=\"twitter:card\" content=\"summary_large_image\" \/>\n<meta name=\"twitter:label1\" content=\"Tiempo de lectura\" \/>\n\t<meta name=\"twitter:data1\" content=\"1 minuto\" \/>\n<script type=\"application\/ld+json\" class=\"yoast-schema-graph\">{\"@context\":\"https:\/\/schema.org\",\"@graph\":[{\"@type\":\"WebPage\",\"@id\":\"https:\/\/www.bluestar-forensic.com\/es\/como-fotografiar-la-luminiscencia-de-bluestar-forensic\/\",\"url\":\"https:\/\/www.bluestar-forensic.com\/es\/como-fotografiar-la-luminiscencia-de-bluestar-forensic\/\",\"name\":\"C\u00f3mo fotografiar la luminiscencia de BLUESTAR\u00ae FORENSIC - Bluestar Forensic\",\"isPartOf\":{\"@id\":\"https:\/\/www.bluestar-forensic.com\/#website\"},\"primaryImageOfPage\":{\"@id\":\"https:\/\/www.bluestar-forensic.com\/es\/como-fotografiar-la-luminiscencia-de-bluestar-forensic\/#primaryimage\"},\"image\":{\"@id\":\"https:\/\/www.bluestar-forensic.com\/es\/como-fotografiar-la-luminiscencia-de-bluestar-forensic\/#primaryimage\"},\"thumbnailUrl\":\"https:\/\/www.bluestar-forensic.com\/wp-content\/uploads\/2025\/03\/icone.svg\",\"datePublished\":\"2025-03-01T11:39:10+00:00\",\"dateModified\":\"2025-08-21T08:52:07+00:00\",\"breadcrumb\":{\"@id\":\"https:\/\/www.bluestar-forensic.com\/es\/como-fotografiar-la-luminiscencia-de-bluestar-forensic\/#breadcrumb\"},\"inLanguage\":\"es\",\"potentialAction\":[{\"@type\":\"ReadAction\",\"target\":[\"https:\/\/www.bluestar-forensic.com\/es\/como-fotografiar-la-luminiscencia-de-bluestar-forensic\/\"]}]},{\"@type\":\"ImageObject\",\"inLanguage\":\"es\",\"@id\":\"https:\/\/www.bluestar-forensic.com\/es\/como-fotografiar-la-luminiscencia-de-bluestar-forensic\/#primaryimage\",\"url\":\"https:\/\/www.bluestar-forensic.com\/wp-content\/uploads\/2025\/03\/icone.svg\",\"contentUrl\":\"https:\/\/www.bluestar-forensic.com\/wp-content\/uploads\/2025\/03\/icone.svg\"},{\"@type\":\"BreadcrumbList\",\"@id\":\"https:\/\/www.bluestar-forensic.com\/es\/como-fotografiar-la-luminiscencia-de-bluestar-forensic\/#breadcrumb\",\"itemListElement\":[{\"@type\":\"ListItem\",\"position\":1,\"name\":\"Home\",\"item\":\"https:\/\/www.bluestar-forensic.com\/\"},{\"@type\":\"ListItem\",\"position\":2,\"name\":\"C\u00f3mo fotografiar la luminiscencia de BLUESTAR\u00ae FORENSIC\"}]},{\"@type\":\"WebSite\",\"@id\":\"https:\/\/www.bluestar-forensic.com\/#website\",\"url\":\"https:\/\/www.bluestar-forensic.com\/\",\"name\":\"Bluestar UNIQUE Forensic\",\"description\":\"\",\"publisher\":{\"@id\":\"https:\/\/www.bluestar-forensic.com\/#organization\"},\"potentialAction\":[{\"@type\":\"SearchAction\",\"target\":{\"@type\":\"EntryPoint\",\"urlTemplate\":\"https:\/\/www.bluestar-forensic.com\/?s={search_term_string}\"},\"query-input\":{\"@type\":\"PropertyValueSpecification\",\"valueRequired\":true,\"valueName\":\"search_term_string\"}}],\"inLanguage\":\"es\"},{\"@type\":\"Organization\",\"@id\":\"https:\/\/www.bluestar-forensic.com\/#organization\",\"name\":\"Bluestar Forensic LATENT BLOODSTAIN REAGENT\",\"url\":\"https:\/\/www.bluestar-forensic.com\/\",\"logo\":{\"@type\":\"ImageObject\",\"inLanguage\":\"es\",\"@id\":\"https:\/\/www.bluestar-forensic.com\/#\/schema\/logo\/image\/\",\"url\":\"https:\/\/www.bluestar-forensic.com\/wp-content\/uploads\/2025\/02\/Logo-bluestar-copie.svg\",\"contentUrl\":\"https:\/\/www.bluestar-forensic.com\/wp-content\/uploads\/2025\/02\/Logo-bluestar-copie.svg\",\"width\":1494,\"height\":346,\"caption\":\"Bluestar Forensic LATENT BLOODSTAIN REAGENT\"},\"image\":{\"@id\":\"https:\/\/www.bluestar-forensic.com\/#\/schema\/logo\/image\/\"},\"sameAs\":[\"https:\/\/www.facebook.com\/bluestarforensic\/\",\"https:\/\/www.instagram.com\/bluestar_forensic\/\"]}]}<\/script>\n<!-- \/ Yoast SEO plugin. -->","yoast_head_json":{"title":"C\u00f3mo fotografiar la luminiscencia de BLUESTAR\u00ae FORENSIC - Bluestar Forensic","robots":{"index":"index","follow":"follow","max-snippet":"max-snippet:-1","max-image-preview":"max-image-preview:large","max-video-preview":"max-video-preview:-1"},"canonical":"https:\/\/www.bluestar-forensic.com\/es\/como-fotografiar-la-luminiscencia-de-bluestar-forensic\/","og_locale":"es_ES","og_type":"article","og_title":"C\u00f3mo fotografiar la luminiscencia de BLUESTAR\u00ae FORENSIC - Bluestar Forensic","og_description":"C\u00f3mo fotografiar la luminiscencia de BLUESTAR\u00ae FORENSIC La luminiscencia que se presenta al aplicar el reactivo para sangre BLUESTAR\u00ae FORENSIC dura varios minutos, y BLUESTAR\u00ae FORENSIC se puede rociar varias veces sobre la misma \u00e1rea, facilitando as\u00ed la observaci\u00f3n y toma de fotograf\u00edas. Indicaciones de los par\u00e1metros de la c\u00e1mara Lente de 24 mm Pel\u00edcula [&hellip;]","og_url":"https:\/\/www.bluestar-forensic.com\/es\/como-fotografiar-la-luminiscencia-de-bluestar-forensic\/","og_site_name":"Bluestar Forensic","article_publisher":"https:\/\/www.facebook.com\/bluestarforensic\/","article_modified_time":"2025-08-21T08:52:07+00:00","twitter_card":"summary_large_image","twitter_misc":{"Tiempo de lectura":"1 minuto"},"schema":{"@context":"https:\/\/schema.org","@graph":[{"@type":"WebPage","@id":"https:\/\/www.bluestar-forensic.com\/es\/como-fotografiar-la-luminiscencia-de-bluestar-forensic\/","url":"https:\/\/www.bluestar-forensic.com\/es\/como-fotografiar-la-luminiscencia-de-bluestar-forensic\/","name":"C\u00f3mo fotografiar la luminiscencia de BLUESTAR\u00ae FORENSIC - Bluestar Forensic","isPartOf":{"@id":"https:\/\/www.bluestar-forensic.com\/#website"},"primaryImageOfPage":{"@id":"https:\/\/www.bluestar-forensic.com\/es\/como-fotografiar-la-luminiscencia-de-bluestar-forensic\/#primaryimage"},"image":{"@id":"https:\/\/www.bluestar-forensic.com\/es\/como-fotografiar-la-luminiscencia-de-bluestar-forensic\/#primaryimage"},"thumbnailUrl":"https:\/\/www.bluestar-forensic.com\/wp-content\/uploads\/2025\/03\/icone.svg","datePublished":"2025-03-01T11:39:10+00:00","dateModified":"2025-08-21T08:52:07+00:00","breadcrumb":{"@id":"https:\/\/www.bluestar-forensic.com\/es\/como-fotografiar-la-luminiscencia-de-bluestar-forensic\/#breadcrumb"},"inLanguage":"es","potentialAction":[{"@type":"ReadAction","target":["https:\/\/www.bluestar-forensic.com\/es\/como-fotografiar-la-luminiscencia-de-bluestar-forensic\/"]}]},{"@type":"ImageObject","inLanguage":"es","@id":"https:\/\/www.bluestar-forensic.com\/es\/como-fotografiar-la-luminiscencia-de-bluestar-forensic\/#primaryimage","url":"https:\/\/www.bluestar-forensic.com\/wp-content\/uploads\/2025\/03\/icone.svg","contentUrl":"https:\/\/www.bluestar-forensic.com\/wp-content\/uploads\/2025\/03\/icone.svg"},{"@type":"BreadcrumbList","@id":"https:\/\/www.bluestar-forensic.com\/es\/como-fotografiar-la-luminiscencia-de-bluestar-forensic\/#breadcrumb","itemListElement":[{"@type":"ListItem","position":1,"name":"Home","item":"https:\/\/www.bluestar-forensic.com\/"},{"@type":"ListItem","position":2,"name":"C\u00f3mo fotografiar la luminiscencia de BLUESTAR\u00ae FORENSIC"}]},{"@type":"WebSite","@id":"https:\/\/www.bluestar-forensic.com\/#website","url":"https:\/\/www.bluestar-forensic.com\/","name":"Bluestar UNIQUE Forensic","description":"","publisher":{"@id":"https:\/\/www.bluestar-forensic.com\/#organization"},"potentialAction":[{"@type":"SearchAction","target":{"@type":"EntryPoint","urlTemplate":"https:\/\/www.bluestar-forensic.com\/?s={search_term_string}"},"query-input":{"@type":"PropertyValueSpecification","valueRequired":true,"valueName":"search_term_string"}}],"inLanguage":"es"},{"@type":"Organization","@id":"https:\/\/www.bluestar-forensic.com\/#organization","name":"Bluestar Forensic LATENT BLOODSTAIN REAGENT","url":"https:\/\/www.bluestar-forensic.com\/","logo":{"@type":"ImageObject","inLanguage":"es","@id":"https:\/\/www.bluestar-forensic.com\/#\/schema\/logo\/image\/","url":"https:\/\/www.bluestar-forensic.com\/wp-content\/uploads\/2025\/02\/Logo-bluestar-copie.svg","contentUrl":"https:\/\/www.bluestar-forensic.com\/wp-content\/uploads\/2025\/02\/Logo-bluestar-copie.svg","width":1494,"height":346,"caption":"Bluestar Forensic LATENT BLOODSTAIN REAGENT"},"image":{"@id":"https:\/\/www.bluestar-forensic.com\/#\/schema\/logo\/image\/"},"sameAs":["https:\/\/www.facebook.com\/bluestarforensic\/","https:\/\/www.instagram.com\/bluestar_forensic\/"]}]}},"_links":{"self":[{"href":"https:\/\/www.bluestar-forensic.com\/es\/wp-json\/wp\/v2\/pages\/20252","targetHints":{"allow":["GET"]}}],"collection":[{"href":"https:\/\/www.bluestar-forensic.com\/es\/wp-json\/wp\/v2\/pages"}],"about":[{"href":"https:\/\/www.bluestar-forensic.com\/es\/wp-json\/wp\/v2\/types\/page"}],"author":[{"embeddable":true,"href":"https:\/\/www.bluestar-forensic.com\/es\/wp-json\/wp\/v2\/users\/1"}],"replies":[{"embeddable":true,"href":"https:\/\/www.bluestar-forensic.com\/es\/wp-json\/wp\/v2\/comments?post=20252"}],"version-history":[{"count":7,"href":"https:\/\/www.bluestar-forensic.com\/es\/wp-json\/wp\/v2\/pages\/20252\/revisions"}],"predecessor-version":[{"id":21409,"href":"https:\/\/www.bluestar-forensic.com\/es\/wp-json\/wp\/v2\/pages\/20252\/revisions\/21409"}],"wp:attachment":[{"href":"https:\/\/www.bluestar-forensic.com\/es\/wp-json\/wp\/v2\/media?parent=20252"}],"curies":[{"name":"wp","href":"https:\/\/api.w.org\/{rel}","templated":true}]}}