{"id":20356,"date":"2025-03-03T17:17:31","date_gmt":"2025-03-03T17:17:31","guid":{"rendered":"https:\/\/toty.fr\/Bluestar\/publicaciones-cientificas-identi-psa\/"},"modified":"2025-09-30T14:59:52","modified_gmt":"2025-09-30T14:59:52","slug":"publicaciones-cientificas-identi-psa","status":"publish","type":"page","link":"https:\/\/www.bluestar-forensic.com\/es\/publicaciones-cientificas-identi-psa\/","title":{"rendered":"Publicaciones cient\u00edficas IDENTI-PSA"},"content":{"rendered":"\t\t<div data-elementor-type=\"wp-page\" data-elementor-id=\"20356\" class=\"elementor elementor-20356 elementor-17224\" data-elementor-post-type=\"page\">\n\t\t\t\t<div class=\"aux-parallax-section elementor-element elementor-element-38188d7 e-flex e-con-boxed e-con e-parent\" data-id=\"38188d7\" data-element_type=\"container\" data-e-type=\"container\">\n\t\t\t\t\t<div class=\"e-con-inner\">\n\t\t\t\t<div class=\"elementor-element elementor-element-340be52 elementor-invisible elementor-widget elementor-widget-text-editor\" data-id=\"340be52\" data-element_type=\"widget\" data-e-type=\"widget\" data-settings=\"{&quot;_animation&quot;:&quot;fadeInDown&quot;}\" data-widget_type=\"text-editor.default\">\n\t\t\t\t<div class=\"elementor-widget-container\">\n\t\t\t\t\t\t\t\t\t<h3 class=\"elementor-heading-title elementor-size-xxl\"><a href=\"https:\/\/www.bluestar-forensic.com\/wp-content\/uploads\/2025\/03\/icone.svg\"><img decoding=\"async\" class=\"wp-image-17525 aligncenter\" src=\"https:\/\/www.bluestar-forensic.com\/wp-content\/uploads\/2025\/03\/icone.svg\" alt=\"\" width=\"59\" height=\"61\" \/><\/a><\/h3><h2 style=\"text-align: center;\">Estudios cient\u00edficos de BLUESTAR<sup>\u00ae<\/sup> IDENTI-PSA<\/h2>\t\t\t\t\t\t\t\t<\/div>\n\t\t\t\t<\/div>\n\t\t\t\t\t<\/div>\n\t\t\t\t<\/div>\n\t\t<div class=\"aux-parallax-section elementor-element elementor-element-c44fe23 e-flex e-con-boxed e-con e-parent\" data-id=\"c44fe23\" data-element_type=\"container\" data-e-type=\"container\">\n\t\t\t\t\t<div class=\"e-con-inner\">\n\t\t<div class=\"elementor-element elementor-element-218f280 e-con-full e-flex e-con e-child\" data-id=\"218f280\" data-element_type=\"container\" data-e-type=\"container\">\n\t\t\t\t<div class=\"elementor-element elementor-element-0c815c3 elementor-widget elementor-widget-accordion\" data-id=\"0c815c3\" data-element_type=\"widget\" data-e-type=\"widget\" data-widget_type=\"accordion.default\">\n\t\t\t\t<div class=\"elementor-widget-container\">\n\t\t\t\t\t\t\t<div class=\"elementor-accordion\">\n\t\t\t\t\t\t\t<div class=\"elementor-accordion-item\">\n\t\t\t\t\t<div id=\"elementor-tab-title-1311\" class=\"elementor-tab-title\" data-tab=\"1\" role=\"button\" aria-controls=\"elementor-tab-content-1311\" aria-expanded=\"false\">\n\t\t\t\t\t\t\t\t\t\t\t\t\t<span class=\"elementor-accordion-icon elementor-accordion-icon-left\" aria-hidden=\"true\">\n\t\t\t\t\t\t\t\t\t\t\t\t\t\t\t<span class=\"elementor-accordion-icon-closed\"><i class=\"fas fa-plus\"><\/i><\/span>\n\t\t\t\t\t\t\t\t<span class=\"elementor-accordion-icon-opened\"><i class=\"fas fa-minus\"><\/i><\/span>\n\t\t\t\t\t\t\t\t\t\t\t\t\t\t<\/span>\n\t\t\t\t\t\t\t\t\t\t\t\t<a class=\"elementor-accordion-title\" tabindex=\"0\">Declaraci\u00f3n de equivalencia Identi-PSA \/ PSA-check-1<\/a>\n\t\t\t\t\t<\/div>\n\t\t\t\t\t<div id=\"elementor-tab-content-1311\" class=\"elementor-tab-content elementor-clearfix\" data-tab=\"1\" role=\"region\" aria-labelledby=\"elementor-tab-title-1311\"><p><a href=\"https:\/\/www.bluestar-forensic.com\/wp-content\/uploads\/2025\/09\/statement-of-equivalence-PSA-1.pdf\" target=\"_blank\" rel=\"noopener\">Declaraci\u00f3n de equivalencia Identi-PSA \/ PSA-check-1<\/a><\/p><\/div>\n\t\t\t\t<\/div>\n\t\t\t\t\t\t\t<div class=\"elementor-accordion-item\">\n\t\t\t\t\t<div id=\"elementor-tab-title-1312\" class=\"elementor-tab-title\" data-tab=\"2\" role=\"button\" aria-controls=\"elementor-tab-content-1312\" aria-expanded=\"false\">\n\t\t\t\t\t\t\t\t\t\t\t\t\t<span class=\"elementor-accordion-icon elementor-accordion-icon-left\" aria-hidden=\"true\">\n\t\t\t\t\t\t\t\t\t\t\t\t\t\t\t<span class=\"elementor-accordion-icon-closed\"><i class=\"fas fa-plus\"><\/i><\/span>\n\t\t\t\t\t\t\t\t<span class=\"elementor-accordion-icon-opened\"><i class=\"fas fa-minus\"><\/i><\/span>\n\t\t\t\t\t\t\t\t\t\t\t\t\t\t<\/span>\n\t\t\t\t\t\t\t\t\t\t\t\t<a class=\"elementor-accordion-title\" tabindex=\"0\">Evaluaci\u00f3n de las pruebas de membrana del ant\u00edgeno prost\u00e1tico espec\u00edfico (PSA) para la identificaci\u00f3n forense del semen.<\/a>\n\t\t\t\t\t<\/div>\n\t\t\t\t\t<div id=\"elementor-tab-content-1312\" class=\"elementor-tab-content elementor-clearfix\" data-tab=\"2\" role=\"region\" aria-labelledby=\"elementor-tab-title-1312\"><p><a href=\"https:\/\/www.bluestar-forensic.com\/wp-content\/uploads\/2025\/03\/bluestar-identi-psa_hochmeister_evaluation.pdf\" target=\"_blank\" rel=\"noopener\">Evaluaci\u00f3n de las pruebas de membrana del ant\u00edgeno prost\u00e1tico espec\u00edfico (PSA) para la identificaci\u00f3n forense del semen.<\/a><\/p><\/div>\n\t\t\t\t<\/div>\n\t\t\t\t\t\t\t\t<\/div>\n\t\t\t\t\t\t<\/div>\n\t\t\t\t<\/div>\n\t\t\t\t<\/div>\n\t\t\t\t\t<\/div>\n\t\t\t\t<\/div>\n\t\t\t\t<\/div>\n\t\t","protected":false},"excerpt":{"rendered":"<p>Estudios cient\u00edficos de BLUESTAR\u00ae IDENTI-PSA Declaraci\u00f3n de equivalencia Identi-PSA \/ PSA-check-1 Declaraci\u00f3n de equivalencia Identi-PSA \/ PSA-check-1 Evaluaci\u00f3n de las pruebas de membrana del ant\u00edgeno prost\u00e1tico espec\u00edfico (PSA) para la identificaci\u00f3n forense del semen. Evaluaci\u00f3n de las pruebas de membrana del ant\u00edgeno prost\u00e1tico espec\u00edfico (PSA) para la identificaci\u00f3n forense del semen.<\/p>\n","protected":false},"author":1,"featured_media":0,"parent":0,"menu_order":0,"comment_status":"closed","ping_status":"closed","template":"","meta":{"_acf_changed":false,"footnotes":""},"class_list":["post-20356","page","type-page","status-publish","hentry"],"acf":[],"yoast_head":"<!-- This site is optimized with the Yoast SEO plugin v27.2 - https:\/\/yoast.com\/product\/yoast-seo-wordpress\/ -->\n<title>Publicaciones cient\u00edficas IDENTI-PSA - Bluestar Forensic<\/title>\n<meta name=\"robots\" content=\"index, follow, max-snippet:-1, max-image-preview:large, max-video-preview:-1\" \/>\n<link rel=\"canonical\" href=\"https:\/\/www.bluestar-forensic.com\/scientific-publications-identi-psa\/\" \/>\n<meta property=\"og:locale\" content=\"es_ES\" \/>\n<meta property=\"og:type\" content=\"article\" \/>\n<meta property=\"og:title\" content=\"Publicaciones cient\u00edficas IDENTI-PSA - Bluestar Forensic\" \/>\n<meta property=\"og:description\" content=\"Estudios cient\u00edficos de BLUESTAR\u00ae IDENTI-PSA Declaraci\u00f3n de equivalencia Identi-PSA \/ PSA-check-1 Declaraci\u00f3n de equivalencia Identi-PSA \/ PSA-check-1 Evaluaci\u00f3n de las pruebas de membrana del ant\u00edgeno prost\u00e1tico espec\u00edfico (PSA) para la identificaci\u00f3n forense del semen. Evaluaci\u00f3n de las pruebas de membrana del ant\u00edgeno prost\u00e1tico espec\u00edfico (PSA) para la identificaci\u00f3n forense del semen.\" \/>\n<meta property=\"og:url\" content=\"https:\/\/www.bluestar-forensic.com\/scientific-publications-identi-psa\/\" \/>\n<meta property=\"og:site_name\" content=\"Bluestar Forensic\" \/>\n<meta property=\"article:publisher\" content=\"https:\/\/www.facebook.com\/bluestarforensic\/\" \/>\n<meta property=\"article:modified_time\" content=\"2025-09-30T14:59:52+00:00\" \/>\n<meta name=\"twitter:card\" content=\"summary_large_image\" \/>\n<meta name=\"twitter:label1\" content=\"Tiempo de lectura\" \/>\n\t<meta name=\"twitter:data1\" content=\"1 minuto\" \/>\n<script type=\"application\/ld+json\" class=\"yoast-schema-graph\">{\"@context\":\"https:\/\/schema.org\",\"@graph\":[{\"@type\":\"WebPage\",\"@id\":\"https:\/\/www.bluestar-forensic.com\/scientific-publications-identi-psa\/\",\"url\":\"https:\/\/www.bluestar-forensic.com\/scientific-publications-identi-psa\/\",\"name\":\"Publicaciones cient\u00edficas IDENTI-PSA - Bluestar Forensic\",\"isPartOf\":{\"@id\":\"https:\/\/www.bluestar-forensic.com\/#website\"},\"primaryImageOfPage\":{\"@id\":\"https:\/\/www.bluestar-forensic.com\/scientific-publications-identi-psa\/#primaryimage\"},\"image\":{\"@id\":\"https:\/\/www.bluestar-forensic.com\/scientific-publications-identi-psa\/#primaryimage\"},\"thumbnailUrl\":\"https:\/\/www.bluestar-forensic.com\/wp-content\/uploads\/2025\/03\/icone.svg\",\"datePublished\":\"2025-03-03T17:17:31+00:00\",\"dateModified\":\"2025-09-30T14:59:52+00:00\",\"breadcrumb\":{\"@id\":\"https:\/\/www.bluestar-forensic.com\/scientific-publications-identi-psa\/#breadcrumb\"},\"inLanguage\":\"es\",\"potentialAction\":[{\"@type\":\"ReadAction\",\"target\":[\"https:\/\/www.bluestar-forensic.com\/scientific-publications-identi-psa\/\"]}]},{\"@type\":\"ImageObject\",\"inLanguage\":\"es\",\"@id\":\"https:\/\/www.bluestar-forensic.com\/scientific-publications-identi-psa\/#primaryimage\",\"url\":\"https:\/\/www.bluestar-forensic.com\/wp-content\/uploads\/2025\/03\/icone.svg\",\"contentUrl\":\"https:\/\/www.bluestar-forensic.com\/wp-content\/uploads\/2025\/03\/icone.svg\"},{\"@type\":\"BreadcrumbList\",\"@id\":\"https:\/\/www.bluestar-forensic.com\/scientific-publications-identi-psa\/#breadcrumb\",\"itemListElement\":[{\"@type\":\"ListItem\",\"position\":1,\"name\":\"Home\",\"item\":\"https:\/\/www.bluestar-forensic.com\/\"},{\"@type\":\"ListItem\",\"position\":2,\"name\":\"Publicaciones cient\u00edficas IDENTI-PSA\"}]},{\"@type\":\"WebSite\",\"@id\":\"https:\/\/www.bluestar-forensic.com\/#website\",\"url\":\"https:\/\/www.bluestar-forensic.com\/\",\"name\":\"Bluestar UNIQUE Forensic\",\"description\":\"\",\"publisher\":{\"@id\":\"https:\/\/www.bluestar-forensic.com\/#organization\"},\"potentialAction\":[{\"@type\":\"SearchAction\",\"target\":{\"@type\":\"EntryPoint\",\"urlTemplate\":\"https:\/\/www.bluestar-forensic.com\/?s={search_term_string}\"},\"query-input\":{\"@type\":\"PropertyValueSpecification\",\"valueRequired\":true,\"valueName\":\"search_term_string\"}}],\"inLanguage\":\"es\"},{\"@type\":\"Organization\",\"@id\":\"https:\/\/www.bluestar-forensic.com\/#organization\",\"name\":\"Bluestar Forensic LATENT BLOODSTAIN REAGENT\",\"url\":\"https:\/\/www.bluestar-forensic.com\/\",\"logo\":{\"@type\":\"ImageObject\",\"inLanguage\":\"es\",\"@id\":\"https:\/\/www.bluestar-forensic.com\/#\/schema\/logo\/image\/\",\"url\":\"https:\/\/www.bluestar-forensic.com\/wp-content\/uploads\/2025\/02\/Logo-bluestar-copie.svg\",\"contentUrl\":\"https:\/\/www.bluestar-forensic.com\/wp-content\/uploads\/2025\/02\/Logo-bluestar-copie.svg\",\"width\":1494,\"height\":346,\"caption\":\"Bluestar Forensic LATENT BLOODSTAIN REAGENT\"},\"image\":{\"@id\":\"https:\/\/www.bluestar-forensic.com\/#\/schema\/logo\/image\/\"},\"sameAs\":[\"https:\/\/www.facebook.com\/bluestarforensic\/\",\"https:\/\/www.instagram.com\/bluestar_forensic\/\"]}]}<\/script>\n<!-- \/ Yoast SEO plugin. -->","yoast_head_json":{"title":"Publicaciones cient\u00edficas IDENTI-PSA - Bluestar Forensic","robots":{"index":"index","follow":"follow","max-snippet":"max-snippet:-1","max-image-preview":"max-image-preview:large","max-video-preview":"max-video-preview:-1"},"canonical":"https:\/\/www.bluestar-forensic.com\/scientific-publications-identi-psa\/","og_locale":"es_ES","og_type":"article","og_title":"Publicaciones cient\u00edficas IDENTI-PSA - Bluestar Forensic","og_description":"Estudios cient\u00edficos de BLUESTAR\u00ae IDENTI-PSA Declaraci\u00f3n de equivalencia Identi-PSA \/ PSA-check-1 Declaraci\u00f3n de equivalencia Identi-PSA \/ PSA-check-1 Evaluaci\u00f3n de las pruebas de membrana del ant\u00edgeno prost\u00e1tico espec\u00edfico (PSA) para la identificaci\u00f3n forense del semen. Evaluaci\u00f3n de las pruebas de membrana del ant\u00edgeno prost\u00e1tico espec\u00edfico (PSA) para la identificaci\u00f3n forense del semen.","og_url":"https:\/\/www.bluestar-forensic.com\/scientific-publications-identi-psa\/","og_site_name":"Bluestar Forensic","article_publisher":"https:\/\/www.facebook.com\/bluestarforensic\/","article_modified_time":"2025-09-30T14:59:52+00:00","twitter_card":"summary_large_image","twitter_misc":{"Tiempo de lectura":"1 minuto"},"schema":{"@context":"https:\/\/schema.org","@graph":[{"@type":"WebPage","@id":"https:\/\/www.bluestar-forensic.com\/scientific-publications-identi-psa\/","url":"https:\/\/www.bluestar-forensic.com\/scientific-publications-identi-psa\/","name":"Publicaciones cient\u00edficas IDENTI-PSA - Bluestar Forensic","isPartOf":{"@id":"https:\/\/www.bluestar-forensic.com\/#website"},"primaryImageOfPage":{"@id":"https:\/\/www.bluestar-forensic.com\/scientific-publications-identi-psa\/#primaryimage"},"image":{"@id":"https:\/\/www.bluestar-forensic.com\/scientific-publications-identi-psa\/#primaryimage"},"thumbnailUrl":"https:\/\/www.bluestar-forensic.com\/wp-content\/uploads\/2025\/03\/icone.svg","datePublished":"2025-03-03T17:17:31+00:00","dateModified":"2025-09-30T14:59:52+00:00","breadcrumb":{"@id":"https:\/\/www.bluestar-forensic.com\/scientific-publications-identi-psa\/#breadcrumb"},"inLanguage":"es","potentialAction":[{"@type":"ReadAction","target":["https:\/\/www.bluestar-forensic.com\/scientific-publications-identi-psa\/"]}]},{"@type":"ImageObject","inLanguage":"es","@id":"https:\/\/www.bluestar-forensic.com\/scientific-publications-identi-psa\/#primaryimage","url":"https:\/\/www.bluestar-forensic.com\/wp-content\/uploads\/2025\/03\/icone.svg","contentUrl":"https:\/\/www.bluestar-forensic.com\/wp-content\/uploads\/2025\/03\/icone.svg"},{"@type":"BreadcrumbList","@id":"https:\/\/www.bluestar-forensic.com\/scientific-publications-identi-psa\/#breadcrumb","itemListElement":[{"@type":"ListItem","position":1,"name":"Home","item":"https:\/\/www.bluestar-forensic.com\/"},{"@type":"ListItem","position":2,"name":"Publicaciones cient\u00edficas IDENTI-PSA"}]},{"@type":"WebSite","@id":"https:\/\/www.bluestar-forensic.com\/#website","url":"https:\/\/www.bluestar-forensic.com\/","name":"Bluestar UNIQUE Forensic","description":"","publisher":{"@id":"https:\/\/www.bluestar-forensic.com\/#organization"},"potentialAction":[{"@type":"SearchAction","target":{"@type":"EntryPoint","urlTemplate":"https:\/\/www.bluestar-forensic.com\/?s={search_term_string}"},"query-input":{"@type":"PropertyValueSpecification","valueRequired":true,"valueName":"search_term_string"}}],"inLanguage":"es"},{"@type":"Organization","@id":"https:\/\/www.bluestar-forensic.com\/#organization","name":"Bluestar Forensic LATENT BLOODSTAIN REAGENT","url":"https:\/\/www.bluestar-forensic.com\/","logo":{"@type":"ImageObject","inLanguage":"es","@id":"https:\/\/www.bluestar-forensic.com\/#\/schema\/logo\/image\/","url":"https:\/\/www.bluestar-forensic.com\/wp-content\/uploads\/2025\/02\/Logo-bluestar-copie.svg","contentUrl":"https:\/\/www.bluestar-forensic.com\/wp-content\/uploads\/2025\/02\/Logo-bluestar-copie.svg","width":1494,"height":346,"caption":"Bluestar Forensic LATENT BLOODSTAIN REAGENT"},"image":{"@id":"https:\/\/www.bluestar-forensic.com\/#\/schema\/logo\/image\/"},"sameAs":["https:\/\/www.facebook.com\/bluestarforensic\/","https:\/\/www.instagram.com\/bluestar_forensic\/"]}]}},"_links":{"self":[{"href":"https:\/\/www.bluestar-forensic.com\/es\/wp-json\/wp\/v2\/pages\/20356","targetHints":{"allow":["GET"]}}],"collection":[{"href":"https:\/\/www.bluestar-forensic.com\/es\/wp-json\/wp\/v2\/pages"}],"about":[{"href":"https:\/\/www.bluestar-forensic.com\/es\/wp-json\/wp\/v2\/types\/page"}],"author":[{"embeddable":true,"href":"https:\/\/www.bluestar-forensic.com\/es\/wp-json\/wp\/v2\/users\/1"}],"replies":[{"embeddable":true,"href":"https:\/\/www.bluestar-forensic.com\/es\/wp-json\/wp\/v2\/comments?post=20356"}],"version-history":[{"count":7,"href":"https:\/\/www.bluestar-forensic.com\/es\/wp-json\/wp\/v2\/pages\/20356\/revisions"}],"predecessor-version":[{"id":22757,"href":"https:\/\/www.bluestar-forensic.com\/es\/wp-json\/wp\/v2\/pages\/20356\/revisions\/22757"}],"wp:attachment":[{"href":"https:\/\/www.bluestar-forensic.com\/es\/wp-json\/wp\/v2\/media?parent=20356"}],"curies":[{"name":"wp","href":"https:\/\/api.w.org\/{rel}","templated":true}]}}