{"id":19821,"date":"2025-03-24T12:18:56","date_gmt":"2025-03-24T12:18:56","guid":{"rendered":"https:\/\/toty.fr\/Bluestar\/faq-bluestar-obti\/"},"modified":"2025-08-04T18:15:44","modified_gmt":"2025-08-04T18:15:44","slug":"faq-bluestar-obti","status":"publish","type":"page","link":"https:\/\/www.bluestar-forensic.com\/fr\/faq-bluestar-obti\/","title":{"rendered":"FAQ BLUESTAR\u00ae OBTI"},"content":{"rendered":"\t\t<div data-elementor-type=\"wp-page\" data-elementor-id=\"19821\" class=\"elementor elementor-19821 elementor-18054\" data-elementor-post-type=\"page\">\n\t\t\t\t<div class=\"aux-parallax-section elementor-element elementor-element-604eb24 e-flex e-con-boxed e-con e-parent\" data-id=\"604eb24\" data-element_type=\"container\" data-e-type=\"container\">\n\t\t\t\t\t<div class=\"e-con-inner\">\n\t\t\t\t<div class=\"elementor-element elementor-element-71f3d7e elementor-widget elementor-widget-spacer\" data-id=\"71f3d7e\" data-element_type=\"widget\" data-e-type=\"widget\" data-widget_type=\"spacer.default\">\n\t\t\t\t<div class=\"elementor-widget-container\">\n\t\t\t\t\t\t\t<div class=\"elementor-spacer\">\n\t\t\t<div class=\"elementor-spacer-inner\"><\/div>\n\t\t<\/div>\n\t\t\t\t\t\t<\/div>\n\t\t\t\t<\/div>\n\t\t\t\t\t<\/div>\n\t\t\t\t<\/div>\n\t\t<div class=\"aux-parallax-section elementor-element elementor-element-02f0384 e-flex e-con-boxed e-con e-parent\" data-id=\"02f0384\" data-element_type=\"container\" data-e-type=\"container\">\n\t\t\t\t\t<div class=\"e-con-inner\">\n\t\t\t\t<div class=\"elementor-element elementor-element-9f79850 aux-appear-watch-animation aux-fade-in-up elementor-widget__width-initial elementor-widget elementor-widget-aux_modern_heading\" data-id=\"9f79850\" data-element_type=\"widget\" data-e-type=\"widget\" data-widget_type=\"aux_modern_heading.default\">\n\t\t\t\t<div class=\"elementor-widget-container\">\n\t\t\t\t\t<section class=\"aux-widget-modern-heading\">\n            <div class=\"aux-widget-inner\"><h3 class=\"aux-modern-heading-primary\"><\/h3><h2 class=\"aux-modern-heading-secondary\"><span class=\"aux-head-highlight\">Foire aux questions (FAQ) BLUESTAR\u00ae OBTI<\/span><\/h2><\/div>\n        <\/section>\t\t\t\t<\/div>\n\t\t\t\t<\/div>\n\t\t\t\t\t<\/div>\n\t\t\t\t<\/div>\n\t\t<div class=\"aux-parallax-section elementor-element elementor-element-564092a e-flex e-con-boxed e-con e-parent\" data-id=\"564092a\" data-element_type=\"container\" data-e-type=\"container\">\n\t\t\t\t\t<div class=\"e-con-inner\">\n\t\t<div class=\"elementor-element elementor-element-41afc44 e-con-full e-flex e-con e-child\" data-id=\"41afc44\" data-element_type=\"container\" data-e-type=\"container\">\n\t\t\t\t<\/div>\n\t\t<div class=\"elementor-element elementor-element-83153b3 e-con-full e-flex e-con e-child\" data-id=\"83153b3\" data-element_type=\"container\" data-e-type=\"container\">\n\t\t\t\t<div class=\"elementor-element elementor-element-77f7179 elementor-widget elementor-widget-aux_faq\" data-id=\"77f7179\" data-element_type=\"widget\" data-e-type=\"widget\" data-widget_type=\"aux_faq.default\">\n\t\t\t\t<div class=\"elementor-widget-container\">\n\t\t\t\t\t<section class=\"widget-container aux-widget-faq aux-widget-accordion aux-parent-auef32e8f5\" style=\"\" ><div id=\"69e3c2c4de516\" data-element-id=\"auef32e8f5\" class=\"aux-isotope-faq aux-isotope-animated widget-toggle aux-accordion-\" data-lazyload=\"true\" data-space=\"0\" data-pagination=\"true\" data-deeplink=\"false\" data-slug=\"\" data-perpage=\"13\" data-reveal-transition-duration=\"600\" data-reveal-between-delay=\"70\" data-hide-transition-duration=\"600\" data-hide-between-delay=\"70\"> <div class=\"aux-items-loading\"><div class=\"aux-loading-loop\"><svg class=\"aux-circle\" width=\"100%\" height=\"100%\" viewBox=\"0 0 42 42\"><circle class=\"aux-stroke-bg\" r=\"20\" cx=\"21\" cy=\"21\" fill=\"none\"><\/circle><circle class=\"aux-progress\" r=\"20\" cx=\"21\" cy=\"21\" fill=\"none\" transform=\"rotate(-90 21 21)\"><\/circle><\/svg><\/div><\/div><div class=\"aux-faq-item aux-iso-item aux-loading\"><h4 class=\"aux-faq-item-header toggle-header\">Que signifie l&#8217;acronyme &#8220;OBTI&#8221; ?<span class=\"aux-accordion-indicator\"><\/span><\/h4><div class=\"aux-faq-item-content toggle-content\"><p>OBTI signifie <i>Occult Blood Test Immunochromatographic.<\/i><\/p>\n<\/div><div class=\"clear\"><\/div><\/div><div class=\"aux-faq-item aux-iso-item aux-loading\"><h4 class=\"aux-faq-item-header toggle-header\">Quelles sont les diff\u00e9rences entre BLUESTAR\u00ae OBTI et BLUESTAR\u00ae Identi-HEM\u00ae ?<span class=\"aux-accordion-indicator\"><\/span><\/h4><div class=\"aux-faq-item-content toggle-content\"><ul>\n<li><b>Sensibilit\u00e9 :<\/b>\n<ul>\n<li>OBTI : 0,05 \u00b5g\/mL<\/li>\n<li><sup>Identi-HEM\u00ae<\/sup>: 0,01 \u00b5g\/mL (plus sensible)<\/li>\n<\/ul>\n<\/li>\n<li><b>Sp\u00e9cificit\u00e9 :<\/b>\n<ul>\n<li>Identi-HEM<sup>\u00ae<\/sup> et OBTI r\u00e9agissent avec du sang de primate et de must\u00e9lid\u00e9 (ex. martres, putois, fouines)<\/li>\n<\/ul>\n<\/li>\n<li><b>Emballage :<\/b>\n<ul>\n<li>Identi-HEM\u00ae est fourni avec un \u00e9couvillon st\u00e9rile.<\/li>\n<li>L&#8217;OBTI utilise une pi\u00e8ce fix\u00e9e \u00e0 l&#8217;int\u00e9rieur du bouchon du tube de pr\u00e9l\u00e8vement.<\/li>\n<\/ul>\n<\/li>\n<li><b>Dur\u00e9e de conservation :<\/b>\n<ul>\n<li>OBTI : 18 mois apr\u00e8s fabrication<\/li>\n<li>Identi-HEM\u00ae : 36 mois apr\u00e8s fabrication<\/li>\n<\/ul>\n<\/li>\n<\/ul>\n<\/div><div class=\"clear\"><\/div><\/div><div class=\"aux-faq-item aux-iso-item aux-loading\"><h4 class=\"aux-faq-item-header toggle-header\">BLUESTAR\u00ae OBTI n\u00e9cessite-t-il des conditions de stockage particuli\u00e8res ?<span class=\"aux-accordion-indicator\"><\/span><\/h4><div class=\"aux-faq-item-content toggle-content\"><p>Oui. Oui. Stocker dans un endroit sec entre 4 \u00b0C et 30 \u00b0C (39 \u00b0F et 86 \u00b0F).<\/p>\n<\/div><div class=\"clear\"><\/div><\/div><div class=\"aux-faq-item aux-iso-item aux-loading\"><h4 class=\"aux-faq-item-header toggle-header\">Combien de temps faut-il attendre pour lire un test OBTI ?<span class=\"aux-accordion-indicator\"><\/span><\/h4><div class=\"aux-faq-item-content toggle-content\"><ul>\n<li>Un <b>r\u00e9sultat positif<\/b> appara\u00eet g\u00e9n\u00e9ralement entre 3 et 10 minutes apr\u00e8s activation du test.<\/li>\n<li>Apr\u00e8s 10 minutes, si aucune seconde ligne n\u2019appara\u00eet, le test peut \u00eatre consid\u00e9r\u00e9 comme <b>n\u00e9gatif<\/b>.<\/li>\n<\/ul>\n<p>\u2192 Se r\u00e9f\u00e9rer au mode d\u2019emploi d\u00e9taill\u00e9 pour les instructions.<\/p>\n<\/div><div class=\"clear\"><\/div><\/div><div class=\"aux-faq-item aux-iso-item aux-loading\"><h4 class=\"aux-faq-item-header toggle-header\">Peut-on utiliser BLUESTAR\u00ae OBTI apr\u00e8s plusieurs pulv\u00e9risations de BLUESTAR\u00ae Forensic sur la m\u00eame zone ?<span class=\"aux-accordion-indicator\"><\/span><\/h4><div class=\"aux-faq-item-content toggle-content\"><p>Oui. Des pulv\u00e9risations multiples de BLUESTAR<sup>\u00ae<\/sup> Forensic n\u2019emp\u00eachent pas d\u2019obtenir des r\u00e9sultats fiables avec BLUESTAR<sup>\u00ae<\/sup> OBTI.<\/p>\n<\/div><div class=\"clear\"><\/div><\/div><div class=\"aux-faq-item aux-iso-item aux-loading\"><h4 class=\"aux-faq-item-header toggle-header\">BLUESTAR\u00ae OBTI r\u00e9agit-il avec du sang synth\u00e9tique ?<span class=\"aux-accordion-indicator\"><\/span><\/h4><div class=\"aux-faq-item-content toggle-content\"><p>Non. BLUESTAR<sup>\u00ae<\/sup> OBTI ne r\u00e9agit qu\u2019avec l\u2019<b>h\u00e9moglobine humaine<\/b> et ne d\u00e9tecte pas le sang synth\u00e9tique ni le sang animal.<\/p>\n<\/div><div class=\"clear\"><\/div><\/div><\/div><\/section><!-- widget-container -->\t\t\t\t<\/div>\n\t\t\t\t<\/div>\n\t\t\t\t<\/div>\n\t\t<div class=\"elementor-element elementor-element-0377290 e-con-full e-flex e-con e-child\" data-id=\"0377290\" data-element_type=\"container\" data-e-type=\"container\">\n\t\t\t\t<\/div>\n\t\t\t\t\t<\/div>\n\t\t\t\t<\/div>\n\t\t<div class=\"aux-parallax-section elementor-element elementor-element-a102c70 e-flex e-con-boxed e-con e-parent\" data-id=\"a102c70\" data-element_type=\"container\" data-e-type=\"container\">\n\t\t\t\t\t<div class=\"e-con-inner\">\n\t\t\t\t\t<\/div>\n\t\t\t\t<\/div>\n\t\t\t\t<\/div>\n\t\t","protected":false},"excerpt":{"rendered":"<p>Foire aux questions (FAQ) BLUESTAR\u00ae OBTI What does the acronym \u201cOBTI\u201d stand for? OBTI stands for Occult Blood Test Immunochromatographic. What are the differences between BLUESTAR\u00ae OBTI and BLUESTAR\u00ae Identi-HEM\u00ae? Sensitivity: OBTI: 0.05 \u00b5g\/mL Identi-HEM\u00ae: 0.01 \u00b5g\/mL (more sensitive) Specificity: Identi-HEM\u00ae reacts to certain animal blood, especially from the mustelid family (e.g., martens, polecats). Packaging: [&hellip;]<\/p>\n","protected":false},"author":1,"featured_media":0,"parent":0,"menu_order":0,"comment_status":"closed","ping_status":"closed","template":"","meta":{"_acf_changed":false,"footnotes":""},"class_list":["post-19821","page","type-page","status-publish","hentry"],"acf":[],"yoast_head":"<!-- This site is optimized with the Yoast SEO plugin v27.2 - https:\/\/yoast.com\/product\/yoast-seo-wordpress\/ -->\n<title>FAQ BLUESTAR\u00ae OBTI - Bluestar Forensic<\/title>\n<meta name=\"robots\" content=\"index, follow, max-snippet:-1, max-image-preview:large, max-video-preview:-1\" \/>\n<link rel=\"canonical\" href=\"https:\/\/www.bluestar-forensic.com\/fr\/faq-bluestar-obti\/\" \/>\n<meta property=\"og:locale\" content=\"fr_FR\" \/>\n<meta property=\"og:type\" content=\"article\" \/>\n<meta property=\"og:title\" content=\"FAQ BLUESTAR\u00ae OBTI - Bluestar Forensic\" \/>\n<meta property=\"og:description\" content=\"Foire aux questions (FAQ) BLUESTAR\u00ae OBTI What does the acronym \u201cOBTI\u201d stand for? OBTI stands for Occult Blood Test Immunochromatographic. What are the differences between BLUESTAR\u00ae OBTI and BLUESTAR\u00ae Identi-HEM\u00ae? Sensitivity: OBTI: 0.05 \u00b5g\/mL Identi-HEM\u00ae: 0.01 \u00b5g\/mL (more sensitive) Specificity: Identi-HEM\u00ae reacts to certain animal blood, especially from the mustelid family (e.g., martens, polecats). Packaging: [&hellip;]\" \/>\n<meta property=\"og:url\" content=\"https:\/\/www.bluestar-forensic.com\/fr\/faq-bluestar-obti\/\" \/>\n<meta property=\"og:site_name\" content=\"Bluestar Forensic\" \/>\n<meta property=\"article:publisher\" content=\"https:\/\/www.facebook.com\/bluestarforensic\/\" \/>\n<meta property=\"article:modified_time\" content=\"2025-08-04T18:15:44+00:00\" \/>\n<meta name=\"twitter:card\" content=\"summary_large_image\" \/>\n<meta name=\"twitter:label1\" content=\"Dur\u00e9e de lecture estim\u00e9e\" \/>\n\t<meta name=\"twitter:data1\" content=\"1 minute\" \/>\n<script type=\"application\/ld+json\" class=\"yoast-schema-graph\">{\"@context\":\"https:\/\/schema.org\",\"@graph\":[{\"@type\":\"WebPage\",\"@id\":\"https:\/\/www.bluestar-forensic.com\/fr\/faq-bluestar-obti\/\",\"url\":\"https:\/\/www.bluestar-forensic.com\/fr\/faq-bluestar-obti\/\",\"name\":\"FAQ BLUESTAR\u00ae OBTI - Bluestar Forensic\",\"isPartOf\":{\"@id\":\"https:\/\/www.bluestar-forensic.com\/#website\"},\"datePublished\":\"2025-03-24T12:18:56+00:00\",\"dateModified\":\"2025-08-04T18:15:44+00:00\",\"breadcrumb\":{\"@id\":\"https:\/\/www.bluestar-forensic.com\/fr\/faq-bluestar-obti\/#breadcrumb\"},\"inLanguage\":\"fr-FR\",\"potentialAction\":[{\"@type\":\"ReadAction\",\"target\":[\"https:\/\/www.bluestar-forensic.com\/fr\/faq-bluestar-obti\/\"]}]},{\"@type\":\"BreadcrumbList\",\"@id\":\"https:\/\/www.bluestar-forensic.com\/fr\/faq-bluestar-obti\/#breadcrumb\",\"itemListElement\":[{\"@type\":\"ListItem\",\"position\":1,\"name\":\"Home\",\"item\":\"https:\/\/www.bluestar-forensic.com\/\"},{\"@type\":\"ListItem\",\"position\":2,\"name\":\"FAQ BLUESTAR\u00ae OBTI\"}]},{\"@type\":\"WebSite\",\"@id\":\"https:\/\/www.bluestar-forensic.com\/#website\",\"url\":\"https:\/\/www.bluestar-forensic.com\/\",\"name\":\"Bluestar UNIQUE Forensic\",\"description\":\"\",\"publisher\":{\"@id\":\"https:\/\/www.bluestar-forensic.com\/#organization\"},\"potentialAction\":[{\"@type\":\"SearchAction\",\"target\":{\"@type\":\"EntryPoint\",\"urlTemplate\":\"https:\/\/www.bluestar-forensic.com\/?s={search_term_string}\"},\"query-input\":{\"@type\":\"PropertyValueSpecification\",\"valueRequired\":true,\"valueName\":\"search_term_string\"}}],\"inLanguage\":\"fr-FR\"},{\"@type\":\"Organization\",\"@id\":\"https:\/\/www.bluestar-forensic.com\/#organization\",\"name\":\"Bluestar Forensic LATENT BLOODSTAIN REAGENT\",\"url\":\"https:\/\/www.bluestar-forensic.com\/\",\"logo\":{\"@type\":\"ImageObject\",\"inLanguage\":\"fr-FR\",\"@id\":\"https:\/\/www.bluestar-forensic.com\/#\/schema\/logo\/image\/\",\"url\":\"https:\/\/www.bluestar-forensic.com\/wp-content\/uploads\/2025\/02\/Logo-bluestar-copie.svg\",\"contentUrl\":\"https:\/\/www.bluestar-forensic.com\/wp-content\/uploads\/2025\/02\/Logo-bluestar-copie.svg\",\"width\":1494,\"height\":346,\"caption\":\"Bluestar Forensic LATENT BLOODSTAIN REAGENT\"},\"image\":{\"@id\":\"https:\/\/www.bluestar-forensic.com\/#\/schema\/logo\/image\/\"},\"sameAs\":[\"https:\/\/www.facebook.com\/bluestarforensic\/\",\"https:\/\/www.instagram.com\/bluestar_forensic\/\"]}]}<\/script>\n<!-- \/ Yoast SEO plugin. -->","yoast_head_json":{"title":"FAQ BLUESTAR\u00ae OBTI - Bluestar Forensic","robots":{"index":"index","follow":"follow","max-snippet":"max-snippet:-1","max-image-preview":"max-image-preview:large","max-video-preview":"max-video-preview:-1"},"canonical":"https:\/\/www.bluestar-forensic.com\/fr\/faq-bluestar-obti\/","og_locale":"fr_FR","og_type":"article","og_title":"FAQ BLUESTAR\u00ae OBTI - Bluestar Forensic","og_description":"Foire aux questions (FAQ) BLUESTAR\u00ae OBTI What does the acronym \u201cOBTI\u201d stand for? OBTI stands for Occult Blood Test Immunochromatographic. What are the differences between BLUESTAR\u00ae OBTI and BLUESTAR\u00ae Identi-HEM\u00ae? Sensitivity: OBTI: 0.05 \u00b5g\/mL Identi-HEM\u00ae: 0.01 \u00b5g\/mL (more sensitive) Specificity: Identi-HEM\u00ae reacts to certain animal blood, especially from the mustelid family (e.g., martens, polecats). Packaging: [&hellip;]","og_url":"https:\/\/www.bluestar-forensic.com\/fr\/faq-bluestar-obti\/","og_site_name":"Bluestar Forensic","article_publisher":"https:\/\/www.facebook.com\/bluestarforensic\/","article_modified_time":"2025-08-04T18:15:44+00:00","twitter_card":"summary_large_image","twitter_misc":{"Dur\u00e9e de lecture estim\u00e9e":"1 minute"},"schema":{"@context":"https:\/\/schema.org","@graph":[{"@type":"WebPage","@id":"https:\/\/www.bluestar-forensic.com\/fr\/faq-bluestar-obti\/","url":"https:\/\/www.bluestar-forensic.com\/fr\/faq-bluestar-obti\/","name":"FAQ BLUESTAR\u00ae OBTI - Bluestar Forensic","isPartOf":{"@id":"https:\/\/www.bluestar-forensic.com\/#website"},"datePublished":"2025-03-24T12:18:56+00:00","dateModified":"2025-08-04T18:15:44+00:00","breadcrumb":{"@id":"https:\/\/www.bluestar-forensic.com\/fr\/faq-bluestar-obti\/#breadcrumb"},"inLanguage":"fr-FR","potentialAction":[{"@type":"ReadAction","target":["https:\/\/www.bluestar-forensic.com\/fr\/faq-bluestar-obti\/"]}]},{"@type":"BreadcrumbList","@id":"https:\/\/www.bluestar-forensic.com\/fr\/faq-bluestar-obti\/#breadcrumb","itemListElement":[{"@type":"ListItem","position":1,"name":"Home","item":"https:\/\/www.bluestar-forensic.com\/"},{"@type":"ListItem","position":2,"name":"FAQ BLUESTAR\u00ae OBTI"}]},{"@type":"WebSite","@id":"https:\/\/www.bluestar-forensic.com\/#website","url":"https:\/\/www.bluestar-forensic.com\/","name":"Bluestar UNIQUE Forensic","description":"","publisher":{"@id":"https:\/\/www.bluestar-forensic.com\/#organization"},"potentialAction":[{"@type":"SearchAction","target":{"@type":"EntryPoint","urlTemplate":"https:\/\/www.bluestar-forensic.com\/?s={search_term_string}"},"query-input":{"@type":"PropertyValueSpecification","valueRequired":true,"valueName":"search_term_string"}}],"inLanguage":"fr-FR"},{"@type":"Organization","@id":"https:\/\/www.bluestar-forensic.com\/#organization","name":"Bluestar Forensic LATENT BLOODSTAIN REAGENT","url":"https:\/\/www.bluestar-forensic.com\/","logo":{"@type":"ImageObject","inLanguage":"fr-FR","@id":"https:\/\/www.bluestar-forensic.com\/#\/schema\/logo\/image\/","url":"https:\/\/www.bluestar-forensic.com\/wp-content\/uploads\/2025\/02\/Logo-bluestar-copie.svg","contentUrl":"https:\/\/www.bluestar-forensic.com\/wp-content\/uploads\/2025\/02\/Logo-bluestar-copie.svg","width":1494,"height":346,"caption":"Bluestar Forensic LATENT BLOODSTAIN REAGENT"},"image":{"@id":"https:\/\/www.bluestar-forensic.com\/#\/schema\/logo\/image\/"},"sameAs":["https:\/\/www.facebook.com\/bluestarforensic\/","https:\/\/www.instagram.com\/bluestar_forensic\/"]}]}},"_links":{"self":[{"href":"https:\/\/www.bluestar-forensic.com\/fr\/wp-json\/wp\/v2\/pages\/19821","targetHints":{"allow":["GET"]}}],"collection":[{"href":"https:\/\/www.bluestar-forensic.com\/fr\/wp-json\/wp\/v2\/pages"}],"about":[{"href":"https:\/\/www.bluestar-forensic.com\/fr\/wp-json\/wp\/v2\/types\/page"}],"author":[{"embeddable":true,"href":"https:\/\/www.bluestar-forensic.com\/fr\/wp-json\/wp\/v2\/users\/1"}],"replies":[{"embeddable":true,"href":"https:\/\/www.bluestar-forensic.com\/fr\/wp-json\/wp\/v2\/comments?post=19821"}],"version-history":[{"count":1,"href":"https:\/\/www.bluestar-forensic.com\/fr\/wp-json\/wp\/v2\/pages\/19821\/revisions"}],"predecessor-version":[{"id":19822,"href":"https:\/\/www.bluestar-forensic.com\/fr\/wp-json\/wp\/v2\/pages\/19821\/revisions\/19822"}],"wp:attachment":[{"href":"https:\/\/www.bluestar-forensic.com\/fr\/wp-json\/wp\/v2\/media?parent=19821"}],"curies":[{"name":"wp","href":"https:\/\/api.w.org\/{rel}","templated":true}]}}