{"id":19829,"date":"2025-03-03T17:44:56","date_gmt":"2025-03-03T17:44:56","guid":{"rendered":"https:\/\/toty.fr\/Bluestar\/faq-reactif-bluestar\/"},"modified":"2025-08-04T18:16:07","modified_gmt":"2025-08-04T18:16:07","slug":"faq-reactif-bluestar","status":"publish","type":"page","link":"https:\/\/www.bluestar-forensic.com\/fr\/faq-reactif-bluestar\/","title":{"rendered":"FAQ R\u00e9actif BLUESTAR"},"content":{"rendered":"\t\t<div data-elementor-type=\"wp-page\" data-elementor-id=\"19829\" class=\"elementor elementor-19829 elementor-17265\" data-elementor-post-type=\"page\">\n\t\t\t\t<div class=\"aux-parallax-section elementor-element elementor-element-604eb24 e-flex e-con-boxed e-con e-parent\" data-id=\"604eb24\" data-element_type=\"container\" data-e-type=\"container\">\n\t\t\t\t\t<div class=\"e-con-inner\">\n\t\t\t\t<div class=\"elementor-element elementor-element-71f3d7e elementor-widget elementor-widget-spacer\" data-id=\"71f3d7e\" data-element_type=\"widget\" data-e-type=\"widget\" data-widget_type=\"spacer.default\">\n\t\t\t\t<div class=\"elementor-widget-container\">\n\t\t\t\t\t\t\t<div class=\"elementor-spacer\">\n\t\t\t<div class=\"elementor-spacer-inner\"><\/div>\n\t\t<\/div>\n\t\t\t\t\t\t<\/div>\n\t\t\t\t<\/div>\n\t\t\t\t\t<\/div>\n\t\t\t\t<\/div>\n\t\t<div class=\"aux-parallax-section elementor-element elementor-element-02f0384 e-flex e-con-boxed e-con e-parent\" data-id=\"02f0384\" data-element_type=\"container\" data-e-type=\"container\">\n\t\t\t\t\t<div class=\"e-con-inner\">\n\t\t\t\t<div class=\"elementor-element elementor-element-9f79850 aux-appear-watch-animation aux-fade-in-up elementor-widget elementor-widget-aux_modern_heading\" data-id=\"9f79850\" data-element_type=\"widget\" data-e-type=\"widget\" data-widget_type=\"aux_modern_heading.default\">\n\t\t\t\t<div class=\"elementor-widget-container\">\n\t\t\t\t\t<section class=\"aux-widget-modern-heading\">\n            <div class=\"aux-widget-inner\"><h3 class=\"aux-modern-heading-primary\"><\/h3><h2 class=\"aux-modern-heading-secondary\"><span class=\"aux-head-highlight\">Questions fr\u00e9quemment pos\u00e9es (FAQ) R\u00e9actif BLUESTAR<\/span><\/h2><\/div>\n        <\/section>\t\t\t\t<\/div>\n\t\t\t\t<\/div>\n\t\t\t\t\t<\/div>\n\t\t\t\t<\/div>\n\t\t<div class=\"aux-parallax-section elementor-element elementor-element-564092a e-flex e-con-boxed e-con e-parent\" data-id=\"564092a\" data-element_type=\"container\" data-e-type=\"container\">\n\t\t\t\t\t<div class=\"e-con-inner\">\n\t\t<div class=\"elementor-element elementor-element-41afc44 e-con-full e-flex e-con e-child\" data-id=\"41afc44\" data-element_type=\"container\" data-e-type=\"container\">\n\t\t\t\t<\/div>\n\t\t<div class=\"elementor-element elementor-element-83153b3 e-con-full e-flex e-con e-child\" data-id=\"83153b3\" data-element_type=\"container\" data-e-type=\"container\">\n\t\t\t\t<div class=\"elementor-element elementor-element-77f7179 elementor-widget elementor-widget-aux_faq\" data-id=\"77f7179\" data-element_type=\"widget\" data-e-type=\"widget\" data-widget_type=\"aux_faq.default\">\n\t\t\t\t<div class=\"elementor-widget-container\">\n\t\t\t\t\t<section class=\"widget-container aux-widget-faq aux-widget-accordion aux-parent-au3daab5aa\" style=\"\" ><div id=\"69e3ab4e433c7\" data-element-id=\"au3daab5aa\" class=\"aux-isotope-faq aux-isotope-animated widget-toggle aux-accordion-\" data-lazyload=\"true\" data-space=\"0\" data-pagination=\"true\" data-deeplink=\"false\" data-slug=\"\" data-perpage=\"13\" data-reveal-transition-duration=\"600\" data-reveal-between-delay=\"70\" data-hide-transition-duration=\"600\" data-hide-between-delay=\"70\"> <div class=\"aux-items-loading\"><div class=\"aux-loading-loop\"><svg class=\"aux-circle\" width=\"100%\" height=\"100%\" viewBox=\"0 0 42 42\"><circle class=\"aux-stroke-bg\" r=\"20\" cx=\"21\" cy=\"21\" fill=\"none\"><\/circle><circle class=\"aux-progress\" r=\"20\" cx=\"21\" cy=\"21\" fill=\"none\" transform=\"rotate(-90 21 21)\"><\/circle><\/svg><\/div><\/div><div class=\"aux-faq-item aux-iso-item aux-loading\"><h4 class=\"aux-faq-item-header toggle-header\">&gt; BLUESTAR\u00ae Forensic r\u00e9agit-il avec du sang ancien ?<span class=\"aux-accordion-indicator\"><\/span><\/h4><div class=\"aux-faq-item-content toggle-content\"><p>Oui. BLUESTAR\u00ae Forensic peut r\u00e9v\u00e9ler des traces de sang tr\u00e8s anciennes. Il a \u00e9t\u00e9 utilis\u00e9 avec succ\u00e8s sur des \u00e9chantillons vieux de plus de 7 000 ans. Il est \u00e9galement couramment utilis\u00e9 pour d\u00e9tecter des taches de sang datant de plus de 20 ans.<\/p>\n<\/div><div class=\"clear\"><\/div><\/div><div class=\"aux-faq-item aux-iso-item aux-loading\"><h4 class=\"aux-faq-item-header toggle-header\">&gt; Quel est le seuil de d\u00e9tection de BLUESTAR\u00ae Forensic ?<span class=\"aux-accordion-indicator\"><\/span><\/h4><div class=\"aux-faq-item-content toggle-content\"><p>Le r\u00e9actif peut d\u00e9tecter du sang dilu\u00e9 jusqu&#8217;\u00e0 1:100 000.<\/p>\n<\/div><div class=\"clear\"><\/div><\/div><div class=\"aux-faq-item aux-iso-item aux-loading\"><h4 class=\"aux-faq-item-header toggle-header\">&gt; BLUESTAR\u00ae Forensic n\u00e9cessite-t-il des conditions de stockage particuli\u00e8res ?<span class=\"aux-accordion-indicator\"><\/span><\/h4><div class=\"aux-faq-item-content toggle-content\"><p>Oui. Il doit \u00eatre stock\u00e9 dans un endroit sec \u00e0 des temp\u00e9ratures comprises entre 4 \u00b0C et 30 \u00b0C (39 \u00b0F et 86 \u00b0F).<\/p>\n<\/div><div class=\"clear\"><\/div><\/div><div class=\"aux-faq-item aux-iso-item aux-loading\"><h4 class=\"aux-faq-item-header toggle-header\">Combien de temps BLUESTAR\u00ae Forensic reste-t-il actif apr\u00e8s pr\u00e9paration ?<span class=\"aux-accordion-indicator\"><\/span><\/h4><div class=\"aux-faq-item-content toggle-content\"><ul>\n<li><b>Kit :<\/b> Minimum 24 heures<\/li>\n<li><b>Mini Kit :<\/b> Minimum 3 heures<\/li>\n<li><b>Magnum :<\/b> Minimum 24 heures<\/li>\n<li><b>Tablettes (4 ou 8) :<\/b> Minimum 3 heures<\/li>\n<li><b>Versions Training :<\/b> Minimum 3 heures<\/li>\n<\/ul>\n<\/div><div class=\"clear\"><\/div><\/div><div class=\"aux-faq-item aux-iso-item aux-loading\"><h4 class=\"aux-faq-item-header toggle-header\">&gt; Quelle est la dur\u00e9e de conservation des produits BLUESTAR\u00ae Forensic ?<span class=\"aux-accordion-indicator\"><\/span><\/h4><div class=\"aux-faq-item-content toggle-content\"><ul>\n<li><b>Mini Kit :<\/b> 3 ans<\/li>\n<li><b>Kit :<\/b> 4 ans<\/li>\n<li><b>Mini kit de formation :<\/b> 3 ans<\/li>\n<li><b>Magnum :<\/b> 4 ans<\/li>\n<li><b>Tablettes (4 et 8 applications) :<\/b> 4 ans<\/li>\n<li><b>Training (4 et 8 applications) :<\/b> 3 ans<\/li>\n<\/ul>\n<\/div><div class=\"clear\"><\/div><\/div><div class=\"aux-faq-item aux-iso-item aux-loading\"><h4 class=\"aux-faq-item-header toggle-header\">&gt; Quelle est la dur\u00e9e de vie active de BLUESTAR\u00ae Forensic une fois m\u00e9lang\u00e9 ?<span class=\"aux-accordion-indicator\"><\/span><\/h4><div class=\"aux-faq-item-content toggle-content\"><ul>\n<li><strong>Kit<\/strong>: 24 heures minimum<\/li>\n<li><strong>Mini Kit<\/strong>: 3 heures minimum<\/li>\n<li><strong>Magnum<\/strong>: 24 heures minimum<\/li>\n<li><strong>Tablettes<\/strong>: 3 heures minimum<\/li>\n<li><strong>Tablettes de formation<\/strong>: 3 heures minimum<\/li>\n<\/ul>\n<\/div><div class=\"clear\"><\/div><\/div><div class=\"aux-faq-item aux-iso-item aux-loading\"><h4 class=\"aux-faq-item-header toggle-header\">&gt; Combien de temps dure la chimiluminescence apr\u00e8s la pulv\u00e9risation ?<span class=\"aux-accordion-indicator\"><\/span><\/h4><div class=\"aux-faq-item-content toggle-content\"><p>La r\u00e9action est imm\u00e9diate et dure de 30 secondes \u00e0 2 minutes, en fonction du substrat et de la dilution du sang.<\/p>\n<\/div><div class=\"clear\"><\/div><\/div><div class=\"aux-faq-item aux-iso-item aux-loading\"><h4 class=\"aux-faq-item-header toggle-header\">&gt; BLUESTAR\u00ae Forensic r\u00e9agit-il au sang synth\u00e9tique ?<span class=\"aux-accordion-indicator\"><\/span><\/h4><div class=\"aux-faq-item-content toggle-content\"><p>Oui. <sup>BLUESTAR\u00ae<\/sup> Forensic r\u00e9agit avec l&#8217;h\u00e9moglobine humaine et animale, ainsi qu&#8217;avec le sang synth\u00e9tique contenant de l&#8217;h\u00e9moglobine.<\/p>\n<\/div><div class=\"clear\"><\/div><\/div><div class=\"aux-faq-item aux-iso-item aux-loading\"><h4 class=\"aux-faq-item-header toggle-header\">&gt; BLUESTAR\u00ae Forensic d\u00e9tecte-t-il tous les types de sang ?<span class=\"aux-accordion-indicator\"><\/span><\/h4><div class=\"aux-faq-item-content toggle-content\"><p>Oui. Il r\u00e9agit \u00e0 tout sang contenant de l&#8217;h\u00e9moglobine, qu&#8217;il s&#8217;agisse de sang humain, animal ou m\u00eame d&#8217;insecte (par exemple, un moustique).<\/p>\n<\/div><div class=\"clear\"><\/div><\/div><div class=\"aux-faq-item aux-iso-item aux-loading\"><h4 class=\"aux-faq-item-header toggle-header\">&gt; BLUESTAR\u00ae Forensic laisse-t-il des r\u00e9sidus apr\u00e8s utilisation ?<span class=\"aux-accordion-indicator\"><\/span><\/h4><div class=\"aux-faq-item-content toggle-content\"><p>Il peut laisser des r\u00e9sidus invisibles. Il est recommand\u00e9 de nettoyer la surface avec une \u00e9ponge ou un chiffon humide apr\u00e8s l\u2019application. <\/p>\n<\/div><div class=\"clear\"><\/div><\/div><div class=\"aux-faq-item aux-iso-item aux-loading\"><h4 class=\"aux-faq-item-header toggle-header\">&gt; Comment nettoyer une surface apr\u00e8s utilisation de BLUESTAR\u00ae Forensic ?<span class=\"aux-accordion-indicator\"><\/span><\/h4><div class=\"aux-faq-item-content toggle-content\"><p>Utiliser une \u00e9ponge savonneuse, puis rincer avec une \u00e9ponge propre humide pour \u00e9liminer tout r\u00e9sidu de savon.<\/p>\n<\/div><div class=\"clear\"><\/div><\/div><div class=\"aux-faq-item aux-iso-item aux-loading\"><h4 class=\"aux-faq-item-header toggle-header\">&gt; A quoi ressemble un faux positif ?<span class=\"aux-accordion-indicator\"><\/span><\/h4><div class=\"aux-faq-item-content toggle-content\"><p>Les faux positifs peuvent se produire avec certaines substances comme le vernis, certaines peintures acryliques et l\u2019eau de Javel. Cependant, avec de l\u2019exp\u00e9rience, un technicien peut facilement les diff\u00e9rencier des v\u00e9ritables r\u00e9actions sanguines. La luminescence d\u2019un faux positif est g\u00e9n\u00e9ralement plus faible et plus br\u00e8ve.<\/p>\n<\/div><div class=\"clear\"><\/div><\/div><div class=\"aux-faq-item aux-iso-item aux-loading\"><h4 class=\"aux-faq-item-header toggle-header\">&gt; Comment puis-je effectuer un test de contr\u00f4le positif avant d&#8217;utiliser BLUESTAR\u00ae Forensic ?<span class=\"aux-accordion-indicator\"><\/span><\/h4><div class=\"aux-faq-item-content toggle-content\"><p>Vous pouvez appliquer le r\u00e9actif sur un tissu tach\u00e9 de sang. Il produira une r\u00e9action luminescente positive avec du sang humain ou animal. <\/p>\n<\/div><div class=\"clear\"><\/div><\/div><\/div><\/section><!-- widget-container -->\t\t\t\t<\/div>\n\t\t\t\t<\/div>\n\t\t\t\t<\/div>\n\t\t<div class=\"elementor-element elementor-element-0377290 e-con-full e-flex e-con e-child\" data-id=\"0377290\" data-element_type=\"container\" data-e-type=\"container\">\n\t\t\t\t<\/div>\n\t\t\t\t\t<\/div>\n\t\t\t\t<\/div>\n\t\t<div class=\"aux-parallax-section elementor-element elementor-element-a102c70 e-flex e-con-boxed e-con e-parent\" data-id=\"a102c70\" data-element_type=\"container\" data-e-type=\"container\">\n\t\t\t\t\t<div class=\"e-con-inner\">\n\t\t\t\t\t<\/div>\n\t\t\t\t<\/div>\n\t\t\t\t<\/div>\n\t\t","protected":false},"excerpt":{"rendered":"<p>Questions fr\u00e9quemment pos\u00e9es (FAQ) R\u00e9actif BLUESTAR &gt; Does BLUESTAR\u00ae Forensic react on ancient blood ? Yes. BLUESTAR\u00ae Forensic can reveal very old blood traces. It has been successfully used on samples over 7,000 years old. It is also commonly used to detect bloodstains that are more than 20 years old. &gt; What is the detection [&hellip;]<\/p>\n","protected":false},"author":1,"featured_media":0,"parent":0,"menu_order":0,"comment_status":"closed","ping_status":"closed","template":"","meta":{"_acf_changed":false,"footnotes":""},"class_list":["post-19829","page","type-page","status-publish","hentry"],"acf":[],"yoast_head":"<!-- This site is optimized with the Yoast SEO plugin v27.2 - https:\/\/yoast.com\/product\/yoast-seo-wordpress\/ -->\n<title>FAQ R\u00e9actif BLUESTAR - Bluestar Forensic<\/title>\n<meta name=\"robots\" content=\"index, follow, max-snippet:-1, max-image-preview:large, max-video-preview:-1\" \/>\n<link rel=\"canonical\" href=\"https:\/\/www.bluestar-forensic.com\/fr\/faq-reactif-bluestar\/\" \/>\n<meta property=\"og:locale\" content=\"fr_FR\" \/>\n<meta property=\"og:type\" content=\"article\" \/>\n<meta property=\"og:title\" content=\"FAQ R\u00e9actif BLUESTAR - Bluestar Forensic\" \/>\n<meta property=\"og:description\" content=\"Questions fr\u00e9quemment pos\u00e9es (FAQ) R\u00e9actif BLUESTAR &gt; Does BLUESTAR\u00ae Forensic react on ancient blood ? Yes. BLUESTAR\u00ae Forensic can reveal very old blood traces. It has been successfully used on samples over 7,000 years old. It is also commonly used to detect bloodstains that are more than 20 years old. &gt; What is the detection [&hellip;]\" \/>\n<meta property=\"og:url\" content=\"https:\/\/www.bluestar-forensic.com\/fr\/faq-reactif-bluestar\/\" \/>\n<meta property=\"og:site_name\" content=\"Bluestar Forensic\" \/>\n<meta property=\"article:publisher\" content=\"https:\/\/www.facebook.com\/bluestarforensic\/\" \/>\n<meta property=\"article:modified_time\" content=\"2025-08-04T18:16:07+00:00\" \/>\n<meta name=\"twitter:card\" content=\"summary_large_image\" \/>\n<meta name=\"twitter:label1\" content=\"Dur\u00e9e de lecture estim\u00e9e\" \/>\n\t<meta name=\"twitter:data1\" content=\"2 minutes\" \/>\n<script type=\"application\/ld+json\" class=\"yoast-schema-graph\">{\"@context\":\"https:\/\/schema.org\",\"@graph\":[{\"@type\":\"WebPage\",\"@id\":\"https:\/\/www.bluestar-forensic.com\/fr\/faq-reactif-bluestar\/\",\"url\":\"https:\/\/www.bluestar-forensic.com\/fr\/faq-reactif-bluestar\/\",\"name\":\"FAQ R\u00e9actif BLUESTAR - Bluestar Forensic\",\"isPartOf\":{\"@id\":\"https:\/\/www.bluestar-forensic.com\/#website\"},\"datePublished\":\"2025-03-03T17:44:56+00:00\",\"dateModified\":\"2025-08-04T18:16:07+00:00\",\"breadcrumb\":{\"@id\":\"https:\/\/www.bluestar-forensic.com\/fr\/faq-reactif-bluestar\/#breadcrumb\"},\"inLanguage\":\"fr-FR\",\"potentialAction\":[{\"@type\":\"ReadAction\",\"target\":[\"https:\/\/www.bluestar-forensic.com\/fr\/faq-reactif-bluestar\/\"]}]},{\"@type\":\"BreadcrumbList\",\"@id\":\"https:\/\/www.bluestar-forensic.com\/fr\/faq-reactif-bluestar\/#breadcrumb\",\"itemListElement\":[{\"@type\":\"ListItem\",\"position\":1,\"name\":\"Home\",\"item\":\"https:\/\/www.bluestar-forensic.com\/\"},{\"@type\":\"ListItem\",\"position\":2,\"name\":\"FAQ R\u00e9actif BLUESTAR\"}]},{\"@type\":\"WebSite\",\"@id\":\"https:\/\/www.bluestar-forensic.com\/#website\",\"url\":\"https:\/\/www.bluestar-forensic.com\/\",\"name\":\"Bluestar UNIQUE Forensic\",\"description\":\"\",\"publisher\":{\"@id\":\"https:\/\/www.bluestar-forensic.com\/#organization\"},\"potentialAction\":[{\"@type\":\"SearchAction\",\"target\":{\"@type\":\"EntryPoint\",\"urlTemplate\":\"https:\/\/www.bluestar-forensic.com\/?s={search_term_string}\"},\"query-input\":{\"@type\":\"PropertyValueSpecification\",\"valueRequired\":true,\"valueName\":\"search_term_string\"}}],\"inLanguage\":\"fr-FR\"},{\"@type\":\"Organization\",\"@id\":\"https:\/\/www.bluestar-forensic.com\/#organization\",\"name\":\"Bluestar Forensic LATENT BLOODSTAIN REAGENT\",\"url\":\"https:\/\/www.bluestar-forensic.com\/\",\"logo\":{\"@type\":\"ImageObject\",\"inLanguage\":\"fr-FR\",\"@id\":\"https:\/\/www.bluestar-forensic.com\/#\/schema\/logo\/image\/\",\"url\":\"https:\/\/www.bluestar-forensic.com\/wp-content\/uploads\/2025\/02\/Logo-bluestar-copie.svg\",\"contentUrl\":\"https:\/\/www.bluestar-forensic.com\/wp-content\/uploads\/2025\/02\/Logo-bluestar-copie.svg\",\"width\":1494,\"height\":346,\"caption\":\"Bluestar Forensic LATENT BLOODSTAIN REAGENT\"},\"image\":{\"@id\":\"https:\/\/www.bluestar-forensic.com\/#\/schema\/logo\/image\/\"},\"sameAs\":[\"https:\/\/www.facebook.com\/bluestarforensic\/\",\"https:\/\/www.instagram.com\/bluestar_forensic\/\"]}]}<\/script>\n<!-- \/ Yoast SEO plugin. -->","yoast_head_json":{"title":"FAQ R\u00e9actif BLUESTAR - Bluestar Forensic","robots":{"index":"index","follow":"follow","max-snippet":"max-snippet:-1","max-image-preview":"max-image-preview:large","max-video-preview":"max-video-preview:-1"},"canonical":"https:\/\/www.bluestar-forensic.com\/fr\/faq-reactif-bluestar\/","og_locale":"fr_FR","og_type":"article","og_title":"FAQ R\u00e9actif BLUESTAR - Bluestar Forensic","og_description":"Questions fr\u00e9quemment pos\u00e9es (FAQ) R\u00e9actif BLUESTAR &gt; Does BLUESTAR\u00ae Forensic react on ancient blood ? Yes. BLUESTAR\u00ae Forensic can reveal very old blood traces. It has been successfully used on samples over 7,000 years old. It is also commonly used to detect bloodstains that are more than 20 years old. &gt; What is the detection [&hellip;]","og_url":"https:\/\/www.bluestar-forensic.com\/fr\/faq-reactif-bluestar\/","og_site_name":"Bluestar Forensic","article_publisher":"https:\/\/www.facebook.com\/bluestarforensic\/","article_modified_time":"2025-08-04T18:16:07+00:00","twitter_card":"summary_large_image","twitter_misc":{"Dur\u00e9e de lecture estim\u00e9e":"2 minutes"},"schema":{"@context":"https:\/\/schema.org","@graph":[{"@type":"WebPage","@id":"https:\/\/www.bluestar-forensic.com\/fr\/faq-reactif-bluestar\/","url":"https:\/\/www.bluestar-forensic.com\/fr\/faq-reactif-bluestar\/","name":"FAQ R\u00e9actif BLUESTAR - Bluestar Forensic","isPartOf":{"@id":"https:\/\/www.bluestar-forensic.com\/#website"},"datePublished":"2025-03-03T17:44:56+00:00","dateModified":"2025-08-04T18:16:07+00:00","breadcrumb":{"@id":"https:\/\/www.bluestar-forensic.com\/fr\/faq-reactif-bluestar\/#breadcrumb"},"inLanguage":"fr-FR","potentialAction":[{"@type":"ReadAction","target":["https:\/\/www.bluestar-forensic.com\/fr\/faq-reactif-bluestar\/"]}]},{"@type":"BreadcrumbList","@id":"https:\/\/www.bluestar-forensic.com\/fr\/faq-reactif-bluestar\/#breadcrumb","itemListElement":[{"@type":"ListItem","position":1,"name":"Home","item":"https:\/\/www.bluestar-forensic.com\/"},{"@type":"ListItem","position":2,"name":"FAQ R\u00e9actif BLUESTAR"}]},{"@type":"WebSite","@id":"https:\/\/www.bluestar-forensic.com\/#website","url":"https:\/\/www.bluestar-forensic.com\/","name":"Bluestar UNIQUE Forensic","description":"","publisher":{"@id":"https:\/\/www.bluestar-forensic.com\/#organization"},"potentialAction":[{"@type":"SearchAction","target":{"@type":"EntryPoint","urlTemplate":"https:\/\/www.bluestar-forensic.com\/?s={search_term_string}"},"query-input":{"@type":"PropertyValueSpecification","valueRequired":true,"valueName":"search_term_string"}}],"inLanguage":"fr-FR"},{"@type":"Organization","@id":"https:\/\/www.bluestar-forensic.com\/#organization","name":"Bluestar Forensic LATENT BLOODSTAIN REAGENT","url":"https:\/\/www.bluestar-forensic.com\/","logo":{"@type":"ImageObject","inLanguage":"fr-FR","@id":"https:\/\/www.bluestar-forensic.com\/#\/schema\/logo\/image\/","url":"https:\/\/www.bluestar-forensic.com\/wp-content\/uploads\/2025\/02\/Logo-bluestar-copie.svg","contentUrl":"https:\/\/www.bluestar-forensic.com\/wp-content\/uploads\/2025\/02\/Logo-bluestar-copie.svg","width":1494,"height":346,"caption":"Bluestar Forensic LATENT BLOODSTAIN REAGENT"},"image":{"@id":"https:\/\/www.bluestar-forensic.com\/#\/schema\/logo\/image\/"},"sameAs":["https:\/\/www.facebook.com\/bluestarforensic\/","https:\/\/www.instagram.com\/bluestar_forensic\/"]}]}},"_links":{"self":[{"href":"https:\/\/www.bluestar-forensic.com\/fr\/wp-json\/wp\/v2\/pages\/19829","targetHints":{"allow":["GET"]}}],"collection":[{"href":"https:\/\/www.bluestar-forensic.com\/fr\/wp-json\/wp\/v2\/pages"}],"about":[{"href":"https:\/\/www.bluestar-forensic.com\/fr\/wp-json\/wp\/v2\/types\/page"}],"author":[{"embeddable":true,"href":"https:\/\/www.bluestar-forensic.com\/fr\/wp-json\/wp\/v2\/users\/1"}],"replies":[{"embeddable":true,"href":"https:\/\/www.bluestar-forensic.com\/fr\/wp-json\/wp\/v2\/comments?post=19829"}],"version-history":[{"count":2,"href":"https:\/\/www.bluestar-forensic.com\/fr\/wp-json\/wp\/v2\/pages\/19829\/revisions"}],"predecessor-version":[{"id":19831,"href":"https:\/\/www.bluestar-forensic.com\/fr\/wp-json\/wp\/v2\/pages\/19829\/revisions\/19831"}],"wp:attachment":[{"href":"https:\/\/www.bluestar-forensic.com\/fr\/wp-json\/wp\/v2\/media?parent=19829"}],"curies":[{"name":"wp","href":"https:\/\/api.w.org\/{rel}","templated":true}]}}