{"id":19913,"date":"2025-02-28T17:55:34","date_gmt":"2025-02-28T17:55:34","guid":{"rendered":"https:\/\/toty.fr\/Bluestar\/lhistoire-de-bluestar\/"},"modified":"2025-08-13T16:56:56","modified_gmt":"2025-08-13T16:56:56","slug":"lhistoire-de-bluestar","status":"publish","type":"page","link":"https:\/\/www.bluestar-forensic.com\/fr\/lhistoire-de-bluestar\/","title":{"rendered":"L&#8217;histoire de Bluestar"},"content":{"rendered":"\t\t<div data-elementor-type=\"wp-page\" data-elementor-id=\"19913\" class=\"elementor elementor-19913 elementor-16451\" data-elementor-post-type=\"page\">\n\t\t\t\t<div class=\"aux-parallax-section elementor-element elementor-element-bafe736 e-flex e-con-boxed e-con e-parent\" data-id=\"bafe736\" data-element_type=\"container\" data-e-type=\"container\">\n\t\t\t\t\t<div class=\"e-con-inner\">\n\t\t\t\t<div class=\"elementor-element elementor-element-2181b90 elementor-invisible elementor-widget elementor-widget-text-editor\" data-id=\"2181b90\" data-element_type=\"widget\" data-e-type=\"widget\" data-settings=\"{&quot;_animation&quot;:&quot;fadeInDown&quot;}\" data-widget_type=\"text-editor.default\">\n\t\t\t\t<div class=\"elementor-widget-container\">\n\t\t\t\t\t\t\t\t\t<h3 class=\"elementor-heading-title elementor-size-xxl\"><a href=\"https:\/\/www.bluestar-forensic.com\/wp-content\/uploads\/2025\/03\/icone.svg\"><img decoding=\"async\" class=\"wp-image-17525 aligncenter\" src=\"https:\/\/www.bluestar-forensic.com\/wp-content\/uploads\/2025\/03\/icone.svg\" alt=\"\" width=\"59\" height=\"61\"><\/a><\/h3><h2 style=\"text-align: center;\">Histoire de BLUESTAR<sup>\u00ae<\/sup> Forensic<\/h2>\t\t\t\t\t\t\t\t<\/div>\n\t\t\t\t<\/div>\n\t\t\t\t\t<\/div>\n\t\t\t\t<\/div>\n\t\t<div class=\"aux-parallax-section elementor-element elementor-element-6fb7e48 e-grid e-con-boxed e-con e-parent\" data-id=\"6fb7e48\" data-element_type=\"container\" data-e-type=\"container\">\n\t\t\t\t\t<div class=\"e-con-inner\">\n\t\t\t\t<div class=\"elementor-element elementor-element-2f4fc88 elementor-invisible elementor-widget elementor-widget-image\" data-id=\"2f4fc88\" data-element_type=\"widget\" data-e-type=\"widget\" data-settings=\"{&quot;_animation&quot;:&quot;fadeInLeft&quot;}\" data-widget_type=\"image.default\">\n\t\t\t\t<div class=\"elementor-widget-container\">\n\t\t\t\t\t\t\t\t\t\t\t\t\t\t\t<img fetchpriority=\"high\" decoding=\"async\" width=\"768\" height=\"508\" src=\"https:\/\/www.bluestar-forensic.com\/wp-content\/uploads\/2025\/02\/lab-217041_1280-768x508-1.jpg\" class=\"attachment-large size-large wp-image-16454\" alt=\"\" srcset=\"https:\/\/www.bluestar-forensic.com\/wp-content\/uploads\/2025\/02\/lab-217041_1280-768x508-1.jpg 768w, https:\/\/www.bluestar-forensic.com\/wp-content\/uploads\/2025\/02\/lab-217041_1280-768x508-1-200x132.jpg 200w\" sizes=\"(max-width: 768px) 100vw, 768px\" \/>\t\t\t\t\t\t\t\t\t\t\t\t\t\t\t<\/div>\n\t\t\t\t<\/div>\n\t\t\t\t<div class=\"elementor-element elementor-element-4ef7748 elementor-invisible elementor-widget elementor-widget-text-editor\" data-id=\"4ef7748\" data-element_type=\"widget\" data-e-type=\"widget\" data-settings=\"{&quot;_animation&quot;:&quot;fadeInRight&quot;}\" data-widget_type=\"text-editor.default\">\n\t\t\t\t<div class=\"elementor-widget-container\">\n\t\t\t\t\t\t\t\t\t<h2><span style=\"font-size: 18pt; color: #0080c6;\"><strong>Du luminol \u00e0 BLUESTAR<sup>\u00ae<\/sup> Forensic : un bref historique <\/strong><\/span><\/h2><p>Les premi\u00e8res exp\u00e9rimentations utilisant le luminol comme outil de d\u00e9tection du sang en science forensique remontent \u00e0 1937, lorsque Specht testa sa r\u00e9action chimiluminescente sur divers mat\u00e9riaux tels que de l\u2019herbe, des briques et des pierres impr\u00e9gn\u00e9es de sang.<br \/>En 1939, Proescher et Moody \u00e9valu\u00e8rent davantage le compos\u00e9 sur du sang humain et animal.<br \/>En 1951, Grodsky introduisit une formule utilisable sur le terrain compos\u00e9e de luminol, carbonate de sodium et perborate de sodium, dissous dans de l\u2019eau distill\u00e9e.<\/p><p>Ce m\u00e9lange devint la base de la d\u00e9tection du sang \u00e0 base de luminol utilis\u00e9e par les enqu\u00eateurs de sc\u00e8nes de crime pendant des d\u00e9cennies.<br \/>Cependant, cette composition pr\u00e9sentait plusieurs limitations :<\/p><ul><li><p>L\u2019action oxydante du carbonate de sodium \u00e9tait lente et produisait une lueur faible et \u00e9ph\u00e9m\u00e8re.<\/p><\/li><li><p>La solution, une fois pr\u00e9par\u00e9e, \u00e9tait instable et toxique en raison de la pr\u00e9sence de perborate de sodium.<\/p><\/li><\/ul><p>En 1966, Weber proposa une formule am\u00e9lior\u00e9e incluant du luminol, de l\u2019hydroxyde de sodium ou de potassium, et du peroxyde d\u2019hydrog\u00e8ne dilu\u00e9 dans de l\u2019eau.<br \/>Cette version n\u00e9cessitait un stockage \u00e0 l\u2019abri de la lumi\u00e8re et une r\u00e9frig\u00e9ration.<br \/>La luminescence devait \u00eatre photographi\u00e9e uniquement dans une obscurit\u00e9 totale ou enregistr\u00e9e avec un \u00e9quipement de vision nocturne.<br \/>Malgr\u00e9 quelques am\u00e9liorations, la formule restait instable et peu pratique pour un usage sur le terrain.<\/p>\t\t\t\t\t\t\t\t<\/div>\n\t\t\t\t<\/div>\n\t\t\t\t\t<\/div>\n\t\t\t\t<\/div>\n\t\t<div class=\"aux-parallax-section elementor-element elementor-element-2e93e51 e-grid e-con-boxed e-con e-parent\" data-id=\"2e93e51\" data-element_type=\"container\" data-e-type=\"container\">\n\t\t\t\t\t<div class=\"e-con-inner\">\n\t\t\t\t<div class=\"elementor-element elementor-element-dd93b28 elementor-invisible elementor-widget elementor-widget-text-editor\" data-id=\"dd93b28\" data-element_type=\"widget\" data-e-type=\"widget\" data-settings=\"{&quot;_animation&quot;:&quot;fadeInDown&quot;}\" data-widget_type=\"text-editor.default\">\n\t\t\t\t<div class=\"elementor-widget-container\">\n\t\t\t\t\t\t\t\t\t<h2><span style=\"font-size: 18pt; color: #0080c6;\"><strong>BLUESTAR<sup>\u00ae<\/sup> Forensic : <br \/>une nouvelle formule \u00e0 base de Luminol<\/strong><\/span><\/h2><p>En 2000, Jean-Marc Lefebvre-Despeaux, pr\u00e9sident de BLUESTAR<sup>\u00ae<\/sup>, missionna Lo\u00efc Blum, professeur de biochimie \u00e0 l\u2019Universit\u00e9 Claude Bernard Lyon 1 et directeur du laboratoire d\u2019Ing\u00e9nierie Enzymatique et Biomol\u00e9culaire (EMB2 \u2013 UMR 5013 CNRS-UCBL), pour d\u00e9velopper une nouvelle formule bas\u00e9e sur le luminol, capable de surpasser les g\u00e9n\u00e9rations pr\u00e9c\u00e9dentes.<\/p><p>Le professeur Blum r\u00e9ussit \u00e0 cr\u00e9er la formule aujourd\u2019hui connue sous le nom de BLUESTAR<sup>\u00ae<\/sup> Forensic \u2014 un r\u00e9actif de d\u00e9tection du sang stable, facile \u00e0 utiliser, non toxique, et extr\u00eamement sensible.<\/p><p>Aujourd\u2019hui, BLUESTAR<sup>\u00ae<\/sup> Forensic est utilis\u00e9 par des enqu\u00eateurs dans plus de 95 pays et est largement reconnu comme le r\u00e9actif luminol le plus performant et avanc\u00e9 disponible.<\/p><p>Ses performances ont \u00e9t\u00e9 valid\u00e9es par de nombreuses publications scientifiques, \u00e9tudes et enqu\u00eates criminelles r\u00e9elles.<\/p><p>Il est \u00e9galement utilis\u00e9 en arch\u00e9ologie pour r\u00e9v\u00e9ler des traces de sang anciennes, datant parfois de plusieurs milliers d\u2019ann\u00e9es.<\/p><p>Toutes les \u00e9tudes scientifiques pertinentes, rapports d\u2019actualit\u00e9s et exemples d\u2019affaires sont disponibles sur notre site web.<\/p><p>\u00a0<\/p>\t\t\t\t\t\t\t\t<\/div>\n\t\t\t\t<\/div>\n\t\t\t\t<div class=\"elementor-element elementor-element-9fbc936 elementor-invisible elementor-widget elementor-widget-image\" data-id=\"9fbc936\" data-element_type=\"widget\" data-e-type=\"widget\" data-settings=\"{&quot;_animation&quot;:&quot;fadeInRight&quot;}\" data-widget_type=\"image.default\">\n\t\t\t\t<div class=\"elementor-widget-container\">\n\t\t\t\t\t\t\t\t\t\t\t\t\t\t\t<img decoding=\"async\" width=\"576\" height=\"1024\" src=\"https:\/\/www.bluestar-forensic.com\/wp-content\/uploads\/2025\/02\/JMLD-PNG-576x1024-1.png\" class=\"attachment-large size-large wp-image-16277\" alt=\"\" srcset=\"https:\/\/www.bluestar-forensic.com\/wp-content\/uploads\/2025\/02\/JMLD-PNG-576x1024-1.png 576w, https:\/\/www.bluestar-forensic.com\/wp-content\/uploads\/2025\/02\/JMLD-PNG-576x1024-1-200x356.png 200w\" sizes=\"(max-width: 576px) 100vw, 576px\" \/>\t\t\t\t\t\t\t\t\t\t\t\t\t\t\t<\/div>\n\t\t\t\t<\/div>\n\t\t\t\t\t<\/div>\n\t\t\t\t<\/div>\n\t\t\t\t<\/div>\n\t\t","protected":false},"excerpt":{"rendered":"<p>Histoire de BLUESTAR\u00ae Forensic Du luminol \u00e0 BLUESTAR\u00ae Forensic : un bref historique Les premi\u00e8res exp\u00e9rimentations utilisant le luminol comme outil de d\u00e9tection du sang en science forensique remontent \u00e0 1937, lorsque Specht testa sa r\u00e9action chimiluminescente sur divers mat\u00e9riaux tels que de l\u2019herbe, des briques et des pierres impr\u00e9gn\u00e9es de sang.En 1939, Proescher et [&hellip;]<\/p>\n","protected":false},"author":1,"featured_media":0,"parent":0,"menu_order":0,"comment_status":"closed","ping_status":"closed","template":"","meta":{"_acf_changed":false,"footnotes":""},"class_list":["post-19913","page","type-page","status-publish","hentry"],"acf":[],"yoast_head":"<!-- This site is optimized with the Yoast SEO plugin v27.2 - https:\/\/yoast.com\/product\/yoast-seo-wordpress\/ -->\n<title>L&#039;histoire de Bluestar - Bluestar Forensic<\/title>\n<meta name=\"robots\" content=\"index, follow, max-snippet:-1, max-image-preview:large, max-video-preview:-1\" \/>\n<link rel=\"canonical\" href=\"https:\/\/www.bluestar-forensic.com\/fr\/lhistoire-de-bluestar\/\" \/>\n<meta property=\"og:locale\" content=\"fr_FR\" \/>\n<meta property=\"og:type\" content=\"article\" \/>\n<meta property=\"og:title\" content=\"L&#039;histoire de Bluestar - Bluestar Forensic\" \/>\n<meta property=\"og:description\" content=\"Histoire de BLUESTAR\u00ae Forensic Du luminol \u00e0 BLUESTAR\u00ae Forensic : un bref historique Les premi\u00e8res exp\u00e9rimentations utilisant le luminol comme outil de d\u00e9tection du sang en science forensique remontent \u00e0 1937, lorsque Specht testa sa r\u00e9action chimiluminescente sur divers mat\u00e9riaux tels que de l\u2019herbe, des briques et des pierres impr\u00e9gn\u00e9es de sang.En 1939, Proescher et [&hellip;]\" \/>\n<meta property=\"og:url\" content=\"https:\/\/www.bluestar-forensic.com\/fr\/lhistoire-de-bluestar\/\" \/>\n<meta property=\"og:site_name\" content=\"Bluestar Forensic\" \/>\n<meta property=\"article:publisher\" content=\"https:\/\/www.facebook.com\/bluestarforensic\/\" \/>\n<meta property=\"article:modified_time\" content=\"2025-08-13T16:56:56+00:00\" \/>\n<meta name=\"twitter:card\" content=\"summary_large_image\" \/>\n<meta name=\"twitter:label1\" content=\"Dur\u00e9e de lecture estim\u00e9e\" \/>\n\t<meta name=\"twitter:data1\" content=\"2 minutes\" \/>\n<script type=\"application\/ld+json\" class=\"yoast-schema-graph\">{\"@context\":\"https:\/\/schema.org\",\"@graph\":[{\"@type\":\"WebPage\",\"@id\":\"https:\/\/www.bluestar-forensic.com\/fr\/lhistoire-de-bluestar\/\",\"url\":\"https:\/\/www.bluestar-forensic.com\/fr\/lhistoire-de-bluestar\/\",\"name\":\"L'histoire de Bluestar - Bluestar Forensic\",\"isPartOf\":{\"@id\":\"https:\/\/www.bluestar-forensic.com\/#website\"},\"primaryImageOfPage\":{\"@id\":\"https:\/\/www.bluestar-forensic.com\/fr\/lhistoire-de-bluestar\/#primaryimage\"},\"image\":{\"@id\":\"https:\/\/www.bluestar-forensic.com\/fr\/lhistoire-de-bluestar\/#primaryimage\"},\"thumbnailUrl\":\"https:\/\/www.bluestar-forensic.com\/wp-content\/uploads\/2025\/03\/icone.svg\",\"datePublished\":\"2025-02-28T17:55:34+00:00\",\"dateModified\":\"2025-08-13T16:56:56+00:00\",\"breadcrumb\":{\"@id\":\"https:\/\/www.bluestar-forensic.com\/fr\/lhistoire-de-bluestar\/#breadcrumb\"},\"inLanguage\":\"fr-FR\",\"potentialAction\":[{\"@type\":\"ReadAction\",\"target\":[\"https:\/\/www.bluestar-forensic.com\/fr\/lhistoire-de-bluestar\/\"]}]},{\"@type\":\"ImageObject\",\"inLanguage\":\"fr-FR\",\"@id\":\"https:\/\/www.bluestar-forensic.com\/fr\/lhistoire-de-bluestar\/#primaryimage\",\"url\":\"https:\/\/www.bluestar-forensic.com\/wp-content\/uploads\/2025\/03\/icone.svg\",\"contentUrl\":\"https:\/\/www.bluestar-forensic.com\/wp-content\/uploads\/2025\/03\/icone.svg\"},{\"@type\":\"BreadcrumbList\",\"@id\":\"https:\/\/www.bluestar-forensic.com\/fr\/lhistoire-de-bluestar\/#breadcrumb\",\"itemListElement\":[{\"@type\":\"ListItem\",\"position\":1,\"name\":\"Home\",\"item\":\"https:\/\/www.bluestar-forensic.com\/\"},{\"@type\":\"ListItem\",\"position\":2,\"name\":\"L&#8217;histoire de Bluestar\"}]},{\"@type\":\"WebSite\",\"@id\":\"https:\/\/www.bluestar-forensic.com\/#website\",\"url\":\"https:\/\/www.bluestar-forensic.com\/\",\"name\":\"Bluestar UNIQUE Forensic\",\"description\":\"\",\"publisher\":{\"@id\":\"https:\/\/www.bluestar-forensic.com\/#organization\"},\"potentialAction\":[{\"@type\":\"SearchAction\",\"target\":{\"@type\":\"EntryPoint\",\"urlTemplate\":\"https:\/\/www.bluestar-forensic.com\/?s={search_term_string}\"},\"query-input\":{\"@type\":\"PropertyValueSpecification\",\"valueRequired\":true,\"valueName\":\"search_term_string\"}}],\"inLanguage\":\"fr-FR\"},{\"@type\":\"Organization\",\"@id\":\"https:\/\/www.bluestar-forensic.com\/#organization\",\"name\":\"Bluestar Forensic LATENT BLOODSTAIN REAGENT\",\"url\":\"https:\/\/www.bluestar-forensic.com\/\",\"logo\":{\"@type\":\"ImageObject\",\"inLanguage\":\"fr-FR\",\"@id\":\"https:\/\/www.bluestar-forensic.com\/#\/schema\/logo\/image\/\",\"url\":\"https:\/\/www.bluestar-forensic.com\/wp-content\/uploads\/2025\/02\/Logo-bluestar-copie.svg\",\"contentUrl\":\"https:\/\/www.bluestar-forensic.com\/wp-content\/uploads\/2025\/02\/Logo-bluestar-copie.svg\",\"width\":1494,\"height\":346,\"caption\":\"Bluestar Forensic LATENT BLOODSTAIN REAGENT\"},\"image\":{\"@id\":\"https:\/\/www.bluestar-forensic.com\/#\/schema\/logo\/image\/\"},\"sameAs\":[\"https:\/\/www.facebook.com\/bluestarforensic\/\",\"https:\/\/www.instagram.com\/bluestar_forensic\/\"]}]}<\/script>\n<!-- \/ Yoast SEO plugin. -->","yoast_head_json":{"title":"L'histoire de Bluestar - Bluestar Forensic","robots":{"index":"index","follow":"follow","max-snippet":"max-snippet:-1","max-image-preview":"max-image-preview:large","max-video-preview":"max-video-preview:-1"},"canonical":"https:\/\/www.bluestar-forensic.com\/fr\/lhistoire-de-bluestar\/","og_locale":"fr_FR","og_type":"article","og_title":"L'histoire de Bluestar - Bluestar Forensic","og_description":"Histoire de BLUESTAR\u00ae Forensic Du luminol \u00e0 BLUESTAR\u00ae Forensic : un bref historique Les premi\u00e8res exp\u00e9rimentations utilisant le luminol comme outil de d\u00e9tection du sang en science forensique remontent \u00e0 1937, lorsque Specht testa sa r\u00e9action chimiluminescente sur divers mat\u00e9riaux tels que de l\u2019herbe, des briques et des pierres impr\u00e9gn\u00e9es de sang.En 1939, Proescher et [&hellip;]","og_url":"https:\/\/www.bluestar-forensic.com\/fr\/lhistoire-de-bluestar\/","og_site_name":"Bluestar Forensic","article_publisher":"https:\/\/www.facebook.com\/bluestarforensic\/","article_modified_time":"2025-08-13T16:56:56+00:00","twitter_card":"summary_large_image","twitter_misc":{"Dur\u00e9e de lecture estim\u00e9e":"2 minutes"},"schema":{"@context":"https:\/\/schema.org","@graph":[{"@type":"WebPage","@id":"https:\/\/www.bluestar-forensic.com\/fr\/lhistoire-de-bluestar\/","url":"https:\/\/www.bluestar-forensic.com\/fr\/lhistoire-de-bluestar\/","name":"L'histoire de Bluestar - Bluestar Forensic","isPartOf":{"@id":"https:\/\/www.bluestar-forensic.com\/#website"},"primaryImageOfPage":{"@id":"https:\/\/www.bluestar-forensic.com\/fr\/lhistoire-de-bluestar\/#primaryimage"},"image":{"@id":"https:\/\/www.bluestar-forensic.com\/fr\/lhistoire-de-bluestar\/#primaryimage"},"thumbnailUrl":"https:\/\/www.bluestar-forensic.com\/wp-content\/uploads\/2025\/03\/icone.svg","datePublished":"2025-02-28T17:55:34+00:00","dateModified":"2025-08-13T16:56:56+00:00","breadcrumb":{"@id":"https:\/\/www.bluestar-forensic.com\/fr\/lhistoire-de-bluestar\/#breadcrumb"},"inLanguage":"fr-FR","potentialAction":[{"@type":"ReadAction","target":["https:\/\/www.bluestar-forensic.com\/fr\/lhistoire-de-bluestar\/"]}]},{"@type":"ImageObject","inLanguage":"fr-FR","@id":"https:\/\/www.bluestar-forensic.com\/fr\/lhistoire-de-bluestar\/#primaryimage","url":"https:\/\/www.bluestar-forensic.com\/wp-content\/uploads\/2025\/03\/icone.svg","contentUrl":"https:\/\/www.bluestar-forensic.com\/wp-content\/uploads\/2025\/03\/icone.svg"},{"@type":"BreadcrumbList","@id":"https:\/\/www.bluestar-forensic.com\/fr\/lhistoire-de-bluestar\/#breadcrumb","itemListElement":[{"@type":"ListItem","position":1,"name":"Home","item":"https:\/\/www.bluestar-forensic.com\/"},{"@type":"ListItem","position":2,"name":"L&#8217;histoire de Bluestar"}]},{"@type":"WebSite","@id":"https:\/\/www.bluestar-forensic.com\/#website","url":"https:\/\/www.bluestar-forensic.com\/","name":"Bluestar UNIQUE Forensic","description":"","publisher":{"@id":"https:\/\/www.bluestar-forensic.com\/#organization"},"potentialAction":[{"@type":"SearchAction","target":{"@type":"EntryPoint","urlTemplate":"https:\/\/www.bluestar-forensic.com\/?s={search_term_string}"},"query-input":{"@type":"PropertyValueSpecification","valueRequired":true,"valueName":"search_term_string"}}],"inLanguage":"fr-FR"},{"@type":"Organization","@id":"https:\/\/www.bluestar-forensic.com\/#organization","name":"Bluestar Forensic LATENT BLOODSTAIN REAGENT","url":"https:\/\/www.bluestar-forensic.com\/","logo":{"@type":"ImageObject","inLanguage":"fr-FR","@id":"https:\/\/www.bluestar-forensic.com\/#\/schema\/logo\/image\/","url":"https:\/\/www.bluestar-forensic.com\/wp-content\/uploads\/2025\/02\/Logo-bluestar-copie.svg","contentUrl":"https:\/\/www.bluestar-forensic.com\/wp-content\/uploads\/2025\/02\/Logo-bluestar-copie.svg","width":1494,"height":346,"caption":"Bluestar Forensic LATENT BLOODSTAIN REAGENT"},"image":{"@id":"https:\/\/www.bluestar-forensic.com\/#\/schema\/logo\/image\/"},"sameAs":["https:\/\/www.facebook.com\/bluestarforensic\/","https:\/\/www.instagram.com\/bluestar_forensic\/"]}]}},"_links":{"self":[{"href":"https:\/\/www.bluestar-forensic.com\/fr\/wp-json\/wp\/v2\/pages\/19913","targetHints":{"allow":["GET"]}}],"collection":[{"href":"https:\/\/www.bluestar-forensic.com\/fr\/wp-json\/wp\/v2\/pages"}],"about":[{"href":"https:\/\/www.bluestar-forensic.com\/fr\/wp-json\/wp\/v2\/types\/page"}],"author":[{"embeddable":true,"href":"https:\/\/www.bluestar-forensic.com\/fr\/wp-json\/wp\/v2\/users\/1"}],"replies":[{"embeddable":true,"href":"https:\/\/www.bluestar-forensic.com\/fr\/wp-json\/wp\/v2\/comments?post=19913"}],"version-history":[{"count":7,"href":"https:\/\/www.bluestar-forensic.com\/fr\/wp-json\/wp\/v2\/pages\/19913\/revisions"}],"predecessor-version":[{"id":20798,"href":"https:\/\/www.bluestar-forensic.com\/fr\/wp-json\/wp\/v2\/pages\/19913\/revisions\/20798"}],"wp:attachment":[{"href":"https:\/\/www.bluestar-forensic.com\/fr\/wp-json\/wp\/v2\/media?parent=19913"}],"curies":[{"name":"wp","href":"https:\/\/api.w.org\/{rel}","templated":true}]}}