{"id":19981,"date":"2025-02-28T18:41:28","date_gmt":"2025-02-28T18:41:28","guid":{"rendered":"https:\/\/toty.fr\/Bluestar\/comparez-bluestar-et-le-luminol\/"},"modified":"2025-08-14T09:06:23","modified_gmt":"2025-08-14T09:06:23","slug":"comparez-bluestar-et-le-luminol","status":"publish","type":"page","link":"https:\/\/www.bluestar-forensic.com\/fr\/comparez-bluestar-et-le-luminol\/","title":{"rendered":"Comparez Bluestar et le luminol"},"content":{"rendered":"\t\t<div data-elementor-type=\"wp-page\" data-elementor-id=\"19981\" class=\"elementor elementor-19981 elementor-16509\" data-elementor-post-type=\"page\">\n\t\t\t\t<div class=\"aux-parallax-section elementor-element elementor-element-4cba210 e-flex e-con-boxed e-con e-parent\" data-id=\"4cba210\" data-element_type=\"container\" data-e-type=\"container\">\n\t\t\t\t\t<div class=\"e-con-inner\">\n\t\t\t\t<div class=\"elementor-element elementor-element-1d12a87 elementor-invisible elementor-widget elementor-widget-text-editor\" data-id=\"1d12a87\" data-element_type=\"widget\" data-e-type=\"widget\" data-settings=\"{&quot;_animation&quot;:&quot;fadeInDown&quot;}\" data-widget_type=\"text-editor.default\">\n\t\t\t\t<div class=\"elementor-widget-container\">\n\t\t\t\t\t\t\t\t\t<h3 class=\"elementor-heading-title elementor-size-xxl\"><a href=\"https:\/\/www.bluestar-forensic.com\/wp-content\/uploads\/2025\/03\/icone.svg\"><img decoding=\"async\" class=\"wp-image-17525 aligncenter\" src=\"https:\/\/www.bluestar-forensic.com\/wp-content\/uploads\/2025\/03\/icone.svg\" alt=\"\" width=\"59\" height=\"61\" \/><\/a><\/h3><h2 style=\"text-align: center;\">Comparez Bluestar<sup>\u00ae<\/sup> et le luminol<\/h2>\t\t\t\t\t\t\t\t<\/div>\n\t\t\t\t<\/div>\n\t\t\t\t\t<\/div>\n\t\t\t\t<\/div>\n\t\t<div class=\"aux-parallax-section elementor-element elementor-element-c1e1a63 e-flex e-con-boxed e-con e-parent\" data-id=\"c1e1a63\" data-element_type=\"container\" data-e-type=\"container\">\n\t\t\t\t\t<div class=\"e-con-inner\">\n\t\t\t\t<div class=\"elementor-element elementor-element-1f389d8 elementor-widget elementor-widget-text-editor\" data-id=\"1f389d8\" data-element_type=\"widget\" data-e-type=\"widget\" data-widget_type=\"text-editor.default\">\n\t\t\t\t<div class=\"elementor-widget-container\">\n\t\t\t\t\t\t\t\t\t<p>Comment le BLUESTAR<sup>\u00ae<\/sup> FORENSIC se comporte-t-il face au Luminol et \u00e0 la Fluoresc\u00e9ine ? Ces \u00e9tudes ind\u00e9pendantes font le point<\/p>\t\t\t\t\t\t\t\t<\/div>\n\t\t\t\t<\/div>\n\t\t\t\t\t<\/div>\n\t\t\t\t<\/div>\n\t\t<div class=\"aux-parallax-section elementor-element elementor-element-c9895b3 e-flex e-con-boxed e-con e-parent\" data-id=\"c9895b3\" data-element_type=\"container\" data-e-type=\"container\">\n\t\t\t\t\t<div class=\"e-con-inner\">\n\t\t<div class=\"elementor-element elementor-element-8f43c52 e-con-full e-flex e-con e-child\" data-id=\"8f43c52\" data-element_type=\"container\" data-e-type=\"container\">\n\t\t\t\t<div class=\"elementor-element elementor-element-d13565c elementor-position-inline-start elementor-view-default elementor-mobile-position-block-start elementor-widget elementor-widget-icon-box\" data-id=\"d13565c\" data-element_type=\"widget\" data-e-type=\"widget\" data-widget_type=\"icon-box.default\">\n\t\t\t\t<div class=\"elementor-widget-container\">\n\t\t\t\t\t\t\t<div class=\"elementor-icon-box-wrapper\">\n\n\t\t\t\t\t\t<div class=\"elementor-icon-box-icon\">\n\t\t\t\t<a href=\"https:\/\/www.bluestar-forensic.com\/wp-content\/uploads\/2025\/02\/eiapba.ppt\" target=\"_blank\" class=\"elementor-icon\" tabindex=\"-1\" aria-label=\"Diaporama comparatif Fluoresc\u00e9ine\/Bluestar\u00ae\/Luminol\">\n\t\t\t\t<i aria-hidden=\"true\" class=\"fas fa-file-powerpoint\"><\/i>\t\t\t\t<\/a>\n\t\t\t<\/div>\n\t\t\t\n\t\t\t\t\t\t<div class=\"elementor-icon-box-content\">\n\n\t\t\t\t\t\t\t\t\t<h3 class=\"elementor-icon-box-title\">\n\t\t\t\t\t\t<a href=\"https:\/\/www.bluestar-forensic.com\/wp-content\/uploads\/2025\/02\/eiapba.ppt\" target=\"_blank\" >\n\t\t\t\t\t\t\tDiaporama comparatif Fluoresc\u00e9ine\/Bluestar\u00ae\/Luminol\t\t\t\t\t\t<\/a>\n\t\t\t\t\t<\/h3>\n\t\t\t\t\n\t\t\t\t\t\t\t\t\t<p class=\"elementor-icon-box-description\">\n\t\t\t\t\t\t.\t\t\t\t\t<\/p>\n\t\t\t\t\n\t\t\t<\/div>\n\t\t\t\n\t\t<\/div>\n\t\t\t\t\t\t<\/div>\n\t\t\t\t<\/div>\n\t\t\t\t<\/div>\n\t\t<div class=\"elementor-element elementor-element-3e4062d e-con-full e-flex e-con e-child\" data-id=\"3e4062d\" data-element_type=\"container\" data-e-type=\"container\">\n\t\t\t\t<div class=\"elementor-element elementor-element-5faa9b8 elementor-position-inline-start elementor-view-default elementor-mobile-position-block-start elementor-widget elementor-widget-icon-box\" data-id=\"5faa9b8\" data-element_type=\"widget\" data-e-type=\"widget\" data-widget_type=\"icon-box.default\">\n\t\t\t\t<div class=\"elementor-widget-container\">\n\t\t\t\t\t\t\t<div class=\"elementor-icon-box-wrapper\">\n\n\t\t\t\t\t\t<div class=\"elementor-icon-box-icon\">\n\t\t\t\t<a href=\"https:\/\/www.bluestar-forensic.com\/wp-content\/uploads\/2025\/02\/st_louis_comparison_study.pdf\" target=\"_blank\" class=\"elementor-icon\" tabindex=\"-1\" aria-label=\"\u00c9tude comparative : Luminol vs. BLUESTAR\">\n\t\t\t\t<i aria-hidden=\"true\" class=\"fas fa-file-pdf\"><\/i>\t\t\t\t<\/a>\n\t\t\t<\/div>\n\t\t\t\n\t\t\t\t\t\t<div class=\"elementor-icon-box-content\">\n\n\t\t\t\t\t\t\t\t\t<h3 class=\"elementor-icon-box-title\">\n\t\t\t\t\t\t<a href=\"https:\/\/www.bluestar-forensic.com\/wp-content\/uploads\/2025\/02\/st_louis_comparison_study.pdf\" target=\"_blank\" >\n\t\t\t\t\t\t\t\u00c9tude comparative : Luminol vs. BLUESTAR\t\t\t\t\t\t<\/a>\n\t\t\t\t\t<\/h3>\n\t\t\t\t\n\t\t\t\t\t\t\t\t\t<p class=\"elementor-icon-box-description\">\n\t\t\t\t\t\t.\t\t\t\t\t<\/p>\n\t\t\t\t\n\t\t\t<\/div>\n\t\t\t\n\t\t<\/div>\n\t\t\t\t\t\t<\/div>\n\t\t\t\t<\/div>\n\t\t\t\t<\/div>\n\t\t\t\t\t<\/div>\n\t\t\t\t<\/div>\n\t\t<div class=\"aux-parallax-section elementor-element elementor-element-4a7dd2d e-flex e-con-boxed e-con e-parent\" data-id=\"4a7dd2d\" data-element_type=\"container\" data-e-type=\"container\">\n\t\t\t\t\t<div class=\"e-con-inner\">\n\t\t<div class=\"elementor-element elementor-element-cf620e9 e-con-full e-flex e-con e-child\" data-id=\"cf620e9\" data-element_type=\"container\" data-e-type=\"container\">\n\t\t\t\t<div class=\"elementor-element elementor-element-369351f elementor-position-inline-start elementor-view-default elementor-mobile-position-block-start elementor-widget elementor-widget-icon-box\" data-id=\"369351f\" data-element_type=\"widget\" data-e-type=\"widget\" data-widget_type=\"icon-box.default\">\n\t\t\t\t<div class=\"elementor-widget-container\">\n\t\t\t\t\t\t\t<div class=\"elementor-icon-box-wrapper\">\n\n\t\t\t\t\t\t<div class=\"elementor-icon-box-icon\">\n\t\t\t\t<a href=\"https:\/\/www.bluestar-forensic.com\/wp-content\/uploads\/2025\/03\/boston_univ_comparative_bluestar_performance_study.pdf\" target=\"_blank\" class=\"elementor-icon\" tabindex=\"-1\" aria-label=\"The Effects of Substrate, Blood Volume, and Washing on the Performance of Luminol, Bluestar\u00ae Forensic, and Bluestar\u00ae Forensic Magnum\">\n\t\t\t\t<i aria-hidden=\"true\" class=\"fas fa-file-pdf\"><\/i>\t\t\t\t<\/a>\n\t\t\t<\/div>\n\t\t\t\n\t\t\t\t\t\t<div class=\"elementor-icon-box-content\">\n\n\t\t\t\t\t\t\t\t\t<h3 class=\"elementor-icon-box-title\">\n\t\t\t\t\t\t<a href=\"https:\/\/www.bluestar-forensic.com\/wp-content\/uploads\/2025\/03\/boston_univ_comparative_bluestar_performance_study.pdf\" target=\"_blank\" >\n\t\t\t\t\t\t\tThe Effects of Substrate, Blood Volume, and Washing on the Performance of Luminol, Bluestar\u00ae Forensic, and Bluestar\u00ae Forensic Magnum\t\t\t\t\t\t<\/a>\n\t\t\t\t\t<\/h3>\n\t\t\t\t\n\t\t\t\t\t\t\t\t\t<p class=\"elementor-icon-box-description\">\n\t\t\t\t\t\t.\t\t\t\t\t<\/p>\n\t\t\t\t\n\t\t\t<\/div>\n\t\t\t\n\t\t<\/div>\n\t\t\t\t\t\t<\/div>\n\t\t\t\t<\/div>\n\t\t\t\t<\/div>\n\t\t<div class=\"elementor-element elementor-element-2dae5de e-con-full e-flex e-con e-child\" data-id=\"2dae5de\" data-element_type=\"container\" data-e-type=\"container\">\n\t\t\t\t<div class=\"elementor-element elementor-element-248ee27 elementor-position-inline-start elementor-view-default elementor-mobile-position-block-start elementor-widget elementor-widget-icon-box\" data-id=\"248ee27\" data-element_type=\"widget\" data-e-type=\"widget\" data-widget_type=\"icon-box.default\">\n\t\t\t\t<div class=\"elementor-widget-container\">\n\t\t\t\t\t\t\t<div class=\"elementor-icon-box-wrapper\">\n\n\t\t\t\t\t\t<div class=\"elementor-icon-box-icon\">\n\t\t\t\t<a href=\"https:\/\/www.bluestar-forensic.com\/wp-content\/uploads\/2025\/03\/lautz_webb_bluestar_magnum_effects_on_dna.pdf\" target=\"_blank\" class=\"elementor-icon\" tabindex=\"-1\" aria-label=\"A comparative study of BLUESTAR\u00ae FORENSIC MAGNUM vs. Luminol performances and their effects on DNA typing\/amplification\">\n\t\t\t\t<i aria-hidden=\"true\" class=\"fas fa-file-pdf\"><\/i>\t\t\t\t<\/a>\n\t\t\t<\/div>\n\t\t\t\n\t\t\t\t\t\t<div class=\"elementor-icon-box-content\">\n\n\t\t\t\t\t\t\t\t\t<h3 class=\"elementor-icon-box-title\">\n\t\t\t\t\t\t<a href=\"https:\/\/www.bluestar-forensic.com\/wp-content\/uploads\/2025\/03\/lautz_webb_bluestar_magnum_effects_on_dna.pdf\" target=\"_blank\" >\n\t\t\t\t\t\t\tA comparative study of BLUESTAR\u00ae FORENSIC MAGNUM vs. Luminol performances and their effects on DNA typing\/amplification\t\t\t\t\t\t<\/a>\n\t\t\t\t\t<\/h3>\n\t\t\t\t\n\t\t\t\t\t\t\t\t\t<p class=\"elementor-icon-box-description\">\n\t\t\t\t\t\t.\t\t\t\t\t<\/p>\n\t\t\t\t\n\t\t\t<\/div>\n\t\t\t\n\t\t<\/div>\n\t\t\t\t\t\t<\/div>\n\t\t\t\t<\/div>\n\t\t\t\t<\/div>\n\t\t\t\t\t<\/div>\n\t\t\t\t<\/div>\n\t\t<div class=\"aux-parallax-section elementor-element elementor-element-814da3a e-flex e-con-boxed e-con e-parent\" data-id=\"814da3a\" data-element_type=\"container\" data-e-type=\"container\">\n\t\t\t\t\t<div class=\"e-con-inner\">\n\t\t<div class=\"elementor-element elementor-element-645807c e-con-full e-flex e-con e-child\" data-id=\"645807c\" data-element_type=\"container\" data-e-type=\"container\">\n\t\t\t\t<div class=\"elementor-element elementor-element-2034e56 elementor-position-inline-start elementor-view-default elementor-mobile-position-block-start elementor-widget elementor-widget-icon-box\" data-id=\"2034e56\" data-element_type=\"widget\" data-e-type=\"widget\" data-widget_type=\"icon-box.default\">\n\t\t\t\t<div class=\"elementor-widget-container\">\n\t\t\t\t\t\t\t<div class=\"elementor-icon-box-wrapper\">\n\n\t\t\t\t\t\t<div class=\"elementor-icon-box-icon\">\n\t\t\t\t<a href=\"https:\/\/www.bluestar-forensic.com\/wp-content\/uploads\/2025\/03\/csfs_vol39_bluestar_blum.pdf\" target=\"_blank\" class=\"elementor-icon\" tabindex=\"-1\" aria-label=\"Introduction d&#039;un nouveau r\u00e9actif de haute performance bas\u00e9 sur la chimiluminescence Luminol\">\n\t\t\t\t<i aria-hidden=\"true\" class=\"fas fa-file-pdf\"><\/i>\t\t\t\t<\/a>\n\t\t\t<\/div>\n\t\t\t\n\t\t\t\t\t\t<div class=\"elementor-icon-box-content\">\n\n\t\t\t\t\t\t\t\t\t<h3 class=\"elementor-icon-box-title\">\n\t\t\t\t\t\t<a href=\"https:\/\/www.bluestar-forensic.com\/wp-content\/uploads\/2025\/03\/csfs_vol39_bluestar_blum.pdf\" target=\"_blank\" >\n\t\t\t\t\t\t\tIntroduction d'un nouveau r\u00e9actif de haute performance bas\u00e9 sur la chimiluminescence Luminol\t\t\t\t\t\t<\/a>\n\t\t\t\t\t<\/h3>\n\t\t\t\t\n\t\t\t\t\t\t\t\t\t<p class=\"elementor-icon-box-description\">\n\t\t\t\t\t\t.\t\t\t\t\t<\/p>\n\t\t\t\t\n\t\t\t<\/div>\n\t\t\t\n\t\t<\/div>\n\t\t\t\t\t\t<\/div>\n\t\t\t\t<\/div>\n\t\t\t\t<\/div>\n\t\t<div class=\"elementor-element elementor-element-6dc30c1 e-con-full e-flex e-con e-child\" data-id=\"6dc30c1\" data-element_type=\"container\" data-e-type=\"container\">\n\t\t\t\t<div class=\"elementor-element elementor-element-3a7cf7a elementor-position-inline-start elementor-view-default elementor-mobile-position-block-start elementor-widget elementor-widget-icon-box\" data-id=\"3a7cf7a\" data-element_type=\"widget\" data-e-type=\"widget\" data-widget_type=\"icon-box.default\">\n\t\t\t\t<div class=\"elementor-widget-container\">\n\t\t\t\t\t\t\t<div class=\"elementor-icon-box-wrapper\">\n\n\t\t\t\t\t\t<div class=\"elementor-icon-box-icon\">\n\t\t\t\t<a href=\"https:\/\/www.bluestar-forensic.com\/wp-content\/uploads\/2025\/03\/false_positives_2008_study.pdf\" target=\"_blank\" class=\"elementor-icon\" tabindex=\"-1\" aria-label=\"Faux positifs du Bluestar\">\n\t\t\t\t<i aria-hidden=\"true\" class=\"fas fa-file-pdf\"><\/i>\t\t\t\t<\/a>\n\t\t\t<\/div>\n\t\t\t\n\t\t\t\t\t\t<div class=\"elementor-icon-box-content\">\n\n\t\t\t\t\t\t\t\t\t<h3 class=\"elementor-icon-box-title\">\n\t\t\t\t\t\t<a href=\"https:\/\/www.bluestar-forensic.com\/wp-content\/uploads\/2025\/03\/false_positives_2008_study.pdf\" target=\"_blank\" >\n\t\t\t\t\t\t\tFaux positifs du Bluestar\t\t\t\t\t\t<\/a>\n\t\t\t\t\t<\/h3>\n\t\t\t\t\n\t\t\t\t\t\t\t\t\t<p class=\"elementor-icon-box-description\">\n\t\t\t\t\t\t.\t\t\t\t\t<\/p>\n\t\t\t\t\n\t\t\t<\/div>\n\t\t\t\n\t\t<\/div>\n\t\t\t\t\t\t<\/div>\n\t\t\t\t<\/div>\n\t\t\t\t<\/div>\n\t\t\t\t\t<\/div>\n\t\t\t\t<\/div>\n\t\t<div class=\"aux-parallax-section elementor-element elementor-element-210534f e-flex e-con-boxed e-con e-parent\" data-id=\"210534f\" data-element_type=\"container\" data-e-type=\"container\">\n\t\t\t\t\t<div class=\"e-con-inner\">\n\t\t<div class=\"elementor-element elementor-element-f048990 e-con-full e-flex e-con e-child\" data-id=\"f048990\" data-element_type=\"container\" data-e-type=\"container\">\n\t\t\t\t<div class=\"elementor-element elementor-element-5055705 elementor-position-inline-start elementor-view-default elementor-mobile-position-block-start elementor-widget elementor-widget-icon-box\" data-id=\"5055705\" data-element_type=\"widget\" data-e-type=\"widget\" data-widget_type=\"icon-box.default\">\n\t\t\t\t<div class=\"elementor-widget-container\">\n\t\t\t\t\t\t\t<div class=\"elementor-icon-box-wrapper\">\n\n\t\t\t\t\t\t<div class=\"elementor-icon-box-icon\">\n\t\t\t\t<a href=\"https:\/\/www.bluestar-forensic.com\/wp-content\/uploads\/2025\/03\/eiapba.ppt\" target=\"_blank\" class=\"elementor-icon\" tabindex=\"-1\" aria-label=\"A comparison of visual enhancement chemicals for the recovery of possible blood stains at the crime scene. Luminol vs. BLUESTAR\u00ae.\">\n\t\t\t\t<i aria-hidden=\"true\" class=\"fas fa-file-powerpoint\"><\/i>\t\t\t\t<\/a>\n\t\t\t<\/div>\n\t\t\t\n\t\t\t\t\t\t<div class=\"elementor-icon-box-content\">\n\n\t\t\t\t\t\t\t\t\t<h3 class=\"elementor-icon-box-title\">\n\t\t\t\t\t\t<a href=\"https:\/\/www.bluestar-forensic.com\/wp-content\/uploads\/2025\/03\/eiapba.ppt\" target=\"_blank\" >\n\t\t\t\t\t\t\tA comparison of visual enhancement chemicals for the recovery of possible blood stains at the crime scene. Luminol vs. BLUESTAR\u00ae.\t\t\t\t\t\t<\/a>\n\t\t\t\t\t<\/h3>\n\t\t\t\t\n\t\t\t\t\t\t\t\t\t<p class=\"elementor-icon-box-description\">\n\t\t\t\t\t\t.\t\t\t\t\t<\/p>\n\t\t\t\t\n\t\t\t<\/div>\n\t\t\t\n\t\t<\/div>\n\t\t\t\t\t\t<\/div>\n\t\t\t\t<\/div>\n\t\t\t\t<\/div>\n\t\t<div class=\"elementor-element elementor-element-8646be4 e-con-full e-flex e-con e-child\" data-id=\"8646be4\" data-element_type=\"container\" data-e-type=\"container\">\n\t\t\t\t<div class=\"elementor-element elementor-element-1aa5cbb elementor-position-inline-start elementor-view-default elementor-mobile-position-block-start elementor-widget elementor-widget-icon-box\" data-id=\"1aa5cbb\" data-element_type=\"widget\" data-e-type=\"widget\" data-widget_type=\"icon-box.default\">\n\t\t\t\t<div class=\"elementor-widget-container\">\n\t\t\t\t\t\t\t<div class=\"elementor-icon-box-wrapper\">\n\n\t\t\t\t\t\t<div class=\"elementor-icon-box-icon\">\n\t\t\t\t<a href=\"https:\/\/www.bluestar-forensic.com\/wp-content\/uploads\/2025\/03\/jfi_56__bluestar_luminol_comparison.pdf\" target=\"_blank\" class=\"elementor-icon\" tabindex=\"-1\" aria-label=\"Use of BLUESTAR FORENSIC in lieu of Luminol at crime scenes\">\n\t\t\t\t<i aria-hidden=\"true\" class=\"fas fa-file-pdf\"><\/i>\t\t\t\t<\/a>\n\t\t\t<\/div>\n\t\t\t\n\t\t\t\t\t\t<div class=\"elementor-icon-box-content\">\n\n\t\t\t\t\t\t\t\t\t<h3 class=\"elementor-icon-box-title\">\n\t\t\t\t\t\t<a href=\"https:\/\/www.bluestar-forensic.com\/wp-content\/uploads\/2025\/03\/jfi_56__bluestar_luminol_comparison.pdf\" target=\"_blank\" >\n\t\t\t\t\t\t\tUse of BLUESTAR FORENSIC in lieu of Luminol at crime scenes\t\t\t\t\t\t<\/a>\n\t\t\t\t\t<\/h3>\n\t\t\t\t\n\t\t\t\t\t\t\t\t\t<p class=\"elementor-icon-box-description\">\n\t\t\t\t\t\t.\t\t\t\t\t<\/p>\n\t\t\t\t\n\t\t\t<\/div>\n\t\t\t\n\t\t<\/div>\n\t\t\t\t\t\t<\/div>\n\t\t\t\t<\/div>\n\t\t\t\t<\/div>\n\t\t\t\t\t<\/div>\n\t\t\t\t<\/div>\n\t\t\t\t<\/div>\n\t\t","protected":false},"excerpt":{"rendered":"<p>Comparez Bluestar\u00ae et le luminol Comment le BLUESTAR\u00ae FORENSIC se comporte-t-il face au Luminol et \u00e0 la Fluoresc\u00e9ine ? Ces \u00e9tudes ind\u00e9pendantes font le point Diaporama comparatif Fluoresc\u00e9ine\/Bluestar\u00ae\/Luminol . \u00c9tude comparative : Luminol vs. BLUESTAR . The Effects of Substrate, Blood Volume, and Washing on the Performance of Luminol, Bluestar\u00ae Forensic, and Bluestar\u00ae Forensic Magnum [&hellip;]<\/p>\n","protected":false},"author":1,"featured_media":0,"parent":0,"menu_order":0,"comment_status":"closed","ping_status":"closed","template":"","meta":{"_acf_changed":false,"footnotes":""},"class_list":["post-19981","page","type-page","status-publish","hentry"],"acf":[],"yoast_head":"<!-- This site is optimized with the Yoast SEO plugin v27.2 - https:\/\/yoast.com\/product\/yoast-seo-wordpress\/ -->\n<title>Comparez Bluestar et le luminol - Bluestar Forensic<\/title>\n<meta name=\"robots\" content=\"index, follow, max-snippet:-1, max-image-preview:large, max-video-preview:-1\" \/>\n<link rel=\"canonical\" href=\"https:\/\/www.bluestar-forensic.com\/fr\/comparez-bluestar-et-le-luminol\/\" \/>\n<meta property=\"og:locale\" content=\"fr_FR\" \/>\n<meta property=\"og:type\" content=\"article\" \/>\n<meta property=\"og:title\" content=\"Comparez Bluestar et le luminol - Bluestar Forensic\" \/>\n<meta property=\"og:description\" content=\"Comparez Bluestar\u00ae et le luminol Comment le BLUESTAR\u00ae FORENSIC se comporte-t-il face au Luminol et \u00e0 la Fluoresc\u00e9ine ? Ces \u00e9tudes ind\u00e9pendantes font le point Diaporama comparatif Fluoresc\u00e9ine\/Bluestar\u00ae\/Luminol . \u00c9tude comparative : Luminol vs. BLUESTAR . The Effects of Substrate, Blood Volume, and Washing on the Performance of Luminol, Bluestar\u00ae Forensic, and Bluestar\u00ae Forensic Magnum [&hellip;]\" \/>\n<meta property=\"og:url\" content=\"https:\/\/www.bluestar-forensic.com\/fr\/comparez-bluestar-et-le-luminol\/\" \/>\n<meta property=\"og:site_name\" content=\"Bluestar Forensic\" \/>\n<meta property=\"article:publisher\" content=\"https:\/\/www.facebook.com\/bluestarforensic\/\" \/>\n<meta property=\"article:modified_time\" content=\"2025-08-14T09:06:23+00:00\" \/>\n<meta name=\"twitter:card\" content=\"summary_large_image\" \/>\n<meta name=\"twitter:label1\" content=\"Dur\u00e9e de lecture estim\u00e9e\" \/>\n\t<meta name=\"twitter:data1\" content=\"1 minute\" \/>\n<script type=\"application\/ld+json\" class=\"yoast-schema-graph\">{\"@context\":\"https:\/\/schema.org\",\"@graph\":[{\"@type\":\"WebPage\",\"@id\":\"https:\/\/www.bluestar-forensic.com\/fr\/comparez-bluestar-et-le-luminol\/\",\"url\":\"https:\/\/www.bluestar-forensic.com\/fr\/comparez-bluestar-et-le-luminol\/\",\"name\":\"Comparez Bluestar et le luminol - Bluestar Forensic\",\"isPartOf\":{\"@id\":\"https:\/\/www.bluestar-forensic.com\/#website\"},\"primaryImageOfPage\":{\"@id\":\"https:\/\/www.bluestar-forensic.com\/fr\/comparez-bluestar-et-le-luminol\/#primaryimage\"},\"image\":{\"@id\":\"https:\/\/www.bluestar-forensic.com\/fr\/comparez-bluestar-et-le-luminol\/#primaryimage\"},\"thumbnailUrl\":\"https:\/\/www.bluestar-forensic.com\/wp-content\/uploads\/2025\/03\/icone.svg\",\"datePublished\":\"2025-02-28T18:41:28+00:00\",\"dateModified\":\"2025-08-14T09:06:23+00:00\",\"breadcrumb\":{\"@id\":\"https:\/\/www.bluestar-forensic.com\/fr\/comparez-bluestar-et-le-luminol\/#breadcrumb\"},\"inLanguage\":\"fr-FR\",\"potentialAction\":[{\"@type\":\"ReadAction\",\"target\":[\"https:\/\/www.bluestar-forensic.com\/fr\/comparez-bluestar-et-le-luminol\/\"]}]},{\"@type\":\"ImageObject\",\"inLanguage\":\"fr-FR\",\"@id\":\"https:\/\/www.bluestar-forensic.com\/fr\/comparez-bluestar-et-le-luminol\/#primaryimage\",\"url\":\"https:\/\/www.bluestar-forensic.com\/wp-content\/uploads\/2025\/03\/icone.svg\",\"contentUrl\":\"https:\/\/www.bluestar-forensic.com\/wp-content\/uploads\/2025\/03\/icone.svg\"},{\"@type\":\"BreadcrumbList\",\"@id\":\"https:\/\/www.bluestar-forensic.com\/fr\/comparez-bluestar-et-le-luminol\/#breadcrumb\",\"itemListElement\":[{\"@type\":\"ListItem\",\"position\":1,\"name\":\"Home\",\"item\":\"https:\/\/www.bluestar-forensic.com\/\"},{\"@type\":\"ListItem\",\"position\":2,\"name\":\"Comparez Bluestar et le luminol\"}]},{\"@type\":\"WebSite\",\"@id\":\"https:\/\/www.bluestar-forensic.com\/#website\",\"url\":\"https:\/\/www.bluestar-forensic.com\/\",\"name\":\"Bluestar UNIQUE Forensic\",\"description\":\"\",\"publisher\":{\"@id\":\"https:\/\/www.bluestar-forensic.com\/#organization\"},\"potentialAction\":[{\"@type\":\"SearchAction\",\"target\":{\"@type\":\"EntryPoint\",\"urlTemplate\":\"https:\/\/www.bluestar-forensic.com\/?s={search_term_string}\"},\"query-input\":{\"@type\":\"PropertyValueSpecification\",\"valueRequired\":true,\"valueName\":\"search_term_string\"}}],\"inLanguage\":\"fr-FR\"},{\"@type\":\"Organization\",\"@id\":\"https:\/\/www.bluestar-forensic.com\/#organization\",\"name\":\"Bluestar Forensic LATENT BLOODSTAIN REAGENT\",\"url\":\"https:\/\/www.bluestar-forensic.com\/\",\"logo\":{\"@type\":\"ImageObject\",\"inLanguage\":\"fr-FR\",\"@id\":\"https:\/\/www.bluestar-forensic.com\/#\/schema\/logo\/image\/\",\"url\":\"https:\/\/www.bluestar-forensic.com\/wp-content\/uploads\/2025\/02\/Logo-bluestar-copie.svg\",\"contentUrl\":\"https:\/\/www.bluestar-forensic.com\/wp-content\/uploads\/2025\/02\/Logo-bluestar-copie.svg\",\"width\":1494,\"height\":346,\"caption\":\"Bluestar Forensic LATENT BLOODSTAIN REAGENT\"},\"image\":{\"@id\":\"https:\/\/www.bluestar-forensic.com\/#\/schema\/logo\/image\/\"},\"sameAs\":[\"https:\/\/www.facebook.com\/bluestarforensic\/\",\"https:\/\/www.instagram.com\/bluestar_forensic\/\"]}]}<\/script>\n<!-- \/ Yoast SEO plugin. -->","yoast_head_json":{"title":"Comparez Bluestar et le luminol - Bluestar Forensic","robots":{"index":"index","follow":"follow","max-snippet":"max-snippet:-1","max-image-preview":"max-image-preview:large","max-video-preview":"max-video-preview:-1"},"canonical":"https:\/\/www.bluestar-forensic.com\/fr\/comparez-bluestar-et-le-luminol\/","og_locale":"fr_FR","og_type":"article","og_title":"Comparez Bluestar et le luminol - Bluestar Forensic","og_description":"Comparez Bluestar\u00ae et le luminol Comment le BLUESTAR\u00ae FORENSIC se comporte-t-il face au Luminol et \u00e0 la Fluoresc\u00e9ine ? Ces \u00e9tudes ind\u00e9pendantes font le point Diaporama comparatif Fluoresc\u00e9ine\/Bluestar\u00ae\/Luminol . \u00c9tude comparative : Luminol vs. BLUESTAR . The Effects of Substrate, Blood Volume, and Washing on the Performance of Luminol, Bluestar\u00ae Forensic, and Bluestar\u00ae Forensic Magnum [&hellip;]","og_url":"https:\/\/www.bluestar-forensic.com\/fr\/comparez-bluestar-et-le-luminol\/","og_site_name":"Bluestar Forensic","article_publisher":"https:\/\/www.facebook.com\/bluestarforensic\/","article_modified_time":"2025-08-14T09:06:23+00:00","twitter_card":"summary_large_image","twitter_misc":{"Dur\u00e9e de lecture estim\u00e9e":"1 minute"},"schema":{"@context":"https:\/\/schema.org","@graph":[{"@type":"WebPage","@id":"https:\/\/www.bluestar-forensic.com\/fr\/comparez-bluestar-et-le-luminol\/","url":"https:\/\/www.bluestar-forensic.com\/fr\/comparez-bluestar-et-le-luminol\/","name":"Comparez Bluestar et le luminol - Bluestar Forensic","isPartOf":{"@id":"https:\/\/www.bluestar-forensic.com\/#website"},"primaryImageOfPage":{"@id":"https:\/\/www.bluestar-forensic.com\/fr\/comparez-bluestar-et-le-luminol\/#primaryimage"},"image":{"@id":"https:\/\/www.bluestar-forensic.com\/fr\/comparez-bluestar-et-le-luminol\/#primaryimage"},"thumbnailUrl":"https:\/\/www.bluestar-forensic.com\/wp-content\/uploads\/2025\/03\/icone.svg","datePublished":"2025-02-28T18:41:28+00:00","dateModified":"2025-08-14T09:06:23+00:00","breadcrumb":{"@id":"https:\/\/www.bluestar-forensic.com\/fr\/comparez-bluestar-et-le-luminol\/#breadcrumb"},"inLanguage":"fr-FR","potentialAction":[{"@type":"ReadAction","target":["https:\/\/www.bluestar-forensic.com\/fr\/comparez-bluestar-et-le-luminol\/"]}]},{"@type":"ImageObject","inLanguage":"fr-FR","@id":"https:\/\/www.bluestar-forensic.com\/fr\/comparez-bluestar-et-le-luminol\/#primaryimage","url":"https:\/\/www.bluestar-forensic.com\/wp-content\/uploads\/2025\/03\/icone.svg","contentUrl":"https:\/\/www.bluestar-forensic.com\/wp-content\/uploads\/2025\/03\/icone.svg"},{"@type":"BreadcrumbList","@id":"https:\/\/www.bluestar-forensic.com\/fr\/comparez-bluestar-et-le-luminol\/#breadcrumb","itemListElement":[{"@type":"ListItem","position":1,"name":"Home","item":"https:\/\/www.bluestar-forensic.com\/"},{"@type":"ListItem","position":2,"name":"Comparez Bluestar et le luminol"}]},{"@type":"WebSite","@id":"https:\/\/www.bluestar-forensic.com\/#website","url":"https:\/\/www.bluestar-forensic.com\/","name":"Bluestar UNIQUE Forensic","description":"","publisher":{"@id":"https:\/\/www.bluestar-forensic.com\/#organization"},"potentialAction":[{"@type":"SearchAction","target":{"@type":"EntryPoint","urlTemplate":"https:\/\/www.bluestar-forensic.com\/?s={search_term_string}"},"query-input":{"@type":"PropertyValueSpecification","valueRequired":true,"valueName":"search_term_string"}}],"inLanguage":"fr-FR"},{"@type":"Organization","@id":"https:\/\/www.bluestar-forensic.com\/#organization","name":"Bluestar Forensic LATENT BLOODSTAIN REAGENT","url":"https:\/\/www.bluestar-forensic.com\/","logo":{"@type":"ImageObject","inLanguage":"fr-FR","@id":"https:\/\/www.bluestar-forensic.com\/#\/schema\/logo\/image\/","url":"https:\/\/www.bluestar-forensic.com\/wp-content\/uploads\/2025\/02\/Logo-bluestar-copie.svg","contentUrl":"https:\/\/www.bluestar-forensic.com\/wp-content\/uploads\/2025\/02\/Logo-bluestar-copie.svg","width":1494,"height":346,"caption":"Bluestar Forensic LATENT BLOODSTAIN REAGENT"},"image":{"@id":"https:\/\/www.bluestar-forensic.com\/#\/schema\/logo\/image\/"},"sameAs":["https:\/\/www.facebook.com\/bluestarforensic\/","https:\/\/www.instagram.com\/bluestar_forensic\/"]}]}},"_links":{"self":[{"href":"https:\/\/www.bluestar-forensic.com\/fr\/wp-json\/wp\/v2\/pages\/19981","targetHints":{"allow":["GET"]}}],"collection":[{"href":"https:\/\/www.bluestar-forensic.com\/fr\/wp-json\/wp\/v2\/pages"}],"about":[{"href":"https:\/\/www.bluestar-forensic.com\/fr\/wp-json\/wp\/v2\/types\/page"}],"author":[{"embeddable":true,"href":"https:\/\/www.bluestar-forensic.com\/fr\/wp-json\/wp\/v2\/users\/1"}],"replies":[{"embeddable":true,"href":"https:\/\/www.bluestar-forensic.com\/fr\/wp-json\/wp\/v2\/comments?post=19981"}],"version-history":[{"count":10,"href":"https:\/\/www.bluestar-forensic.com\/fr\/wp-json\/wp\/v2\/pages\/19981\/revisions"}],"predecessor-version":[{"id":20851,"href":"https:\/\/www.bluestar-forensic.com\/fr\/wp-json\/wp\/v2\/pages\/19981\/revisions\/20851"}],"wp:attachment":[{"href":"https:\/\/www.bluestar-forensic.com\/fr\/wp-json\/wp\/v2\/media?parent=19981"}],"curies":[{"name":"wp","href":"https:\/\/api.w.org\/{rel}","templated":true}]}}