{"id":20024,"date":"2025-02-28T15:39:19","date_gmt":"2025-02-28T15:39:19","guid":{"rendered":"https:\/\/toty.fr\/Bluestar\/performance-sur-les-taches-deau-de-javel-et-les-taches-blanchies\/"},"modified":"2025-08-28T09:37:53","modified_gmt":"2025-08-28T09:37:53","slug":"performance-sur-les-taches-deau-de-javel-et-les-taches-blanchies","status":"publish","type":"page","link":"https:\/\/www.bluestar-forensic.com\/fr\/performance-sur-les-taches-deau-de-javel-et-les-taches-blanchies\/","title":{"rendered":"PERFORMANCE SUR LES TACHES JAVEL ET LES TACHES DE SANG JAVELLIS\u00c9ES"},"content":{"rendered":"\t\t<div data-elementor-type=\"wp-page\" data-elementor-id=\"20024\" class=\"elementor elementor-20024 elementor-16303\" data-elementor-post-type=\"page\">\n\t\t\t\t<div class=\"aux-parallax-section elementor-element elementor-element-9bb60d5 e-flex e-con-boxed e-con e-parent\" data-id=\"9bb60d5\" data-element_type=\"container\" data-e-type=\"container\">\n\t\t\t\t\t<div class=\"e-con-inner\">\n\t\t\t\t<div class=\"elementor-element elementor-element-ac33fa9 elementor-invisible elementor-widget elementor-widget-text-editor\" data-id=\"ac33fa9\" data-element_type=\"widget\" data-e-type=\"widget\" data-settings=\"{&quot;_animation&quot;:&quot;fadeInDown&quot;}\" data-widget_type=\"text-editor.default\">\n\t\t\t\t<div class=\"elementor-widget-container\">\n\t\t\t\t\t\t\t\t\t<h3 class=\"elementor-heading-title elementor-size-xxl\"><a href=\"https:\/\/www.bluestar-forensic.com\/wp-content\/uploads\/2025\/03\/icone.svg\"><img decoding=\"async\" class=\"wp-image-17525 aligncenter\" src=\"https:\/\/www.bluestar-forensic.com\/wp-content\/uploads\/2025\/03\/icone.svg\" alt=\"\" width=\"59\" height=\"61\" \/><\/a><\/h3><h2 style=\"text-align: center;\">Performance sur la Javel et les taches de sang javellis\u00e9es<\/h2>\t\t\t\t\t\t\t\t<\/div>\n\t\t\t\t<\/div>\n\t\t\t\t\t<\/div>\n\t\t\t\t<\/div>\n\t\t<div class=\"aux-parallax-section elementor-element elementor-element-f123106 e-grid e-con-boxed e-con e-parent\" data-id=\"f123106\" data-element_type=\"container\" data-e-type=\"container\">\n\t\t\t\t\t<div class=\"e-con-inner\">\n\t\t\t\t<div class=\"elementor-element elementor-element-76558f6 elementor-invisible elementor-widget elementor-widget-text-editor\" data-id=\"76558f6\" data-element_type=\"widget\" data-e-type=\"widget\" data-settings=\"{&quot;_animation&quot;:&quot;fadeInDown&quot;}\" data-widget_type=\"text-editor.default\">\n\t\t\t\t<div class=\"elementor-widget-container\">\n\t\t\t\t\t\t\t\t\t<p>Des \u00e9tudes ont \u00e9t\u00e9 men\u00e9es par le CHU de Nantes sur diverses dilutions de taches de sang additionn\u00e9es d\u2019eau de Javel (concentration 9,6% et 0,48%) avec les conclusions suivantes :<\/p><p><b>L\u2019eau de Javel n\u2019emp\u00eache pas la d\u00e9tection ult\u00e9rieure des traces de sang avec le BLUESTAR<sup>\u00ae<\/sup> FORENSIC.<\/b><\/p><p>L\u2019eau de Javel seule est un faux positif car elle pr\u00e9sente une chimiluminescence caract\u00e9ristique. Elle n\u2019emp\u00eache cependant pas la d\u00e9tection des traces de sang et la confusion entre le sang et l\u2019eau de javel est impossible avec un peu d\u2019entra\u00eenement.<\/p>\t\t\t\t\t\t\t\t<\/div>\n\t\t\t\t<\/div>\n\t\t<div class=\"elementor-element elementor-element-3458cab e-con-full e-flex elementor-invisible e-con e-child\" data-id=\"3458cab\" data-element_type=\"container\" data-e-type=\"container\" data-settings=\"{&quot;animation&quot;:&quot;fadeInRight&quot;}\">\n\t\t\t\t<div class=\"elementor-element elementor-element-73d05ea elementor-widget elementor-widget-image\" data-id=\"73d05ea\" data-element_type=\"widget\" data-e-type=\"widget\" data-widget_type=\"image.default\">\n\t\t\t\t<div class=\"elementor-widget-container\">\n\t\t\t\t\t\t\t\t\t\t\t\t\t\t\t<img decoding=\"async\" width=\"452\" height=\"91\" src=\"https:\/\/www.bluestar-forensic.com\/wp-content\/uploads\/2025\/02\/bleach-blood-bluestar.jpg\" class=\"attachment-full size-full wp-image-16309\" alt=\"\" srcset=\"https:\/\/www.bluestar-forensic.com\/wp-content\/uploads\/2025\/02\/bleach-blood-bluestar.jpg 452w, https:\/\/www.bluestar-forensic.com\/wp-content\/uploads\/2025\/02\/bleach-blood-bluestar-200x40.jpg 200w\" sizes=\"(max-width: 452px) 100vw, 452px\" \/>\t\t\t\t\t\t\t\t\t\t\t\t\t\t\t<\/div>\n\t\t\t\t<\/div>\n\t\t\t\t<div class=\"elementor-element elementor-element-e95b292 elementor-widget elementor-widget-text-editor\" data-id=\"e95b292\" data-element_type=\"widget\" data-e-type=\"widget\" data-widget_type=\"text-editor.default\">\n\t\t\t\t<div class=\"elementor-widget-container\">\n\t\t\t\t\t\t\t\t\t<p style=\"text-align: center;\"><span style=\"font-size: 10pt; color: #ffffff;\">Sang + Javel + Bluestar<\/span><\/p>\t\t\t\t\t\t\t\t<\/div>\n\t\t\t\t<\/div>\n\t\t\t\t<\/div>\n\t\t\t\t\t<\/div>\n\t\t\t\t<\/div>\n\t\t<div class=\"aux-parallax-section elementor-element elementor-element-6d49845 e-flex e-con-boxed e-con e-parent\" data-id=\"6d49845\" data-element_type=\"container\" data-e-type=\"container\">\n\t\t\t\t\t<div class=\"e-con-inner\">\n\t\t<div class=\"elementor-element elementor-element-623bcfb e-con-full e-flex elementor-invisible e-con e-child\" data-id=\"623bcfb\" data-element_type=\"container\" data-e-type=\"container\" data-settings=\"{&quot;animation&quot;:&quot;fadeInLeft&quot;}\">\n\t\t\t\t<\/div>\n\t\t<div class=\"elementor-element elementor-element-effb055 e-con-full e-flex elementor-invisible e-con e-child\" data-id=\"effb055\" data-element_type=\"container\" data-e-type=\"container\" data-settings=\"{&quot;animation&quot;:&quot;fadeInRight&quot;}\">\n\t\t\t\t<div class=\"elementor-element elementor-element-67f7854 elementor-widget elementor-widget-image\" data-id=\"67f7854\" data-element_type=\"widget\" data-e-type=\"widget\" data-widget_type=\"image.default\">\n\t\t\t\t<div class=\"elementor-widget-container\">\n\t\t\t\t\t\t\t\t\t\t\t\t\t\t\t<img fetchpriority=\"high\" decoding=\"async\" width=\"400\" height=\"180\" src=\"https:\/\/www.bluestar-forensic.com\/wp-content\/uploads\/2025\/02\/javel_lavage.jpg\" class=\"attachment-full size-full wp-image-16312\" alt=\"\" srcset=\"https:\/\/www.bluestar-forensic.com\/wp-content\/uploads\/2025\/02\/javel_lavage.jpg 400w, https:\/\/www.bluestar-forensic.com\/wp-content\/uploads\/2025\/02\/javel_lavage-200x90.jpg 200w\" sizes=\"(max-width: 400px) 100vw, 400px\" \/>\t\t\t\t\t\t\t\t\t\t\t\t\t\t\t<\/div>\n\t\t\t\t<\/div>\n\t\t\t\t<div class=\"elementor-element elementor-element-51cffa2 elementor-widget elementor-widget-text-editor\" data-id=\"51cffa2\" data-element_type=\"widget\" data-e-type=\"widget\" data-widget_type=\"text-editor.default\">\n\t\t\t\t<div class=\"elementor-widget-container\">\n\t\t\t\t\t\t\t\t\t<p style=\"text-align: center;\"><span style=\"font-size: 10pt; color: #ffffff;\">Sang \/ Sang + Javel + Bluestar + lavage en machine<\/span><\/p>\t\t\t\t\t\t\t\t<\/div>\n\t\t\t\t<\/div>\n\t\t\t\t<\/div>\n\t\t<div class=\"elementor-element elementor-element-e4d699c e-con-full e-flex elementor-invisible e-con e-child\" data-id=\"e4d699c\" data-element_type=\"container\" data-e-type=\"container\" data-settings=\"{&quot;animation&quot;:&quot;fadeInRight&quot;}\">\n\t\t\t\t<div class=\"elementor-element elementor-element-1f16389 elementor-widget elementor-widget-image\" data-id=\"1f16389\" data-element_type=\"widget\" data-e-type=\"widget\" data-widget_type=\"image.default\">\n\t\t\t\t<div class=\"elementor-widget-container\">\n\t\t\t\t\t\t\t\t\t\t\t\t\t\t\t<img loading=\"lazy\" decoding=\"async\" width=\"227\" height=\"117\" src=\"https:\/\/www.bluestar-forensic.com\/wp-content\/uploads\/2025\/02\/faux_positif.jpg\" class=\"attachment-full size-full wp-image-16315\" alt=\"\" srcset=\"https:\/\/www.bluestar-forensic.com\/wp-content\/uploads\/2025\/02\/faux_positif.jpg 227w, https:\/\/www.bluestar-forensic.com\/wp-content\/uploads\/2025\/02\/faux_positif-200x103.jpg 200w\" sizes=\"(max-width: 227px) 100vw, 227px\" \/>\t\t\t\t\t\t\t\t\t\t\t\t\t\t\t<\/div>\n\t\t\t\t<\/div>\n\t\t\t\t<div class=\"elementor-element elementor-element-7ef0bc5 elementor-widget elementor-widget-text-editor\" data-id=\"7ef0bc5\" data-element_type=\"widget\" data-e-type=\"widget\" data-widget_type=\"text-editor.default\">\n\t\t\t\t<div class=\"elementor-widget-container\">\n\t\t\t\t\t\t\t\t\t<p style=\"text-align: center;\"><span style=\"font-size: 10pt; color: #ffffff;\">La couleur de la r\u00e9action est diff\u00e9rente.\nL\u2019intensit\u00e9 est plus faible sur l\u2019eau de javel.\nLa r\u00e9action est nettement plus \u00e9ph\u00e9m\u00e8re sur l\u2019eau de Javel. Ceci est visible sur la vid\u00e9o ci-dessous relative aux faux positifs.<\/span><\/p>\t\t\t\t\t\t\t\t<\/div>\n\t\t\t\t<\/div>\n\t\t\t\t<\/div>\n\t\t\t\t\t<\/div>\n\t\t\t\t<\/div>\n\t\t<div class=\"aux-parallax-section elementor-element elementor-element-ec5ff2a e-flex e-con-boxed elementor-invisible e-con e-parent\" data-id=\"ec5ff2a\" data-element_type=\"container\" data-e-type=\"container\" data-settings=\"{&quot;animation&quot;:&quot;fadeInDown&quot;}\">\n\t\t\t\t\t<div class=\"e-con-inner\">\n\t\t<div class=\"elementor-element elementor-element-03069f8 e-con-full e-flex e-con e-child\" data-id=\"03069f8\" data-element_type=\"container\" data-e-type=\"container\">\n\t\t\t\t<\/div>\n\t\t<div class=\"elementor-element elementor-element-8828f53 e-con-full e-flex e-con e-child\" data-id=\"8828f53\" data-element_type=\"container\" data-e-type=\"container\">\n\t\t\t\t<div class=\"elementor-element elementor-element-14fa46b elementor-widget elementor-widget-video\" data-id=\"14fa46b\" data-element_type=\"widget\" data-e-type=\"widget\" data-settings=\"{&quot;video_type&quot;:&quot;hosted&quot;,&quot;autoplay&quot;:&quot;yes&quot;,&quot;loop&quot;:&quot;yes&quot;,&quot;controls&quot;:&quot;yes&quot;}\" data-widget_type=\"video.default\">\n\t\t\t\t<div class=\"elementor-widget-container\">\n\t\t\t\t\t\t\t<div class=\"e-hosted-video elementor-wrapper elementor-open-inline\">\n\t\t\t\t\t<video class=\"elementor-video\" src=\"https:\/\/www.bluestar-forensic.com\/wp-content\/uploads\/2025\/02\/httpswwwbluestar-forensiccommediascontentfalse_positives_frmp4.mp4\" autoplay=\"\" loop=\"\" controls=\"\" controlsList=\"nodownload\"><\/video>\n\t\t\t\t<\/div>\n\t\t\t\t\t\t<\/div>\n\t\t\t\t<\/div>\n\t\t\t\t<\/div>\n\t\t<div class=\"elementor-element elementor-element-a4e1342 e-con-full e-flex e-con e-child\" data-id=\"a4e1342\" data-element_type=\"container\" data-e-type=\"container\">\n\t\t\t\t<\/div>\n\t\t\t\t\t<\/div>\n\t\t\t\t<\/div>\n\t\t<div class=\"aux-parallax-section elementor-element elementor-element-d35b945 e-grid e-con-boxed e-con e-parent\" data-id=\"d35b945\" data-element_type=\"container\" data-e-type=\"container\">\n\t\t\t\t\t<div class=\"e-con-inner\">\n\t\t\t\t<div class=\"elementor-element elementor-element-8214c84 elementor-align-start elementor-icon-list--layout-traditional elementor-list-item-link-full_width elementor-widget elementor-widget-icon-list\" data-id=\"8214c84\" data-element_type=\"widget\" data-e-type=\"widget\" data-widget_type=\"icon-list.default\">\n\t\t\t\t<div class=\"elementor-widget-container\">\n\t\t\t\t\t\t\t<ul class=\"elementor-icon-list-items\">\n\t\t\t\t\t\t\t<li class=\"elementor-icon-list-item\">\n\t\t\t\t\t\t\t\t\t\t\t<a href=\"https:\/\/www.bluestar-forensic.com\/fr\/la-chimie-de-bluestar-forensic\/\">\n\n\t\t\t\t\t\t\t\t\t\t\t\t<span class=\"elementor-icon-list-icon\">\n\t\t\t\t\t\t\t<i aria-hidden=\"true\" class=\"fas fa-check\"><\/i>\t\t\t\t\t\t<\/span>\n\t\t\t\t\t\t\t\t\t\t<span class=\"elementor-icon-list-text\">LA CHIMIE DE BLUESTAR FORENSIC<\/span>\n\t\t\t\t\t\t\t\t\t\t\t<\/a>\n\t\t\t\t\t\t\t\t\t<\/li>\n\t\t\t\t\t\t\t\t<li class=\"elementor-icon-list-item\">\n\t\t\t\t\t\t\t\t\t\t\t<a href=\"https:\/\/www.bluestar-forensic.com\/fr\/sensibilite-extreme\/\">\n\n\t\t\t\t\t\t\t\t\t\t\t\t<span class=\"elementor-icon-list-icon\">\n\t\t\t\t\t\t\t<i aria-hidden=\"true\" class=\"fas fa-check\"><\/i>\t\t\t\t\t\t<\/span>\n\t\t\t\t\t\t\t\t\t\t<span class=\"elementor-icon-list-text\">SENSIBILIT\u00c9 EXTR\u00caME<\/span>\n\t\t\t\t\t\t\t\t\t\t\t<\/a>\n\t\t\t\t\t\t\t\t\t<\/li>\n\t\t\t\t\t\t<\/ul>\n\t\t\t\t\t\t<\/div>\n\t\t\t\t<\/div>\n\t\t\t\t<div class=\"elementor-element elementor-element-793e817 elementor-align-start elementor-icon-list--layout-traditional elementor-list-item-link-full_width elementor-widget elementor-widget-icon-list\" data-id=\"793e817\" data-element_type=\"widget\" data-e-type=\"widget\" data-widget_type=\"icon-list.default\">\n\t\t\t\t<div class=\"elementor-widget-container\">\n\t\t\t\t\t\t\t<ul class=\"elementor-icon-list-items\">\n\t\t\t\t\t\t\t<li class=\"elementor-icon-list-item\">\n\t\t\t\t\t\t\t\t\t\t\t<a href=\"https:\/\/www.bluestar-forensic.com\/fr\/performance-sur-differents-materiaux-faux-positifs\/\">\n\n\t\t\t\t\t\t\t\t\t\t\t\t<span class=\"elementor-icon-list-icon\">\n\t\t\t\t\t\t\t<i aria-hidden=\"true\" class=\"fas fa-check\"><\/i>\t\t\t\t\t\t<\/span>\n\t\t\t\t\t\t\t\t\t\t<span class=\"elementor-icon-list-text\">PERFORMANCE SUR DIFF\u00c9RENTS MAT\u00c9RIAUX - FAUX POSITIFS<\/span>\n\t\t\t\t\t\t\t\t\t\t\t<\/a>\n\t\t\t\t\t\t\t\t\t<\/li>\n\t\t\t\t\t\t\t\t<li class=\"elementor-icon-list-item\">\n\t\t\t\t\t\t\t\t\t\t\t<a href=\"https:\/\/www.bluestar-forensic.com\/fr\/typage-adn-des-taches-de-sang-traitees-par-bluestar-forensic\/\">\n\n\t\t\t\t\t\t\t\t\t\t\t\t<span class=\"elementor-icon-list-icon\">\n\t\t\t\t\t\t\t<i aria-hidden=\"true\" class=\"fas fa-check\"><\/i>\t\t\t\t\t\t<\/span>\n\t\t\t\t\t\t\t\t\t\t<span class=\"elementor-icon-list-text\">GENOTYPAGE DE TRACES DE SANG TRAIT\u00c9ES AU BLUESTAR\u00ae FORENSIC<\/span>\n\t\t\t\t\t\t\t\t\t\t\t<\/a>\n\t\t\t\t\t\t\t\t\t<\/li>\n\t\t\t\t\t\t\t\t<li class=\"elementor-icon-list-item\">\n\t\t\t\t\t\t\t\t\t\t\t<a href=\"https:\/\/www.bluestar-forensic.com\/fr\/performances-sur-le-vieux-sang\/\">\n\n\t\t\t\t\t\t\t\t\t\t\t\t<span class=\"elementor-icon-list-icon\">\n\t\t\t\t\t\t\t<i aria-hidden=\"true\" class=\"fas fa-check\"><\/i>\t\t\t\t\t\t<\/span>\n\t\t\t\t\t\t\t\t\t\t<span class=\"elementor-icon-list-text\">PERFORMANCES SUR LE VIEUX SANG<\/span>\n\t\t\t\t\t\t\t\t\t\t\t<\/a>\n\t\t\t\t\t\t\t\t\t<\/li>\n\t\t\t\t\t\t<\/ul>\n\t\t\t\t\t\t<\/div>\n\t\t\t\t<\/div>\n\t\t\t\t\t<\/div>\n\t\t\t\t<\/div>\n\t\t\t\t<\/div>\n\t\t","protected":false},"excerpt":{"rendered":"<p>Performance sur la Javel et les taches de sang javellis\u00e9es Des \u00e9tudes ont \u00e9t\u00e9 men\u00e9es par le CHU de Nantes sur diverses dilutions de taches de sang additionn\u00e9es d\u2019eau de Javel (concentration 9,6% et 0,48%) avec les conclusions suivantes : L\u2019eau de Javel n\u2019emp\u00eache pas la d\u00e9tection ult\u00e9rieure des traces de sang avec le BLUESTAR\u00ae [&hellip;]<\/p>\n","protected":false},"author":1,"featured_media":0,"parent":0,"menu_order":0,"comment_status":"closed","ping_status":"closed","template":"","meta":{"_acf_changed":false,"footnotes":""},"class_list":["post-20024","page","type-page","status-publish","hentry"],"acf":[],"yoast_head":"<!-- This site is optimized with the Yoast SEO plugin v27.2 - https:\/\/yoast.com\/product\/yoast-seo-wordpress\/ -->\n<title>PERFORMANCE SUR LES TACHES JAVEL ET LES TACHES DE SANG JAVELLIS\u00c9ES - Bluestar Forensic<\/title>\n<meta name=\"robots\" content=\"index, follow, max-snippet:-1, max-image-preview:large, max-video-preview:-1\" \/>\n<link rel=\"canonical\" href=\"https:\/\/www.bluestar-forensic.com\/fr\/performance-sur-les-taches-deau-de-javel-et-les-taches-blanchies\/\" \/>\n<meta property=\"og:locale\" content=\"fr_FR\" \/>\n<meta property=\"og:type\" content=\"article\" \/>\n<meta property=\"og:title\" content=\"PERFORMANCE SUR LES TACHES JAVEL ET LES TACHES DE SANG JAVELLIS\u00c9ES - Bluestar Forensic\" \/>\n<meta property=\"og:description\" content=\"Performance sur la Javel et les taches de sang javellis\u00e9es Des \u00e9tudes ont \u00e9t\u00e9 men\u00e9es par le CHU de Nantes sur diverses dilutions de taches de sang additionn\u00e9es d\u2019eau de Javel (concentration 9,6% et 0,48%) avec les conclusions suivantes : L\u2019eau de Javel n\u2019emp\u00eache pas la d\u00e9tection ult\u00e9rieure des traces de sang avec le BLUESTAR\u00ae [&hellip;]\" \/>\n<meta property=\"og:url\" content=\"https:\/\/www.bluestar-forensic.com\/fr\/performance-sur-les-taches-deau-de-javel-et-les-taches-blanchies\/\" \/>\n<meta property=\"og:site_name\" content=\"Bluestar Forensic\" \/>\n<meta property=\"article:publisher\" content=\"https:\/\/www.facebook.com\/bluestarforensic\/\" \/>\n<meta property=\"article:modified_time\" content=\"2025-08-28T09:37:53+00:00\" \/>\n<meta name=\"twitter:card\" content=\"summary_large_image\" \/>\n<meta name=\"twitter:label1\" content=\"Dur\u00e9e de lecture estim\u00e9e\" \/>\n\t<meta name=\"twitter:data1\" content=\"1 minute\" \/>\n<script type=\"application\/ld+json\" class=\"yoast-schema-graph\">{\"@context\":\"https:\/\/schema.org\",\"@graph\":[{\"@type\":\"WebPage\",\"@id\":\"https:\/\/www.bluestar-forensic.com\/fr\/performance-sur-les-taches-deau-de-javel-et-les-taches-blanchies\/\",\"url\":\"https:\/\/www.bluestar-forensic.com\/fr\/performance-sur-les-taches-deau-de-javel-et-les-taches-blanchies\/\",\"name\":\"PERFORMANCE SUR LES TACHES JAVEL ET LES TACHES DE SANG JAVELLIS\u00c9ES - Bluestar Forensic\",\"isPartOf\":{\"@id\":\"https:\/\/www.bluestar-forensic.com\/#website\"},\"primaryImageOfPage\":{\"@id\":\"https:\/\/www.bluestar-forensic.com\/fr\/performance-sur-les-taches-deau-de-javel-et-les-taches-blanchies\/#primaryimage\"},\"image\":{\"@id\":\"https:\/\/www.bluestar-forensic.com\/fr\/performance-sur-les-taches-deau-de-javel-et-les-taches-blanchies\/#primaryimage\"},\"thumbnailUrl\":\"https:\/\/www.bluestar-forensic.com\/wp-content\/uploads\/2025\/03\/icone.svg\",\"datePublished\":\"2025-02-28T15:39:19+00:00\",\"dateModified\":\"2025-08-28T09:37:53+00:00\",\"breadcrumb\":{\"@id\":\"https:\/\/www.bluestar-forensic.com\/fr\/performance-sur-les-taches-deau-de-javel-et-les-taches-blanchies\/#breadcrumb\"},\"inLanguage\":\"fr-FR\",\"potentialAction\":[{\"@type\":\"ReadAction\",\"target\":[\"https:\/\/www.bluestar-forensic.com\/fr\/performance-sur-les-taches-deau-de-javel-et-les-taches-blanchies\/\"]}]},{\"@type\":\"ImageObject\",\"inLanguage\":\"fr-FR\",\"@id\":\"https:\/\/www.bluestar-forensic.com\/fr\/performance-sur-les-taches-deau-de-javel-et-les-taches-blanchies\/#primaryimage\",\"url\":\"https:\/\/www.bluestar-forensic.com\/wp-content\/uploads\/2025\/03\/icone.svg\",\"contentUrl\":\"https:\/\/www.bluestar-forensic.com\/wp-content\/uploads\/2025\/03\/icone.svg\"},{\"@type\":\"BreadcrumbList\",\"@id\":\"https:\/\/www.bluestar-forensic.com\/fr\/performance-sur-les-taches-deau-de-javel-et-les-taches-blanchies\/#breadcrumb\",\"itemListElement\":[{\"@type\":\"ListItem\",\"position\":1,\"name\":\"Home\",\"item\":\"https:\/\/www.bluestar-forensic.com\/\"},{\"@type\":\"ListItem\",\"position\":2,\"name\":\"PERFORMANCE SUR LES TACHES JAVEL ET LES TACHES DE SANG JAVELLIS\u00c9ES\"}]},{\"@type\":\"WebSite\",\"@id\":\"https:\/\/www.bluestar-forensic.com\/#website\",\"url\":\"https:\/\/www.bluestar-forensic.com\/\",\"name\":\"Bluestar UNIQUE Forensic\",\"description\":\"\",\"publisher\":{\"@id\":\"https:\/\/www.bluestar-forensic.com\/#organization\"},\"potentialAction\":[{\"@type\":\"SearchAction\",\"target\":{\"@type\":\"EntryPoint\",\"urlTemplate\":\"https:\/\/www.bluestar-forensic.com\/?s={search_term_string}\"},\"query-input\":{\"@type\":\"PropertyValueSpecification\",\"valueRequired\":true,\"valueName\":\"search_term_string\"}}],\"inLanguage\":\"fr-FR\"},{\"@type\":\"Organization\",\"@id\":\"https:\/\/www.bluestar-forensic.com\/#organization\",\"name\":\"Bluestar Forensic LATENT BLOODSTAIN REAGENT\",\"url\":\"https:\/\/www.bluestar-forensic.com\/\",\"logo\":{\"@type\":\"ImageObject\",\"inLanguage\":\"fr-FR\",\"@id\":\"https:\/\/www.bluestar-forensic.com\/#\/schema\/logo\/image\/\",\"url\":\"https:\/\/www.bluestar-forensic.com\/wp-content\/uploads\/2025\/02\/Logo-bluestar-copie.svg\",\"contentUrl\":\"https:\/\/www.bluestar-forensic.com\/wp-content\/uploads\/2025\/02\/Logo-bluestar-copie.svg\",\"width\":1494,\"height\":346,\"caption\":\"Bluestar Forensic LATENT BLOODSTAIN REAGENT\"},\"image\":{\"@id\":\"https:\/\/www.bluestar-forensic.com\/#\/schema\/logo\/image\/\"},\"sameAs\":[\"https:\/\/www.facebook.com\/bluestarforensic\/\",\"https:\/\/www.instagram.com\/bluestar_forensic\/\"]}]}<\/script>\n<!-- \/ Yoast SEO plugin. -->","yoast_head_json":{"title":"PERFORMANCE SUR LES TACHES JAVEL ET LES TACHES DE SANG JAVELLIS\u00c9ES - Bluestar Forensic","robots":{"index":"index","follow":"follow","max-snippet":"max-snippet:-1","max-image-preview":"max-image-preview:large","max-video-preview":"max-video-preview:-1"},"canonical":"https:\/\/www.bluestar-forensic.com\/fr\/performance-sur-les-taches-deau-de-javel-et-les-taches-blanchies\/","og_locale":"fr_FR","og_type":"article","og_title":"PERFORMANCE SUR LES TACHES JAVEL ET LES TACHES DE SANG JAVELLIS\u00c9ES - Bluestar Forensic","og_description":"Performance sur la Javel et les taches de sang javellis\u00e9es Des \u00e9tudes ont \u00e9t\u00e9 men\u00e9es par le CHU de Nantes sur diverses dilutions de taches de sang additionn\u00e9es d\u2019eau de Javel (concentration 9,6% et 0,48%) avec les conclusions suivantes : L\u2019eau de Javel n\u2019emp\u00eache pas la d\u00e9tection ult\u00e9rieure des traces de sang avec le BLUESTAR\u00ae [&hellip;]","og_url":"https:\/\/www.bluestar-forensic.com\/fr\/performance-sur-les-taches-deau-de-javel-et-les-taches-blanchies\/","og_site_name":"Bluestar Forensic","article_publisher":"https:\/\/www.facebook.com\/bluestarforensic\/","article_modified_time":"2025-08-28T09:37:53+00:00","twitter_card":"summary_large_image","twitter_misc":{"Dur\u00e9e de lecture estim\u00e9e":"1 minute"},"schema":{"@context":"https:\/\/schema.org","@graph":[{"@type":"WebPage","@id":"https:\/\/www.bluestar-forensic.com\/fr\/performance-sur-les-taches-deau-de-javel-et-les-taches-blanchies\/","url":"https:\/\/www.bluestar-forensic.com\/fr\/performance-sur-les-taches-deau-de-javel-et-les-taches-blanchies\/","name":"PERFORMANCE SUR LES TACHES JAVEL ET LES TACHES DE SANG JAVELLIS\u00c9ES - Bluestar Forensic","isPartOf":{"@id":"https:\/\/www.bluestar-forensic.com\/#website"},"primaryImageOfPage":{"@id":"https:\/\/www.bluestar-forensic.com\/fr\/performance-sur-les-taches-deau-de-javel-et-les-taches-blanchies\/#primaryimage"},"image":{"@id":"https:\/\/www.bluestar-forensic.com\/fr\/performance-sur-les-taches-deau-de-javel-et-les-taches-blanchies\/#primaryimage"},"thumbnailUrl":"https:\/\/www.bluestar-forensic.com\/wp-content\/uploads\/2025\/03\/icone.svg","datePublished":"2025-02-28T15:39:19+00:00","dateModified":"2025-08-28T09:37:53+00:00","breadcrumb":{"@id":"https:\/\/www.bluestar-forensic.com\/fr\/performance-sur-les-taches-deau-de-javel-et-les-taches-blanchies\/#breadcrumb"},"inLanguage":"fr-FR","potentialAction":[{"@type":"ReadAction","target":["https:\/\/www.bluestar-forensic.com\/fr\/performance-sur-les-taches-deau-de-javel-et-les-taches-blanchies\/"]}]},{"@type":"ImageObject","inLanguage":"fr-FR","@id":"https:\/\/www.bluestar-forensic.com\/fr\/performance-sur-les-taches-deau-de-javel-et-les-taches-blanchies\/#primaryimage","url":"https:\/\/www.bluestar-forensic.com\/wp-content\/uploads\/2025\/03\/icone.svg","contentUrl":"https:\/\/www.bluestar-forensic.com\/wp-content\/uploads\/2025\/03\/icone.svg"},{"@type":"BreadcrumbList","@id":"https:\/\/www.bluestar-forensic.com\/fr\/performance-sur-les-taches-deau-de-javel-et-les-taches-blanchies\/#breadcrumb","itemListElement":[{"@type":"ListItem","position":1,"name":"Home","item":"https:\/\/www.bluestar-forensic.com\/"},{"@type":"ListItem","position":2,"name":"PERFORMANCE SUR LES TACHES JAVEL ET LES TACHES DE SANG JAVELLIS\u00c9ES"}]},{"@type":"WebSite","@id":"https:\/\/www.bluestar-forensic.com\/#website","url":"https:\/\/www.bluestar-forensic.com\/","name":"Bluestar UNIQUE Forensic","description":"","publisher":{"@id":"https:\/\/www.bluestar-forensic.com\/#organization"},"potentialAction":[{"@type":"SearchAction","target":{"@type":"EntryPoint","urlTemplate":"https:\/\/www.bluestar-forensic.com\/?s={search_term_string}"},"query-input":{"@type":"PropertyValueSpecification","valueRequired":true,"valueName":"search_term_string"}}],"inLanguage":"fr-FR"},{"@type":"Organization","@id":"https:\/\/www.bluestar-forensic.com\/#organization","name":"Bluestar Forensic LATENT BLOODSTAIN REAGENT","url":"https:\/\/www.bluestar-forensic.com\/","logo":{"@type":"ImageObject","inLanguage":"fr-FR","@id":"https:\/\/www.bluestar-forensic.com\/#\/schema\/logo\/image\/","url":"https:\/\/www.bluestar-forensic.com\/wp-content\/uploads\/2025\/02\/Logo-bluestar-copie.svg","contentUrl":"https:\/\/www.bluestar-forensic.com\/wp-content\/uploads\/2025\/02\/Logo-bluestar-copie.svg","width":1494,"height":346,"caption":"Bluestar Forensic LATENT BLOODSTAIN REAGENT"},"image":{"@id":"https:\/\/www.bluestar-forensic.com\/#\/schema\/logo\/image\/"},"sameAs":["https:\/\/www.facebook.com\/bluestarforensic\/","https:\/\/www.instagram.com\/bluestar_forensic\/"]}]}},"_links":{"self":[{"href":"https:\/\/www.bluestar-forensic.com\/fr\/wp-json\/wp\/v2\/pages\/20024","targetHints":{"allow":["GET"]}}],"collection":[{"href":"https:\/\/www.bluestar-forensic.com\/fr\/wp-json\/wp\/v2\/pages"}],"about":[{"href":"https:\/\/www.bluestar-forensic.com\/fr\/wp-json\/wp\/v2\/types\/page"}],"author":[{"embeddable":true,"href":"https:\/\/www.bluestar-forensic.com\/fr\/wp-json\/wp\/v2\/users\/1"}],"replies":[{"embeddable":true,"href":"https:\/\/www.bluestar-forensic.com\/fr\/wp-json\/wp\/v2\/comments?post=20024"}],"version-history":[{"count":11,"href":"https:\/\/www.bluestar-forensic.com\/fr\/wp-json\/wp\/v2\/pages\/20024\/revisions"}],"predecessor-version":[{"id":22103,"href":"https:\/\/www.bluestar-forensic.com\/fr\/wp-json\/wp\/v2\/pages\/20024\/revisions\/22103"}],"wp:attachment":[{"href":"https:\/\/www.bluestar-forensic.com\/fr\/wp-json\/wp\/v2\/media?parent=20024"}],"curies":[{"name":"wp","href":"https:\/\/api.w.org\/{rel}","templated":true}]}}