{"id":20043,"date":"2025-02-28T15:22:33","date_gmt":"2025-02-28T15:22:33","guid":{"rendered":"https:\/\/toty.fr\/Bluestar\/sensibilite-extreme\/"},"modified":"2025-08-28T09:36:29","modified_gmt":"2025-08-28T09:36:29","slug":"sensibilite-extreme","status":"publish","type":"page","link":"https:\/\/www.bluestar-forensic.com\/fr\/sensibilite-extreme\/","title":{"rendered":"SENSIBILIT\u00c9 EXTR\u00caME"},"content":{"rendered":"\t\t<div data-elementor-type=\"wp-page\" data-elementor-id=\"20043\" class=\"elementor elementor-20043 elementor-16285\" data-elementor-post-type=\"page\">\n\t\t\t\t<div class=\"aux-parallax-section elementor-element elementor-element-40ee5dc e-flex e-con-boxed e-con e-parent\" data-id=\"40ee5dc\" data-element_type=\"container\" data-e-type=\"container\">\n\t\t\t\t\t<div class=\"e-con-inner\">\n\t\t\t\t<div class=\"elementor-element elementor-element-3894645 elementor-invisible elementor-widget elementor-widget-text-editor\" data-id=\"3894645\" data-element_type=\"widget\" data-e-type=\"widget\" data-settings=\"{&quot;_animation&quot;:&quot;fadeInDown&quot;}\" data-widget_type=\"text-editor.default\">\n\t\t\t\t<div class=\"elementor-widget-container\">\n\t\t\t\t\t\t\t\t\t<h3 class=\"elementor-heading-title elementor-size-xxl\"><a href=\"https:\/\/www.bluestar-forensic.com\/wp-content\/uploads\/2025\/03\/icone.svg\"><img decoding=\"async\" class=\"wp-image-17525 aligncenter\" src=\"https:\/\/www.bluestar-forensic.com\/wp-content\/uploads\/2025\/03\/icone.svg\" alt=\"\" width=\"59\" height=\"61\" \/><\/a><\/h3><h2 style=\"text-align: center;\">Sensibilit\u00e9 extr\u00eame<\/h2>\t\t\t\t\t\t\t\t<\/div>\n\t\t\t\t<\/div>\n\t\t\t\t\t<\/div>\n\t\t\t\t<\/div>\n\t\t<div class=\"aux-parallax-section elementor-element elementor-element-f123106 e-grid e-con-boxed e-con e-parent\" data-id=\"f123106\" data-element_type=\"container\" data-e-type=\"container\">\n\t\t\t\t\t<div class=\"e-con-inner\">\n\t\t\t\t<div class=\"elementor-element elementor-element-76558f6 elementor-invisible elementor-widget elementor-widget-text-editor\" data-id=\"76558f6\" data-element_type=\"widget\" data-e-type=\"widget\" data-settings=\"{&quot;_animation&quot;:&quot;fadeInDown&quot;}\" data-widget_type=\"text-editor.default\">\n\t\t\t\t<div class=\"elementor-widget-container\">\n\t\t\t\t\t\t\t\t\t<p style=\"text-align: justify;\">BLUESTAR<sup>\u00ae<\/sup> FORENSIC est\u00a0<b>plus sensible<\/b>\u00a0que les autres r\u00e9v\u00e9lateurs de sang. Il permet de d\u00e9tecter \u00e0 l\u2019\u0153il nu des traces de sang jusqu\u2019\u00e0 des dilutions de 1\/10000, c\u2019est-\u00e0-dire des\u00a0<b>traces infimes effac\u00e9es<\/b>\u00a0ou minutieusement lav\u00e9es,\u00a0<b>avec ou sans d\u00e9tergent<\/b>.<\/p><p>BLUESTAR\u00ae FORENSIC permet de r\u00e9v\u00e9ler des traces ou des\u00a0<b>gouttelettes de sang invisibles et microscopiques<\/b>, particuli\u00e8rement sur des supports sombres. La sensibilit\u00e9 ne d\u00e9pend pas du volume de la t\u00e2che, mais de la pr\u00e9sence effective de sang.<\/p><p>BLUESTAR<sup>\u00ae<\/sup> FORENSIC produit une\u00a0<b>r\u00e9action lumineuse plus forte et plus longue qui ne n\u00e9cessite pas l\u2019obscurit\u00e9 totale<\/b>\u00a0pour \u00eatre vue et permet d\u2019obtenir de bonnes photographies ou films de la trace de sang r\u00e9v\u00e9l\u00e9e avec des\u00a0<b>moyens photographiques ordinaires.<\/b><\/p>\t\t\t\t\t\t\t\t<\/div>\n\t\t\t\t<\/div>\n\t\t<div class=\"elementor-element elementor-element-3458cab e-con-full e-flex elementor-invisible e-con e-child\" data-id=\"3458cab\" data-element_type=\"container\" data-e-type=\"container\" data-settings=\"{&quot;animation&quot;:&quot;fadeInRight&quot;}\">\n\t\t\t\t<div class=\"elementor-element elementor-element-73d05ea elementor-widget elementor-widget-image\" data-id=\"73d05ea\" data-element_type=\"widget\" data-e-type=\"widget\" data-widget_type=\"image.default\">\n\t\t\t\t<div class=\"elementor-widget-container\">\n\t\t\t\t\t\t\t\t\t\t\t\t\t\t\t<img fetchpriority=\"high\" decoding=\"async\" width=\"458\" height=\"144\" src=\"https:\/\/www.bluestar-forensic.com\/wp-content\/uploads\/2025\/02\/Capture-decran-2025-02-28-a-16.24.37.png\" class=\"attachment-full size-full wp-image-16288\" alt=\"\" srcset=\"https:\/\/www.bluestar-forensic.com\/wp-content\/uploads\/2025\/02\/Capture-decran-2025-02-28-a-16.24.37.png 458w, https:\/\/www.bluestar-forensic.com\/wp-content\/uploads\/2025\/02\/Capture-decran-2025-02-28-a-16.24.37-200x63.png 200w\" sizes=\"(max-width: 458px) 100vw, 458px\" \/>\t\t\t\t\t\t\t\t\t\t\t\t\t\t\t<\/div>\n\t\t\t\t<\/div>\n\t\t\t\t<div class=\"elementor-element elementor-element-e95b292 elementor-widget elementor-widget-text-editor\" data-id=\"e95b292\" data-element_type=\"widget\" data-e-type=\"widget\" data-widget_type=\"text-editor.default\">\n\t\t\t\t<div class=\"elementor-widget-container\">\n\t\t\t\t\t\t\t\t\t<p style=\"text-align: center;\"><span style=\"font-size: 10pt; color: #ffffff;\">Sang dilu\u00e9 de 1 \u00e0 1\/1000, avant (photo de jour) et apr\u00e8s pulv\u00e9risation de Bluestar(photo dans l\u2019obscurit\u00e9)<\/span><\/p>\t\t\t\t\t\t\t\t<\/div>\n\t\t\t\t<\/div>\n\t\t\t\t<\/div>\n\t\t\t\t\t<\/div>\n\t\t\t\t<\/div>\n\t\t<div class=\"aux-parallax-section elementor-element elementor-element-6fb7e48 e-grid e-con-boxed e-con e-parent\" data-id=\"6fb7e48\" data-element_type=\"container\" data-e-type=\"container\">\n\t\t\t\t\t<div class=\"e-con-inner\">\n\t\t\t\t<div class=\"elementor-element elementor-element-2f4fc88 elementor-invisible elementor-widget elementor-widget-image\" data-id=\"2f4fc88\" data-element_type=\"widget\" data-e-type=\"widget\" data-settings=\"{&quot;_animation&quot;:&quot;fadeInLeft&quot;}\" data-widget_type=\"image.default\">\n\t\t\t\t<div class=\"elementor-widget-container\">\n\t\t\t\t\t\t\t\t\t\t\t\t\t\t\t<img decoding=\"async\" width=\"1561\" height=\"900\" src=\"https:\/\/www.bluestar-forensic.com\/wp-content\/uploads\/2025\/02\/mattress2-1.jpg\" class=\"attachment-full size-full wp-image-16298\" alt=\"\" srcset=\"https:\/\/www.bluestar-forensic.com\/wp-content\/uploads\/2025\/02\/mattress2-1.jpg 1561w, https:\/\/www.bluestar-forensic.com\/wp-content\/uploads\/2025\/02\/mattress2-1-1536x886.jpg 1536w, https:\/\/www.bluestar-forensic.com\/wp-content\/uploads\/2025\/02\/mattress2-1-200x115.jpg 200w\" sizes=\"(max-width: 1561px) 100vw, 1561px\" \/>\t\t\t\t\t\t\t\t\t\t\t\t\t\t\t<\/div>\n\t\t\t\t<\/div>\n\t\t\t\t<div class=\"elementor-element elementor-element-4ef7748 elementor-invisible elementor-widget elementor-widget-text-editor\" data-id=\"4ef7748\" data-element_type=\"widget\" data-e-type=\"widget\" data-settings=\"{&quot;_animation&quot;:&quot;fadeInRight&quot;}\" data-widget_type=\"text-editor.default\">\n\t\t\t\t<div class=\"elementor-widget-container\">\n\t\t\t\t\t\t\t\t\t<p><b>Selon l&#8217;Institut de recherche criminelle de la gendarmerie nationale (IRCGN) :<\/b><\/p><p>&#8220;<em>Cette nouvelle formulation du BLUESTAR<sup>\u00ae<\/sup> pr\u00e9sente de nombreux avantages par rapport \u00e0 une solution classique de luminol. La luminescence est plus intense, elle dure plus longtemps et ne requiert pas une obscurit\u00e9 totale pour \u00eatre visible.\u00a0De plus, ce produit chimique est plus stable et peut \u00eatre encore utilis\u00e9 plusieurs jours apr\u00e8s pr\u00e9paration.<\/em>&#8220;<\/p>\t\t\t\t\t\t\t\t<\/div>\n\t\t\t\t<\/div>\n\t\t\t\t\t<\/div>\n\t\t\t\t<\/div>\n\t\t<div class=\"aux-parallax-section elementor-element elementor-element-c737bda e-grid e-con-boxed e-con e-parent\" data-id=\"c737bda\" data-element_type=\"container\" data-e-type=\"container\">\n\t\t\t\t\t<div class=\"e-con-inner\">\n\t\t\t\t<div class=\"elementor-element elementor-element-6e70e9d elementor-align-start elementor-icon-list--layout-traditional elementor-list-item-link-full_width elementor-widget elementor-widget-icon-list\" data-id=\"6e70e9d\" data-element_type=\"widget\" data-e-type=\"widget\" data-widget_type=\"icon-list.default\">\n\t\t\t\t<div class=\"elementor-widget-container\">\n\t\t\t\t\t\t\t<ul class=\"elementor-icon-list-items\">\n\t\t\t\t\t\t\t<li class=\"elementor-icon-list-item\">\n\t\t\t\t\t\t\t\t\t\t\t<a href=\"https:\/\/www.bluestar-forensic.com\/fr\/la-chimie-de-bluestar-forensic\/\">\n\n\t\t\t\t\t\t\t\t\t\t\t\t<span class=\"elementor-icon-list-icon\">\n\t\t\t\t\t\t\t<i aria-hidden=\"true\" class=\"fas fa-check\"><\/i>\t\t\t\t\t\t<\/span>\n\t\t\t\t\t\t\t\t\t\t<span class=\"elementor-icon-list-text\">LA CHIMIE DE BLUESTAR FORENSIC<\/span>\n\t\t\t\t\t\t\t\t\t\t\t<\/a>\n\t\t\t\t\t\t\t\t\t<\/li>\n\t\t\t\t\t\t\t\t<li class=\"elementor-icon-list-item\">\n\t\t\t\t\t\t\t\t\t\t\t<a href=\"https:\/\/www.bluestar-forensic.com\/fr\/performance-sur-les-taches-deau-de-javel-et-les-taches-blanchies\/\">\n\n\t\t\t\t\t\t\t\t\t\t\t\t<span class=\"elementor-icon-list-icon\">\n\t\t\t\t\t\t\t<i aria-hidden=\"true\" class=\"fas fa-check\"><\/i>\t\t\t\t\t\t<\/span>\n\t\t\t\t\t\t\t\t\t\t<span class=\"elementor-icon-list-text\">PERFORMANCE SUR LES TACHES DE JAVEL ET LES TACHES DE SANG JAVELLIS\u00c9ES<\/span>\n\t\t\t\t\t\t\t\t\t\t\t<\/a>\n\t\t\t\t\t\t\t\t\t<\/li>\n\t\t\t\t\t\t<\/ul>\n\t\t\t\t\t\t<\/div>\n\t\t\t\t<\/div>\n\t\t\t\t<div class=\"elementor-element elementor-element-f6b7f81 elementor-align-start elementor-icon-list--layout-traditional elementor-list-item-link-full_width elementor-widget elementor-widget-icon-list\" data-id=\"f6b7f81\" data-element_type=\"widget\" data-e-type=\"widget\" data-widget_type=\"icon-list.default\">\n\t\t\t\t<div class=\"elementor-widget-container\">\n\t\t\t\t\t\t\t<ul class=\"elementor-icon-list-items\">\n\t\t\t\t\t\t\t<li class=\"elementor-icon-list-item\">\n\t\t\t\t\t\t\t\t\t\t\t<a href=\"https:\/\/www.bluestar-forensic.com\/fr\/performance-sur-differents-materiaux-faux-positifs\/\">\n\n\t\t\t\t\t\t\t\t\t\t\t\t<span class=\"elementor-icon-list-icon\">\n\t\t\t\t\t\t\t<i aria-hidden=\"true\" class=\"fas fa-check\"><\/i>\t\t\t\t\t\t<\/span>\n\t\t\t\t\t\t\t\t\t\t<span class=\"elementor-icon-list-text\">PERFORMANCE SUR DIFF\u00c9RENTS MAT\u00c9RIAUX - FAUX POSITIFS<\/span>\n\t\t\t\t\t\t\t\t\t\t\t<\/a>\n\t\t\t\t\t\t\t\t\t<\/li>\n\t\t\t\t\t\t\t\t<li class=\"elementor-icon-list-item\">\n\t\t\t\t\t\t\t\t\t\t\t<a href=\"https:\/\/www.bluestar-forensic.com\/fr\/typage-adn-des-taches-de-sang-traitees-par-bluestar-forensic\/\">\n\n\t\t\t\t\t\t\t\t\t\t\t\t<span class=\"elementor-icon-list-icon\">\n\t\t\t\t\t\t\t<i aria-hidden=\"true\" class=\"fas fa-check\"><\/i>\t\t\t\t\t\t<\/span>\n\t\t\t\t\t\t\t\t\t\t<span class=\"elementor-icon-list-text\">GENOTYPAGE DE TRACES DE SANG TRAIT\u00c9ES AU BLUESTAR\u00ae FORENSIC<\/span>\n\t\t\t\t\t\t\t\t\t\t\t<\/a>\n\t\t\t\t\t\t\t\t\t<\/li>\n\t\t\t\t\t\t\t\t<li class=\"elementor-icon-list-item\">\n\t\t\t\t\t\t\t\t\t\t\t<a href=\"https:\/\/www.bluestar-forensic.com\/fr\/performances-sur-le-vieux-sang\/\">\n\n\t\t\t\t\t\t\t\t\t\t\t\t<span class=\"elementor-icon-list-icon\">\n\t\t\t\t\t\t\t<i aria-hidden=\"true\" class=\"fas fa-check\"><\/i>\t\t\t\t\t\t<\/span>\n\t\t\t\t\t\t\t\t\t\t<span class=\"elementor-icon-list-text\">PERFORMANCES SUR LE VIEUX SANG<\/span>\n\t\t\t\t\t\t\t\t\t\t\t<\/a>\n\t\t\t\t\t\t\t\t\t<\/li>\n\t\t\t\t\t\t<\/ul>\n\t\t\t\t\t\t<\/div>\n\t\t\t\t<\/div>\n\t\t\t\t\t<\/div>\n\t\t\t\t<\/div>\n\t\t\t\t<\/div>\n\t\t","protected":false},"excerpt":{"rendered":"<p>Sensibilit\u00e9 extr\u00eame BLUESTAR\u00ae FORENSIC est\u00a0plus sensible\u00a0que les autres r\u00e9v\u00e9lateurs de sang. Il permet de d\u00e9tecter \u00e0 l\u2019\u0153il nu des traces de sang jusqu\u2019\u00e0 des dilutions de 1\/10000, c\u2019est-\u00e0-dire des\u00a0traces infimes effac\u00e9es\u00a0ou minutieusement lav\u00e9es,\u00a0avec ou sans d\u00e9tergent. BLUESTAR\u00ae FORENSIC permet de r\u00e9v\u00e9ler des traces ou des\u00a0gouttelettes de sang invisibles et microscopiques, particuli\u00e8rement sur des supports sombres. [&hellip;]<\/p>\n","protected":false},"author":1,"featured_media":0,"parent":0,"menu_order":0,"comment_status":"closed","ping_status":"closed","template":"","meta":{"_acf_changed":false,"footnotes":""},"class_list":["post-20043","page","type-page","status-publish","hentry"],"acf":[],"yoast_head":"<!-- This site is optimized with the Yoast SEO plugin v27.2 - https:\/\/yoast.com\/product\/yoast-seo-wordpress\/ -->\n<title>SENSIBILIT\u00c9 EXTR\u00caME - Bluestar Forensic<\/title>\n<meta name=\"robots\" content=\"index, follow, max-snippet:-1, max-image-preview:large, max-video-preview:-1\" \/>\n<link rel=\"canonical\" href=\"https:\/\/www.bluestar-forensic.com\/fr\/sensibilite-extreme\/\" \/>\n<meta property=\"og:locale\" content=\"fr_FR\" \/>\n<meta property=\"og:type\" content=\"article\" \/>\n<meta property=\"og:title\" content=\"SENSIBILIT\u00c9 EXTR\u00caME - Bluestar Forensic\" \/>\n<meta property=\"og:description\" content=\"Sensibilit\u00e9 extr\u00eame BLUESTAR\u00ae FORENSIC est\u00a0plus sensible\u00a0que les autres r\u00e9v\u00e9lateurs de sang. Il permet de d\u00e9tecter \u00e0 l\u2019\u0153il nu des traces de sang jusqu\u2019\u00e0 des dilutions de 1\/10000, c\u2019est-\u00e0-dire des\u00a0traces infimes effac\u00e9es\u00a0ou minutieusement lav\u00e9es,\u00a0avec ou sans d\u00e9tergent. BLUESTAR\u00ae FORENSIC permet de r\u00e9v\u00e9ler des traces ou des\u00a0gouttelettes de sang invisibles et microscopiques, particuli\u00e8rement sur des supports sombres. [&hellip;]\" \/>\n<meta property=\"og:url\" content=\"https:\/\/www.bluestar-forensic.com\/fr\/sensibilite-extreme\/\" \/>\n<meta property=\"og:site_name\" content=\"Bluestar Forensic\" \/>\n<meta property=\"article:publisher\" content=\"https:\/\/www.facebook.com\/bluestarforensic\/\" \/>\n<meta property=\"article:modified_time\" content=\"2025-08-28T09:36:29+00:00\" \/>\n<meta name=\"twitter:card\" content=\"summary_large_image\" \/>\n<meta name=\"twitter:label1\" content=\"Dur\u00e9e de lecture estim\u00e9e\" \/>\n\t<meta name=\"twitter:data1\" content=\"1 minute\" \/>\n<script type=\"application\/ld+json\" class=\"yoast-schema-graph\">{\"@context\":\"https:\/\/schema.org\",\"@graph\":[{\"@type\":\"WebPage\",\"@id\":\"https:\/\/www.bluestar-forensic.com\/fr\/sensibilite-extreme\/\",\"url\":\"https:\/\/www.bluestar-forensic.com\/fr\/sensibilite-extreme\/\",\"name\":\"SENSIBILIT\u00c9 EXTR\u00caME - Bluestar Forensic\",\"isPartOf\":{\"@id\":\"https:\/\/www.bluestar-forensic.com\/#website\"},\"primaryImageOfPage\":{\"@id\":\"https:\/\/www.bluestar-forensic.com\/fr\/sensibilite-extreme\/#primaryimage\"},\"image\":{\"@id\":\"https:\/\/www.bluestar-forensic.com\/fr\/sensibilite-extreme\/#primaryimage\"},\"thumbnailUrl\":\"https:\/\/www.bluestar-forensic.com\/wp-content\/uploads\/2025\/03\/icone.svg\",\"datePublished\":\"2025-02-28T15:22:33+00:00\",\"dateModified\":\"2025-08-28T09:36:29+00:00\",\"breadcrumb\":{\"@id\":\"https:\/\/www.bluestar-forensic.com\/fr\/sensibilite-extreme\/#breadcrumb\"},\"inLanguage\":\"fr-FR\",\"potentialAction\":[{\"@type\":\"ReadAction\",\"target\":[\"https:\/\/www.bluestar-forensic.com\/fr\/sensibilite-extreme\/\"]}]},{\"@type\":\"ImageObject\",\"inLanguage\":\"fr-FR\",\"@id\":\"https:\/\/www.bluestar-forensic.com\/fr\/sensibilite-extreme\/#primaryimage\",\"url\":\"https:\/\/www.bluestar-forensic.com\/wp-content\/uploads\/2025\/03\/icone.svg\",\"contentUrl\":\"https:\/\/www.bluestar-forensic.com\/wp-content\/uploads\/2025\/03\/icone.svg\"},{\"@type\":\"BreadcrumbList\",\"@id\":\"https:\/\/www.bluestar-forensic.com\/fr\/sensibilite-extreme\/#breadcrumb\",\"itemListElement\":[{\"@type\":\"ListItem\",\"position\":1,\"name\":\"Home\",\"item\":\"https:\/\/www.bluestar-forensic.com\/\"},{\"@type\":\"ListItem\",\"position\":2,\"name\":\"SENSIBILIT\u00c9 EXTR\u00caME\"}]},{\"@type\":\"WebSite\",\"@id\":\"https:\/\/www.bluestar-forensic.com\/#website\",\"url\":\"https:\/\/www.bluestar-forensic.com\/\",\"name\":\"Bluestar UNIQUE Forensic\",\"description\":\"\",\"publisher\":{\"@id\":\"https:\/\/www.bluestar-forensic.com\/#organization\"},\"potentialAction\":[{\"@type\":\"SearchAction\",\"target\":{\"@type\":\"EntryPoint\",\"urlTemplate\":\"https:\/\/www.bluestar-forensic.com\/?s={search_term_string}\"},\"query-input\":{\"@type\":\"PropertyValueSpecification\",\"valueRequired\":true,\"valueName\":\"search_term_string\"}}],\"inLanguage\":\"fr-FR\"},{\"@type\":\"Organization\",\"@id\":\"https:\/\/www.bluestar-forensic.com\/#organization\",\"name\":\"Bluestar Forensic LATENT BLOODSTAIN REAGENT\",\"url\":\"https:\/\/www.bluestar-forensic.com\/\",\"logo\":{\"@type\":\"ImageObject\",\"inLanguage\":\"fr-FR\",\"@id\":\"https:\/\/www.bluestar-forensic.com\/#\/schema\/logo\/image\/\",\"url\":\"https:\/\/www.bluestar-forensic.com\/wp-content\/uploads\/2025\/02\/Logo-bluestar-copie.svg\",\"contentUrl\":\"https:\/\/www.bluestar-forensic.com\/wp-content\/uploads\/2025\/02\/Logo-bluestar-copie.svg\",\"width\":1494,\"height\":346,\"caption\":\"Bluestar Forensic LATENT BLOODSTAIN REAGENT\"},\"image\":{\"@id\":\"https:\/\/www.bluestar-forensic.com\/#\/schema\/logo\/image\/\"},\"sameAs\":[\"https:\/\/www.facebook.com\/bluestarforensic\/\",\"https:\/\/www.instagram.com\/bluestar_forensic\/\"]}]}<\/script>\n<!-- \/ Yoast SEO plugin. -->","yoast_head_json":{"title":"SENSIBILIT\u00c9 EXTR\u00caME - Bluestar Forensic","robots":{"index":"index","follow":"follow","max-snippet":"max-snippet:-1","max-image-preview":"max-image-preview:large","max-video-preview":"max-video-preview:-1"},"canonical":"https:\/\/www.bluestar-forensic.com\/fr\/sensibilite-extreme\/","og_locale":"fr_FR","og_type":"article","og_title":"SENSIBILIT\u00c9 EXTR\u00caME - Bluestar Forensic","og_description":"Sensibilit\u00e9 extr\u00eame BLUESTAR\u00ae FORENSIC est\u00a0plus sensible\u00a0que les autres r\u00e9v\u00e9lateurs de sang. Il permet de d\u00e9tecter \u00e0 l\u2019\u0153il nu des traces de sang jusqu\u2019\u00e0 des dilutions de 1\/10000, c\u2019est-\u00e0-dire des\u00a0traces infimes effac\u00e9es\u00a0ou minutieusement lav\u00e9es,\u00a0avec ou sans d\u00e9tergent. BLUESTAR\u00ae FORENSIC permet de r\u00e9v\u00e9ler des traces ou des\u00a0gouttelettes de sang invisibles et microscopiques, particuli\u00e8rement sur des supports sombres. [&hellip;]","og_url":"https:\/\/www.bluestar-forensic.com\/fr\/sensibilite-extreme\/","og_site_name":"Bluestar Forensic","article_publisher":"https:\/\/www.facebook.com\/bluestarforensic\/","article_modified_time":"2025-08-28T09:36:29+00:00","twitter_card":"summary_large_image","twitter_misc":{"Dur\u00e9e de lecture estim\u00e9e":"1 minute"},"schema":{"@context":"https:\/\/schema.org","@graph":[{"@type":"WebPage","@id":"https:\/\/www.bluestar-forensic.com\/fr\/sensibilite-extreme\/","url":"https:\/\/www.bluestar-forensic.com\/fr\/sensibilite-extreme\/","name":"SENSIBILIT\u00c9 EXTR\u00caME - Bluestar Forensic","isPartOf":{"@id":"https:\/\/www.bluestar-forensic.com\/#website"},"primaryImageOfPage":{"@id":"https:\/\/www.bluestar-forensic.com\/fr\/sensibilite-extreme\/#primaryimage"},"image":{"@id":"https:\/\/www.bluestar-forensic.com\/fr\/sensibilite-extreme\/#primaryimage"},"thumbnailUrl":"https:\/\/www.bluestar-forensic.com\/wp-content\/uploads\/2025\/03\/icone.svg","datePublished":"2025-02-28T15:22:33+00:00","dateModified":"2025-08-28T09:36:29+00:00","breadcrumb":{"@id":"https:\/\/www.bluestar-forensic.com\/fr\/sensibilite-extreme\/#breadcrumb"},"inLanguage":"fr-FR","potentialAction":[{"@type":"ReadAction","target":["https:\/\/www.bluestar-forensic.com\/fr\/sensibilite-extreme\/"]}]},{"@type":"ImageObject","inLanguage":"fr-FR","@id":"https:\/\/www.bluestar-forensic.com\/fr\/sensibilite-extreme\/#primaryimage","url":"https:\/\/www.bluestar-forensic.com\/wp-content\/uploads\/2025\/03\/icone.svg","contentUrl":"https:\/\/www.bluestar-forensic.com\/wp-content\/uploads\/2025\/03\/icone.svg"},{"@type":"BreadcrumbList","@id":"https:\/\/www.bluestar-forensic.com\/fr\/sensibilite-extreme\/#breadcrumb","itemListElement":[{"@type":"ListItem","position":1,"name":"Home","item":"https:\/\/www.bluestar-forensic.com\/"},{"@type":"ListItem","position":2,"name":"SENSIBILIT\u00c9 EXTR\u00caME"}]},{"@type":"WebSite","@id":"https:\/\/www.bluestar-forensic.com\/#website","url":"https:\/\/www.bluestar-forensic.com\/","name":"Bluestar UNIQUE Forensic","description":"","publisher":{"@id":"https:\/\/www.bluestar-forensic.com\/#organization"},"potentialAction":[{"@type":"SearchAction","target":{"@type":"EntryPoint","urlTemplate":"https:\/\/www.bluestar-forensic.com\/?s={search_term_string}"},"query-input":{"@type":"PropertyValueSpecification","valueRequired":true,"valueName":"search_term_string"}}],"inLanguage":"fr-FR"},{"@type":"Organization","@id":"https:\/\/www.bluestar-forensic.com\/#organization","name":"Bluestar Forensic LATENT BLOODSTAIN REAGENT","url":"https:\/\/www.bluestar-forensic.com\/","logo":{"@type":"ImageObject","inLanguage":"fr-FR","@id":"https:\/\/www.bluestar-forensic.com\/#\/schema\/logo\/image\/","url":"https:\/\/www.bluestar-forensic.com\/wp-content\/uploads\/2025\/02\/Logo-bluestar-copie.svg","contentUrl":"https:\/\/www.bluestar-forensic.com\/wp-content\/uploads\/2025\/02\/Logo-bluestar-copie.svg","width":1494,"height":346,"caption":"Bluestar Forensic LATENT BLOODSTAIN REAGENT"},"image":{"@id":"https:\/\/www.bluestar-forensic.com\/#\/schema\/logo\/image\/"},"sameAs":["https:\/\/www.facebook.com\/bluestarforensic\/","https:\/\/www.instagram.com\/bluestar_forensic\/"]}]}},"_links":{"self":[{"href":"https:\/\/www.bluestar-forensic.com\/fr\/wp-json\/wp\/v2\/pages\/20043","targetHints":{"allow":["GET"]}}],"collection":[{"href":"https:\/\/www.bluestar-forensic.com\/fr\/wp-json\/wp\/v2\/pages"}],"about":[{"href":"https:\/\/www.bluestar-forensic.com\/fr\/wp-json\/wp\/v2\/types\/page"}],"author":[{"embeddable":true,"href":"https:\/\/www.bluestar-forensic.com\/fr\/wp-json\/wp\/v2\/users\/1"}],"replies":[{"embeddable":true,"href":"https:\/\/www.bluestar-forensic.com\/fr\/wp-json\/wp\/v2\/comments?post=20043"}],"version-history":[{"count":12,"href":"https:\/\/www.bluestar-forensic.com\/fr\/wp-json\/wp\/v2\/pages\/20043\/revisions"}],"predecessor-version":[{"id":22097,"href":"https:\/\/www.bluestar-forensic.com\/fr\/wp-json\/wp\/v2\/pages\/20043\/revisions\/22097"}],"wp:attachment":[{"href":"https:\/\/www.bluestar-forensic.com\/fr\/wp-json\/wp\/v2\/media?parent=20043"}],"curies":[{"name":"wp","href":"https:\/\/api.w.org\/{rel}","templated":true}]}}