{"id":20217,"date":"2025-03-24T12:32:22","date_gmt":"2025-03-24T12:32:22","guid":{"rendered":"https:\/\/toty.fr\/Bluestar\/faq-bluestar-identi-hem-2\/"},"modified":"2025-08-05T13:26:29","modified_gmt":"2025-08-05T13:26:29","slug":"faq-bluestar-identi-hem-2","status":"publish","type":"page","link":"https:\/\/www.bluestar-forensic.com\/fr\/faq-bluestar-identi-hem-2\/","title":{"rendered":"FAQ BLUESTAR\u00ae Identi-HEM"},"content":{"rendered":"\t\t<div data-elementor-type=\"wp-page\" data-elementor-id=\"20217\" class=\"elementor elementor-20217 elementor-18078\" data-elementor-post-type=\"page\">\n\t\t\t\t<div class=\"aux-parallax-section elementor-element elementor-element-604eb24 e-flex e-con-boxed e-con e-parent\" data-id=\"604eb24\" data-element_type=\"container\" data-e-type=\"container\">\n\t\t\t\t\t<div class=\"e-con-inner\">\n\t\t\t\t<div class=\"elementor-element elementor-element-71f3d7e elementor-widget elementor-widget-spacer\" data-id=\"71f3d7e\" data-element_type=\"widget\" data-e-type=\"widget\" data-widget_type=\"spacer.default\">\n\t\t\t\t<div class=\"elementor-widget-container\">\n\t\t\t\t\t\t\t<div class=\"elementor-spacer\">\n\t\t\t<div class=\"elementor-spacer-inner\"><\/div>\n\t\t<\/div>\n\t\t\t\t\t\t<\/div>\n\t\t\t\t<\/div>\n\t\t\t\t\t<\/div>\n\t\t\t\t<\/div>\n\t\t<div class=\"aux-parallax-section elementor-element elementor-element-02f0384 e-flex e-con-boxed e-con e-parent\" data-id=\"02f0384\" data-element_type=\"container\" data-e-type=\"container\">\n\t\t\t\t\t<div class=\"e-con-inner\">\n\t\t\t\t<div class=\"elementor-element elementor-element-9f79850 aux-appear-watch-animation aux-fade-in-up elementor-widget__width-initial elementor-widget elementor-widget-aux_modern_heading\" data-id=\"9f79850\" data-element_type=\"widget\" data-e-type=\"widget\" data-widget_type=\"aux_modern_heading.default\">\n\t\t\t\t<div class=\"elementor-widget-container\">\n\t\t\t\t\t<section class=\"aux-widget-modern-heading\">\n            <div class=\"aux-widget-inner\"><h3 class=\"aux-modern-heading-primary\"><\/h3><h2 class=\"aux-modern-heading-secondary\"><span class=\"aux-head-highlight\">Foire aux questions (FAQ) BLUESTAR\u00ae Identi-HEM<\/span><\/h2><\/div>\n        <\/section>\t\t\t\t<\/div>\n\t\t\t\t<\/div>\n\t\t\t\t\t<\/div>\n\t\t\t\t<\/div>\n\t\t<div class=\"aux-parallax-section elementor-element elementor-element-564092a e-flex e-con-boxed e-con e-parent\" data-id=\"564092a\" data-element_type=\"container\" data-e-type=\"container\">\n\t\t\t\t\t<div class=\"e-con-inner\">\n\t\t<div class=\"elementor-element elementor-element-41afc44 e-con-full e-flex e-con e-child\" data-id=\"41afc44\" data-element_type=\"container\" data-e-type=\"container\">\n\t\t\t\t<\/div>\n\t\t<div class=\"elementor-element elementor-element-83153b3 e-con-full e-flex e-con e-child\" data-id=\"83153b3\" data-element_type=\"container\" data-e-type=\"container\">\n\t\t\t\t<div class=\"elementor-element elementor-element-77f7179 elementor-widget elementor-widget-aux_faq\" data-id=\"77f7179\" data-element_type=\"widget\" data-e-type=\"widget\" data-widget_type=\"aux_faq.default\">\n\t\t\t\t<div class=\"elementor-widget-container\">\n\t\t\t\t\t<section class=\"widget-container aux-widget-faq aux-widget-accordion aux-parent-au85b2f0ec\" style=\"\" ><div id=\"69d2ace20f7ee\" data-element-id=\"au85b2f0ec\" class=\"aux-isotope-faq aux-isotope-animated widget-toggle aux-accordion-\" data-lazyload=\"true\" data-space=\"0\" data-pagination=\"true\" data-deeplink=\"false\" data-slug=\"\" data-perpage=\"13\" data-reveal-transition-duration=\"600\" data-reveal-between-delay=\"70\" data-hide-transition-duration=\"600\" data-hide-between-delay=\"70\"> <div class=\"aux-items-loading\"><div class=\"aux-loading-loop\"><svg class=\"aux-circle\" width=\"100%\" height=\"100%\" viewBox=\"0 0 42 42\"><circle class=\"aux-stroke-bg\" r=\"20\" cx=\"21\" cy=\"21\" fill=\"none\"><\/circle><circle class=\"aux-progress\" r=\"20\" cx=\"21\" cy=\"21\" fill=\"none\" transform=\"rotate(-90 21 21)\"><\/circle><\/svg><\/div><\/div><div class=\"aux-faq-item aux-iso-item aux-loading\"><h4 class=\"aux-faq-item-header toggle-header\">Quelles sont les diff\u00e9rences entre BLUESTAR\u00ae OBTI et BLUESTAR\u00ae Identi-HEM\u00ae ?<span class=\"aux-accordion-indicator\"><\/span><\/h4><div class=\"aux-faq-item-content toggle-content\"><ul>\n<li><b>Sensibilit\u00e9 :<\/b>\n<ul>\n<li>OBTI : 0,05 \u00b5g\/mL<\/li>\n<li>Identi-HEM\u00ae : 0,01 \u00b5g\/mL (sensibilit\u00e9 sup\u00e9rieure)<\/li>\n<\/ul>\n<\/li>\n<li><b>Sp\u00e9cificit\u00e9 :<\/b>\n<ul>\n<li>Identi-HEM\u00ae et OBTI r\u00e9agissent avec du sang de primate et de certains must\u00e9lid\u00e9s (martre, fouine, putois).<\/li>\n<\/ul>\n<\/li>\n<li><b>Emballage :<\/b>\n<ul>\n<li>Identi-HEM\u00ae est fourni avec un \u00e9couvillon st\u00e9rile.<\/li>\n<li>OBTI utilise une pi\u00e8ce attach\u00e9e au bouchon.<\/li>\n<\/ul>\n<\/li>\n<li><b>Dur\u00e9e de conservation :<\/b>\n<ul>\n<li> OBTI : 18 mois apr\u00e8s fabrication<\/li>\n<li>Identi-HEM\u00ae : 36 mois apr\u00e8s fabrication<\/li>\n<\/ul>\n<\/li>\n<\/ul>\n<\/div><div class=\"clear\"><\/div><\/div><div class=\"aux-faq-item aux-iso-item aux-loading\"><h4 class=\"aux-faq-item-header toggle-header\">BLUESTAR\u00ae Identi-HEM\u00ae n\u00e9cessite-t-il des conditions de stockage particuli\u00e8res ?<span class=\"aux-accordion-indicator\"><\/span><\/h4><div class=\"aux-faq-item-content toggle-content\"><p>Oui. Stocker dans un environnement sec \u00e0 des temp\u00e9ratures entre 4 \u00b0C et 30 \u00b0C (39 \u00b0F \u00e0 86 \u00b0F).<\/p>\n<\/div><div class=\"clear\"><\/div><\/div><div class=\"aux-faq-item aux-iso-item aux-loading\"><h4 class=\"aux-faq-item-header toggle-header\">Combien de temps un \u00e9chantillon reste-t-il stable apr\u00e8s pr\u00e9l\u00e8vement avec Identi-HEM\u00ae ?<span class=\"aux-accordion-indicator\"><\/span><\/h4><div class=\"aux-faq-item-content toggle-content\"><p>Une fois collect\u00e9, l\u2019\u00e9chantillon reste stable \u00e0 temp\u00e9rature ambiante (4 \u00b0C \u00e0 30 \u00b0C), mais il est pr\u00e9f\u00e9rable de le tester <b>dans les 7 jours.<\/b><\/p>\n<\/div><div class=\"clear\"><\/div><\/div><div class=\"aux-faq-item aux-iso-item aux-loading\"><h4 class=\"aux-faq-item-header toggle-header\">Peut-on utiliser BLUESTAR\u00ae Identi-HEM\u00ae apr\u00e8s avoir pulv\u00e9ris\u00e9 plusieurs fois BLUESTAR\u00ae Forensic ?<span class=\"aux-accordion-indicator\"><\/span><\/h4><div class=\"aux-faq-item-content toggle-content\"><p>Oui. Il est possible de pulv\u00e9riser plusieurs fois sur une trace de sang suspect\u00e9e et d\u2019obtenir des r\u00e9sultats valides avec BLUESTAR<sup>\u00ae<\/sup> Identi-HEM<sup>\u00ae<\/sup>.<\/p>\n<\/div><div class=\"clear\"><\/div><\/div><div class=\"aux-faq-item aux-iso-item aux-loading\"><h4 class=\"aux-faq-item-header toggle-header\">BLUESTAR\u00ae Identi-HEM\u00ae r\u00e9agit-il avec du sang synth\u00e9tique ?<span class=\"aux-accordion-indicator\"><\/span><\/h4><div class=\"aux-faq-item-content toggle-content\"><p>Non. Il ne donne un r\u00e9sultat positif qu&#8217;en pr\u00e9sence d&#8217;<b>h\u00e9moglobine humaine<\/b>. Il ne d\u00e9tecte pas le sang synth\u00e9tique ou animal.<\/p>\n<\/div><div class=\"clear\"><\/div><\/div><\/div><\/section><!-- widget-container -->\t\t\t\t<\/div>\n\t\t\t\t<\/div>\n\t\t\t\t<\/div>\n\t\t<div class=\"elementor-element elementor-element-0377290 e-con-full e-flex e-con e-child\" data-id=\"0377290\" data-element_type=\"container\" data-e-type=\"container\">\n\t\t\t\t<\/div>\n\t\t\t\t\t<\/div>\n\t\t\t\t<\/div>\n\t\t<div class=\"aux-parallax-section elementor-element elementor-element-a102c70 e-flex e-con-boxed e-con e-parent\" data-id=\"a102c70\" data-element_type=\"container\" data-e-type=\"container\">\n\t\t\t\t\t<div class=\"e-con-inner\">\n\t\t\t\t\t<\/div>\n\t\t\t\t<\/div>\n\t\t\t\t<\/div>\n\t\t","protected":false},"excerpt":{"rendered":"<p>Foire aux questions (FAQ) BLUESTAR\u00ae Identi-HEM What are the differences between BLUESTAR\u00ae OBTI and BLUESTAR\u00ae Identi-HEM\u00ae? Sensitivity: OBTI: 0.05 \u00b5g\/mL Identi-HEM\u00ae: 0.01 \u00b5g\/mL (higher sensitivity) Specificity: Identi-HEM\u00ae reacts to certain animal blood, especially from the mustelid family (e.g., martens, polecats). Packaging: Identi-HEM\u00ae includes a sterile swab for sample collection. OBTI uses an attached piece inside [&hellip;]<\/p>\n","protected":false},"author":1,"featured_media":0,"parent":0,"menu_order":0,"comment_status":"closed","ping_status":"closed","template":"","meta":{"_acf_changed":false,"footnotes":""},"class_list":["post-20217","page","type-page","status-publish","hentry"],"acf":[],"yoast_head":"<!-- This site is optimized with the Yoast SEO plugin v27.2 - https:\/\/yoast.com\/product\/yoast-seo-wordpress\/ -->\n<title>FAQ BLUESTAR\u00ae Identi-HEM - Bluestar Forensic<\/title>\n<meta name=\"robots\" content=\"index, follow, max-snippet:-1, max-image-preview:large, max-video-preview:-1\" \/>\n<link rel=\"canonical\" href=\"https:\/\/www.bluestar-forensic.com\/fr\/faq-bluestar-identi-hem-2\/\" \/>\n<meta property=\"og:locale\" content=\"fr_FR\" \/>\n<meta property=\"og:type\" content=\"article\" \/>\n<meta property=\"og:title\" content=\"FAQ BLUESTAR\u00ae Identi-HEM - Bluestar Forensic\" \/>\n<meta property=\"og:description\" content=\"Foire aux questions (FAQ) BLUESTAR\u00ae Identi-HEM What are the differences between BLUESTAR\u00ae OBTI and BLUESTAR\u00ae Identi-HEM\u00ae? Sensitivity: OBTI: 0.05 \u00b5g\/mL Identi-HEM\u00ae: 0.01 \u00b5g\/mL (higher sensitivity) Specificity: Identi-HEM\u00ae reacts to certain animal blood, especially from the mustelid family (e.g., martens, polecats). Packaging: Identi-HEM\u00ae includes a sterile swab for sample collection. OBTI uses an attached piece inside [&hellip;]\" \/>\n<meta property=\"og:url\" content=\"https:\/\/www.bluestar-forensic.com\/fr\/faq-bluestar-identi-hem-2\/\" \/>\n<meta property=\"og:site_name\" content=\"Bluestar Forensic\" \/>\n<meta property=\"article:publisher\" content=\"https:\/\/www.facebook.com\/bluestarforensic\/\" \/>\n<meta property=\"article:modified_time\" content=\"2025-08-05T13:26:29+00:00\" \/>\n<meta name=\"twitter:card\" content=\"summary_large_image\" \/>\n<meta name=\"twitter:label1\" content=\"Dur\u00e9e de lecture estim\u00e9e\" \/>\n\t<meta name=\"twitter:data1\" content=\"1 minute\" \/>\n<script type=\"application\/ld+json\" class=\"yoast-schema-graph\">{\"@context\":\"https:\/\/schema.org\",\"@graph\":[{\"@type\":\"WebPage\",\"@id\":\"https:\/\/www.bluestar-forensic.com\/fr\/faq-bluestar-identi-hem-2\/\",\"url\":\"https:\/\/www.bluestar-forensic.com\/fr\/faq-bluestar-identi-hem-2\/\",\"name\":\"FAQ BLUESTAR\u00ae Identi-HEM - Bluestar Forensic\",\"isPartOf\":{\"@id\":\"https:\/\/www.bluestar-forensic.com\/#website\"},\"datePublished\":\"2025-03-24T12:32:22+00:00\",\"dateModified\":\"2025-08-05T13:26:29+00:00\",\"breadcrumb\":{\"@id\":\"https:\/\/www.bluestar-forensic.com\/fr\/faq-bluestar-identi-hem-2\/#breadcrumb\"},\"inLanguage\":\"fr-FR\",\"potentialAction\":[{\"@type\":\"ReadAction\",\"target\":[\"https:\/\/www.bluestar-forensic.com\/fr\/faq-bluestar-identi-hem-2\/\"]}]},{\"@type\":\"BreadcrumbList\",\"@id\":\"https:\/\/www.bluestar-forensic.com\/fr\/faq-bluestar-identi-hem-2\/#breadcrumb\",\"itemListElement\":[{\"@type\":\"ListItem\",\"position\":1,\"name\":\"Home\",\"item\":\"https:\/\/www.bluestar-forensic.com\/\"},{\"@type\":\"ListItem\",\"position\":2,\"name\":\"FAQ BLUESTAR\u00ae Identi-HEM\"}]},{\"@type\":\"WebSite\",\"@id\":\"https:\/\/www.bluestar-forensic.com\/#website\",\"url\":\"https:\/\/www.bluestar-forensic.com\/\",\"name\":\"Bluestar UNIQUE Forensic\",\"description\":\"\",\"publisher\":{\"@id\":\"https:\/\/www.bluestar-forensic.com\/#organization\"},\"potentialAction\":[{\"@type\":\"SearchAction\",\"target\":{\"@type\":\"EntryPoint\",\"urlTemplate\":\"https:\/\/www.bluestar-forensic.com\/?s={search_term_string}\"},\"query-input\":{\"@type\":\"PropertyValueSpecification\",\"valueRequired\":true,\"valueName\":\"search_term_string\"}}],\"inLanguage\":\"fr-FR\"},{\"@type\":\"Organization\",\"@id\":\"https:\/\/www.bluestar-forensic.com\/#organization\",\"name\":\"Bluestar Forensic LATENT BLOODSTAIN REAGENT\",\"url\":\"https:\/\/www.bluestar-forensic.com\/\",\"logo\":{\"@type\":\"ImageObject\",\"inLanguage\":\"fr-FR\",\"@id\":\"https:\/\/www.bluestar-forensic.com\/#\/schema\/logo\/image\/\",\"url\":\"https:\/\/www.bluestar-forensic.com\/wp-content\/uploads\/2025\/02\/Logo-bluestar-copie.svg\",\"contentUrl\":\"https:\/\/www.bluestar-forensic.com\/wp-content\/uploads\/2025\/02\/Logo-bluestar-copie.svg\",\"width\":1494,\"height\":346,\"caption\":\"Bluestar Forensic LATENT BLOODSTAIN REAGENT\"},\"image\":{\"@id\":\"https:\/\/www.bluestar-forensic.com\/#\/schema\/logo\/image\/\"},\"sameAs\":[\"https:\/\/www.facebook.com\/bluestarforensic\/\",\"https:\/\/www.instagram.com\/bluestar_forensic\/\"]}]}<\/script>\n<!-- \/ Yoast SEO plugin. -->","yoast_head_json":{"title":"FAQ BLUESTAR\u00ae Identi-HEM - Bluestar Forensic","robots":{"index":"index","follow":"follow","max-snippet":"max-snippet:-1","max-image-preview":"max-image-preview:large","max-video-preview":"max-video-preview:-1"},"canonical":"https:\/\/www.bluestar-forensic.com\/fr\/faq-bluestar-identi-hem-2\/","og_locale":"fr_FR","og_type":"article","og_title":"FAQ BLUESTAR\u00ae Identi-HEM - Bluestar Forensic","og_description":"Foire aux questions (FAQ) BLUESTAR\u00ae Identi-HEM What are the differences between BLUESTAR\u00ae OBTI and BLUESTAR\u00ae Identi-HEM\u00ae? Sensitivity: OBTI: 0.05 \u00b5g\/mL Identi-HEM\u00ae: 0.01 \u00b5g\/mL (higher sensitivity) Specificity: Identi-HEM\u00ae reacts to certain animal blood, especially from the mustelid family (e.g., martens, polecats). Packaging: Identi-HEM\u00ae includes a sterile swab for sample collection. OBTI uses an attached piece inside [&hellip;]","og_url":"https:\/\/www.bluestar-forensic.com\/fr\/faq-bluestar-identi-hem-2\/","og_site_name":"Bluestar Forensic","article_publisher":"https:\/\/www.facebook.com\/bluestarforensic\/","article_modified_time":"2025-08-05T13:26:29+00:00","twitter_card":"summary_large_image","twitter_misc":{"Dur\u00e9e de lecture estim\u00e9e":"1 minute"},"schema":{"@context":"https:\/\/schema.org","@graph":[{"@type":"WebPage","@id":"https:\/\/www.bluestar-forensic.com\/fr\/faq-bluestar-identi-hem-2\/","url":"https:\/\/www.bluestar-forensic.com\/fr\/faq-bluestar-identi-hem-2\/","name":"FAQ BLUESTAR\u00ae Identi-HEM - Bluestar Forensic","isPartOf":{"@id":"https:\/\/www.bluestar-forensic.com\/#website"},"datePublished":"2025-03-24T12:32:22+00:00","dateModified":"2025-08-05T13:26:29+00:00","breadcrumb":{"@id":"https:\/\/www.bluestar-forensic.com\/fr\/faq-bluestar-identi-hem-2\/#breadcrumb"},"inLanguage":"fr-FR","potentialAction":[{"@type":"ReadAction","target":["https:\/\/www.bluestar-forensic.com\/fr\/faq-bluestar-identi-hem-2\/"]}]},{"@type":"BreadcrumbList","@id":"https:\/\/www.bluestar-forensic.com\/fr\/faq-bluestar-identi-hem-2\/#breadcrumb","itemListElement":[{"@type":"ListItem","position":1,"name":"Home","item":"https:\/\/www.bluestar-forensic.com\/"},{"@type":"ListItem","position":2,"name":"FAQ BLUESTAR\u00ae Identi-HEM"}]},{"@type":"WebSite","@id":"https:\/\/www.bluestar-forensic.com\/#website","url":"https:\/\/www.bluestar-forensic.com\/","name":"Bluestar UNIQUE Forensic","description":"","publisher":{"@id":"https:\/\/www.bluestar-forensic.com\/#organization"},"potentialAction":[{"@type":"SearchAction","target":{"@type":"EntryPoint","urlTemplate":"https:\/\/www.bluestar-forensic.com\/?s={search_term_string}"},"query-input":{"@type":"PropertyValueSpecification","valueRequired":true,"valueName":"search_term_string"}}],"inLanguage":"fr-FR"},{"@type":"Organization","@id":"https:\/\/www.bluestar-forensic.com\/#organization","name":"Bluestar Forensic LATENT BLOODSTAIN REAGENT","url":"https:\/\/www.bluestar-forensic.com\/","logo":{"@type":"ImageObject","inLanguage":"fr-FR","@id":"https:\/\/www.bluestar-forensic.com\/#\/schema\/logo\/image\/","url":"https:\/\/www.bluestar-forensic.com\/wp-content\/uploads\/2025\/02\/Logo-bluestar-copie.svg","contentUrl":"https:\/\/www.bluestar-forensic.com\/wp-content\/uploads\/2025\/02\/Logo-bluestar-copie.svg","width":1494,"height":346,"caption":"Bluestar Forensic LATENT BLOODSTAIN REAGENT"},"image":{"@id":"https:\/\/www.bluestar-forensic.com\/#\/schema\/logo\/image\/"},"sameAs":["https:\/\/www.facebook.com\/bluestarforensic\/","https:\/\/www.instagram.com\/bluestar_forensic\/"]}]}},"_links":{"self":[{"href":"https:\/\/www.bluestar-forensic.com\/fr\/wp-json\/wp\/v2\/pages\/20217","targetHints":{"allow":["GET"]}}],"collection":[{"href":"https:\/\/www.bluestar-forensic.com\/fr\/wp-json\/wp\/v2\/pages"}],"about":[{"href":"https:\/\/www.bluestar-forensic.com\/fr\/wp-json\/wp\/v2\/types\/page"}],"author":[{"embeddable":true,"href":"https:\/\/www.bluestar-forensic.com\/fr\/wp-json\/wp\/v2\/users\/1"}],"replies":[{"embeddable":true,"href":"https:\/\/www.bluestar-forensic.com\/fr\/wp-json\/wp\/v2\/comments?post=20217"}],"version-history":[{"count":2,"href":"https:\/\/www.bluestar-forensic.com\/fr\/wp-json\/wp\/v2\/pages\/20217\/revisions"}],"predecessor-version":[{"id":20219,"href":"https:\/\/www.bluestar-forensic.com\/fr\/wp-json\/wp\/v2\/pages\/20217\/revisions\/20219"}],"wp:attachment":[{"href":"https:\/\/www.bluestar-forensic.com\/fr\/wp-json\/wp\/v2\/media?parent=20217"}],"curies":[{"name":"wp","href":"https:\/\/api.w.org\/{rel}","templated":true}]}}