{"id":20250,"date":"2025-03-01T11:39:10","date_gmt":"2025-03-01T11:39:10","guid":{"rendered":"https:\/\/toty.fr\/Bluestar\/comment-photographier-la-luminescence-de-bluestar-forensic\/"},"modified":"2025-08-14T09:19:15","modified_gmt":"2025-08-14T09:19:15","slug":"comment-photographier-la-luminescence-de-bluestar-forensic","status":"publish","type":"page","link":"https:\/\/www.bluestar-forensic.com\/fr\/comment-photographier-la-luminescence-de-bluestar-forensic\/","title":{"rendered":"Comment photographier la luminescence de BLUESTAR\u00ae FORENSIC ?"},"content":{"rendered":"\t\t<div data-elementor-type=\"wp-page\" data-elementor-id=\"20250\" class=\"elementor elementor-20250 elementor-16557\" data-elementor-post-type=\"page\">\n\t\t\t\t<div class=\"aux-parallax-section elementor-element elementor-element-21cc6d7 e-flex e-con-boxed e-con e-parent\" data-id=\"21cc6d7\" data-element_type=\"container\" data-e-type=\"container\">\n\t\t\t\t\t<div class=\"e-con-inner\">\n\t\t\t\t<div class=\"elementor-element elementor-element-f3ef233 elementor-invisible elementor-widget elementor-widget-text-editor\" data-id=\"f3ef233\" data-element_type=\"widget\" data-e-type=\"widget\" data-settings=\"{&quot;_animation&quot;:&quot;fadeInDown&quot;}\" data-widget_type=\"text-editor.default\">\n\t\t\t\t<div class=\"elementor-widget-container\">\n\t\t\t\t\t\t\t\t\t<h3 class=\"elementor-heading-title elementor-size-xxl\"><a href=\"https:\/\/www.bluestar-forensic.com\/wp-content\/uploads\/2025\/03\/icone.svg\"><img decoding=\"async\" class=\"wp-image-17525 aligncenter\" src=\"https:\/\/www.bluestar-forensic.com\/wp-content\/uploads\/2025\/03\/icone.svg\" alt=\"\" width=\"59\" height=\"61\" \/><\/a><\/h3><h2 style=\"text-align: center;\">Comment photographier la luminescence de BLUESTAR<sup>\u00ae<\/sup> FORENSIC ?<\/h2>\t\t\t\t\t\t\t\t<\/div>\n\t\t\t\t<\/div>\n\t\t\t\t\t<\/div>\n\t\t\t\t<\/div>\n\t\t<div class=\"aux-parallax-section elementor-element elementor-element-55dddf2 e-flex e-con-boxed e-con e-parent\" data-id=\"55dddf2\" data-element_type=\"container\" data-e-type=\"container\">\n\t\t\t\t\t<div class=\"e-con-inner\">\n\t\t<div class=\"elementor-element elementor-element-a8a05ad e-con-full e-flex elementor-invisible e-con e-child\" data-id=\"a8a05ad\" data-element_type=\"container\" data-e-type=\"container\" data-settings=\"{&quot;animation&quot;:&quot;fadeInLeft&quot;}\">\n\t\t\t\t<div class=\"elementor-element elementor-element-5b4da09 elementor-widget elementor-widget-text-editor\" data-id=\"5b4da09\" data-element_type=\"widget\" data-e-type=\"widget\" data-widget_type=\"text-editor.default\">\n\t\t\t\t<div class=\"elementor-widget-container\">\n\t\t\t\t\t\t\t\t\t<p style=\"text-align: justify;\">La luminescence provoqu\u00e9e par la pulv\u00e9risation de BLUESTAR<sup>\u00ae<\/sup> FORENSIC sur des traces de sang dure plusieurs minutes et il est possible de r\u00e9p\u00e9ter la pulv\u00e9risation de BLUESTAR<sup>\u00ae<\/sup> FORENSICplusieurs fois au m\u00eame endroit, ce qui facilite l\u2019observation et la prise de vue.<\/p><h2><span style=\"font-size: 18pt;\"><strong>Param\u00e8tres indicatifs de l&#8217;appareil photo<\/strong><\/span><\/h2><ul><li>Objectif de 24 mm<\/li><li>Film 400 ISO<\/li><li>Appareil mont\u00e9 sur tr\u00e9pied<\/li><li>Ouverture f-stop 2.8<\/li><li>Pose B de 30s<\/li><\/ul>\t\t\t\t\t\t\t\t<\/div>\n\t\t\t\t<\/div>\n\t\t\t\t<\/div>\n\t\t<div class=\"elementor-element elementor-element-de55a84 e-con-full e-flex e-con e-child\" data-id=\"de55a84\" data-element_type=\"container\" data-e-type=\"container\">\n\t\t\t\t<div class=\"elementor-element elementor-element-29e940f elementor-invisible elementor-widget elementor-widget-image\" data-id=\"29e940f\" data-element_type=\"widget\" data-e-type=\"widget\" data-settings=\"{&quot;_animation&quot;:&quot;fadeInRight&quot;}\" data-widget_type=\"image.default\">\n\t\t\t\t<div class=\"elementor-widget-container\">\n\t\t\t\t\t\t\t\t\t\t\t\t\t\t\t<img fetchpriority=\"high\" decoding=\"async\" width=\"768\" height=\"1005\" src=\"https:\/\/www.bluestar-forensic.com\/wp-content\/uploads\/2025\/03\/camera-918565_1920-removebg-1bb-3-1.png\" class=\"attachment-full size-full wp-image-16560\" alt=\"\" srcset=\"https:\/\/www.bluestar-forensic.com\/wp-content\/uploads\/2025\/03\/camera-918565_1920-removebg-1bb-3-1.png 768w, https:\/\/www.bluestar-forensic.com\/wp-content\/uploads\/2025\/03\/camera-918565_1920-removebg-1bb-3-1-200x262.png 200w\" sizes=\"(max-width: 768px) 100vw, 768px\" \/>\t\t\t\t\t\t\t\t\t\t\t\t\t\t\t<\/div>\n\t\t\t\t<\/div>\n\t\t\t\t<\/div>\n\t\t\t\t\t<\/div>\n\t\t\t\t<\/div>\n\t\t<div class=\"aux-parallax-section elementor-element elementor-element-1d0f2d4 e-flex e-con-boxed e-con e-parent\" data-id=\"1d0f2d4\" data-element_type=\"container\" data-e-type=\"container\">\n\t\t\t\t\t<div class=\"e-con-inner\">\n\t\t\t\t<div class=\"elementor-element elementor-element-286b979 elementor-widget elementor-widget-text-editor\" data-id=\"286b979\" data-element_type=\"widget\" data-e-type=\"widget\" data-widget_type=\"text-editor.default\">\n\t\t\t\t<div class=\"elementor-widget-container\">\n\t\t\t\t\t\t\t\t\t<h2><span style=\"font-size: 18pt;\"><strong>Proc\u00e9dure<\/strong><\/span><\/h2><p style=\"text-align: justify;\">Il suffit d\u2019assombrir la pi\u00e8ce. Un \u00e9clairage naturel diffus est pr\u00e9f\u00e9rable \u00e0 la lumi\u00e8re artificielle car celle-ci produit des images tirant sur le jaune ou le vert. L\u2019utilisation d\u2019un flash n\u2019est pas conseill\u00e9e du fait que l\u2019obscurit\u00e9 totale n\u2019est pas facile \u00e0 obtenir et ne permet pas au technicien de se mouvoir facilement dans la pi\u00e8ce. L\u2019appareil photo doit \u00eatre fix\u00e9 sur un tr\u00e9pied, de pr\u00e9f\u00e9rence avant de proc\u00e9der au traitement par le BLUESTAR<sup>\u00ae<\/sup> FORENSIC, ceci afin de limiter le nombre de pulv\u00e9risations n\u00e9cessaires.<\/p>\t\t\t\t\t\t\t\t<\/div>\n\t\t\t\t<\/div>\n\t\t\t\t\t<\/div>\n\t\t\t\t<\/div>\n\t\t<div class=\"aux-parallax-section elementor-element elementor-element-3819bcb e-flex e-con-boxed e-con e-parent\" data-id=\"3819bcb\" data-element_type=\"container\" data-e-type=\"container\">\n\t\t\t\t\t<div class=\"e-con-inner\">\n\t\t\t\t<div class=\"elementor-element elementor-element-0789582 aux-appear-watch-animation aux-fade-in-up elementor-widget elementor-widget-aux_modern_heading\" data-id=\"0789582\" data-element_type=\"widget\" data-e-type=\"widget\" data-widget_type=\"aux_modern_heading.default\">\n\t\t\t\t<div class=\"elementor-widget-container\">\n\t\t\t\t\t<section class=\"aux-widget-modern-heading\">\n            <div class=\"aux-widget-inner\"><h3 class=\"aux-modern-heading-primary\"><\/h3><h2 class=\"aux-modern-heading-secondary\"><span class=\"aux-head-highlight\">Apprendre \u00e0 utiliser Bluestar\u00ae  <\/span><\/h2><div class=\"aux-modern-heading-description\"><p>Partie 6\/15 : technique photographique<\/p><\/div><\/div>\n        <\/section>\t\t\t\t<\/div>\n\t\t\t\t<\/div>\n\t\t\t\t\t<\/div>\n\t\t\t\t<\/div>\n\t\t<div class=\"aux-parallax-section elementor-element elementor-element-ec5ff2a e-flex e-con-boxed elementor-invisible e-con e-parent\" data-id=\"ec5ff2a\" data-element_type=\"container\" data-e-type=\"container\" data-settings=\"{&quot;animation&quot;:&quot;fadeInDown&quot;}\">\n\t\t\t\t\t<div class=\"e-con-inner\">\n\t\t<div class=\"elementor-element elementor-element-03069f8 e-con-full e-flex e-con e-child\" data-id=\"03069f8\" data-element_type=\"container\" data-e-type=\"container\">\n\t\t\t\t<\/div>\n\t\t<div class=\"elementor-element elementor-element-8828f53 e-con-full e-flex e-con e-child\" data-id=\"8828f53\" data-element_type=\"container\" data-e-type=\"container\">\n\t\t\t\t<div class=\"elementor-element elementor-element-14fa46b elementor-widget elementor-widget-video\" data-id=\"14fa46b\" data-element_type=\"widget\" data-e-type=\"widget\" data-settings=\"{&quot;youtube_url&quot;:&quot;https:\\\/\\\/youtu.be\\\/ObRs6taBIEI&quot;,&quot;loop&quot;:&quot;yes&quot;,&quot;video_type&quot;:&quot;youtube&quot;,&quot;controls&quot;:&quot;yes&quot;}\" data-widget_type=\"video.default\">\n\t\t\t\t<div class=\"elementor-widget-container\">\n\t\t\t\t\t\t\t<div class=\"elementor-wrapper elementor-open-inline\">\n\t\t\t<div class=\"elementor-video\"><\/div>\t\t<\/div>\n\t\t\t\t\t\t<\/div>\n\t\t\t\t<\/div>\n\t\t\t\t<\/div>\n\t\t<div class=\"elementor-element elementor-element-a4e1342 e-con-full e-flex e-con e-child\" data-id=\"a4e1342\" data-element_type=\"container\" data-e-type=\"container\">\n\t\t\t\t<\/div>\n\t\t\t\t\t<\/div>\n\t\t\t\t<\/div>\n\t\t<div class=\"aux-parallax-section elementor-element elementor-element-b9944a4 e-flex e-con-boxed elementor-invisible e-con e-parent\" data-id=\"b9944a4\" data-element_type=\"container\" data-e-type=\"container\" data-settings=\"{&quot;animation&quot;:&quot;fadeInUp&quot;}\">\n\t\t\t\t\t<div class=\"e-con-inner\">\n\t\t<div class=\"elementor-element elementor-element-f55b34c e-con-full e-flex e-con e-child\" data-id=\"f55b34c\" data-element_type=\"container\" data-e-type=\"container\">\n\t\t\t\t<\/div>\n\t\t<div class=\"elementor-element elementor-element-0521195 e-con-full e-flex e-con e-child\" data-id=\"0521195\" data-element_type=\"container\" data-e-type=\"container\">\n\t\t\t\t<div data-ra-url=\"https:\/\/www.bluestar-forensic.com\/fr\/utilisation-de-bluestar-sur-une-scene-de-crime-presumee\/\" data-ra-target=\"_blank\" class=\"ra-clickable-wrapper elementor-element elementor-element-748f6a7 elementor-view-default elementor-widget elementor-widget-icon\" style=\"cursor:pointer;\" data-id=\"748f6a7\" data-element_type=\"widget\" data-e-type=\"widget\" data-widget_type=\"icon.default\">\n\t\t\t\t<div class=\"elementor-widget-container\">\n\t\t\t\t\t\t\t<div class=\"elementor-icon-wrapper\">\n\t\t\t<div class=\"elementor-icon\">\n\t\t\t<i aria-hidden=\"true\" class=\"fas fa-chalkboard-teacher\"><\/i>\t\t\t<\/div>\n\t\t<\/div>\n\t\t\t\t\t\t<\/div>\n\t\t\t\t<\/div>\n\t\t\t\t<div data-ra-url=\"https:\/\/www.bluestar-forensic.com\/fr\/utilisation-de-bluestar-sur-une-scene-de-crime-presumee\/\" data-ra-target=\"_blank\" class=\"ra-clickable-wrapper elementor-element elementor-element-3c7838e elementor-widget elementor-widget-text-editor\" style=\"cursor:pointer;\" data-id=\"3c7838e\" data-element_type=\"widget\" data-e-type=\"widget\" data-widget_type=\"text-editor.default\">\n\t\t\t\t<div class=\"elementor-widget-container\">\n\t\t\t\t\t\t\t\t\t<p><span style=\"font-size: 10pt;\"><strong>Utilisation de BLUESTAR\u00ae <br>sur une sc\u00e8ne de crime pr\u00e9sum\u00e9e<\/strong><\/span><\/p>\t\t\t\t\t\t\t\t<\/div>\n\t\t\t\t<\/div>\n\t\t\t\t<\/div>\n\t\t<div class=\"elementor-element elementor-element-f7ce8fd e-con-full e-flex e-con e-child\" data-id=\"f7ce8fd\" data-element_type=\"container\" data-e-type=\"container\">\n\t\t\t\t<div data-ra-url=\"https:\/\/www.bluestar-forensic.com\/fr\/faux-positifs-faux-negatifs\/\" data-ra-target=\"_blank\" class=\"ra-clickable-wrapper elementor-element elementor-element-e11d341 elementor-view-default elementor-widget elementor-widget-icon\" style=\"cursor:pointer;\" data-id=\"e11d341\" data-element_type=\"widget\" data-e-type=\"widget\" data-widget_type=\"icon.default\">\n\t\t\t\t<div class=\"elementor-widget-container\">\n\t\t\t\t\t\t\t<div class=\"elementor-icon-wrapper\">\n\t\t\t<div class=\"elementor-icon\">\n\t\t\t<i aria-hidden=\"true\" class=\"far fa-images\"><\/i>\t\t\t<\/div>\n\t\t<\/div>\n\t\t\t\t\t\t<\/div>\n\t\t\t\t<\/div>\n\t\t\t\t<div data-ra-url=\"https:\/\/www.bluestar-forensic.com\/fr\/faux-positifs-faux-negatifs\/\" data-ra-target=\"_blank\" class=\"ra-clickable-wrapper elementor-element elementor-element-c70ed52 elementor-widget elementor-widget-text-editor\" style=\"cursor:pointer;\" data-id=\"c70ed52\" data-element_type=\"widget\" data-e-type=\"widget\" data-widget_type=\"text-editor.default\">\n\t\t\t\t<div class=\"elementor-widget-container\">\n\t\t\t\t\t\t\t\t\t<p><span style=\"font-size: small;\"><b>Faux positifs et faux\u00a0<\/b><\/span><span style=\"font-size: small;\"><b>n\u00e9gatifs<\/b><\/span><\/p>\t\t\t\t\t\t\t\t<\/div>\n\t\t\t\t<\/div>\n\t\t\t\t<\/div>\n\t\t<div class=\"elementor-element elementor-element-3fbac64 e-con-full e-flex e-con e-child\" data-id=\"3fbac64\" data-element_type=\"container\" data-e-type=\"container\">\n\t\t\t\t<\/div>\n\t\t\t\t\t<\/div>\n\t\t\t\t<\/div>\n\t\t\t\t<\/div>\n\t\t","protected":false},"excerpt":{"rendered":"<p>Comment photographier la luminescence de BLUESTAR\u00ae FORENSIC ? La luminescence provoqu\u00e9e par la pulv\u00e9risation de BLUESTAR\u00ae FORENSIC sur des traces de sang dure plusieurs minutes et il est possible de r\u00e9p\u00e9ter la pulv\u00e9risation de BLUESTAR\u00ae FORENSICplusieurs fois au m\u00eame endroit, ce qui facilite l\u2019observation et la prise de vue. Param\u00e8tres indicatifs de l&#8217;appareil photo Objectif [&hellip;]<\/p>\n","protected":false},"author":1,"featured_media":0,"parent":0,"menu_order":0,"comment_status":"closed","ping_status":"closed","template":"","meta":{"_acf_changed":false,"footnotes":""},"class_list":["post-20250","page","type-page","status-publish","hentry"],"acf":[],"yoast_head":"<!-- This site is optimized with the Yoast SEO plugin v27.2 - https:\/\/yoast.com\/product\/yoast-seo-wordpress\/ -->\n<title>Comment photographier la luminescence de BLUESTAR\u00ae FORENSIC ? - Bluestar Forensic<\/title>\n<meta name=\"robots\" content=\"index, follow, max-snippet:-1, max-image-preview:large, max-video-preview:-1\" \/>\n<link rel=\"canonical\" href=\"https:\/\/www.bluestar-forensic.com\/fr\/comment-photographier-la-luminescence-de-bluestar-forensic\/\" \/>\n<meta property=\"og:locale\" content=\"fr_FR\" \/>\n<meta property=\"og:type\" content=\"article\" \/>\n<meta property=\"og:title\" content=\"Comment photographier la luminescence de BLUESTAR\u00ae FORENSIC ? - Bluestar Forensic\" \/>\n<meta property=\"og:description\" content=\"Comment photographier la luminescence de BLUESTAR\u00ae FORENSIC ? La luminescence provoqu\u00e9e par la pulv\u00e9risation de BLUESTAR\u00ae FORENSIC sur des traces de sang dure plusieurs minutes et il est possible de r\u00e9p\u00e9ter la pulv\u00e9risation de BLUESTAR\u00ae FORENSICplusieurs fois au m\u00eame endroit, ce qui facilite l\u2019observation et la prise de vue. Param\u00e8tres indicatifs de l&#8217;appareil photo Objectif [&hellip;]\" \/>\n<meta property=\"og:url\" content=\"https:\/\/www.bluestar-forensic.com\/fr\/comment-photographier-la-luminescence-de-bluestar-forensic\/\" \/>\n<meta property=\"og:site_name\" content=\"Bluestar Forensic\" \/>\n<meta property=\"article:publisher\" content=\"https:\/\/www.facebook.com\/bluestarforensic\/\" \/>\n<meta property=\"article:modified_time\" content=\"2025-08-14T09:19:15+00:00\" \/>\n<meta name=\"twitter:card\" content=\"summary_large_image\" \/>\n<meta name=\"twitter:label1\" content=\"Dur\u00e9e de lecture estim\u00e9e\" \/>\n\t<meta name=\"twitter:data1\" content=\"1 minute\" \/>\n<script type=\"application\/ld+json\" class=\"yoast-schema-graph\">{\"@context\":\"https:\/\/schema.org\",\"@graph\":[{\"@type\":\"WebPage\",\"@id\":\"https:\/\/www.bluestar-forensic.com\/fr\/comment-photographier-la-luminescence-de-bluestar-forensic\/\",\"url\":\"https:\/\/www.bluestar-forensic.com\/fr\/comment-photographier-la-luminescence-de-bluestar-forensic\/\",\"name\":\"Comment photographier la luminescence de BLUESTAR\u00ae FORENSIC ? - Bluestar Forensic\",\"isPartOf\":{\"@id\":\"https:\/\/www.bluestar-forensic.com\/#website\"},\"primaryImageOfPage\":{\"@id\":\"https:\/\/www.bluestar-forensic.com\/fr\/comment-photographier-la-luminescence-de-bluestar-forensic\/#primaryimage\"},\"image\":{\"@id\":\"https:\/\/www.bluestar-forensic.com\/fr\/comment-photographier-la-luminescence-de-bluestar-forensic\/#primaryimage\"},\"thumbnailUrl\":\"https:\/\/www.bluestar-forensic.com\/wp-content\/uploads\/2025\/03\/icone.svg\",\"datePublished\":\"2025-03-01T11:39:10+00:00\",\"dateModified\":\"2025-08-14T09:19:15+00:00\",\"breadcrumb\":{\"@id\":\"https:\/\/www.bluestar-forensic.com\/fr\/comment-photographier-la-luminescence-de-bluestar-forensic\/#breadcrumb\"},\"inLanguage\":\"fr-FR\",\"potentialAction\":[{\"@type\":\"ReadAction\",\"target\":[\"https:\/\/www.bluestar-forensic.com\/fr\/comment-photographier-la-luminescence-de-bluestar-forensic\/\"]}]},{\"@type\":\"ImageObject\",\"inLanguage\":\"fr-FR\",\"@id\":\"https:\/\/www.bluestar-forensic.com\/fr\/comment-photographier-la-luminescence-de-bluestar-forensic\/#primaryimage\",\"url\":\"https:\/\/www.bluestar-forensic.com\/wp-content\/uploads\/2025\/03\/icone.svg\",\"contentUrl\":\"https:\/\/www.bluestar-forensic.com\/wp-content\/uploads\/2025\/03\/icone.svg\"},{\"@type\":\"BreadcrumbList\",\"@id\":\"https:\/\/www.bluestar-forensic.com\/fr\/comment-photographier-la-luminescence-de-bluestar-forensic\/#breadcrumb\",\"itemListElement\":[{\"@type\":\"ListItem\",\"position\":1,\"name\":\"Home\",\"item\":\"https:\/\/www.bluestar-forensic.com\/\"},{\"@type\":\"ListItem\",\"position\":2,\"name\":\"Comment photographier la luminescence de BLUESTAR\u00ae FORENSIC ?\"}]},{\"@type\":\"WebSite\",\"@id\":\"https:\/\/www.bluestar-forensic.com\/#website\",\"url\":\"https:\/\/www.bluestar-forensic.com\/\",\"name\":\"Bluestar UNIQUE Forensic\",\"description\":\"\",\"publisher\":{\"@id\":\"https:\/\/www.bluestar-forensic.com\/#organization\"},\"potentialAction\":[{\"@type\":\"SearchAction\",\"target\":{\"@type\":\"EntryPoint\",\"urlTemplate\":\"https:\/\/www.bluestar-forensic.com\/?s={search_term_string}\"},\"query-input\":{\"@type\":\"PropertyValueSpecification\",\"valueRequired\":true,\"valueName\":\"search_term_string\"}}],\"inLanguage\":\"fr-FR\"},{\"@type\":\"Organization\",\"@id\":\"https:\/\/www.bluestar-forensic.com\/#organization\",\"name\":\"Bluestar Forensic LATENT BLOODSTAIN REAGENT\",\"url\":\"https:\/\/www.bluestar-forensic.com\/\",\"logo\":{\"@type\":\"ImageObject\",\"inLanguage\":\"fr-FR\",\"@id\":\"https:\/\/www.bluestar-forensic.com\/#\/schema\/logo\/image\/\",\"url\":\"https:\/\/www.bluestar-forensic.com\/wp-content\/uploads\/2025\/02\/Logo-bluestar-copie.svg\",\"contentUrl\":\"https:\/\/www.bluestar-forensic.com\/wp-content\/uploads\/2025\/02\/Logo-bluestar-copie.svg\",\"width\":1494,\"height\":346,\"caption\":\"Bluestar Forensic LATENT BLOODSTAIN REAGENT\"},\"image\":{\"@id\":\"https:\/\/www.bluestar-forensic.com\/#\/schema\/logo\/image\/\"},\"sameAs\":[\"https:\/\/www.facebook.com\/bluestarforensic\/\",\"https:\/\/www.instagram.com\/bluestar_forensic\/\"]}]}<\/script>\n<!-- \/ Yoast SEO plugin. -->","yoast_head_json":{"title":"Comment photographier la luminescence de BLUESTAR\u00ae FORENSIC ? - Bluestar Forensic","robots":{"index":"index","follow":"follow","max-snippet":"max-snippet:-1","max-image-preview":"max-image-preview:large","max-video-preview":"max-video-preview:-1"},"canonical":"https:\/\/www.bluestar-forensic.com\/fr\/comment-photographier-la-luminescence-de-bluestar-forensic\/","og_locale":"fr_FR","og_type":"article","og_title":"Comment photographier la luminescence de BLUESTAR\u00ae FORENSIC ? - Bluestar Forensic","og_description":"Comment photographier la luminescence de BLUESTAR\u00ae FORENSIC ? La luminescence provoqu\u00e9e par la pulv\u00e9risation de BLUESTAR\u00ae FORENSIC sur des traces de sang dure plusieurs minutes et il est possible de r\u00e9p\u00e9ter la pulv\u00e9risation de BLUESTAR\u00ae FORENSICplusieurs fois au m\u00eame endroit, ce qui facilite l\u2019observation et la prise de vue. Param\u00e8tres indicatifs de l&#8217;appareil photo Objectif [&hellip;]","og_url":"https:\/\/www.bluestar-forensic.com\/fr\/comment-photographier-la-luminescence-de-bluestar-forensic\/","og_site_name":"Bluestar Forensic","article_publisher":"https:\/\/www.facebook.com\/bluestarforensic\/","article_modified_time":"2025-08-14T09:19:15+00:00","twitter_card":"summary_large_image","twitter_misc":{"Dur\u00e9e de lecture estim\u00e9e":"1 minute"},"schema":{"@context":"https:\/\/schema.org","@graph":[{"@type":"WebPage","@id":"https:\/\/www.bluestar-forensic.com\/fr\/comment-photographier-la-luminescence-de-bluestar-forensic\/","url":"https:\/\/www.bluestar-forensic.com\/fr\/comment-photographier-la-luminescence-de-bluestar-forensic\/","name":"Comment photographier la luminescence de BLUESTAR\u00ae FORENSIC ? - Bluestar Forensic","isPartOf":{"@id":"https:\/\/www.bluestar-forensic.com\/#website"},"primaryImageOfPage":{"@id":"https:\/\/www.bluestar-forensic.com\/fr\/comment-photographier-la-luminescence-de-bluestar-forensic\/#primaryimage"},"image":{"@id":"https:\/\/www.bluestar-forensic.com\/fr\/comment-photographier-la-luminescence-de-bluestar-forensic\/#primaryimage"},"thumbnailUrl":"https:\/\/www.bluestar-forensic.com\/wp-content\/uploads\/2025\/03\/icone.svg","datePublished":"2025-03-01T11:39:10+00:00","dateModified":"2025-08-14T09:19:15+00:00","breadcrumb":{"@id":"https:\/\/www.bluestar-forensic.com\/fr\/comment-photographier-la-luminescence-de-bluestar-forensic\/#breadcrumb"},"inLanguage":"fr-FR","potentialAction":[{"@type":"ReadAction","target":["https:\/\/www.bluestar-forensic.com\/fr\/comment-photographier-la-luminescence-de-bluestar-forensic\/"]}]},{"@type":"ImageObject","inLanguage":"fr-FR","@id":"https:\/\/www.bluestar-forensic.com\/fr\/comment-photographier-la-luminescence-de-bluestar-forensic\/#primaryimage","url":"https:\/\/www.bluestar-forensic.com\/wp-content\/uploads\/2025\/03\/icone.svg","contentUrl":"https:\/\/www.bluestar-forensic.com\/wp-content\/uploads\/2025\/03\/icone.svg"},{"@type":"BreadcrumbList","@id":"https:\/\/www.bluestar-forensic.com\/fr\/comment-photographier-la-luminescence-de-bluestar-forensic\/#breadcrumb","itemListElement":[{"@type":"ListItem","position":1,"name":"Home","item":"https:\/\/www.bluestar-forensic.com\/"},{"@type":"ListItem","position":2,"name":"Comment photographier la luminescence de BLUESTAR\u00ae FORENSIC ?"}]},{"@type":"WebSite","@id":"https:\/\/www.bluestar-forensic.com\/#website","url":"https:\/\/www.bluestar-forensic.com\/","name":"Bluestar UNIQUE Forensic","description":"","publisher":{"@id":"https:\/\/www.bluestar-forensic.com\/#organization"},"potentialAction":[{"@type":"SearchAction","target":{"@type":"EntryPoint","urlTemplate":"https:\/\/www.bluestar-forensic.com\/?s={search_term_string}"},"query-input":{"@type":"PropertyValueSpecification","valueRequired":true,"valueName":"search_term_string"}}],"inLanguage":"fr-FR"},{"@type":"Organization","@id":"https:\/\/www.bluestar-forensic.com\/#organization","name":"Bluestar Forensic LATENT BLOODSTAIN REAGENT","url":"https:\/\/www.bluestar-forensic.com\/","logo":{"@type":"ImageObject","inLanguage":"fr-FR","@id":"https:\/\/www.bluestar-forensic.com\/#\/schema\/logo\/image\/","url":"https:\/\/www.bluestar-forensic.com\/wp-content\/uploads\/2025\/02\/Logo-bluestar-copie.svg","contentUrl":"https:\/\/www.bluestar-forensic.com\/wp-content\/uploads\/2025\/02\/Logo-bluestar-copie.svg","width":1494,"height":346,"caption":"Bluestar Forensic LATENT BLOODSTAIN REAGENT"},"image":{"@id":"https:\/\/www.bluestar-forensic.com\/#\/schema\/logo\/image\/"},"sameAs":["https:\/\/www.facebook.com\/bluestarforensic\/","https:\/\/www.instagram.com\/bluestar_forensic\/"]}]}},"_links":{"self":[{"href":"https:\/\/www.bluestar-forensic.com\/fr\/wp-json\/wp\/v2\/pages\/20250","targetHints":{"allow":["GET"]}}],"collection":[{"href":"https:\/\/www.bluestar-forensic.com\/fr\/wp-json\/wp\/v2\/pages"}],"about":[{"href":"https:\/\/www.bluestar-forensic.com\/fr\/wp-json\/wp\/v2\/types\/page"}],"author":[{"embeddable":true,"href":"https:\/\/www.bluestar-forensic.com\/fr\/wp-json\/wp\/v2\/users\/1"}],"replies":[{"embeddable":true,"href":"https:\/\/www.bluestar-forensic.com\/fr\/wp-json\/wp\/v2\/comments?post=20250"}],"version-history":[{"count":13,"href":"https:\/\/www.bluestar-forensic.com\/fr\/wp-json\/wp\/v2\/pages\/20250\/revisions"}],"predecessor-version":[{"id":20864,"href":"https:\/\/www.bluestar-forensic.com\/fr\/wp-json\/wp\/v2\/pages\/20250\/revisions\/20864"}],"wp:attachment":[{"href":"https:\/\/www.bluestar-forensic.com\/fr\/wp-json\/wp\/v2\/media?parent=20250"}],"curies":[{"name":"wp","href":"https:\/\/api.w.org\/{rel}","templated":true}]}}