{"id":20299,"date":"2025-03-26T14:55:15","date_gmt":"2025-03-26T14:55:15","guid":{"rendered":"https:\/\/toty.fr\/Bluestar\/fiches-de-donnees-de-securite-bluestar-tablet-8\/"},"modified":"2025-08-14T12:43:08","modified_gmt":"2025-08-14T12:43:08","slug":"fiches-de-donnees-de-securite-bluestar-tablet-8","status":"publish","type":"page","link":"https:\/\/www.bluestar-forensic.com\/fr\/fiches-de-donnees-de-securite-bluestar-tablet-8\/","title":{"rendered":"Fiches de donn\u00e9es de s\u00e9curit\u00e9 BLUESTAR Tablet 8"},"content":{"rendered":"\t\t<div data-elementor-type=\"wp-page\" data-elementor-id=\"20299\" class=\"elementor elementor-20299 elementor-18409\" data-elementor-post-type=\"page\">\n\t\t\t\t<div class=\"aux-parallax-section elementor-element elementor-element-1e51db9 e-flex e-con-boxed e-con e-parent\" data-id=\"1e51db9\" data-element_type=\"container\" data-e-type=\"container\">\n\t\t\t\t\t<div class=\"e-con-inner\">\n\t\t\t\t<div class=\"elementor-element elementor-element-d30be8e elementor-invisible elementor-widget elementor-widget-text-editor\" data-id=\"d30be8e\" data-element_type=\"widget\" data-e-type=\"widget\" data-settings=\"{&quot;_animation&quot;:&quot;fadeInDown&quot;}\" data-widget_type=\"text-editor.default\">\n\t\t\t\t<div class=\"elementor-widget-container\">\n\t\t\t\t\t\t\t\t\t<h3 class=\"elementor-heading-title elementor-size-xxl\"><a href=\"https:\/\/www.bluestar-forensic.com\/wp-content\/uploads\/2025\/03\/icone.svg\"><img decoding=\"async\" class=\"wp-image-17525 aligncenter\" src=\"https:\/\/www.bluestar-forensic.com\/wp-content\/uploads\/2025\/03\/icone.svg\" alt=\"\" width=\"59\" height=\"61\" \/><\/a><\/h3><h2 style=\"text-align: center;\">Fiches de donn\u00e9es de s\u00e9curit\u00e9 BLUESTAR<sup>\u00ae<\/sup> tablet 8<\/h2>\t\t\t\t\t\t\t\t<\/div>\n\t\t\t\t<\/div>\n\t\t\t\t\t<\/div>\n\t\t\t\t<\/div>\n\t\t<div class=\"aux-parallax-section elementor-element elementor-element-d9ed31f e-flex e-con-boxed e-con e-parent\" data-id=\"d9ed31f\" data-element_type=\"container\" data-e-type=\"container\">\n\t\t\t\t\t<div class=\"e-con-inner\">\n\t\t<div class=\"elementor-element elementor-element-9378ca6 e-con-full e-flex e-con e-child\" data-id=\"9378ca6\" data-element_type=\"container\" data-e-type=\"container\">\n\t\t\t\t<\/div>\n\t\t<div class=\"elementor-element elementor-element-a75f237 e-con-full e-flex e-con e-child\" data-id=\"a75f237\" data-element_type=\"container\" data-e-type=\"container\">\n\t\t\t\t<div class=\"elementor-element elementor-element-b88cccb elementor-widget elementor-widget-accordion\" data-id=\"b88cccb\" data-element_type=\"widget\" data-e-type=\"widget\" data-widget_type=\"accordion.default\">\n\t\t\t\t<div class=\"elementor-widget-container\">\n\t\t\t\t\t\t\t<div class=\"elementor-accordion\">\n\t\t\t\t\t\t\t<div class=\"elementor-accordion-item\">\n\t\t\t\t\t<div id=\"elementor-tab-title-1931\" class=\"elementor-tab-title\" data-tab=\"1\" role=\"button\" aria-controls=\"elementor-tab-content-1931\" aria-expanded=\"false\">\n\t\t\t\t\t\t\t\t\t\t\t\t\t<span class=\"elementor-accordion-icon elementor-accordion-icon-left\" aria-hidden=\"true\">\n\t\t\t\t\t\t\t\t\t\t\t\t\t\t\t<span class=\"elementor-accordion-icon-closed\"><i class=\"fas fa-plus\"><\/i><\/span>\n\t\t\t\t\t\t\t\t<span class=\"elementor-accordion-icon-opened\"><i class=\"fas fa-minus\"><\/i><\/span>\n\t\t\t\t\t\t\t\t\t\t\t\t\t\t<\/span>\n\t\t\t\t\t\t\t\t\t\t\t\t<a class=\"elementor-accordion-title\" tabindex=\"0\">R\u00e8glement HCS (USA)<\/a>\n\t\t\t\t\t<\/div>\n\t\t\t\t\t<div id=\"elementor-tab-content-1931\" class=\"elementor-tab-content elementor-clearfix\" data-tab=\"1\" role=\"region\" aria-labelledby=\"elementor-tab-title-1931\"><p><a href=\"https:\/\/www.bluestar-forensic.com\/wp-content\/uploads\/2025\/08\/FDS_US_A_tablets_8_FR_20170731.pdf\" target=\"_blank\" rel=\"noopener\"><span style=\"color: #ffffff;\">+ Comprim\u00e9 beige<\/span><\/a><\/p><p><a href=\"https:\/\/www.bluestar-forensic.com\/wp-content\/uploads\/2025\/08\/FDS_US_B_tablets_8_FR_20170731.pdf\" target=\"_blank\" rel=\"noopener\"><span style=\"color: #ffffff;\">+ Comprim\u00e9 blanc<\/span><\/a><\/p><p><a href=\"https:\/\/www.bluestar-forensic.com\/wp-content\/uploads\/2025\/08\/FDS_US_C_tablets_8_FR_20170731.pdf\" target=\"_blank\" rel=\"noopener\"><span style=\"color: #ffffff;\">+ Solution d&#8217;utilisation<\/span><\/a><\/p><\/div>\n\t\t\t\t<\/div>\n\t\t\t\t\t\t\t\t<\/div>\n\t\t\t\t\t\t<\/div>\n\t\t\t\t<\/div>\n\t\t\t\t<\/div>\n\t\t<div class=\"elementor-element elementor-element-93a26e4 e-con-full e-flex e-con e-child\" data-id=\"93a26e4\" data-element_type=\"container\" data-e-type=\"container\">\n\t\t\t\t<div class=\"elementor-element elementor-element-8fa815d elementor-widget elementor-widget-accordion\" data-id=\"8fa815d\" data-element_type=\"widget\" data-e-type=\"widget\" data-widget_type=\"accordion.default\">\n\t\t\t\t<div class=\"elementor-widget-container\">\n\t\t\t\t\t\t\t<div class=\"elementor-accordion\">\n\t\t\t\t\t\t\t<div class=\"elementor-accordion-item\">\n\t\t\t\t\t<div id=\"elementor-tab-title-1501\" class=\"elementor-tab-title\" data-tab=\"1\" role=\"button\" aria-controls=\"elementor-tab-content-1501\" aria-expanded=\"false\">\n\t\t\t\t\t\t\t\t\t\t\t\t\t<span class=\"elementor-accordion-icon elementor-accordion-icon-left\" aria-hidden=\"true\">\n\t\t\t\t\t\t\t\t\t\t\t\t\t\t\t<span class=\"elementor-accordion-icon-closed\"><i class=\"fas fa-plus\"><\/i><\/span>\n\t\t\t\t\t\t\t\t<span class=\"elementor-accordion-icon-opened\"><i class=\"fas fa-minus\"><\/i><\/span>\n\t\t\t\t\t\t\t\t\t\t\t\t\t\t<\/span>\n\t\t\t\t\t\t\t\t\t\t\t\t<a class=\"elementor-accordion-title\" tabindex=\"0\">R\u00e8glement REACH (CE)<\/a>\n\t\t\t\t\t<\/div>\n\t\t\t\t\t<div id=\"elementor-tab-content-1501\" class=\"elementor-tab-content elementor-clearfix\" data-tab=\"1\" role=\"region\" aria-labelledby=\"elementor-tab-title-1501\"><p><a href=\"https:\/\/www.bluestar-forensic.com\/wp-content\/uploads\/2025\/08\/FDS_CE_A_tablets_8_FR_20230407.pdf\" target=\"_blank\" rel=\"noopener\"><span style=\"color: #ffffff;\">+ Comprim\u00e9 beige<\/span><\/a><\/p><p><a href=\"https:\/\/www.bluestar-forensic.com\/wp-content\/uploads\/2025\/08\/FDS_CE_B_tablets_8_FR_20230407.pdf\" target=\"_blank\" rel=\"noopener\"><span style=\"color: #ffffff;\">+ Comprim\u00e9 blanc<\/span><\/a><\/p><p><a href=\"https:\/\/www.bluestar-forensic.com\/wp-content\/uploads\/2025\/08\/FDS_CE_C_tablets_8_FR_20230407.pdf\" target=\"_blank\" rel=\"noopener\"><span style=\"color: #ffffff;\">+ Solution d&#8217;utilisation<\/span><\/a><\/p><\/div>\n\t\t\t\t<\/div>\n\t\t\t\t\t\t\t\t<\/div>\n\t\t\t\t\t\t<\/div>\n\t\t\t\t<\/div>\n\t\t\t\t<\/div>\n\t\t<div class=\"elementor-element elementor-element-118dab0 e-con-full e-flex e-con e-child\" data-id=\"118dab0\" data-element_type=\"container\" data-e-type=\"container\">\n\t\t\t\t<\/div>\n\t\t\t\t\t<\/div>\n\t\t\t\t<\/div>\n\t\t<div class=\"elementor-element elementor-element-8b281fd e-con-full e-flex e-con e-child\" data-id=\"8b281fd\" data-element_type=\"container\" data-e-type=\"container\">\n\t\t\t\t<div class=\"elementor-element elementor-element-81dcb90 elementor-position-inline-start elementor-view-default elementor-mobile-position-block-start elementor-widget elementor-widget-icon-box\" data-id=\"81dcb90\" data-element_type=\"widget\" data-e-type=\"widget\" data-widget_type=\"icon-box.default\">\n\t\t\t\t<div class=\"elementor-widget-container\">\n\t\t\t\t\t\t\t<div class=\"elementor-icon-box-wrapper\">\n\n\t\t\t\t\t\t<div class=\"elementor-icon-box-icon\">\n\t\t\t\t<a href=\"https:\/\/drive.google.com\/drive\/folders\/1TEHvF7G39K3hXEBc8QnsKF9X_kzcXn5R?usp=drive_link\" class=\"elementor-icon\" tabindex=\"-1\" aria-label=\"Autres langues\">\n\t\t\t\t<i aria-hidden=\"true\" class=\"auxicon auxicon-world\"><\/i>\t\t\t\t<\/a>\n\t\t\t<\/div>\n\t\t\t\n\t\t\t\t\t\t<div class=\"elementor-icon-box-content\">\n\n\t\t\t\t\t\t\t\t\t<h4 class=\"elementor-icon-box-title\">\n\t\t\t\t\t\t<a href=\"https:\/\/drive.google.com\/drive\/folders\/1TEHvF7G39K3hXEBc8QnsKF9X_kzcXn5R?usp=drive_link\" >\n\t\t\t\t\t\t\tAutres langues\t\t\t\t\t\t<\/a>\n\t\t\t\t\t<\/h4>\n\t\t\t\t\n\t\t\t\t\n\t\t\t<\/div>\n\t\t\t\n\t\t<\/div>\n\t\t\t\t\t\t<\/div>\n\t\t\t\t<\/div>\n\t\t\t\t<\/div>\n\t\t\t\t<\/div>\n\t\t","protected":false},"excerpt":{"rendered":"<p>Fiches de donn\u00e9es de s\u00e9curit\u00e9 BLUESTAR\u00ae tablet 8 R\u00e8glement HCS (USA) + Comprim\u00e9 beige + Comprim\u00e9 blanc + Solution d&#8217;utilisation R\u00e8glement REACH (CE) + Comprim\u00e9 beige + Comprim\u00e9 blanc + Solution d&#8217;utilisation Autres langues<\/p>\n","protected":false},"author":1,"featured_media":0,"parent":0,"menu_order":0,"comment_status":"closed","ping_status":"closed","template":"","meta":{"_acf_changed":false,"footnotes":""},"class_list":["post-20299","page","type-page","status-publish","hentry"],"acf":[],"yoast_head":"<!-- This site is optimized with the Yoast SEO plugin v27.2 - https:\/\/yoast.com\/product\/yoast-seo-wordpress\/ -->\n<title>Fiches de donn\u00e9es de s\u00e9curit\u00e9 BLUESTAR Tablet 8 - Bluestar Forensic<\/title>\n<meta name=\"robots\" content=\"index, follow, max-snippet:-1, max-image-preview:large, max-video-preview:-1\" \/>\n<link rel=\"canonical\" href=\"https:\/\/www.bluestar-forensic.com\/fr\/fiches-de-donnees-de-securite-bluestar-tablet-8\/\" \/>\n<meta property=\"og:locale\" content=\"fr_FR\" \/>\n<meta property=\"og:type\" content=\"article\" \/>\n<meta property=\"og:title\" content=\"Fiches de donn\u00e9es de s\u00e9curit\u00e9 BLUESTAR Tablet 8 - Bluestar Forensic\" \/>\n<meta property=\"og:description\" content=\"Fiches de donn\u00e9es de s\u00e9curit\u00e9 BLUESTAR\u00ae tablet 8 R\u00e8glement HCS (USA) + Comprim\u00e9 beige + Comprim\u00e9 blanc + Solution d&#8217;utilisation R\u00e8glement REACH (CE) + Comprim\u00e9 beige + Comprim\u00e9 blanc + Solution d&#8217;utilisation Autres langues\" \/>\n<meta property=\"og:url\" content=\"https:\/\/www.bluestar-forensic.com\/fr\/fiches-de-donnees-de-securite-bluestar-tablet-8\/\" \/>\n<meta property=\"og:site_name\" content=\"Bluestar Forensic\" \/>\n<meta property=\"article:publisher\" content=\"https:\/\/www.facebook.com\/bluestarforensic\/\" \/>\n<meta property=\"article:modified_time\" content=\"2025-08-14T12:43:08+00:00\" \/>\n<meta name=\"twitter:card\" content=\"summary_large_image\" \/>\n<script type=\"application\/ld+json\" class=\"yoast-schema-graph\">{\"@context\":\"https:\/\/schema.org\",\"@graph\":[{\"@type\":\"WebPage\",\"@id\":\"https:\/\/www.bluestar-forensic.com\/fr\/fiches-de-donnees-de-securite-bluestar-tablet-8\/\",\"url\":\"https:\/\/www.bluestar-forensic.com\/fr\/fiches-de-donnees-de-securite-bluestar-tablet-8\/\",\"name\":\"Fiches de donn\u00e9es de s\u00e9curit\u00e9 BLUESTAR Tablet 8 - Bluestar Forensic\",\"isPartOf\":{\"@id\":\"https:\/\/www.bluestar-forensic.com\/#website\"},\"primaryImageOfPage\":{\"@id\":\"https:\/\/www.bluestar-forensic.com\/fr\/fiches-de-donnees-de-securite-bluestar-tablet-8\/#primaryimage\"},\"image\":{\"@id\":\"https:\/\/www.bluestar-forensic.com\/fr\/fiches-de-donnees-de-securite-bluestar-tablet-8\/#primaryimage\"},\"thumbnailUrl\":\"https:\/\/www.bluestar-forensic.com\/wp-content\/uploads\/2025\/03\/icone.svg\",\"datePublished\":\"2025-03-26T14:55:15+00:00\",\"dateModified\":\"2025-08-14T12:43:08+00:00\",\"breadcrumb\":{\"@id\":\"https:\/\/www.bluestar-forensic.com\/fr\/fiches-de-donnees-de-securite-bluestar-tablet-8\/#breadcrumb\"},\"inLanguage\":\"fr-FR\",\"potentialAction\":[{\"@type\":\"ReadAction\",\"target\":[\"https:\/\/www.bluestar-forensic.com\/fr\/fiches-de-donnees-de-securite-bluestar-tablet-8\/\"]}]},{\"@type\":\"ImageObject\",\"inLanguage\":\"fr-FR\",\"@id\":\"https:\/\/www.bluestar-forensic.com\/fr\/fiches-de-donnees-de-securite-bluestar-tablet-8\/#primaryimage\",\"url\":\"https:\/\/www.bluestar-forensic.com\/wp-content\/uploads\/2025\/03\/icone.svg\",\"contentUrl\":\"https:\/\/www.bluestar-forensic.com\/wp-content\/uploads\/2025\/03\/icone.svg\"},{\"@type\":\"BreadcrumbList\",\"@id\":\"https:\/\/www.bluestar-forensic.com\/fr\/fiches-de-donnees-de-securite-bluestar-tablet-8\/#breadcrumb\",\"itemListElement\":[{\"@type\":\"ListItem\",\"position\":1,\"name\":\"Home\",\"item\":\"https:\/\/www.bluestar-forensic.com\/\"},{\"@type\":\"ListItem\",\"position\":2,\"name\":\"Fiches de donn\u00e9es de s\u00e9curit\u00e9 BLUESTAR Tablet 8\"}]},{\"@type\":\"WebSite\",\"@id\":\"https:\/\/www.bluestar-forensic.com\/#website\",\"url\":\"https:\/\/www.bluestar-forensic.com\/\",\"name\":\"Bluestar UNIQUE Forensic\",\"description\":\"\",\"publisher\":{\"@id\":\"https:\/\/www.bluestar-forensic.com\/#organization\"},\"potentialAction\":[{\"@type\":\"SearchAction\",\"target\":{\"@type\":\"EntryPoint\",\"urlTemplate\":\"https:\/\/www.bluestar-forensic.com\/?s={search_term_string}\"},\"query-input\":{\"@type\":\"PropertyValueSpecification\",\"valueRequired\":true,\"valueName\":\"search_term_string\"}}],\"inLanguage\":\"fr-FR\"},{\"@type\":\"Organization\",\"@id\":\"https:\/\/www.bluestar-forensic.com\/#organization\",\"name\":\"Bluestar Forensic LATENT BLOODSTAIN REAGENT\",\"url\":\"https:\/\/www.bluestar-forensic.com\/\",\"logo\":{\"@type\":\"ImageObject\",\"inLanguage\":\"fr-FR\",\"@id\":\"https:\/\/www.bluestar-forensic.com\/#\/schema\/logo\/image\/\",\"url\":\"https:\/\/www.bluestar-forensic.com\/wp-content\/uploads\/2025\/02\/Logo-bluestar-copie.svg\",\"contentUrl\":\"https:\/\/www.bluestar-forensic.com\/wp-content\/uploads\/2025\/02\/Logo-bluestar-copie.svg\",\"width\":1494,\"height\":346,\"caption\":\"Bluestar Forensic LATENT BLOODSTAIN REAGENT\"},\"image\":{\"@id\":\"https:\/\/www.bluestar-forensic.com\/#\/schema\/logo\/image\/\"},\"sameAs\":[\"https:\/\/www.facebook.com\/bluestarforensic\/\",\"https:\/\/www.instagram.com\/bluestar_forensic\/\"]}]}<\/script>\n<!-- \/ Yoast SEO plugin. -->","yoast_head_json":{"title":"Fiches de donn\u00e9es de s\u00e9curit\u00e9 BLUESTAR Tablet 8 - Bluestar Forensic","robots":{"index":"index","follow":"follow","max-snippet":"max-snippet:-1","max-image-preview":"max-image-preview:large","max-video-preview":"max-video-preview:-1"},"canonical":"https:\/\/www.bluestar-forensic.com\/fr\/fiches-de-donnees-de-securite-bluestar-tablet-8\/","og_locale":"fr_FR","og_type":"article","og_title":"Fiches de donn\u00e9es de s\u00e9curit\u00e9 BLUESTAR Tablet 8 - Bluestar Forensic","og_description":"Fiches de donn\u00e9es de s\u00e9curit\u00e9 BLUESTAR\u00ae tablet 8 R\u00e8glement HCS (USA) + Comprim\u00e9 beige + Comprim\u00e9 blanc + Solution d&#8217;utilisation R\u00e8glement REACH (CE) + Comprim\u00e9 beige + Comprim\u00e9 blanc + Solution d&#8217;utilisation Autres langues","og_url":"https:\/\/www.bluestar-forensic.com\/fr\/fiches-de-donnees-de-securite-bluestar-tablet-8\/","og_site_name":"Bluestar Forensic","article_publisher":"https:\/\/www.facebook.com\/bluestarforensic\/","article_modified_time":"2025-08-14T12:43:08+00:00","twitter_card":"summary_large_image","schema":{"@context":"https:\/\/schema.org","@graph":[{"@type":"WebPage","@id":"https:\/\/www.bluestar-forensic.com\/fr\/fiches-de-donnees-de-securite-bluestar-tablet-8\/","url":"https:\/\/www.bluestar-forensic.com\/fr\/fiches-de-donnees-de-securite-bluestar-tablet-8\/","name":"Fiches de donn\u00e9es de s\u00e9curit\u00e9 BLUESTAR Tablet 8 - Bluestar Forensic","isPartOf":{"@id":"https:\/\/www.bluestar-forensic.com\/#website"},"primaryImageOfPage":{"@id":"https:\/\/www.bluestar-forensic.com\/fr\/fiches-de-donnees-de-securite-bluestar-tablet-8\/#primaryimage"},"image":{"@id":"https:\/\/www.bluestar-forensic.com\/fr\/fiches-de-donnees-de-securite-bluestar-tablet-8\/#primaryimage"},"thumbnailUrl":"https:\/\/www.bluestar-forensic.com\/wp-content\/uploads\/2025\/03\/icone.svg","datePublished":"2025-03-26T14:55:15+00:00","dateModified":"2025-08-14T12:43:08+00:00","breadcrumb":{"@id":"https:\/\/www.bluestar-forensic.com\/fr\/fiches-de-donnees-de-securite-bluestar-tablet-8\/#breadcrumb"},"inLanguage":"fr-FR","potentialAction":[{"@type":"ReadAction","target":["https:\/\/www.bluestar-forensic.com\/fr\/fiches-de-donnees-de-securite-bluestar-tablet-8\/"]}]},{"@type":"ImageObject","inLanguage":"fr-FR","@id":"https:\/\/www.bluestar-forensic.com\/fr\/fiches-de-donnees-de-securite-bluestar-tablet-8\/#primaryimage","url":"https:\/\/www.bluestar-forensic.com\/wp-content\/uploads\/2025\/03\/icone.svg","contentUrl":"https:\/\/www.bluestar-forensic.com\/wp-content\/uploads\/2025\/03\/icone.svg"},{"@type":"BreadcrumbList","@id":"https:\/\/www.bluestar-forensic.com\/fr\/fiches-de-donnees-de-securite-bluestar-tablet-8\/#breadcrumb","itemListElement":[{"@type":"ListItem","position":1,"name":"Home","item":"https:\/\/www.bluestar-forensic.com\/"},{"@type":"ListItem","position":2,"name":"Fiches de donn\u00e9es de s\u00e9curit\u00e9 BLUESTAR Tablet 8"}]},{"@type":"WebSite","@id":"https:\/\/www.bluestar-forensic.com\/#website","url":"https:\/\/www.bluestar-forensic.com\/","name":"Bluestar UNIQUE Forensic","description":"","publisher":{"@id":"https:\/\/www.bluestar-forensic.com\/#organization"},"potentialAction":[{"@type":"SearchAction","target":{"@type":"EntryPoint","urlTemplate":"https:\/\/www.bluestar-forensic.com\/?s={search_term_string}"},"query-input":{"@type":"PropertyValueSpecification","valueRequired":true,"valueName":"search_term_string"}}],"inLanguage":"fr-FR"},{"@type":"Organization","@id":"https:\/\/www.bluestar-forensic.com\/#organization","name":"Bluestar Forensic LATENT BLOODSTAIN REAGENT","url":"https:\/\/www.bluestar-forensic.com\/","logo":{"@type":"ImageObject","inLanguage":"fr-FR","@id":"https:\/\/www.bluestar-forensic.com\/#\/schema\/logo\/image\/","url":"https:\/\/www.bluestar-forensic.com\/wp-content\/uploads\/2025\/02\/Logo-bluestar-copie.svg","contentUrl":"https:\/\/www.bluestar-forensic.com\/wp-content\/uploads\/2025\/02\/Logo-bluestar-copie.svg","width":1494,"height":346,"caption":"Bluestar Forensic LATENT BLOODSTAIN REAGENT"},"image":{"@id":"https:\/\/www.bluestar-forensic.com\/#\/schema\/logo\/image\/"},"sameAs":["https:\/\/www.facebook.com\/bluestarforensic\/","https:\/\/www.instagram.com\/bluestar_forensic\/"]}]}},"_links":{"self":[{"href":"https:\/\/www.bluestar-forensic.com\/fr\/wp-json\/wp\/v2\/pages\/20299","targetHints":{"allow":["GET"]}}],"collection":[{"href":"https:\/\/www.bluestar-forensic.com\/fr\/wp-json\/wp\/v2\/pages"}],"about":[{"href":"https:\/\/www.bluestar-forensic.com\/fr\/wp-json\/wp\/v2\/types\/page"}],"author":[{"embeddable":true,"href":"https:\/\/www.bluestar-forensic.com\/fr\/wp-json\/wp\/v2\/users\/1"}],"replies":[{"embeddable":true,"href":"https:\/\/www.bluestar-forensic.com\/fr\/wp-json\/wp\/v2\/comments?post=20299"}],"version-history":[{"count":8,"href":"https:\/\/www.bluestar-forensic.com\/fr\/wp-json\/wp\/v2\/pages\/20299\/revisions"}],"predecessor-version":[{"id":21017,"href":"https:\/\/www.bluestar-forensic.com\/fr\/wp-json\/wp\/v2\/pages\/20299\/revisions\/21017"}],"wp:attachment":[{"href":"https:\/\/www.bluestar-forensic.com\/fr\/wp-json\/wp\/v2\/media?parent=20299"}],"curies":[{"name":"wp","href":"https:\/\/api.w.org\/{rel}","templated":true}]}}