{"id":20438,"date":"2025-03-21T11:13:48","date_gmt":"2025-03-21T11:13:48","guid":{"rendered":"https:\/\/toty.fr\/Bluestar\/mentions-legales\/"},"modified":"2025-09-30T15:11:23","modified_gmt":"2025-09-30T15:11:23","slug":"mentions-legales","status":"publish","type":"page","link":"https:\/\/www.bluestar-forensic.com\/fr\/mentions-legales\/","title":{"rendered":"Mentions l\u00e9gales"},"content":{"rendered":"\t\t<div data-elementor-type=\"wp-page\" data-elementor-id=\"20438\" class=\"elementor elementor-20438 elementor-17487\" data-elementor-post-type=\"page\">\n\t\t\t\t<div class=\"aux-parallax-section elementor-element elementor-element-4ef272f e-flex e-con-boxed e-con e-parent\" data-id=\"4ef272f\" data-element_type=\"container\" data-e-type=\"container\">\n\t\t\t\t\t<div class=\"e-con-inner\">\n\t\t\t\t<div class=\"elementor-element elementor-element-51f2539 elementor-widget elementor-widget-text-editor\" data-id=\"51f2539\" data-element_type=\"widget\" data-e-type=\"widget\" data-widget_type=\"text-editor.default\">\n\t\t\t\t<div class=\"elementor-widget-container\">\n\t\t\t\t\t\t\t\t\t<h2 class=\"subtitle\"><span style=\"font-size: 18pt;\">1 \u2013 \u00c9DITEUR<\/span><\/h2><p>Le site www.bluestar-forensic.com est \u00e9dit\u00e9 par l\u2019entreprise en nom propre Lefebvre-Despeaux Jean-Marc sous le nom commercial Bluestar, inscrite au Registre du commerce mon\u00e9gasque sous le num\u00e9ro RCI : 94P05646, dont le si\u00e8ge social est situ\u00e9 au 1 avenue Henri Dunant, 98000 Monaco.<\/p><p>Directeur de Publication : Jean-Marc Lefebvre-Despeaux <br \/>N\u00b0 de TVA : FR 95000034495<br \/>Adresse e-mail :<a href=\"mailto:question@bluestar-forensic.com\"> <strong>question@bluestar-forensic.com<\/strong><\/a><\/p><h2 class=\"subtitle\"><span style=\"font-size: 18pt;\">2 \u2013 H\u00c9BERGEUR<\/span><\/h2><p>H\u00e9bergeur : OVH \u2013 2 rue Kellermann 59100 Roubaix Le pr\u00e9sent site a fait l\u2019objet d\u2019une d\u00e9claration aupr\u00e8s de la CNIL pour la collecte et le traitement des donn\u00e9es \u00e0 caract\u00e8re personnel, sous le num\u00e9ro 2179967 v 0.<\/p><h2 class=\"subtitle\"><span style=\"font-size: 18pt;\">3 \u2013 PROPRI\u00c9T\u00c9 INTELLECTUELLE<\/span><\/h2><p>En accord avec les lois r\u00e9gissant la propri\u00e9t\u00e9 des droits litt\u00e9raires et artistiques ou autres droits similaires, le pr\u00e9sent Site et tous les \u00e9l\u00e9ments, marques, dessins, mod\u00e8les, photographies, textes, illustrations, logos, s\u00e9quences anim\u00e9es ou non, sonores ou non, graphiques etc. se trouvant dans le pr\u00e9sent site ainsi que leur compilation sont la propri\u00e9t\u00e9 exclusive de Bluestar celle-ci ne conc\u00e9dant aucune licence ni aucun autre droit que celui de consulter le Site. La reproduction, ou l\u2019utilisation de tout ou partie de ces \u00e9l\u00e9ments est seulement autoris\u00e9e aux fins exclusives d\u2019information pour un usage personnel et priv\u00e9, toute reproduction et toute utilisation de copies r\u00e9alis\u00e9es \u00e0 d\u2019autres fins \u00e9tant express\u00e9ment interdite. Ni le Site internet (en tout ou partie), ni son contenu, ni les marques ne peuvent \u00eatre utilis\u00e9s, reproduits, dupliqu\u00e9s, copi\u00e9s, vendus, revendus, rendus accessibles, modifi\u00e9s ou exploit\u00e9s de toute autre mani\u00e8re, en tout ou partie, pour quelque finalit\u00e9 que ce soit sauf autorisation pr\u00e9alable et \u00e9crite de Bluestar. Toute autre utilisation est constitutive de contrefa\u00e7on.<\/p><h2 class=\"subtitle\"><span style=\"font-size: 18pt;\">4 \u2013 FINALIT\u00c9S DE LA COLLECTE<\/span><\/h2><p>Bluestar est amen\u00e9e \u00e0 vous demander des informations personnelles, \u00e0 des fins de gestion administrative et commerciale et notamment :<\/p><ul><li>lorsque vous vous inscrivez \u00e0 notre newsletter;<\/li><li>lorsque vous nous contactez via le formulaire de contact.<\/li><\/ul><p>Les donn\u00e9es collect\u00e9es le sont \u00e0 l\u2019usage exclusif de Bluestar.<\/p><h2 class=\"subtitle\"><span style=\"font-size: 18pt;\">5 \u2013 RESPONSABILIT\u00c9S<\/span><\/h2><p>L\u2019entreprise Bluestar fera ses meilleurs efforts pour assurer la fiabilit\u00e9, l\u2019exactitude et la mise \u00e0 jour des informations fournies sur ce site, n\u00e9anmoins, l\u2019entreprise Bluestar ne garantit en aucune fa\u00e7on la pr\u00e9cision ou l\u2019exhaustivit\u00e9 des informations mises \u00e0 disposition sur ce site; et plus g\u00e9n\u00e9ralement pour tous dommages, directs ou indirects, qu\u2019elles qu\u2019en soient les causes, origines, natures ou cons\u00e9quences, provoqu\u00e9s \u00e0 raison de l\u2019acc\u00e8s de quiconque au site ou de l\u2019impossibilit\u00e9 d\u2019y acc\u00e9der, de m\u00eame que l\u2019utilisation du site et\/ou du cr\u00e9dit accord\u00e9 \u00e0 une quelconque information provenant directement ou indirectement de ce dernier. Bluestar se r\u00e9serve le droit de modifier ou de corriger le contenu des documents publi\u00e9s sur son site \u00e0 tout moment et sans pr\u00e9avis.<\/p><h2 class=\"subtitle\"><span style=\"font-size: 18pt;\">6 \u2013 LIENS<\/span><\/h2><p>La cr\u00e9ation de lien hypertexte vers le site www.bluestar-forensic.com ne peut \u00eatre faite qu\u2019avec l\u2019autorisation expresse, \u00e9crite et pr\u00e9alable de Bluestar. Bluestar d\u00e9cline toute responsabilit\u00e9 concernant le contenu, la publicit\u00e9, les produits ou les services disponibles sur ou \u00e0 partir des sites li\u00e9s par un lien hypertexte \u00e0 son site.<\/p><h2 id=\"personal-data\" class=\"subtitle\"><span style=\"font-size: 18pt;\">7 \u2013 DONN\u00c9ES PERSONNELLES<\/span><\/h2><p>Bluestar s\u2019engage \u00e0 pr\u00e9server la confidentialit\u00e9 des informations personnelles \u00e9ventuellement fournies en ligne par l\u2019internaute. Les informations recueillies font l\u2019objet d\u2019un traitement informatique destin\u00e9 \u00e0 l\u2019envoi d\u2019une newsletter occasionnelle et\/ou \u00e0 la gestion de la demande de l\u2019internaute. Les destinataires des donn\u00e9es sont Bluestar et ses prestataires.<\/p><p>Conform\u00e9ment aux dispositions de l\u2019article 14 de la loi mon\u00e9gasque n\u00b0 1165 du 23 d\u00e9cembre 1993, chaque personne physique dispose, pour tous services accessibles via le pr\u00e9sent site, d\u2019un droit d\u2019acc\u00e8s et de rectification, d\u2019opposition et de suppression des informations personnelles le concernant aupr\u00e8s de Bluestar en s\u2019adressant au choix :<\/p><ul><li>par e-mail \u00e0: <a href=\"mailto:question@bluestar-forensic.com\"><strong>question@bluestar-forensic.com<\/strong><\/a><\/li><li>par courrier \u00e0 Bluestar, 1 avenue Henri Dunant, 98000 Monaco.<br \/>La demande indiquera les nom, pr\u00e9nom, adresse \u00e9lectronique et l\u2019objet de la demande (acc\u00e8s aux donn\u00e9es nominatives, de rectification, retrait, opposition). Les pr\u00e9sentes mentions sont r\u00e9gies par le droit mon\u00e9gasque.<\/li><\/ul>\t\t\t\t\t\t\t\t<\/div>\n\t\t\t\t<\/div>\n\t\t\t\t\t<\/div>\n\t\t\t\t<\/div>\n\t\t\t\t<\/div>\n\t\t","protected":false},"excerpt":{"rendered":"<p>1 \u2013 \u00c9DITEUR Le site www.bluestar-forensic.com est \u00e9dit\u00e9 par l\u2019entreprise en nom propre Lefebvre-Despeaux Jean-Marc sous le nom commercial Bluestar, inscrite au Registre du commerce mon\u00e9gasque sous le num\u00e9ro RCI : 94P05646, dont le si\u00e8ge social est situ\u00e9 au 1 avenue Henri Dunant, 98000 Monaco. Directeur de Publication : Jean-Marc Lefebvre-Despeaux N\u00b0 de TVA : [&hellip;]<\/p>\n","protected":false},"author":1,"featured_media":0,"parent":0,"menu_order":0,"comment_status":"closed","ping_status":"closed","template":"","meta":{"_acf_changed":false,"footnotes":""},"class_list":["post-20438","page","type-page","status-publish","hentry"],"acf":[],"yoast_head":"<!-- This site is optimized with the Yoast SEO plugin v27.2 - https:\/\/yoast.com\/product\/yoast-seo-wordpress\/ -->\n<title>Mentions l\u00e9gales - Bluestar Forensic<\/title>\n<meta name=\"robots\" content=\"index, follow, max-snippet:-1, max-image-preview:large, max-video-preview:-1\" \/>\n<link rel=\"canonical\" href=\"https:\/\/www.bluestar-forensic.com\/legal-notice\/\" \/>\n<meta property=\"og:locale\" content=\"fr_FR\" \/>\n<meta property=\"og:type\" content=\"article\" \/>\n<meta property=\"og:title\" content=\"Mentions l\u00e9gales - Bluestar Forensic\" \/>\n<meta property=\"og:description\" content=\"1 \u2013 \u00c9DITEUR Le site www.bluestar-forensic.com est \u00e9dit\u00e9 par l\u2019entreprise en nom propre Lefebvre-Despeaux Jean-Marc sous le nom commercial Bluestar, inscrite au Registre du commerce mon\u00e9gasque sous le num\u00e9ro RCI : 94P05646, dont le si\u00e8ge social est situ\u00e9 au 1 avenue Henri Dunant, 98000 Monaco. Directeur de Publication : Jean-Marc Lefebvre-Despeaux N\u00b0 de TVA : [&hellip;]\" \/>\n<meta property=\"og:url\" content=\"https:\/\/www.bluestar-forensic.com\/legal-notice\/\" \/>\n<meta property=\"og:site_name\" content=\"Bluestar Forensic\" \/>\n<meta property=\"article:publisher\" content=\"https:\/\/www.facebook.com\/bluestarforensic\/\" \/>\n<meta property=\"article:modified_time\" content=\"2025-09-30T15:11:23+00:00\" \/>\n<meta name=\"twitter:card\" content=\"summary_large_image\" \/>\n<meta name=\"twitter:label1\" content=\"Dur\u00e9e de lecture estim\u00e9e\" \/>\n\t<meta name=\"twitter:data1\" content=\"4 minutes\" \/>\n<script type=\"application\/ld+json\" class=\"yoast-schema-graph\">{\"@context\":\"https:\/\/schema.org\",\"@graph\":[{\"@type\":\"WebPage\",\"@id\":\"https:\/\/www.bluestar-forensic.com\/legal-notice\/\",\"url\":\"https:\/\/www.bluestar-forensic.com\/legal-notice\/\",\"name\":\"Mentions l\u00e9gales - Bluestar Forensic\",\"isPartOf\":{\"@id\":\"https:\/\/www.bluestar-forensic.com\/#website\"},\"datePublished\":\"2025-03-21T11:13:48+00:00\",\"dateModified\":\"2025-09-30T15:11:23+00:00\",\"breadcrumb\":{\"@id\":\"https:\/\/www.bluestar-forensic.com\/legal-notice\/#breadcrumb\"},\"inLanguage\":\"fr-FR\",\"potentialAction\":[{\"@type\":\"ReadAction\",\"target\":[\"https:\/\/www.bluestar-forensic.com\/legal-notice\/\"]}]},{\"@type\":\"BreadcrumbList\",\"@id\":\"https:\/\/www.bluestar-forensic.com\/legal-notice\/#breadcrumb\",\"itemListElement\":[{\"@type\":\"ListItem\",\"position\":1,\"name\":\"Home\",\"item\":\"https:\/\/www.bluestar-forensic.com\/\"},{\"@type\":\"ListItem\",\"position\":2,\"name\":\"Mentions l\u00e9gales\"}]},{\"@type\":\"WebSite\",\"@id\":\"https:\/\/www.bluestar-forensic.com\/#website\",\"url\":\"https:\/\/www.bluestar-forensic.com\/\",\"name\":\"Bluestar UNIQUE Forensic\",\"description\":\"\",\"publisher\":{\"@id\":\"https:\/\/www.bluestar-forensic.com\/#organization\"},\"potentialAction\":[{\"@type\":\"SearchAction\",\"target\":{\"@type\":\"EntryPoint\",\"urlTemplate\":\"https:\/\/www.bluestar-forensic.com\/?s={search_term_string}\"},\"query-input\":{\"@type\":\"PropertyValueSpecification\",\"valueRequired\":true,\"valueName\":\"search_term_string\"}}],\"inLanguage\":\"fr-FR\"},{\"@type\":\"Organization\",\"@id\":\"https:\/\/www.bluestar-forensic.com\/#organization\",\"name\":\"Bluestar Forensic LATENT BLOODSTAIN REAGENT\",\"url\":\"https:\/\/www.bluestar-forensic.com\/\",\"logo\":{\"@type\":\"ImageObject\",\"inLanguage\":\"fr-FR\",\"@id\":\"https:\/\/www.bluestar-forensic.com\/#\/schema\/logo\/image\/\",\"url\":\"https:\/\/www.bluestar-forensic.com\/wp-content\/uploads\/2025\/02\/Logo-bluestar-copie.svg\",\"contentUrl\":\"https:\/\/www.bluestar-forensic.com\/wp-content\/uploads\/2025\/02\/Logo-bluestar-copie.svg\",\"width\":1494,\"height\":346,\"caption\":\"Bluestar Forensic LATENT BLOODSTAIN REAGENT\"},\"image\":{\"@id\":\"https:\/\/www.bluestar-forensic.com\/#\/schema\/logo\/image\/\"},\"sameAs\":[\"https:\/\/www.facebook.com\/bluestarforensic\/\",\"https:\/\/www.instagram.com\/bluestar_forensic\/\"]}]}<\/script>\n<!-- \/ Yoast SEO plugin. -->","yoast_head_json":{"title":"Mentions l\u00e9gales - Bluestar Forensic","robots":{"index":"index","follow":"follow","max-snippet":"max-snippet:-1","max-image-preview":"max-image-preview:large","max-video-preview":"max-video-preview:-1"},"canonical":"https:\/\/www.bluestar-forensic.com\/legal-notice\/","og_locale":"fr_FR","og_type":"article","og_title":"Mentions l\u00e9gales - Bluestar Forensic","og_description":"1 \u2013 \u00c9DITEUR Le site www.bluestar-forensic.com est \u00e9dit\u00e9 par l\u2019entreprise en nom propre Lefebvre-Despeaux Jean-Marc sous le nom commercial Bluestar, inscrite au Registre du commerce mon\u00e9gasque sous le num\u00e9ro RCI : 94P05646, dont le si\u00e8ge social est situ\u00e9 au 1 avenue Henri Dunant, 98000 Monaco. Directeur de Publication : Jean-Marc Lefebvre-Despeaux N\u00b0 de TVA : [&hellip;]","og_url":"https:\/\/www.bluestar-forensic.com\/legal-notice\/","og_site_name":"Bluestar Forensic","article_publisher":"https:\/\/www.facebook.com\/bluestarforensic\/","article_modified_time":"2025-09-30T15:11:23+00:00","twitter_card":"summary_large_image","twitter_misc":{"Dur\u00e9e de lecture estim\u00e9e":"4 minutes"},"schema":{"@context":"https:\/\/schema.org","@graph":[{"@type":"WebPage","@id":"https:\/\/www.bluestar-forensic.com\/legal-notice\/","url":"https:\/\/www.bluestar-forensic.com\/legal-notice\/","name":"Mentions l\u00e9gales - Bluestar Forensic","isPartOf":{"@id":"https:\/\/www.bluestar-forensic.com\/#website"},"datePublished":"2025-03-21T11:13:48+00:00","dateModified":"2025-09-30T15:11:23+00:00","breadcrumb":{"@id":"https:\/\/www.bluestar-forensic.com\/legal-notice\/#breadcrumb"},"inLanguage":"fr-FR","potentialAction":[{"@type":"ReadAction","target":["https:\/\/www.bluestar-forensic.com\/legal-notice\/"]}]},{"@type":"BreadcrumbList","@id":"https:\/\/www.bluestar-forensic.com\/legal-notice\/#breadcrumb","itemListElement":[{"@type":"ListItem","position":1,"name":"Home","item":"https:\/\/www.bluestar-forensic.com\/"},{"@type":"ListItem","position":2,"name":"Mentions l\u00e9gales"}]},{"@type":"WebSite","@id":"https:\/\/www.bluestar-forensic.com\/#website","url":"https:\/\/www.bluestar-forensic.com\/","name":"Bluestar UNIQUE Forensic","description":"","publisher":{"@id":"https:\/\/www.bluestar-forensic.com\/#organization"},"potentialAction":[{"@type":"SearchAction","target":{"@type":"EntryPoint","urlTemplate":"https:\/\/www.bluestar-forensic.com\/?s={search_term_string}"},"query-input":{"@type":"PropertyValueSpecification","valueRequired":true,"valueName":"search_term_string"}}],"inLanguage":"fr-FR"},{"@type":"Organization","@id":"https:\/\/www.bluestar-forensic.com\/#organization","name":"Bluestar Forensic LATENT BLOODSTAIN REAGENT","url":"https:\/\/www.bluestar-forensic.com\/","logo":{"@type":"ImageObject","inLanguage":"fr-FR","@id":"https:\/\/www.bluestar-forensic.com\/#\/schema\/logo\/image\/","url":"https:\/\/www.bluestar-forensic.com\/wp-content\/uploads\/2025\/02\/Logo-bluestar-copie.svg","contentUrl":"https:\/\/www.bluestar-forensic.com\/wp-content\/uploads\/2025\/02\/Logo-bluestar-copie.svg","width":1494,"height":346,"caption":"Bluestar Forensic LATENT BLOODSTAIN REAGENT"},"image":{"@id":"https:\/\/www.bluestar-forensic.com\/#\/schema\/logo\/image\/"},"sameAs":["https:\/\/www.facebook.com\/bluestarforensic\/","https:\/\/www.instagram.com\/bluestar_forensic\/"]}]}},"_links":{"self":[{"href":"https:\/\/www.bluestar-forensic.com\/fr\/wp-json\/wp\/v2\/pages\/20438","targetHints":{"allow":["GET"]}}],"collection":[{"href":"https:\/\/www.bluestar-forensic.com\/fr\/wp-json\/wp\/v2\/pages"}],"about":[{"href":"https:\/\/www.bluestar-forensic.com\/fr\/wp-json\/wp\/v2\/types\/page"}],"author":[{"embeddable":true,"href":"https:\/\/www.bluestar-forensic.com\/fr\/wp-json\/wp\/v2\/users\/1"}],"replies":[{"embeddable":true,"href":"https:\/\/www.bluestar-forensic.com\/fr\/wp-json\/wp\/v2\/comments?post=20438"}],"version-history":[{"count":4,"href":"https:\/\/www.bluestar-forensic.com\/fr\/wp-json\/wp\/v2\/pages\/20438\/revisions"}],"predecessor-version":[{"id":22781,"href":"https:\/\/www.bluestar-forensic.com\/fr\/wp-json\/wp\/v2\/pages\/20438\/revisions\/22781"}],"wp:attachment":[{"href":"https:\/\/www.bluestar-forensic.com\/fr\/wp-json\/wp\/v2\/media?parent=20438"}],"curies":[{"name":"wp","href":"https:\/\/api.w.org\/{rel}","templated":true}]}}